{"id":20570,"date":"2025-03-28T06:50:09","date_gmt":"2025-03-28T09:50:09","guid":{"rendered":"https:\/\/hificlub.com.br\/loja\/?post_type=product&#038;p=20570"},"modified":"2026-03-03T22:18:08","modified_gmt":"2026-03-04T01:18:08","slug":"denon-pma-900hne-amplificador-integrado-wifi-network-bluetooth-dac-mm-phono-50-watts","status":"publish","type":"product","link":"https:\/\/hificlub.com.br\/loja\/produto\/denon-pma-900hne-amplificador-integrado-wifi-network-bluetooth-dac-mm-phono-50-watts\/","title":{"rendered":"DENON PMA-900HNE Amplificador Integrado WiFi Network, Bluetooth, DAC, MM Phono 50 watts"},"content":{"rendered":"<p>Reproduza \u00e1udio de alta resolu\u00e7\u00e3o de suas fontes anal\u00f3gicas, digitais e de streaming com o amplificador de rede integrado PMA-900HNE 100W . Utilizando componentes de \u00e1udio de alta qualidade, um design resistente a vibra\u00e7\u00f5es e uma sa\u00edda de alta corrente, o PMA-900HNE \u00e9 capaz de conduzir 50 W por canal a 8 ohms para seus alto-falantes existentes com o m\u00ednimo de ru\u00eddo. Al\u00e9m das entradas anal\u00f3gicas e digitais, este amplificador fornece uma porta USB Tipo A dedicada, uma entrada phono para conex\u00e3o direta de toca-discos e HEOS Built-In para acesso sem fio a uma biblioteca digital quase ilimitada. Voc\u00ea pode se conectar \u00e0 sua rede via Wi-Fi ou LAN com fio, ou transmitir via Bluetooth ou AirPlay 2 de um dispositivo m\u00f3vel.<\/p>\n<p>Controle de voz<br \/>\nEste amplificador de rede suporta Amazon Alexa, Google Assistant, Apple Siri e Josh.ai para controle de voz conveniente sobre acesso e reprodu\u00e7\u00e3o de m\u00eddia.<br \/>\n\u00c1udio de alta resolu\u00e7\u00e3o<br \/>\nSeja atrav\u00e9s de sua rede, unidade externa ou dispositivo m\u00f3vel, o PMA-900HNE \u00e9 capaz de reproduzir uma variedade de codecs de \u00e1udio de alta resolu\u00e7\u00e3o. Ele suporta ALAC, FLAC e WAV sem perdas de at\u00e9 24 bits\/192 kHz, al\u00e9m de DSD em 2,8 e 5,6 MHz.<br \/>\nCaracter\u00edsticas adicionais<br \/>\nEqualizador phono integrado para toca-discos com cartuchos MM<br \/>\nRoon Testado<br \/>\nSa\u00edda de fone de ouvido<br \/>\nBot\u00f5es de controle frontal para volume, sele\u00e7\u00e3o de entrada, graves, agudos e equil\u00edbrio<br \/>\nExibi\u00e7\u00e3o de informa\u00e7\u00f5es OLED frontal<br \/>\nDesligamento autom\u00e1tico<\/p>\n<p>Caracter\u00edsticas principais<br \/>\nConfigura\u00e7\u00e3o de 2 canais<br \/>\nSa\u00edda de pot\u00eancia de 50 W por canal @ 8 ohms<br \/>\nWi-Fi, Ethernet, Bluetooth e HEOS<br \/>\nFunciona com Alexa, Siri, Google e Josh.ai<br \/>\n3 x Entradas Coaxiais \u00d3pticas e 1 x Digital<br \/>\n3 x RCA est\u00e9reo e 1 x entrada Phono<br \/>\nSa\u00edda RCA Est\u00e9reo<br \/>\nSuporte de \u00e1udio de alta resolu\u00e7\u00e3o<br \/>\nExibi\u00e7\u00e3o de informa\u00e7\u00f5es OLED frontal<\/p>\n<p>Amplificador<br \/>\nTipo de amplificador Amplificador integrado (combo pr\u00e9-amplificador\/amplificador de pot\u00eancia)<br \/>\nCanais 2.1<br \/>\nSa\u00edda de pot\u00eancia por canal 50 W a 8 Ohms \/ 20 Hz a 20 kHz \/ 0,07% THD<br \/>\n85 W a 4 Ohms \/ 1 kHz \/ 0,7% THD<br \/>\nTHD 0,01% (1 kHz, 8 Ohms, sa\u00edda nominal -3 dB)<br \/>\nImped\u00e2ncia do alto-falante N\u00e3o especificado pelo fabricante<br \/>\nControle de tom Graves (100 Hz): \u00b18,0 dB<br \/>\nAgudos (10 kHz): \u00b18,0 dB<br \/>\nProcessamento de \u00e1udio<br \/>\nFormatos de arquivo suportados DSD de 2,8 MHz, DSD de 5,6 MHz, AAC, AIFF, ALAC, DSD, FLAC, MP3, WAV, WMA via USB\/Rede<br \/>\nTaxas de Amostra Suportadas At\u00e9 192 kHz \/ 24 bits<br \/>\nConectividade<br \/>\nEntradas A\/V Traseiras 3 x TOSLINK \u00f3ptico<br \/>\n1 x coaxial digital<br \/>\n3 x RCA est\u00e9reo<br \/>\n1 x RCA est\u00e9reo (Phono MM) com parafuso de aterramento<br \/>\n1 x USB tipo A<br \/>\nSa\u00eddas A\/V Traseiras 1 x gravador RCA est\u00e9reo<br \/>\n1 x pr\u00e9-sa\u00edda de subwoofer RCA<br \/>\nE\/S frontal 1 x 1\/4&#8243; \/ 6,35 mm sa\u00edda de fone de ouvido<br \/>\nOutras E\/S Traseiras 1 x entrada RJ45 (Ethernet)<br \/>\nConectores de alto-falante 4 x pares de postes de liga\u00e7\u00e3o<br \/>\nSuporte HDCP Nenhum<br \/>\nRanhura para cart\u00e3o multim\u00e9dia Nenhum<br \/>\nSele\u00e7\u00e3o de alto-falante A\/B Sim<br \/>\nImped\u00e2ncia de entrada<br \/>\n40 Kilohms (Fonte Direta Desligada)<br \/>\nSensibilidade de entrada 105 mV (Alto)<br \/>\nA rela\u00e7\u00e3o sinal-ru\u00eddo 105 dB<br \/>\nConectividade sem fio<br \/>\nWi-fi Wi-Fi 4 (802.11n), Wi-Fi 5 (802.11ac); Banda dupla (2,4 e 5 GHz)<br \/>\nBluetooth Sim<br \/>\nProtocolos de \u00e1udio sem fio AirPlay 2, HEOS, pronto para Roon<br \/>\nAo controle<br \/>\nAssistente virtual Funciona com Alexa, Funciona com Google Assistant, Josh.ai, Siri<br \/>\nPoder<br \/>\nPot\u00eancia de entrada CA N\u00e3o especificado pelo fabricante<br \/>\nConsumo de energia Ativo: 200 W<br \/>\nEm espera: 0,2 W<br \/>\nFisica<br \/>\nDimens\u00f5es (L x A x P) 434,0 x 131,0 x 376,0 mm<br \/>\nPeso 18,3 lb \/ 8,3 kg<\/p>\n","protected":false},"excerpt":{"rendered":"<p>Reproduza \u00e1udio de alta resolu\u00e7\u00e3o de suas fontes anal\u00f3gicas, digitais e de streaming com o amplificador de rede integrado PMA-900HNE 100W . Utilizando componentes de \u00e1udio de alta qualidade, um design resistente a vibra\u00e7\u00f5es e uma sa\u00edda de alta corrente, o PMA-900HNE \u00e9 capaz de conduzir 50 W por canal a 8 ohms para seus [&hellip;]<\/p>\n","protected":false},"featured_media":20571,"template":"","meta":{"_acf_changed":false},"product_brand":[],"product_cat":[27,150,51],"product_tag":[],"class_list":{"0":"post-20570","1":"product","2":"type-product","3":"status-publish","4":"has-post-thumbnail","6":"product_cat-amplificador","7":"product_cat-denon","8":"product_cat-integrado","10":"first","11":"instock","12":"sold-individually","13":"shipping-taxable","14":"purchasable","15":"product-type-simple"},"acf":[],"aioseo_notices":[],"_links":{"self":[{"href":"https:\/\/hificlub.com.br\/loja\/wp-json\/wp\/v2\/product\/20570","targetHints":{"allow":["GET"]}}],"collection":[{"href":"https:\/\/hificlub.com.br\/loja\/wp-json\/wp\/v2\/product"}],"about":[{"href":"https:\/\/hificlub.com.br\/loja\/wp-json\/wp\/v2\/types\/product"}],"wp:featuredmedia":[{"embeddable":true,"href":"https:\/\/hificlub.com.br\/loja\/wp-json\/wp\/v2\/media\/20571"}],"wp:attachment":[{"href":"https:\/\/hificlub.com.br\/loja\/wp-json\/wp\/v2\/media?parent=20570"}],"wp:term":[{"taxonomy":"product_brand","embeddable":true,"href":"https:\/\/hificlub.com.br\/loja\/wp-json\/wp\/v2\/product_brand?post=20570"},{"taxonomy":"product_cat","embeddable":true,"href":"https:\/\/hificlub.com.br\/loja\/wp-json\/wp\/v2\/product_cat?post=20570"},{"taxonomy":"product_tag","embeddable":true,"href":"https:\/\/hificlub.com.br\/loja\/wp-json\/wp\/v2\/product_tag?post=20570"}],"curies":[{"name":"wp","href":"https:\/\/api.w.org\/{rel}","templated":true}]}}