{"id":20474,"date":"2025-03-20T06:04:08","date_gmt":"2025-03-20T09:04:08","guid":{"rendered":"https:\/\/hificlub.com.br\/loja\/?post_type=product&#038;p=20474"},"modified":"2026-03-03T22:18:08","modified_gmt":"2026-03-04T01:18:08","slug":"svs-sb4000-subwoofer-selado-13-5-1-200-watts-black-piano-dsp-control-2","status":"publish","type":"product","link":"https:\/\/hificlub.com.br\/loja\/produto\/svs-sb4000-subwoofer-selado-13-5-1-200-watts-black-piano-dsp-control-2\/","title":{"rendered":"SVS SB4000 &#8211; Subwoofer Selado 13.5&#8243;, Black Piano DSP Control, 1.200 watts"},"content":{"rendered":"<p>Profundidade, pot\u00eancia e detalhes de baixa frequ\u00eancia incompar\u00e1veis<br \/>\nO subwoofer amplificado SVS SB-4000 destr\u00f3i todas as no\u00e7\u00f5es preconcebidas sobre desempenho e tecnologia de subwoofer ao assumir o comando de qualquer ambiente com graves profundos e sem esfor\u00e7o e adicionar energia visceral a cada experi\u00eancia auditiva. Com a tecnologia trickle down da S\u00e9rie 16-Ultra, nomeada os melhores subwoofers do mundo por quase todas as publica\u00e7\u00f5es de \u00e1udio e grupos da ind\u00fastria em 2017, o SB-4000 destr\u00f3i as expectativas e oferece um n\u00edvel de desempenho de subwoofer inigual\u00e1vel dispon\u00edvel somente na SVS.<\/p>\n<p>Driver SVS de alta excurs\u00e3o \u2013 Sa\u00edda e controle SVS lend\u00e1rios<br \/>\nO subwoofer SB-4000 aproveita todo o potencial da pot\u00eancia do amplificador Sledge STA-1200D com precis\u00e3o e controle para produzir SPLs energizantes e extens\u00e3o de baixa frequ\u00eancia sem esfor\u00e7o com extrema precis\u00e3o em todos os n\u00edveis de acionamento.<\/p>\n<p>O conjunto de motor de \u00edm\u00e3 de ferrite duplo pesando quase 40 libras gera imensa for\u00e7a magn\u00e9tica e excurs\u00e3o do driver de 13,5 polegadas para produzir uma sa\u00edda de baixa frequ\u00eancia massiva bem abaixo dos limites da audi\u00e7\u00e3o humana.<br \/>\nBobina de voz enrolada na borda com fio plano de alum\u00ednio de oito camadas minimiza a distor\u00e7\u00e3o e a compress\u00e3o de pot\u00eancia, ao mesmo tempo em que proporciona excelente dissipa\u00e7\u00e3o de calor e linearidade, garantindo controle preciso.<br \/>\nCone composto leve e r\u00edgido com prote\u00e7\u00e3o contra poeira de fibra de vidro premium gera sa\u00edda massiva com resposta de frequ\u00eancia extremamente precisa.<br \/>\nA junta moldada por inje\u00e7\u00e3o patenteada e o entorno parab\u00f3lico de longo curso garantem longevidade e permitem excurs\u00e3o e SPLs extremos.<br \/>\nAmplificador Sledge \u2013 Sa\u00edda massiva, DSP sofisticado, gerenciamento avan\u00e7ado de energia<br \/>\nAvaliado conservadoramente em 1.200 watts RMS e mais de 4.000 watts de pot\u00eancia de pico, o amplificador SB-4000 Sledge STA-1200D usa um design eficiente de Classe D combinado com sa\u00edda MOSFET totalmente discreta e um sofisticado mecanismo DSP da Analog Devices. O resultado \u00e9 um n\u00edvel de pot\u00eancia sem esfor\u00e7o e processamento avan\u00e7ado n\u00e3o dispon\u00edvel em nenhum outro fabricante de subwoofer amplificado.<\/p>\n<p>Alta sa\u00edda de corrente de MOSFETs totalmente discretos com efici\u00eancia de amplificador de classe D<br \/>\nEfici\u00eancia de um amplificador Classe D com a capacidade de mover grandes quantidades de corrente atrav\u00e9s de MOSFETs totalmente discretos, permitindo uma sa\u00edda imensa e controle preciso para um desempenho de subwoofer excepcional no mundo real em todos os n\u00edveis de acionamento.<\/p>\n<p>Sofisticado DSP de \u00e1udio de alta resolu\u00e7\u00e3o de 50 MHz da Analog Devices<br \/>\nO processador digital mais avan\u00e7ado j\u00e1 usado em um subwoofer mant\u00e9m precis\u00e3o absoluta e qualidade de som cristalina por meio de ajuste avan\u00e7ado no ambiente, curvas de resposta de frequ\u00eancia otimizadas, controles DSP poderosos e muito mais.<\/p>\n<p>Corre\u00e7\u00e3o do fator de pot\u00eancia ativa (PFC) e isolamento do loop de aterramento<br \/>\nServe como um condicionador de linha, supressor de surtos e regulador de voltagem, permitindo que o amplificador lide com grandes flutua\u00e7\u00f5es de voltagem e garantindo que os subwoofers operem perfeitamente em qualquer circuito dom\u00e9stico, n\u00e3o importa qu\u00e3o inst\u00e1vel seja a corrente de entrada. Um circuito isolado cria um piso de ru\u00eddo incrivelmente baixo, eliminando o potencial de zumbidos de loop de aterramento de componentes externos, resultando em transpar\u00eancia sonora absoluta.<\/p>\n<p>Aplicativo para smartphone SB-4000 \u2013 a maneira mais f\u00e1cil de gerenciar o DSP e o controle do subwoofer<br \/>\nO aplicativo inovador para smartphone funciona com dispositivos Apple iOS\u00ae e Android\u00ae para liberar toda a profundidade, for\u00e7a e nuance do subwoofer amplificado SB-4000 controlando todas as fun\u00e7\u00f5es do DSP, incluindo: volume, equalizador param\u00e9trico, filtro passa-baixo, fase, polaridade, ganho de ambiente, ajuste de porta, predefini\u00e7\u00f5es personalizadas e configura\u00e7\u00f5es do sistema.<\/p>\n<p>Conecta-se via Bluetooth para controle pr\u00e1tico mesmo quando o subwoofer estiver fora de vista.<br \/>\nO controlador de equaliza\u00e7\u00e3o param\u00e9trico de 3 bandas permite ajustes precisos para inclina\u00e7\u00e3o de frequ\u00eancia e fator Q at\u00e9 o n\u00edvel de Hz \u00fanico com quatro inclina\u00e7\u00f5es diferentes, para que os usu\u00e1rios possam melhorar o desempenho eliminando picos, nulos e outros problemas de ambiente.<br \/>\nArmazena 3 predefini\u00e7\u00f5es personalizadas para filmes, m\u00fasicas e outras experi\u00eancias auditivas, como esportes ou jogos.<br \/>\nO feedback bidirecional mostra atualiza\u00e7\u00f5es em tempo real no aplicativo e na interface do subwoofer<br \/>\nProjeto de gabinete de caixa selada acusticamente inerte e rigidamente refor\u00e7ado<br \/>\nO display do painel frontal embutido, bordas arredondadas e uma grade de metal curva no gabinete SB-4000 de caixa selada d\u00e3o a ele uma apar\u00eancia refinada, mas imponente, que combina visualmente com home theaters e sistemas de \u00e1udio de ponta. O design do gabinete selado resulta em graves mais firmes e musicais e o torna significativamente mais compacto do que subwoofers de caixa com portas e especifica\u00e7\u00f5es semelhantes.<\/p>\n<p>Defletor frontal duplo de MDF de 2 polegadas de espessura e refor\u00e7o interno r\u00edgido para suportar a enorme unidade de acionamento e garantir um ambiente acusticamente inerte.<br \/>\nO design interno altamente refor\u00e7ado e o isolamento ac\u00fastico eliminam toda colora\u00e7\u00e3o ou resson\u00e2ncia do gabinete, mesmo quando as frequ\u00eancias mais baixas s\u00e3o tocadas no volume de refer\u00eancia.<br \/>\nGrade de malha de a\u00e7o protetora e n\u00e3o ressonante e p\u00e9s de elast\u00f4mero personalizados para reduzir artefatos de ru\u00eddo dentro de um ambiente.<br \/>\nSubwoofer SVS SB-4000<\/p>\n<p>Descri\u00e7\u00f5es tecnicas<br \/>\nOp\u00e7\u00f5es de acabamento Premium Black Ash e Piano Gloss Black<br \/>\nGrade de malha de a\u00e7o protetora n\u00e3o ressonante<br \/>\nDriver de 13,5&#8243; de disparo frontal<br \/>\nAmplificador montado na parte traseira<br \/>\nP\u00e9s de borracha parafus\u00e1veis<br \/>\nConstru\u00e7\u00e3o robusta de gabinete em painel de fibra de m\u00e9dia densidade (MDF)<br \/>\nDimens\u00f5es do gabinete (sem grade): 18,3\u201d (465 mm) A x 17,8\u201d (453 mm) L x 18,6\u201d (471,3 mm) P<br \/>\nDimens\u00f5es do gabinete (com grade): 18,3\u201d (465 mm) A x 17,8\u201d (453 mm) L x 20,9\u201d (530 mm) P<br \/>\nDimens\u00f5es de envio: 23,5\u201d (598 mm) A x 23,5\u201d (598 mm) L x 28\u201d (712 mm) P<br \/>\nPeso (sem caixa): 102,3 lbs. (46,4 kg)<br \/>\nPeso enviado: 117,8 libras (53,45 kg)<br \/>\nDriver de subwoofer SVS s\u00e9rie 4000 de alto desempenho &#8211; otimizado para design de gabinete selado.<br \/>\nDriver propriet\u00e1rio de 13,5\u201d com configura\u00e7\u00e3o de motor em balan\u00e7o finamente ajustada<br \/>\nWoofer de 43 lb (19,5 kg) com 37,7 lb (17,1 kg) para o motor<br \/>\nExcurs\u00e3o alinhada de precis\u00e3o Xmax de 52 mm em balan\u00e7o, Xmech de 76,2 mm<br \/>\nBobina de voz de 3\u201d com fio plano de alum\u00ednio de 8 camadas para distor\u00e7\u00e3o ultrabaixa, dissipa\u00e7\u00e3o de calor eficiente, linearidade excepcional e compress\u00e3o de pot\u00eancia quase zero.<br \/>\nDois enormes \u00edm\u00e3s de ferrite toroidais dedicados geram n\u00edveis inigual\u00e1veis \u200b\u200bde for\u00e7a magn\u00e9tica para impulsionar os mais altos n\u00edveis de excurs\u00e3o, SPL e pot\u00eancia de partida\/partida para os graves mais profundos e autoritativos poss\u00edveis.<br \/>\nO novo cesto de alum\u00ednio fundido de alta densidade otimizado por FEA oferece n\u00edveis inigual\u00e1veis \u200b\u200bde rigidez, resist\u00eancia \u00e0 tra\u00e7\u00e3o e transfer\u00eancia de energia dispon\u00edveis em um subwoofer.<br \/>\nCabos duplos de cobre de 24 fios e compostos Nomex para alta temperatura entrela\u00e7ados na suspens\u00e3o fornecem uma conex\u00e3o el\u00e9trica perfeita do amplificador \u00e0 bobina m\u00f3vel.<br \/>\nA tampa protetora contra poeira laminada em fibra de vidro premium e a subestrutura c\u00f4nica refor\u00e7ada e ventilada em composto de papel garantem uma superf\u00edcie radiante leve, r\u00edgida e neutra.<br \/>\nElementos de motor usinados com precis\u00e3o e pe\u00e7as de suspens\u00e3o de toler\u00e2ncia estreita produzem linearidade incompar\u00e1vel em excurs\u00e3o total para sa\u00edda excepcionalmente precisa e r\u00e1pida, mesmo em volumes de refer\u00eancia.<br \/>\nO garfo em U e a placa superior de a\u00e7o ventilado de baixo carbono, superdimensionados e extremamente grandes, proporcionam resfriamento superior e magnetismo aprimorado para desempenho e efici\u00eancia m\u00e1ximos.<br \/>\nA luva de curto-circuito de anel de cobre reduz a indu\u00e7\u00e3o de folga e a distor\u00e7\u00e3o, melhora a condutividade t\u00e9rmica<br \/>\nTerminais de mola de alta tens\u00e3o niquelados<br \/>\nJunta moldada por inje\u00e7\u00e3o patenteada e envolvente parab\u00f3lica SBR de excurs\u00e3o extrema mant\u00eam o movimento pist\u00f4nico ideal para precis\u00e3o e controle precisos<br \/>\nComponentes de a\u00e7o 1008 de baixo carbono com revestimento de eletroforese preta<br \/>\nSledge extremamente potente com design Classe D cont\u00ednuo de 1.200 watts e mais de 4.000 watts de pot\u00eancia de pico.<br \/>\nIntelig\u00eancia incompar\u00e1vel com compensa\u00e7\u00e3o de ganho de ambiente, polaridade, fase e passa-baixo ajust\u00e1vel pelo usu\u00e1rio com tr\u00eas equalizadores param\u00e9tricos e ajuste de porta (somente modelos com porta) para melhor alinhamento absoluto com alto-falantes e desempenho otimizado em qualquer ambiente.<br \/>\nO inovador aplicativo de controle SVS Bluetooth DSP para dispositivos iOS e Android com tr\u00eas predefini\u00e7\u00f5es de usu\u00e1rio permite ajuste personalizado para cada ambiente e sistema.<br \/>\nTopologia de comuta\u00e7\u00e3o Classe D de alta efici\u00eancia e funcionamento a frio com MOSFETs massivos de 32 A e 600 V resultam em menor EMI e maior efici\u00eancia, ao mesmo tempo em que fornecem energia sem esfor\u00e7o para produzir SPLs e sa\u00edda de baixa frequ\u00eancia com clareza cristalina muito al\u00e9m dos n\u00edveis de audi\u00e7\u00e3o de refer\u00eancia.<br \/>\nO DSP de \u00e1udio anal\u00f3gico de 50 MHz de alta resolu\u00e7\u00e3o com filtragem de 56 bits de precis\u00e3o dupla \u00e9 o processador de subwoofer mais avan\u00e7ado dispon\u00edvel para reprodu\u00e7\u00e3o de \u00e1udio perfeita.<br \/>\nA entrada de faixa completa de 100 V-240 V ativa A corre\u00e7\u00e3o do fator de pot\u00eancia (PFC) pr\u00e9-regula a rede el\u00e9trica para 360 V CC s\u00f3lidos, independentemente da tens\u00e3o ou qualidade da rede el\u00e9trica, para que a qualidade do som nunca falhe, n\u00e3o importa o que esteja saindo da parede<br \/>\nO PFC ativo reduz a corrente m\u00e9dia e suaviza a corrente de entrada da rede el\u00e9trica, permitindo uma sa\u00edda de 1200 W a partir de um circuito de rede el\u00e9trica padr\u00e3o de 15 A.<br \/>\nEntrada\/sa\u00edda est\u00e9reo XLR e RCA com tens\u00e3o de entrada ultra-ampla para aplica\u00e7\u00f5es de \u00e1udio profissionais e de consumo.<br \/>\nPr\u00e1tico visor frontal com novo Controle Inteligente de Recursos (IFC) com visor frontal LED de 8 d\u00edgitos azul brilhante regul\u00e1vel\/desabilit\u00e1vel.<br \/>\nConfigura\u00e7\u00f5es personalizadas de equalizador e limitador de DSP ajustadas especificamente para o design do gabinete selado SB-4000.<br \/>\nAutom\u00e1tico\/ligado e gatilho de 3-30 V CA\/CC para m\u00e1xima conveni\u00eancia de instala\u00e7\u00e3o.<br \/>\nImped\u00e2ncia de entrada 22kohm (RCA desbalanceado)\/ 22kohm (XLR balanceado).<br \/>\nVerde 0,5 watts de baixo consumo de energia em modo de espera<br \/>\nEm conformidade com RoHS, constru\u00e7\u00e3o sem chumbo, certifica\u00e7\u00f5es de seguran\u00e7a em todo o mundo<br \/>\nO aplicativo DSP de subwoofer controlado por Bluetooth mais poderoso e flex\u00edvel funciona com sistemas operacionais iOS e Android.<br \/>\nA maneira mais f\u00e1cil e conveniente de ajustar frequ\u00eancias de crossover, equaliza\u00e7\u00e3o param\u00e9trica, polaridade, ganho de ambiente e todas as outras fun\u00e7\u00f5es de gerenciamento de graves.<br \/>\nTr\u00eas predefini\u00e7\u00f5es personalizadas convenientes permitem um ajuste perfeito em qualquer ambiente ou sistema, no seu lugar favorito.<br \/>\nAjuste de toque \u00fanico para controlar o ajuste de porta vari\u00e1vel com modos padr\u00e3o, estendido e selado.<br \/>\nO feedback bidirecional exclusivo mostra os ajustes em tempo real no aplicativo e na interface do subwoofer.<br \/>\nO tutorial f\u00e1cil de seguir fornece orienta\u00e7\u00e3o clara para todas as fun\u00e7\u00f5es.<br \/>\nGrade de malha de a\u00e7o protetora n\u00e3o ressonante<br \/>\nControle remoto infravermelho<br \/>\nP\u00e9s de elast\u00f4mero inclu\u00eddos<br \/>\nCabo de alimenta\u00e7\u00e3o extra resistente e de alta corrente de 6 p\u00e9s<br \/>\nManual do Subwoofer SB-4000<br \/>\nGuia de in\u00edcio r\u00e1pido<\/p>\n","protected":false},"excerpt":{"rendered":"<p>Profundidade, pot\u00eancia e detalhes de baixa frequ\u00eancia incompar\u00e1veis O subwoofer amplificado SVS SB-4000 destr\u00f3i todas as no\u00e7\u00f5es preconcebidas sobre desempenho e tecnologia de subwoofer ao assumir o comando de qualquer ambiente com graves profundos e sem esfor\u00e7o e adicionar energia visceral a cada experi\u00eancia auditiva. Com a tecnologia trickle down da S\u00e9rie 16-Ultra, nomeada os [&hellip;]<\/p>\n","protected":false},"featured_media":20479,"template":"","meta":{"_acf_changed":false},"product_brand":[],"product_cat":[17,36],"product_tag":[],"class_list":{"0":"post-20474","1":"product","2":"type-product","3":"status-publish","4":"has-post-thumbnail","6":"product_cat-caixas","7":"product_cat-subwoofer","9":"first","10":"instock","11":"sold-individually","12":"shipping-taxable","13":"purchasable","14":"product-type-simple"},"acf":[],"aioseo_notices":[],"_links":{"self":[{"href":"https:\/\/hificlub.com.br\/loja\/wp-json\/wp\/v2\/product\/20474","targetHints":{"allow":["GET"]}}],"collection":[{"href":"https:\/\/hificlub.com.br\/loja\/wp-json\/wp\/v2\/product"}],"about":[{"href":"https:\/\/hificlub.com.br\/loja\/wp-json\/wp\/v2\/types\/product"}],"wp:featuredmedia":[{"embeddable":true,"href":"https:\/\/hificlub.com.br\/loja\/wp-json\/wp\/v2\/media\/20479"}],"wp:attachment":[{"href":"https:\/\/hificlub.com.br\/loja\/wp-json\/wp\/v2\/media?parent=20474"}],"wp:term":[{"taxonomy":"product_brand","embeddable":true,"href":"https:\/\/hificlub.com.br\/loja\/wp-json\/wp\/v2\/product_brand?post=20474"},{"taxonomy":"product_cat","embeddable":true,"href":"https:\/\/hificlub.com.br\/loja\/wp-json\/wp\/v2\/product_cat?post=20474"},{"taxonomy":"product_tag","embeddable":true,"href":"https:\/\/hificlub.com.br\/loja\/wp-json\/wp\/v2\/product_tag?post=20474"}],"curies":[{"name":"wp","href":"https:\/\/api.w.org\/{rel}","templated":true}]}}