{"id":20414,"date":"2025-03-12T03:00:01","date_gmt":"2025-03-12T06:00:01","guid":{"rendered":"https:\/\/hificlub.com.br\/loja\/?post_type=product&#038;p=20414"},"modified":"2025-05-27T16:05:11","modified_gmt":"2025-05-27T19:05:11","slug":"musical-fidelity-m6si-amplificador-integrado-dual-mono-com-usb-dac-220-watts","status":"publish","type":"product","link":"https:\/\/hificlub.com.br\/loja\/produto\/musical-fidelity-m6si-amplificador-integrado-dual-mono-com-usb-dac-220-watts\/","title":{"rendered":"MUSICAL FIDELITY M6si Amplificador Integrado Dual Mono com MM MC Phono e USB DAC 220 watts"},"content":{"rendered":"<p>Na Fidelity Musical pensamos no M6si como sendo um produto de destino. O M6si oferece tais excelente desempenho, instala\u00e7\u00f5es e poder que, a menos que voc\u00ea est\u00e1 procurando a qualidade de som high-end mais ex\u00f3tico que voc\u00ea nunca precisa de outro amplificador. N\u00f3s acreditamos que isso \u00e9 bom.<\/p>\n<p>Internamente, o M6si \u00e9 configurado como 2 amplificadores de pot\u00eancia monobloco independentes com um pr\u00e9-amplificador separado. \u00c9, na verdade, um pr\u00e9-amplificador com amplificadores de pot\u00eancia 2 monobloco que s\u00f3 acontecer\u00e1 a compartilhar o mesmo tratamento de casos.<\/p>\n<p>O M6si tem 220wpc. Tem muito baixa distor\u00e7\u00e3o, ru\u00eddo e excelente resposta de freq\u00fc\u00eancia extremamente plana. As suas entradas s\u00e3o fono (MM \/ MC), 4 de n\u00edvel de linha, uma XLR equilibrada e um USB \u2018B\u2019 at\u00e9 24bit 96kHz ass\u00edncrona.<\/p>\n<p>A combina\u00e7\u00e3o M6 de alta pot\u00eancia, uma alta corrente e extraordin\u00e1ria estabilidade significa que pode conduzir qualquer altifalante com facilidade.<\/p>\n<p>Em uso, \u00e9 dif\u00edcil ouvir qualquer diferen\u00e7a pr\u00e1tica entre a M6si e outros amplificadores muito mais caros. Nas compara\u00e7\u00f5es adequadas de escuta cegos, o M6si executa incrivelmente bem. Se soar um pouco entusiasmado que \u00e9 porque n\u00f3s somos.<\/p>\n<p>N\u00f3s amamos o M6si e espero que voc\u00ea fa\u00e7a tamb\u00e9m.<\/p>\n<p>M6si Em Breve<\/p>\n<p>220WPC<\/p>\n<p>Excelente desempenho t\u00e9cnico<\/p>\n<p>Incr\u00edvel capacidade de condu\u00e7\u00e3o de carga, estabilidade incondicional ir\u00e1 conduzir qualquer alto-falante<\/p>\n<p>Vasta gama de insumos \u00fateis, incluindo USB ass\u00edncrona e MM comut\u00e1vel \/ Phono MC<\/p>\n<p>Sa\u00edda de pr\u00e9-amplificador<\/p>\n<p>Internamente, \u00e9 um pr\u00e9-amplificador separado com dois amplificadores de pot\u00eancia monobloco independentes;eficazmente um sistema separa numa caixa<\/p>\n<p>Excelente, qualidade de constru\u00e7\u00e3o hunky<\/p>\n<p>Pot\u00eancia: 220 W por canal em 8 Ohms<br \/>\nTHD (+ ru\u00eddo): 107dB \u2018A\u2019 \u2013 ponderados<br \/>\nResposta de Freq\u00fc\u00eancia: 0, -0.1dB, 10 Hz a 20 kHz<br \/>\nEntradas<\/p>\n<p>4x de N\u00edvel de Linha RCA<br \/>\n1x de N\u00edvel de Linha XLR Balanceada<br \/>\n1x USB tipo conector \u2018B\u2019 \u2013 fluxo de dados ass\u00edncronos em at\u00e9 24-bit \/ 96kHz<br \/>\n1 x entrada fono switchable<br \/>\nDesencadear em<br \/>\nPhono entrada<\/p>\n<p>Sensibilidade: 3mV nominal (mm), 0.4mV nominal (MC)<br \/>\nRela\u00e7\u00e3o sinal \/ ru\u00eddo:&gt; 84dB \u2018A\u2019-ponderado<br \/>\nImped\u00e2ncia de entrada: 47k Ohms (MM e MC)<br \/>\nResposta de freq\u00fc\u00eancia: RIAA \/ IEC \u00b1 0,5 dB 20Hz-20kHz<br \/>\nSa\u00eddas<\/p>\n<p>Disparar para fora<br \/>\nGeral<\/p>\n<p>Dimens\u00f5es \u2013 LxAxP (mm): 440 x 125 x 400<br \/>\nPeso (desembalado \/ embalado): 16,6 kg \/ 21,3 kg<\/p>\n","protected":false},"excerpt":{"rendered":"<p>Na Fidelity Musical pensamos no M6si como sendo um produto de destino. O M6si oferece tais excelente desempenho, instala\u00e7\u00f5es e poder que, a menos que voc\u00ea est\u00e1 procurando a qualidade de som high-end mais ex\u00f3tico que voc\u00ea nunca precisa de outro amplificador. N\u00f3s acreditamos que isso \u00e9 bom. Internamente, o M6si \u00e9 configurado como 2 [&hellip;]<\/p>\n","protected":false},"featured_media":20415,"template":"","meta":{"_acf_changed":false},"product_brand":[],"product_cat":[27,51,109],"product_tag":[],"class_list":{"0":"post-20414","1":"product","2":"type-product","3":"status-publish","4":"has-post-thumbnail","6":"product_cat-amplificador","7":"product_cat-integrado","8":"product_cat-monitor-audio","10":"first","11":"instock","12":"sold-individually","13":"shipping-taxable","14":"purchasable","15":"product-type-simple"},"acf":[],"aioseo_notices":[],"_links":{"self":[{"href":"https:\/\/hificlub.com.br\/loja\/wp-json\/wp\/v2\/product\/20414","targetHints":{"allow":["GET"]}}],"collection":[{"href":"https:\/\/hificlub.com.br\/loja\/wp-json\/wp\/v2\/product"}],"about":[{"href":"https:\/\/hificlub.com.br\/loja\/wp-json\/wp\/v2\/types\/product"}],"wp:featuredmedia":[{"embeddable":true,"href":"https:\/\/hificlub.com.br\/loja\/wp-json\/wp\/v2\/media\/20415"}],"wp:attachment":[{"href":"https:\/\/hificlub.com.br\/loja\/wp-json\/wp\/v2\/media?parent=20414"}],"wp:term":[{"taxonomy":"product_brand","embeddable":true,"href":"https:\/\/hificlub.com.br\/loja\/wp-json\/wp\/v2\/product_brand?post=20414"},{"taxonomy":"product_cat","embeddable":true,"href":"https:\/\/hificlub.com.br\/loja\/wp-json\/wp\/v2\/product_cat?post=20414"},{"taxonomy":"product_tag","embeddable":true,"href":"https:\/\/hificlub.com.br\/loja\/wp-json\/wp\/v2\/product_tag?post=20414"}],"curies":[{"name":"wp","href":"https:\/\/api.w.org\/{rel}","templated":true}]}}