{"id":2035,"date":"2023-10-17T19:58:46","date_gmt":"2023-10-17T22:58:46","guid":{"rendered":"https:\/\/hificlub.com.br\/loja2\/produto\/aesthetix-atlas-hibrido-200-watts\/"},"modified":"2025-09-14T17:53:41","modified_gmt":"2025-09-14T20:53:41","slug":"aesthetix-atlas-hibrido-200-watts","status":"publish","type":"product","link":"https:\/\/hificlub.com.br\/loja\/produto\/aesthetix-atlas-hibrido-200-watts\/","title":{"rendered":"AESTHETIX ATLAS Amplificador Hibrido  200 watts"},"content":{"rendered":"<p>ESTADO 9\/10<\/p>\n<p>O amplificador Atlas \u00e9 uma fera robusta, pesando 70 libras, e \u00e9 envolto em um gabinete de alum\u00ednio que envolve os circuitos e dissipadores de calor em uma constru\u00e7\u00e3o de gaiola em gaiola.\u00a0Os dois transformadores e tr\u00eas bobinas do Atlas est\u00e3o alojados sob uma tampa de a\u00e7o inoxid\u00e1vel para evitar que campos magn\u00e9ticos interfiram no circuito de \u00e1udio.\u00a0A fonte de alimenta\u00e7\u00e3o de tubo B+ \u00e9 regulada discretamente com a fonte de est\u00e1gio de driver de cada canal regulada separadamente.\u00a0O transformador de 1400VA alimenta uma bobina, que por sua vez alimenta a se\u00e7\u00e3o de sa\u00edda de alta corrente.<\/p>\n<p>O est\u00e1gio de ganho de tens\u00e3o emprega um tubo 6SN7 por canal.\u00a0O est\u00e1gio de sa\u00edda amplificador de corrente, projetado em conjunto com\u00a0<a href=\"https:\/\/www-stereophile-com.translate.goog\/interviews\/610?_x_tr_sl=en&amp;_x_tr_tl=pt&amp;_x_tr_hl=pt-BR&amp;_x_tr_pto=sc\">Charles Hansen<\/a>\u00a0da Ayre Acoustics , usa 16 dispositivos de sa\u00edda bipolar por canal e n\u00e3o h\u00e1 feedback negativo global.\u00a0Os dispositivos de sa\u00edda de cada canal s\u00e3o conectados por barramentos maci\u00e7os de cobre, o que reduz radicalmente a imped\u00e2ncia, de acordo com White, embora seja justo notar que o Atlas tem uma imped\u00e2ncia de sa\u00edda especificada relativamente alta de 0,25 ohm.\u00a0A constru\u00e7\u00e3o e o layout do circuito do Atlas parecem ser superlativos.<\/p>\n<p>Uma caracter\u00edstica incomum do Atlas \u00e9 seu crossover passa-alta de 6dB\/oitava, que pode ser ajustado para 16 valores diferentes entre 40 e 200Hz.\u00a0\u00c9 \u00fatil se voc\u00ea usar um subwoofer (ou um alto-falante com um subwoofer amplificado, como o\u00a0<a href=\"https:\/\/www-stereophile-com.translate.goog\/standloudspeakers\/1207van?_x_tr_sl=en&amp;_x_tr_tl=pt&amp;_x_tr_hl=pt-BR&amp;_x_tr_pto=sc\">Vandersteen Quatro Wood<\/a>\u00a0);\u00a0se voc\u00ea n\u00e3o fizer isso, \u00e9 facilmente derrotado com um bypass de entrada direta.<\/p>\n<p>O painel frontal do Atlas apresenta um display LED grande (para um amplificador de pot\u00eancia) e cinco interruptores de contato, que controlam a pot\u00eancia, a ilumina\u00e7\u00e3o e o submenu de frequ\u00eancia de cruzamento passa-alta.\u00a0O painel traseiro acomoda entradas de termina\u00e7\u00e3o simples e balanceadas.\u00a0Os postes de liga\u00e7\u00e3o s\u00e3o o design Cardas de um \u00fanico bot\u00e3o.\u00a0H\u00e1 tamb\u00e9m entradas RS-232 e de disparo remoto, bem como um plugue de alimenta\u00e7\u00e3o AEC com fus\u00edvel.<\/p>\n<p><b>Especifica\u00e7\u00f5es<\/b><\/p>\n<p><b>Descri\u00e7\u00e3o:<\/b>\u00a0Amplificador de pot\u00eancia est\u00e9reo com est\u00e1gio de entrada de tubo, est\u00e1gio de sa\u00edda de estado s\u00f3lido e entrada de crossover high-pass separada com inclina\u00e7\u00e3o de filtro de 6dB\/oitava e frequ\u00eancia de crossover selecion\u00e1vel.\u00a0Complemento de tubos: dois 6NS7.\u00a0Pot\u00eancia m\u00e1xima de sa\u00edda: 200Wpc em 8 ohms (23dBW), 400Wpc em 4 ohms (23dBW).\u00a0Largura de banda de pot\u00eancia total: 4Hz\u2013150kHz.\u00a0THD em pot\u00eancia m\u00e1xima: &lt;1%.\u00a0Sensibilidade de entrada: 60mV para sa\u00edda de 1W, 2,3V para pot\u00eancia total.\u00a0Imped\u00e2ncia de entrada: 470k ohms.\u00a0Imped\u00e2ncia de sa\u00edda: 0,25 ohm a 1kHz.\u00a0Rela\u00e7\u00e3o sinal\/ru\u00eddo: 120dB (sem n\u00edvel de refer\u00eancia citado).\u00a0Consumo de energia: 100W em standby.<br \/>\n<b>Dimens\u00f5es:<\/b>\u00a018&#8243; (462mm) W por 8&#8243; (205mm) H por 19&#8243; (487mm) D. Peso: 70 lbs (31,8kg).<br \/>\n<b>Acabamentos:<\/b>\u00a0Preto, prata.<\/p>\n","protected":false},"excerpt":{"rendered":"<p>ESTADO 9\/10 O amplificador Atlas \u00e9 uma fera robusta, pesando 70 libras, e \u00e9 envolto em um gabinete de alum\u00ednio que envolve os circuitos e dissipadores de calor em uma constru\u00e7\u00e3o de gaiola em gaiola.\u00a0Os dois transformadores e tr\u00eas bobinas do Atlas est\u00e3o alojados sob uma tampa de a\u00e7o inoxid\u00e1vel para evitar que campos magn\u00e9ticos [&hellip;]<\/p>\n","protected":false},"featured_media":2028,"template":"","meta":{"_acf_changed":false},"product_brand":[],"product_cat":[80,27,28],"product_tag":[],"class_list":{"0":"post-2035","1":"product","2":"type-product","3":"status-publish","4":"has-post-thumbnail","6":"product_cat-aesthetix","7":"product_cat-amplificador","8":"product_cat-estereo","10":"first","11":"instock","12":"sold-individually","13":"shipping-taxable","14":"purchasable","15":"product-type-simple"},"acf":[],"aioseo_notices":[],"_links":{"self":[{"href":"https:\/\/hificlub.com.br\/loja\/wp-json\/wp\/v2\/product\/2035","targetHints":{"allow":["GET"]}}],"collection":[{"href":"https:\/\/hificlub.com.br\/loja\/wp-json\/wp\/v2\/product"}],"about":[{"href":"https:\/\/hificlub.com.br\/loja\/wp-json\/wp\/v2\/types\/product"}],"wp:featuredmedia":[{"embeddable":true,"href":"https:\/\/hificlub.com.br\/loja\/wp-json\/wp\/v2\/media\/2028"}],"wp:attachment":[{"href":"https:\/\/hificlub.com.br\/loja\/wp-json\/wp\/v2\/media?parent=2035"}],"wp:term":[{"taxonomy":"product_brand","embeddable":true,"href":"https:\/\/hificlub.com.br\/loja\/wp-json\/wp\/v2\/product_brand?post=2035"},{"taxonomy":"product_cat","embeddable":true,"href":"https:\/\/hificlub.com.br\/loja\/wp-json\/wp\/v2\/product_cat?post=2035"},{"taxonomy":"product_tag","embeddable":true,"href":"https:\/\/hificlub.com.br\/loja\/wp-json\/wp\/v2\/product_tag?post=2035"}],"curies":[{"name":"wp","href":"https:\/\/api.w.org\/{rel}","templated":true}]}}