{"id":20324,"date":"2025-03-05T09:12:52","date_gmt":"2025-03-05T12:12:52","guid":{"rendered":"https:\/\/hificlub.com.br\/loja\/?post_type=product&#038;p=20324"},"modified":"2026-01-13T20:27:48","modified_gmt":"2026-01-13T23:27:48","slug":"krell-fpb300-amplificador-stereo-full-balanced-300-watts","status":"publish","type":"product","link":"https:\/\/hificlub.com.br\/loja\/produto\/krell-fpb300-amplificador-stereo-full-balanced-300-watts\/","title":{"rendered":"KRELL FPB300 Amplificador Stereo Full Balanced 300 watts"},"content":{"rendered":"<p>Se seus alto-falantes apresentam uma carga dif\u00edcil, este amplificador Krell &#8220;Full Power Balanced&#8221; \u00e9 a resposta.<\/p>\n<p>Capaz de fornecer energia limpa de alta corrente em uma configura\u00e7\u00e3o de classe A e com pot\u00eancia nominal de 300 W para 8 Ohms com at\u00e9 1200 W para 2 Ohms.<\/p>\n<p>Utiliza a &#8220;Sustained Plateau II Bias Technology&#8221; da Krell para manter as coisas sob controle, e um design totalmente balanceado da entrada \u00e0 sa\u00edda que garante a melhor separa\u00e7\u00e3o est\u00e9reo poss\u00edvel. Como este amplificador \u00e9 acoplado diretamente (o que significa que n\u00e3o h\u00e1 capacitores de acoplamento no caminho do sinal), deve-se fazer uma considera\u00e7\u00e3o cuidadosa ao escolher e conectar um pr\u00e9-amplificador<\/p>\n<p>Especifica\u00e7\u00f5es do &#8220;Full Power Balanced 300&#8221; :<\/p>\n<p>Resposta de frequ\u00eancia:<br \/>\n20Hz &#8211; 20kHz +0,0, -0,05 dB<br \/>\n0,1 Hz &#8211; 240kHz +0,0,-3,0 dB<\/p>\n<p>Ganho:<br \/>\n26,4 dB<\/p>\n<p>Distor\u00e7\u00e3o:<br \/>\n1 kHz 0,02%<br \/>\n20 kHz 0,15%<\/p>\n<p>Sensibilidade de entrada:<br \/>\n2,35 Vrm<\/p>\n<p>Imped\u00e2ncia de entrada:<br \/>\n100 Kohms<\/p>\n<p>Tens\u00e3o de sa\u00edda:<br \/>\nPico a Pico 170V<br \/>\nRMS 60V<\/p>\n<p>Pot\u00eancia de sa\u00edda, acionada por cada canal:<br \/>\n8 Ohms 300 W<br \/>\n4 Ohms 600 W<br \/>\n2 Ohms 1.200 W<\/p>\n<p>Consumo de energia:<br \/>\nEm espera 75 W<br \/>\nInativo 350 W<br \/>\nM\u00e1x. 3.000 W<\/p>\n<p>Dimens\u00f5es:<br \/>\nPolegadas &#8211; 19L x 10,2A x 19,9P<br \/>\nCent\u00edmetros &#8211; 48,3L x 25,9A x 50,5P<\/p>\n<p>Peso:<br \/>\nLibras &#8211; 110,0<br \/>\nQuilogramas &#8211; 50,0<\/p>\n","protected":false},"excerpt":{"rendered":"<p>Se seus alto-falantes apresentam uma carga dif\u00edcil, este amplificador Krell &#8220;Full Power Balanced&#8221; \u00e9 a resposta. Capaz de fornecer energia limpa de alta corrente em uma configura\u00e7\u00e3o de classe A e com pot\u00eancia nominal de 300 W para 8 Ohms com at\u00e9 1200 W para 2 Ohms. Utiliza a &#8220;Sustained Plateau II Bias Technology&#8221; da [&hellip;]<\/p>\n","protected":false},"featured_media":20326,"template":"","meta":{"_acf_changed":false},"product_brand":[],"product_cat":[27,28,34],"product_tag":[],"class_list":{"0":"post-20324","1":"product","2":"type-product","3":"status-publish","4":"has-post-thumbnail","6":"product_cat-amplificador","7":"product_cat-estereo","8":"product_cat-krell","10":"first","11":"instock","12":"sold-individually","13":"shipping-taxable","14":"purchasable","15":"product-type-simple"},"acf":[],"aioseo_notices":[],"_links":{"self":[{"href":"https:\/\/hificlub.com.br\/loja\/wp-json\/wp\/v2\/product\/20324","targetHints":{"allow":["GET"]}}],"collection":[{"href":"https:\/\/hificlub.com.br\/loja\/wp-json\/wp\/v2\/product"}],"about":[{"href":"https:\/\/hificlub.com.br\/loja\/wp-json\/wp\/v2\/types\/product"}],"wp:featuredmedia":[{"embeddable":true,"href":"https:\/\/hificlub.com.br\/loja\/wp-json\/wp\/v2\/media\/20326"}],"wp:attachment":[{"href":"https:\/\/hificlub.com.br\/loja\/wp-json\/wp\/v2\/media?parent=20324"}],"wp:term":[{"taxonomy":"product_brand","embeddable":true,"href":"https:\/\/hificlub.com.br\/loja\/wp-json\/wp\/v2\/product_brand?post=20324"},{"taxonomy":"product_cat","embeddable":true,"href":"https:\/\/hificlub.com.br\/loja\/wp-json\/wp\/v2\/product_cat?post=20324"},{"taxonomy":"product_tag","embeddable":true,"href":"https:\/\/hificlub.com.br\/loja\/wp-json\/wp\/v2\/product_tag?post=20324"}],"curies":[{"name":"wp","href":"https:\/\/api.w.org\/{rel}","templated":true}]}}