{"id":20306,"date":"2025-03-03T17:11:59","date_gmt":"2025-03-03T20:11:59","guid":{"rendered":"https:\/\/hificlub.com.br\/loja\/?post_type=product&#038;p=20306"},"modified":"2026-03-03T22:18:09","modified_gmt":"2026-03-04T01:18:09","slug":"denon-dra-900h-receiver-stereo-2-2-hdmi-8k-hdr10-wifi","status":"publish","type":"product","link":"https:\/\/hificlub.com.br\/loja\/produto\/denon-dra-900h-receiver-stereo-2-2-hdmi-8k-hdr10-wifi\/","title":{"rendered":"DENON DRA-900H &#8211; Receiver Stereo 2.2, HDMI 8K, HDR10+, WiFi, Bluetooth, 100 watts"},"content":{"rendered":"<p><strong>Denon Receptor DRA-900H<\/strong> &#8211; Receptor de rede est\u00e9reo de 2 canais &#8211; Amplifica\u00e7\u00e3o Hi-Fi 100W\/Ch. HEOS integrado, processamento HDCP 2.3 com suporte ARC\/eARC, Dolby Vision, HLG, HDR din\u00e2mico<\/p>\n<p>Aproveite suas cole\u00e7\u00f5es de m\u00fasica e filmes, vinil, CDs, arquivos de \u00e1udio de alta resolu\u00e7\u00e3o, Blu-rays e at\u00e9 mesmo o conte\u00fado 8K mais recente, tudo em um sistema de dois canais. Al\u00e9m disso, com o HEOS\u00ae Built-in, voc\u00ea pode transmitir m\u00fasica sem fio on-line e compartilh\u00e1-la com alto-falantes habilitados para HEOS em outros c\u00f4modos.<\/p>\n<p>Desempenho excelente: um receptor est\u00e9reo de rede perfeitamente integrado com as mais recentes tecnologias AV<br \/>\nProjetado especialmente para todas as fontes: aproveite seus arquivos de \u00e1udio de alta resolu\u00e7\u00e3o, cole\u00e7\u00f5es de vinil, filmes e jogos com o som Denon\u00ae Hi-Fi.<br \/>\nPronto para 8K: aproveite uma qualidade de v\u00eddeo impressionante gra\u00e7as \u00e0 mais recente tecnologia 8K.<\/p>\n<p><strong>Conectividade HDMI com ARC\/eARC<\/strong><\/p>\n<ul>\n<li>Suporta a mais recente tecnologia HDMI em entradas e sa\u00eddas. ARC (Audio Return Channel) ou eARC (Enhanced Audio Return Channel) facilitam a reprodu\u00e7\u00e3o de \u00e1udio da TV pelo seu receptor, com apenas uma conex\u00e3o HDMI.<\/li>\n<li>8K\/HDCP 2.3<br \/>\nAproveite a qualidade de imagem 8K imaculada na sua TV ou projetor 8K. Ele suporta tanto o pass-through 8K quanto o upscaling 8K de conte\u00fado 4K. Suporta HDCP 2.3, o mais recente padr\u00e3o de prote\u00e7\u00e3o contra c\u00f3pia, para tranquilidade ao transmitir conte\u00fado protegido.<\/li>\n<li>Cores brilhantes de HDR 10+<br \/>\nEle suporta HDR (High Dynamic Range), HLG (Hybrid Log Gamma), bem como Dynamic HDR e HDR10+ pass-through. HLG oferece tecnologia HDR em conte\u00fado de transmiss\u00e3o. Tanto o Dynamic HDR quanto o HDR10+ usam metadados din\u00e2micos para otimizar sombras e realces conforme as imagens na tela mudam.<\/li>\n<li>Vis\u00e3o Dolby<br \/>\nDolby Vision \u00e9 uma tecnologia de imagem HDR impressionante que oferece cores, contraste e brilho impressionantes na sua tela. Aproveite o conte\u00fado Dolby Vision de um dispositivo de origem compat\u00edvel e da sua TV.<\/li>\n<li>Jogos de \u00faltima gera\u00e7\u00e3o<br \/>\nEle suporta Taxa de Atualiza\u00e7\u00e3o Vari\u00e1vel (VRR), Transporte R\u00e1pido de Quadros (QFT) e Modo Autom\u00e1tico de Baixa Lat\u00eancia (ALLM) para uma experi\u00eancia de jogo suave e sem atrasos quando conectado a dispositivos de jogos compat\u00edveis.<\/li>\n<li>HEOS integrado<br \/>\nCom o HEOS\u00ae Built-in, o amplificador pode transmitir m\u00fasica sem fio por meio de componentes HEOS compat\u00edveis de uma variedade de servi\u00e7os de streaming gratuitos e premium. Os usu\u00e1rios tamb\u00e9m podem ouvir suas m\u00fasicas favoritas em qualquer c\u00f4modo da casa sem fio. Reproduza a mesma m\u00fasica em todos os c\u00f4modos ou selecione uma m\u00fasica diferente para cada c\u00f4modo conectado por meio de uma variedade de fontes de streaming. Adicione alto-falantes Denon Home a v\u00e1rios c\u00f4modos e controle tudo com o aplicativo HEOS.<\/li>\n<li>Airplay 2 e controle de voz Apple Siri<br \/>\nUse o AirPlay 2 para transmitir m\u00fasicas da Apple sem fio para seu receptor ou agrupe-o com outros alto-falantes compat\u00edveis com AirPlay para encher sua casa de m\u00fasica.<\/li>\n<li>Funciona com Amazon Alexa<br \/>\nControle o amplificador apenas com sua voz, com o Amazon Alexa. Ajuste o volume, pule para a pr\u00f3xima faixa e muito mais: &#8220;Basta perguntar&#8221;. Baixe o HEOS Home Entertainment Skill gratuito para habilitar os comandos de voz do Amazon Alexa. Requer o aplicativo Alexa e o Amazon Echo, Dot ou equivalente. A disponibilidade do recurso varia de acordo com o pa\u00eds.<\/li>\n<li>Suporta \u00e1udio de alta resolu\u00e7\u00e3o<br \/>\nDesfrute de fidelidade de \u00e1udio excepcional com suas faixas favoritas de alta resolu\u00e7\u00e3o. Os formatos suportados s\u00e3o ALAC, FLAC e WAV at\u00e9 192 kHz\/24 bits. Tamb\u00e9m \u00e9 compat\u00edvel com arquivos DSD de 2,8\/5,6 MHz. Reproduza faixas de \u00e1udio HD de uma unidade USB ou outras unidades conectadas \u00e0 rede, ou do Amazon Music HD com uma assinatura. Arquivos MP3 e WMA convencionais tamb\u00e9m s\u00e3o suportados.<\/li>\n<li>Transmissor de \u00e1udio Bluetooth<br \/>\nEmparelhe seus fones de ouvido Bluetooth favoritos com o amplificador para continuar ouvindo suas m\u00fasicas, filmes ou programas de TV favoritos \u00e0 noite. Voc\u00ea tamb\u00e9m pode reproduzir \u00e1udio de alto-falantes e fones de ouvido Bluetooth simultaneamente. Se voc\u00ea tem um membro da fam\u00edlia ou amigo com defici\u00eancia auditiva, recomendamos esta configura\u00e7\u00e3o. Voc\u00ea pode conectar um par de fones de ouvido por vez.<\/li>\n<\/ul>\n<p><strong>O Assistente de Configura\u00e7\u00e3o Denon<\/strong><\/p>\n<p>O premiado guia Denon Setup Assistant fornece instru\u00e7\u00f5es simples e claras para voc\u00ea come\u00e7ar. Basta conectar o amplificador \u00e0 sua TV e seguir as instru\u00e7\u00f5es na tela para conectar seus alto-falantes, realizar medi\u00e7\u00f5es de alto-falantes e conectar seus dispositivos de origem. Para m\u00e1xima conveni\u00eancia, o amplificador renomeia automaticamente as entradas HDMI quando conectadas, ou voc\u00ea pode renome\u00e1-las manualmente de acordo com sua prefer\u00eancia.<\/p>\n<p><strong>O aplicativo Denon AVR Remote<\/strong><\/p>\n<p>Este aplicativo dispon\u00edvel para iOS ou Android permite que voc\u00ea controle seu amplificador de rede, alterando suas entradas, modo de \u00e1udio, volume; voc\u00ea pode armazenar e recuperar atalhos, mostrar o status do amplificador, obter informa\u00e7\u00f5es de sinal de entrada e sa\u00edda, alterar configura\u00e7\u00f5es opcionais e assim por diante. Uma vez que a m\u00fasica HEOS \u00e9 selecionada, o aplicativo muda automaticamente para o aplicativo HEOS, para uma opera\u00e7\u00e3o perfeita entre os dois aplicativos.<\/p>\n<p>&nbsp;<\/p>\n<p><img loading=\"lazy\" decoding=\"async\" class=\"\" src=\"https:\/\/hificlub.com.br\/loja\/wp-content\/uploads\/2024\/01\/Awards-Darko-2-150x150.jpg\" width=\"111\" height=\"111\" \/>\u00a0 \u00a0 <img loading=\"lazy\" decoding=\"async\" class=\"\" src=\"https:\/\/hificlub.com.br\/loja\/wp-content\/uploads\/2023\/10\/awards-avs-forum-5-150x150.png\" width=\"109\" height=\"109\" \/><\/p>\n","protected":false},"excerpt":{"rendered":"<p>Denon Receptor DRA-900H &#8211; Receptor de rede est\u00e9reo de 2 canais &#8211; Amplifica\u00e7\u00e3o Hi-Fi 100W\/Ch. HEOS integrado, processamento HDCP 2.3 com suporte ARC\/eARC, Dolby Vision, HLG, HDR din\u00e2mico Aproveite suas cole\u00e7\u00f5es de m\u00fasica e filmes, vinil, CDs, arquivos de \u00e1udio de alta resolu\u00e7\u00e3o, Blu-rays e at\u00e9 mesmo o conte\u00fado 8K mais recente, tudo em um [&hellip;]<\/p>\n","protected":false},"featured_media":20307,"template":"","meta":{"_acf_changed":false},"product_brand":[],"product_cat":[27,150,21,51,22],"product_tag":[],"class_list":{"0":"post-20306","1":"product","2":"type-product","3":"status-publish","4":"has-post-thumbnail","6":"product_cat-amplificador","7":"product_cat-denon","8":"product_cat-home-theater","9":"product_cat-integrado","10":"product_cat-receivers","12":"first","13":"instock","14":"sold-individually","15":"shipping-taxable","16":"purchasable","17":"product-type-simple"},"acf":[],"aioseo_notices":[],"_links":{"self":[{"href":"https:\/\/hificlub.com.br\/loja\/wp-json\/wp\/v2\/product\/20306","targetHints":{"allow":["GET"]}}],"collection":[{"href":"https:\/\/hificlub.com.br\/loja\/wp-json\/wp\/v2\/product"}],"about":[{"href":"https:\/\/hificlub.com.br\/loja\/wp-json\/wp\/v2\/types\/product"}],"wp:featuredmedia":[{"embeddable":true,"href":"https:\/\/hificlub.com.br\/loja\/wp-json\/wp\/v2\/media\/20307"}],"wp:attachment":[{"href":"https:\/\/hificlub.com.br\/loja\/wp-json\/wp\/v2\/media?parent=20306"}],"wp:term":[{"taxonomy":"product_brand","embeddable":true,"href":"https:\/\/hificlub.com.br\/loja\/wp-json\/wp\/v2\/product_brand?post=20306"},{"taxonomy":"product_cat","embeddable":true,"href":"https:\/\/hificlub.com.br\/loja\/wp-json\/wp\/v2\/product_cat?post=20306"},{"taxonomy":"product_tag","embeddable":true,"href":"https:\/\/hificlub.com.br\/loja\/wp-json\/wp\/v2\/product_tag?post=20306"}],"curies":[{"name":"wp","href":"https:\/\/api.w.org\/{rel}","templated":true}]}}