{"id":20239,"date":"2025-02-21T07:27:54","date_gmt":"2025-02-21T10:27:54","guid":{"rendered":"https:\/\/hificlub.com.br\/loja\/?post_type=product&#038;p=20239"},"modified":"2026-03-03T22:18:09","modified_gmt":"2026-03-04T01:18:09","slug":"luxman-l-507z-amplificador-integrado-mm-mc-phono-110-watts","status":"publish","type":"product","link":"https:\/\/hificlub.com.br\/loja\/produto\/luxman-l-507z-amplificador-integrado-mm-mc-phono-110-watts\/","title":{"rendered":"LUXMAN L-507Z  Amplificador Integrado MM MC Phono  110 watts"},"content":{"rendered":"<p>O L-507Z \u00e9 o modelo de estreia que inaugura nossa nova gera\u00e7\u00e3o de amplificadores. Apresentando nosso mecanismo de amplifica\u00e7\u00e3o LIFES recentemente desenvolvido, olhe para o futuro do Luxman. Este amplificador fez um extraordin\u00e1rio desenvolvimento da musicalidade isso vai muito al\u00e9m de sua classe. L-507Z combina tecnologia avan\u00e7ada e funcionalidade sofisticada. Nossa inovadora nova gera\u00e7\u00e3o de amplificadores integrados da S\u00e9rie Z come\u00e7a com este excelente modelo.<\/p>\n<p>O amplificador integrado Luxman L-507Z \u00e9 um produto de alta qualidade que oferece uma qualidade de som extraordin\u00e1ria. \u00c9 ideal para entusiastas de m\u00fasica que desejam um amplificador que possa acionar qualquer sistema de alto-falantes com seguran\u00e7a e real\u00e7ar o melhor de suas caracter\u00edsticas.<\/p>\n<p>Especifica\u00e7\u00f5es t\u00e9cnicas<\/p>\n<p>Pot\u00eancia nominal: 110W + 110W (8\u03a9)<br \/>\nPot\u00eancia nominal: 220W + 220W (4\u03a9)<br \/>\nSensibilidade\/imped\u00e2ncia de entrada<br \/>\nFONO (MM): 2,5 mV \/ 47 k\u03a9<br \/>\nFONO (MC): 0,3 mV \/ 100 \u03a9<br \/>\nLINHA: 180 mV \/ 47 k\u03a9<br \/>\nBAL. LINHA: 180 mV \/ 79 k\u03a9<br \/>\nENTRADA PRINCIPAL: 1,05V \/ 47k\u03a9<br \/>\nTens\u00e3o de sa\u00edda pr\u00e9-sa\u00edda: 1V<br \/>\nResposta de freq\u00fc\u00eancia<br \/>\nFONO: 20 Hz \u2013 20 kHz (\u00b10,5 dB)<br \/>\nLINHA: 20 Hz \u2013 100 kHz (dentro de -3 dB)<br \/>\nDistor\u00e7\u00e3o harm\u00f4nica total<br \/>\n8 \u03a9, 1 kHz: 0,007% ou menos<br \/>\n8 \u03a9, 20 Hz \u2013 20 kHz: 0,03% ou menos<br \/>\nRela\u00e7\u00e3o Sinal-Ru\u00eddo (IHF-A)<br \/>\nFONO (MM): 91 dB ou superior<br \/>\nFONO (MC): 75 dB ou mais<br \/>\nLINHA: 105 dB ou mais<br \/>\nAjuste de volume: Novo LECUA1000<br \/>\nCircuito de feedback de amplifica\u00e7\u00e3o: LIFES 1.0<br \/>\nConfigura\u00e7\u00e3o de sa\u00edda: push-pull paralelo bipolar 3<br \/>\nFator de amortecimento: 300<br \/>\nM\u00e1ximo. quantidade de controle de tom<br \/>\nGRAVES: \u00b18 dB a 100 Hz<br \/>\nAGUDOS: \u00b18 dB a 10 kHz<br \/>\nFonte de alimenta\u00e7\u00e3o: 230 V~(50 Hz) \/ 115 V~(60 Hz)<br \/>\nConsumo de energia: 350 W<br \/>\nConsumo em espera: 0,4 W<br \/>\nDimens\u00f5es externas: 440 x 178 x 454 mm<br \/>\nPeso l\u00edquido: 25,4kg (unidade principal)<br \/>\ndescri\u00e7\u00e3o<\/p>\n<p>O amplificador integrado Luxman L-507Z \u00e9 um novo modelo que comemora o centen\u00e1rio da empresa. Possui um novo circuito de feedback de amplifica\u00e7\u00e3o chamado LIFES, que oferece uma qualidade de som extraordinariamente natural, quase como se fosse um circuito equipado sem feedback. O L-507Z tamb\u00e9m possui uma pot\u00eancia de sa\u00edda de 110W + 110W (8 \u03a9) e 220W + 220W (4 \u03a9), para conduzir com confian\u00e7a qualquer sistema de alto-falantes compat\u00edvel e aproveitar o melhor de seus recursos.<\/p>\n<p>Caracter\u00edsticas<\/p>\n<p>Loop de feedback do amplificador LIFES 1.0<br \/>\nPot\u00eancia de sa\u00edda de 110W + 110W (8\u03a9) e 220W + 220W (4\u03a9)<br \/>\nNovo LECUA1000<br \/>\nConfigura\u00e7\u00e3o de sa\u00edda push-pull paralela bipolar 3<br \/>\nFator de amortecimento de 300<br \/>\nControle de tom \u00b18 dB<br \/>\nConsumo em espera de 0,4 W<br \/>\nDesign elegante e moderno<\/p>\n","protected":false},"excerpt":{"rendered":"<p>O L-507Z \u00e9 o modelo de estreia que inaugura nossa nova gera\u00e7\u00e3o de amplificadores. Apresentando nosso mecanismo de amplifica\u00e7\u00e3o LIFES recentemente desenvolvido, olhe para o futuro do Luxman. Este amplificador fez um extraordin\u00e1rio desenvolvimento da musicalidade isso vai muito al\u00e9m de sua classe. L-507Z combina tecnologia avan\u00e7ada e funcionalidade sofisticada. Nossa inovadora nova gera\u00e7\u00e3o de [&hellip;]<\/p>\n","protected":false},"featured_media":20240,"template":"","meta":{"_acf_changed":false},"product_brand":[],"product_cat":[27,51,192],"product_tag":[],"class_list":{"0":"post-20239","1":"product","2":"type-product","3":"status-publish","4":"has-post-thumbnail","6":"product_cat-amplificador","7":"product_cat-integrado","8":"product_cat-luxman","10":"first","11":"instock","12":"sold-individually","13":"shipping-taxable","14":"purchasable","15":"product-type-simple"},"acf":[],"aioseo_notices":[],"_links":{"self":[{"href":"https:\/\/hificlub.com.br\/loja\/wp-json\/wp\/v2\/product\/20239","targetHints":{"allow":["GET"]}}],"collection":[{"href":"https:\/\/hificlub.com.br\/loja\/wp-json\/wp\/v2\/product"}],"about":[{"href":"https:\/\/hificlub.com.br\/loja\/wp-json\/wp\/v2\/types\/product"}],"wp:featuredmedia":[{"embeddable":true,"href":"https:\/\/hificlub.com.br\/loja\/wp-json\/wp\/v2\/media\/20240"}],"wp:attachment":[{"href":"https:\/\/hificlub.com.br\/loja\/wp-json\/wp\/v2\/media?parent=20239"}],"wp:term":[{"taxonomy":"product_brand","embeddable":true,"href":"https:\/\/hificlub.com.br\/loja\/wp-json\/wp\/v2\/product_brand?post=20239"},{"taxonomy":"product_cat","embeddable":true,"href":"https:\/\/hificlub.com.br\/loja\/wp-json\/wp\/v2\/product_cat?post=20239"},{"taxonomy":"product_tag","embeddable":true,"href":"https:\/\/hificlub.com.br\/loja\/wp-json\/wp\/v2\/product_tag?post=20239"}],"curies":[{"name":"wp","href":"https:\/\/api.w.org\/{rel}","templated":true}]}}