{"id":20225,"date":"2025-02-20T07:23:13","date_gmt":"2025-02-20T10:23:13","guid":{"rendered":"https:\/\/hificlub.com.br\/loja\/?post_type=product&#038;p=20225"},"modified":"2026-03-03T22:18:09","modified_gmt":"2026-03-04T01:18:09","slug":"luxman-d-10x-cd-sacd-transporte-e-dac-digital-player-com-mqa","status":"publish","type":"product","link":"https:\/\/hificlub.com.br\/loja\/produto\/luxman-d-10x-cd-sacd-transporte-e-dac-digital-player-com-mqa\/","title":{"rendered":"LUXMAN D-10X CD SACD Player e DSD MQA dual mono DAC"},"content":{"rendered":"<p>Nosso topo de linha reprodutor de DAC\/SACD\/CD, o D-10X, se baseia na heran\u00e7a do nosso aclamado D-08u, adicionando recursos de reprodu\u00e7\u00e3o, a mais recente tecnologia de convers\u00e3o, mecanismo refor\u00e7ado e um est\u00e1gio de sa\u00edda anal\u00f3gico refinado. <\/p>\n<p>O D-10X marca a estreia do melhor conversor D\/A do mundo, o MUS-IC\u2122 BD34301EKV da ROHM Semiconductor. Usados \u200b\u200bem configura\u00e7\u00e3o mono dupla, esses conversores combinam especifica\u00e7\u00f5es de ponta com um conjunto impressionante de refinamentos de n\u00edvel de sil\u00edcio. MQA \u00e9 uma tecnologia brit\u00e2nica premiada que oferece o som da grava\u00e7\u00e3o master original. O player inclui tecnologia MQA, que permite reproduzir CDs MQA, bem como arquivos de \u00e1udio MQA de at\u00e9 24 bits transferidos via USB, entradas \u00f3pticas e coaxiais. <\/p>\n<p>Apresentando o LxDTM-i \u2013 o mecanismo de transporte de disco original da LUXMAN, a estreia mundial do conversor digital para anal\u00f3gico MUS-IC\u2122 BD34301EKV da ROHM Semiconductor e o ODNF-u &#8211; Only Distortion Negative Feedback. Bem fundamentado em princ\u00edpios fundamentais e dotado da mais avan\u00e7ada tecnologia mec\u00e2nica, digital e anal\u00f3gica, o D-10X cria o palco sonoro definitivo.<\/p>\n<p>Para minimizar as menores distor\u00e7\u00f5es desencadeadas por vibra\u00e7\u00e3o e resson\u00e2ncia, atualizamos a unidade de disco, criando o LxDTM-i \u2013 Mecanismo de Transporte de Disco original da LUXMAN. Envolvemos a unidade em laterais de alum\u00ednio de 8 mm de espessura, al\u00e9m de uma placa superior de a\u00e7o de 5 mm de espessura. Para prote\u00e7\u00e3o adicional, o sistema de montagem f\u00edsica forma uma estrutura integrada que suporta a estrutura lateral.<\/p>\n<p>Anos de desenvolvimento do amplificador ODNF resultaram no ODNF-u \u2013 Only Distortion Negative Feedback \u2013 que estreia no D-10X. Esta configura\u00e7\u00e3o totalmente balanceada maximiza a precis\u00e3o da detec\u00e7\u00e3o de erros, minimizando a distor\u00e7\u00e3o. Voc\u00ea ouvir\u00e1 uma pot\u00eancia expressiva muito maior com microdin\u00e2mica aprimorada em todo o espectro, especialmente nas frequ\u00eancias mais altas. O est\u00e1gio tamb\u00e9m atinge uma forma de onda natural e suave sem os filtros de sa\u00edda convencionais. O segredo \u00e9 o filtro de primeira ordem gradual e personalizado \u00d7 processamento de banda 3 dentro do circuito. Um circuito excelente merece um chassi forte. Para proteger o sinal anal\u00f3gico de mudan\u00e7as na imped\u00e2ncia do solo e nos campos magn\u00e9ticos, o D-10X incorpora um chassi composto sem loop. Bem blindado, o chassi tamb\u00e9m \u00e9 eficaz no bloqueio de ru\u00eddo digital.<\/p>\n<p>Para fornecer energia altamente abundante e altamente est\u00e1vel, aumentamos a capacidade do transformador de energia em 27% em compara\u00e7\u00e3o com nosso carro-chefe anterior. Tamb\u00e9m fornecemos reguladores independentes para cada circuito, juntamente com capacitores de filtro formid\u00e1veis \u200b\u200bpara estabilidade.<\/p>\n<p>Efeitos diel\u00e9tricos, resist\u00eancia indesejada e capacit\u00e2ncia parasita em padr\u00f5es de placas de circuito impresso podem degradar o sinal de \u00e1udio. A LUXMAN suprime esses efeitos com uma folha de cobre generosamente espessa de 100 \u03bcm, conex\u00f5es banhadas a ouro e remo\u00e7\u00e3o de peel coat da m\u00e1scara de solda. Nosso padr\u00e3o de fia\u00e7\u00e3o suavemente curvado fornece fluxo de sinal suave.<\/p>\n<p>Os conectores de sa\u00edda RCA aplicam revestimento de ouro sobre uma liga que combina a condutividade do cobre com a durabilidade do lat\u00e3o. Usamos terminais Neutrik XLR robustos para as sa\u00eddas balanceadas. Al\u00e9m disso, os p\u00e9s isoladores de ferro fundido com gradiente de densidade fornecem suporte firme, ao mesmo tempo em que difundem a resson\u00e2ncia gerada pela prateleira.<\/p>\n<p>Fornecemos uma entrada coaxial e duas entradas \u00f3pticas, al\u00e9m de uma entrada USB que suporta DSD e PCM. O USB suporta quatro modos de transfer\u00eancia Bulk Pet\u00ae que otimizam a carga do processador entre a fonte e o D-10X para melhor transpar\u00eancia.<\/p>\n<p>A fun\u00e7\u00e3o de zoom 4X torna o display fluorescente f\u00e1cil de ler. Ao reproduzir CDs e arquivos MQA, um indicador de tr\u00eas cores confirma o status de decodifica\u00e7\u00e3o: Studio (azul), Authentic (verde) e Renderer (magenta).<\/p>\n<p>O controle remoto de alum\u00ednio fornecido tem o mesmo acabamento branco jateado do painel frontal do player. Voc\u00ea pode usar o teclado num\u00e9rico, controles de transporte e dimmer de exibi\u00e7\u00e3o.<\/p>\n<p>Para reproduzir m\u00fasica de um PC, recomendamos nosso aplicativo LUXMAN Audio Player. Ele suporta arquivos FLAC, ALAC, WAV, AIFF, MP3, DSF e DSDIFF. Voc\u00ea pode baixar o software para Windows e macOS no site da LUXMAN.<\/p>\n<p>ESPECIFICA\u00c7\u00d5ES:<br \/>\nDiscos suportados\tSACD, CD (CD-R, CD-RW, MQA-CD)<\/p>\n<p>Frequ\u00eancias suportadas\tEntrada USB (PCM): 44,1 kHz, 48 kHz, 88,2 kHz, 96 kHz, 176,4 kHz, 192 kHz, 352,8 kHz, 384 kHz,<br \/>\n705,6 kHz, 768 kHz (16, 24, 32 bits)<br \/>\nEntrada USB (DSD): 2,8 MHz, 5,6 MHz, 11,2 MHz, 22,4 MHz (1 bit)<br \/>\nEntrada coaxial\/\u00f3ptica: 44,1 kHz, 48 kHz, 88,2 kHz, 96 kHz, 176,4 kHz, 192 kHz (16, 20, 24 bits)<\/p>\n<p>Tens\u00e3o\/imped\u00e2ncia de sa\u00edda anal\u00f3gica\tDesbalanceado: 2,4 V\/300 \u03a9, Balanceado: 2,4 V\/600 \u03a9<br \/>\nPara SACD\/DSD: 1,3 V<br \/>\nResposta de frequ\u00eancia\tCD: 5 Hz a 20 kHz (+0,-1,0 dB)<br \/>\nSACD: 5 Hz a 38 kHz (+0,-3,0 dB)<br \/>\nUSB: 5 Hz a 47 kHz (+0,-3,0 dB)<br \/>\nDistor\u00e7\u00e3o harm\u00f4nica total\tCD: 0,0018%, SACD: 0,001%, USB: 0,0015%<br \/>\nRela\u00e7\u00e3o S\/N\tCD: 125 dB, SACD: 121 dB, USB: 125 dB<br \/>\nConversor D\/A\tROHM BD34301EKV (mono) x 2<br \/>\nFonte de energia\t230 V \uff5e (50 Hz) \/ 115 V \uff5e (60 Hz)<br \/>\nPoder\t48W<br \/>\nDimens\u00f5es\t440(L) x 154(A) x 418(P) mm<br \/>\nbot\u00e3o frontal de 2 mm e terminal traseiro de 13 mm inclu\u00eddo<br \/>\nPeso\t22,4 kg<\/p>\n","protected":false},"excerpt":{"rendered":"<p>Nosso topo de linha reprodutor de DAC\/SACD\/CD, o D-10X, se baseia na heran\u00e7a do nosso aclamado D-08u, adicionando recursos de reprodu\u00e7\u00e3o, a mais recente tecnologia de convers\u00e3o, mecanismo refor\u00e7ado e um est\u00e1gio de sa\u00edda anal\u00f3gico refinado. O D-10X marca a estreia do melhor conversor D\/A do mundo, o MUS-IC\u2122 BD34301EKV da ROHM Semiconductor. Usados \u200b\u200bem [&hellip;]<\/p>\n","protected":false},"featured_media":20226,"template":"","meta":{"_acf_changed":false},"product_brand":[],"product_cat":[42,43,41,192],"product_tag":[],"class_list":{"0":"post-20225","1":"product","2":"type-product","3":"status-publish","4":"has-post-thumbnail","6":"product_cat-cd-players","7":"product_cat-dac","8":"product_cat-digital","9":"product_cat-luxman","11":"first","12":"instock","13":"sold-individually","14":"shipping-taxable","15":"purchasable","16":"product-type-simple"},"acf":[],"aioseo_notices":[],"_links":{"self":[{"href":"https:\/\/hificlub.com.br\/loja\/wp-json\/wp\/v2\/product\/20225","targetHints":{"allow":["GET"]}}],"collection":[{"href":"https:\/\/hificlub.com.br\/loja\/wp-json\/wp\/v2\/product"}],"about":[{"href":"https:\/\/hificlub.com.br\/loja\/wp-json\/wp\/v2\/types\/product"}],"wp:featuredmedia":[{"embeddable":true,"href":"https:\/\/hificlub.com.br\/loja\/wp-json\/wp\/v2\/media\/20226"}],"wp:attachment":[{"href":"https:\/\/hificlub.com.br\/loja\/wp-json\/wp\/v2\/media?parent=20225"}],"wp:term":[{"taxonomy":"product_brand","embeddable":true,"href":"https:\/\/hificlub.com.br\/loja\/wp-json\/wp\/v2\/product_brand?post=20225"},{"taxonomy":"product_cat","embeddable":true,"href":"https:\/\/hificlub.com.br\/loja\/wp-json\/wp\/v2\/product_cat?post=20225"},{"taxonomy":"product_tag","embeddable":true,"href":"https:\/\/hificlub.com.br\/loja\/wp-json\/wp\/v2\/product_tag?post=20225"}],"curies":[{"name":"wp","href":"https:\/\/api.w.org\/{rel}","templated":true}]}}