{"id":20212,"date":"2025-02-20T07:03:27","date_gmt":"2025-02-20T10:03:27","guid":{"rendered":"https:\/\/hificlub.com.br\/loja\/?post_type=product&#038;p=20212"},"modified":"2026-03-03T22:18:10","modified_gmt":"2026-03-04T01:18:10","slug":"luxman-m-10x-amplificador-stereo-150-watts","status":"publish","type":"product","link":"https:\/\/hificlub.com.br\/loja\/produto\/luxman-m-10x-amplificador-stereo-150-watts\/","title":{"rendered":"LUXMAN M-10X Amplificador Stereo 150 watts"},"content":{"rendered":"<p>Abra sua mente e experimente a verdadeira profundidade do som. Uma estreia que define a ind\u00fastria para nosso amplificador topo de linha M-10X.<\/p>\n<p>Olhando para o centen\u00e1rio da nossa funda\u00e7\u00e3o em 2025, regressamos aos fundamentos da reprodu\u00e7\u00e3o musical e finalmente atingimos um marco. A LUXMAN, enquanto ainda olhamos para o futuro, apresenta o nosso principal amplificador de pot\u00eancia est\u00e9reo da pr\u00f3xima gera\u00e7\u00e3o, o M-10X. .<br \/>\nA inova\u00e7\u00e3o mais importante \u00e9 a realiza\u00e7\u00e3o do nosso novo motor de feedback de amplifica\u00e7\u00e3o \u201cLIFES\u201d, que foi desenvolvido e refinado atrav\u00e9s da aten\u00e7\u00e3o h\u00e1bil da equipa t\u00e9cnica da LUXMAN. Ao desenvolvermos a nossa tecnologia ODNF tradicional, implement\u00e1mos uma revis\u00e3o fundamental do sistema e de cada detalhe, desde o layout at\u00e9 aos componentes individuais, que contribuem para uma musicalidade rica e cheia de vitalidade.<br \/>\nA dirigibilidade de alto desempenho aprimora a reprodu\u00e7\u00e3o em qualquer sistema de alto-falantes. Um belo design de chassi, com acabamento branco jateado, \u00e9 orgulhosamente acompanhado por medidores anal\u00f3gicos apropriados. Este requintado modelo emblem\u00e1tico, o M-10X, pode evocar o que entendemos por verdadeira profundidade de som. , marcando o in\u00edcio de uma nova era para a LUXMAN.<\/p>\n<p>Mecanismo de feedback amplificado que d\u00e1 vida \u00e0 m\u00fasica LIFES Vers\u00e3o 1.0<br \/>\nA LUXMAN celebrar\u00e1 o seu centen\u00e1rio em 2025 e temos o orgulho de anunciar o sucessor do nosso circuito de feedback ODNF*, que tem contribu\u00eddo para a qualidade de \u00e1udio dos nossos amplificadores desde 1999. Desenvolvemos um novo circuito de feedback do amplificador, LIFES*, que adquiriu musicalidade realista, fresca e rica e desempenho de \u00e1udio impressionante. LIFES \u00e9 baseado no conceito t\u00e9cnico do nosso renomado circuito ODNF e possui excelentes caracter\u00edsticas din\u00e2micas sem retornar nenhum sinal de entrada de \u00e1udio original ao amplificador principal, resultando em uma qualidade de som notavelmente natural, quase como se fosse um circuito sem feedback. O projeto foi concebido e ampliado a partir dos primeiros princ\u00edpios, usando tecnologia de simula\u00e7\u00e3o e pesquisa meticulosa. Atrav\u00e9s de verifica\u00e7\u00f5es repetidas, testes rigorosos e a combina\u00e7\u00e3o de componentes especialmente selecionados, alcan\u00e7amos caracter\u00edsticas de desempenho excepcionais e um n\u00edvel de qualidade adequado para uso em produtos LUXMAN de pr\u00f3xima gera\u00e7\u00e3o. Este \u00e9 o nascimento do mecanismo de feedback de amplifica\u00e7\u00e3o LIFES vers\u00e3o 1.0, que desempenha um papel fundamental nos produtos amplificadores que aparecer\u00e3o no futuro, come\u00e7ando com o M-10X, e d\u00e1 nova vida \u00e0 m\u00fasica.<\/p>\n<p>Linearidade de pot\u00eancia esmagadora e pot\u00eancia m\u00e1xima instant\u00e2nea de 1.200 W + 1.200 W (1\u03a9)<br \/>\nA fun\u00e7\u00e3o do amplificador de pot\u00eancia \u00e9 amplificar fielmente o sinal de m\u00fasica enviado do amplificador de controle para a sa\u00edda e acionar seus alto-falantes com precis\u00e3o, aproveitando ao m\u00e1ximo as caracter\u00edsticas desses alto-falantes. Ao instalar \u201cLIFES\u201d no M-10X e reconstruir todo o circuito, conseguimos reduzir o n\u00famero de elementos paralelos enquanto melhoramos o desempenho e reduzimos pela metade a distor\u00e7\u00e3o durante a amplifica\u00e7\u00e3o. Al\u00e9m disso, o circuito de tens\u00e3o constante redesenhado forma uma fonte de alimenta\u00e7\u00e3o altamente est\u00e1vel que suporta totalmente as demandas de energia CA e CC. Adotamos um design que pode manter alto desempenho com maior estabilidade. O est\u00e1gio do amplificador de corrente tem uma configura\u00e7\u00e3o de sa\u00edda 4 \u00d7 2 que combina dois circuitos Darlington de tr\u00eas est\u00e1gios e circuitos amplificadores push-pull qu\u00e1druplos em paralelo que lidam com v\u00e1rias condi\u00e7\u00f5es de carga e desenvolve instantaneamente at\u00e9 1.200 W + 1.200 W (1 \u03a9) de um nominal sa\u00edda de 150 W. +150W (8\u03a9). Alcan\u00e7amos linearidade completa de pot\u00eancia de at\u00e9 1.200 W (1\u03a9). Juntamente com a opera\u00e7\u00e3o pura de classe A de at\u00e9 12 W com ajuste cuidadoso da corrente de polariza\u00e7\u00e3o, ele alcan\u00e7a pot\u00eancia e qualidade de som impressionantes com uma sensa\u00e7\u00e3o de densidade de alto n\u00edvel.<\/p>\n<p>Especifica\u00e7\u00f5es do amplificador:<\/p>\n<p>Pot\u00eancia nominal:<br \/>\n150W + 150W (8\u03a9) \/ est\u00e9reo<br \/>\n300W + 300W (4\u03a9) \/ est\u00e9reo<br \/>\n600W (8\u03a9) \/ mono<br \/>\nPot\u00eancia m\u00e1xima de sa\u00edda instant\u00e2nea:<br \/>\n1.200W + 1.200W (1\u03a9) \/ est\u00e9reo<br \/>\n2.400W (2\u03a9) \/ mono<br \/>\nSensibilidade de entrada: 1.24V \/ 150W (8\u03a9) \u2013 GANHO 29.0dB<br \/>\nImped\u00e2ncia de entrada:<br \/>\nN\u00e3o Balanceado: 51 k\u03a9<br \/>\nBalanceado: 28 k\u03a9<br \/>\nResposta de freq\u00fc\u00eancia:<br \/>\n20Hz a 20kHz (+0, -0.1dB)<br \/>\n1Hz a 130kHz (+0, -3.0dB)<br \/>\nDistor\u00e7\u00e3o harm\u00f4nica total:<br \/>\n0.003% ou menos (1kHz\/8\u03a9)<br \/>\n0.04% ou menos (20 Hz a 20 kHz\/8\u03a9)<br \/>\nRela\u00e7\u00e3o sinal-ru\u00eddo (IHF-A): 117 dB<br \/>\nCircuito de feedback de amplifica\u00e7\u00e3o: LIFES 1.0<br \/>\nConfigura\u00e7\u00e3o de sa\u00edda: Darlington push-pull de 3 est\u00e1gios com 4 paralelos<br \/>\nFator de amortecimento: 600<br \/>\nConsumo:<br \/>\n540W<br \/>\n290W (sem sinal)<br \/>\n1,0W (em espera)<br \/>\nDimens\u00f5es: 440 (L) x 224 (A) x 488 (P) mm (incluindo bot\u00e3o frontal de 2 mm e terminais traseiros de 38 mm)<br \/>\nPeso l\u00edquido: 48,4kg (unidade principal)<br \/>\nAcess\u00f3rios:<br \/>\nCabo de disparo (modular \/ mono 3,5 mm)<br \/>\nCabo de alimenta\u00e7\u00e3o<br \/>\nTerminais de alto-falante: Compat\u00edvel com terminais tipo Y<br \/>\nTamanho da pe\u00e7a a: 15mm ou menos<br \/>\nTamanho da parte b: 8mm ou mais<br \/>\nA conex\u00e3o pode n\u00e3o ser poss\u00edvel dependendo do formato do terminal do garfo em Y.<\/p>\n","protected":false},"excerpt":{"rendered":"<p>Abra sua mente e experimente a verdadeira profundidade do som. Uma estreia que define a ind\u00fastria para nosso amplificador topo de linha M-10X. Olhando para o centen\u00e1rio da nossa funda\u00e7\u00e3o em 2025, regressamos aos fundamentos da reprodu\u00e7\u00e3o musical e finalmente atingimos um marco. A LUXMAN, enquanto ainda olhamos para o futuro, apresenta o nosso principal [&hellip;]<\/p>\n","protected":false},"featured_media":20213,"template":"","meta":{"_acf_changed":false},"product_brand":[],"product_cat":[27,28,192],"product_tag":[],"class_list":{"0":"post-20212","1":"product","2":"type-product","3":"status-publish","4":"has-post-thumbnail","6":"product_cat-amplificador","7":"product_cat-estereo","8":"product_cat-luxman","10":"first","11":"instock","12":"sold-individually","13":"shipping-taxable","14":"purchasable","15":"product-type-simple"},"acf":[],"aioseo_notices":[],"_links":{"self":[{"href":"https:\/\/hificlub.com.br\/loja\/wp-json\/wp\/v2\/product\/20212","targetHints":{"allow":["GET"]}}],"collection":[{"href":"https:\/\/hificlub.com.br\/loja\/wp-json\/wp\/v2\/product"}],"about":[{"href":"https:\/\/hificlub.com.br\/loja\/wp-json\/wp\/v2\/types\/product"}],"wp:featuredmedia":[{"embeddable":true,"href":"https:\/\/hificlub.com.br\/loja\/wp-json\/wp\/v2\/media\/20213"}],"wp:attachment":[{"href":"https:\/\/hificlub.com.br\/loja\/wp-json\/wp\/v2\/media?parent=20212"}],"wp:term":[{"taxonomy":"product_brand","embeddable":true,"href":"https:\/\/hificlub.com.br\/loja\/wp-json\/wp\/v2\/product_brand?post=20212"},{"taxonomy":"product_cat","embeddable":true,"href":"https:\/\/hificlub.com.br\/loja\/wp-json\/wp\/v2\/product_cat?post=20212"},{"taxonomy":"product_tag","embeddable":true,"href":"https:\/\/hificlub.com.br\/loja\/wp-json\/wp\/v2\/product_tag?post=20212"}],"curies":[{"name":"wp","href":"https:\/\/api.w.org\/{rel}","templated":true}]}}