{"id":20205,"date":"2025-02-20T06:39:08","date_gmt":"2025-02-20T09:39:08","guid":{"rendered":"https:\/\/hificlub.com.br\/loja\/?post_type=product&#038;p=20205"},"modified":"2026-03-03T22:18:10","modified_gmt":"2026-03-04T01:18:10","slug":"luxman-c-10x-preamplificador","status":"publish","type":"product","link":"https:\/\/hificlub.com.br\/loja\/produto\/luxman-c-10x-preamplificador\/","title":{"rendered":"LUXMAN C-10X Preamplificador"},"content":{"rendered":"<p>O Luxman C-10X \u00e9 de fato o sucessor do C-900u lan\u00e7ado em 2013, mas \u00e9 um pr\u00e9-amplificador completamente redesenhado. Este novo modelo topo de linha foi desenvolvido com o objetivo de atingir a qualidade de \u00e1udio impressionante que os componentes de pr\u00f3xima gera\u00e7\u00e3o devem fornecer para o 100\u00ba anivers\u00e1rio do LUXMAN em 2025.<\/p>\n<p>Uma vez aumentado o volume, voc\u00ea ser\u00e1 conquistado pela sensa\u00e7\u00e3o de realidade. Um grande palco sonoro se abre diante de voc\u00ea, preenchendo o espa\u00e7o lindamente. Uma experi\u00eancia milagrosa em que a m\u00fasica energiza a vida. O que procur\u00e1vamos no nosso modelo principal era a express\u00e3o m\u00e1xima da forma de arte da reprodu\u00e7\u00e3o musical.<br \/>\nO C-10X apresenta nosso novo motor de feedback do amplificador \u201cLIFES\u201d e a vers\u00e3o mais recente do nosso atenuador original \u201cLECUA-EX\u201d controlado eletronicamente, tecnologias desenvolvidas para levar a LUXMAN ao pr\u00f3ximo s\u00e9culo. Caminhos de \u00e1udio totalmente balanceados s\u00e3o conectados diretamente por toda a estrutura tridimensional, resultando em sil\u00eancio infinito, poder instant\u00e2neo avassalador e uma verdadeira sensa\u00e7\u00e3o de realismo. \u00c9 o nascimento do amplificador de controle C-10X, inaugurando uma nova era de reprodu\u00e7\u00e3o musical pura.<\/p>\n<p>Conex\u00f5es diretas e tridimensionais entre o circuito amplificador totalmente balanceado e o atenuador<br \/>\nODNF*, um sistema de feedback \u00fanico, desenvolvido como uma inova\u00e7\u00e3o hist\u00f3rica para amplificadores, que fornece a qualidade de som natural de um amplificador sem feedback, retornando apenas os componentes distorcidos do sinal amplificado. Em 2021, durante o desenvolvimento do nosso principal amplificador de pot\u00eancia M-10X, introduzimos o LIFES como um novo mecanismo de feedback de amplifica\u00e7\u00e3o para obter uma musicalidade mais realista, fresca e rica e um desempenho de \u00e1udio impressionante; agora \u00e9 o cora\u00e7\u00e3o do nosso principal amplificador de controle C-10X, a primeira atualiza\u00e7\u00e3o de modelo em 10 anos. Para o sistema de controle de volume, aperfei\u00e7oamos nosso atenuador controlado eletronicamente LECUA que comuta uma s\u00e9rie de resistores fixos dispostos em ordem no circuito. LECUA-EX, que l\u00ea os pulsos de movimento de um codificador rotativo completamente desconectado do caminho do sinal de \u00e1udio, suprime completamente a deteriora\u00e7\u00e3o na qualidade do som e permite um controle de volume suave. Nosso circuito pr\u00e9-amplificador LIFES \u00e9 montado com componentes customizados e est\u00e1 diretamente conectado ao sistema LECUA-EX; as quatro unidades s\u00e3o dispostas em uma configura\u00e7\u00e3o totalmente balanceada em estados operacionais completamente id\u00eanticos para alcan\u00e7ar a estrutura de pr\u00e9-amplificador ideal.<\/p>\n<p>V\u00e1rias fun\u00e7\u00f5es de controle para controlar o sistema de \u00e1udio<br \/>\nComo modelo principal que est\u00e1 no topo da nossa gama, o C-10X n\u00e3o s\u00f3 apresenta circuitos de pr\u00e9-amplificador de alto desempenho que acionam com confian\u00e7a os amplificadores de pot\u00eancia conectados no pr\u00f3ximo est\u00e1gio, mas tamb\u00e9m possui uma rica variedade de recursos como um controle central que regula o ambiente de todo o sistema de \u00e1udio. O ganho do pr\u00e9-amplificador foi aumentado para 15 dB (o modelo anterior C-900u tinha 12 dB), permitindo o manuseio preciso de uma ampla gama de n\u00edveis de v\u00e1rias fontes de entrada sem distor\u00e7\u00e3o. Al\u00e9m de uma variedade de fun\u00e7\u00f5es de comuta\u00e7\u00e3o de modo de sa\u00edda que permitem selecionar uma configura\u00e7\u00e3o n\u00e3o balanceada, balanceada ou biamplificada, dependendo do seu sistema, voc\u00ea tamb\u00e9m pode usar a fun\u00e7\u00e3o de mudan\u00e7a de volume em incrementos de 0,5 dB atrav\u00e9s do atenuador controlado eletronicamente LECUA-EX sistema de controle de volume principal. Isso permite ajustar o equil\u00edbrio esquerdo e direito (L: -6dB a R: -6dB) sem causar deteriora\u00e7\u00e3o, ajustar o n\u00edvel de cada sistema de sa\u00edda no modo bi-amp (\u00b16dB para cada sistema) e ajustar o n\u00edvel de sa\u00edda para diferentes situa\u00e7\u00f5es de audi\u00e7\u00e3o. Ele tamb\u00e9m possui uma fun\u00e7\u00e3o de deslocamento de entrada (0 a -6 dB para cada terminal de entrada) que permite alinhar os n\u00edveis de v\u00e1rios dispositivos de entrada, alcan\u00e7ando uma ampla variedade de fun\u00e7\u00f5es de controle, apesar da configura\u00e7\u00e3o simples do circuito.<\/p>\n<p>Especifica\u00e7\u00f5es do amplificador:<\/p>\n<p>Sensibilidade\/Imped\u00e2ncia de entrada:<br \/>\nN\u00e3o balanceado: 180mV \/ 45k\u03a9<br \/>\nBalanceado: 180mV \/ 90k\u03a9<br \/>\nImped\u00e2ncia de sa\u00edda\/entrada:<br \/>\nN\u00e3o balanceado: 1V\/90\u03a9 (nominal), m\u00e1x. 14.1V<br \/>\nBalanceado: 1V\/180\u03a9 (nominal), m\u00e1x. 28,7 V<br \/>\nResposta de freq\u00fc\u00eancia:<br \/>\n20Hz a 20kHz (+0, dentro de -0,1dB)<br \/>\n5Hz a 110kHz (+0, dentro de -3.0dB)<br \/>\nDistor\u00e7\u00e3o harm\u00f4nica total:<br \/>\nN\u00e3o balanceado: 0,005% (20 Hz a 20 kHz)<br \/>\nBalanceado: 0,003% (20 Hz a 20 kHz)<br \/>\nRela\u00e7\u00e3o Sinal-Ru\u00eddo (IHF-A):<br \/>\nN\u00e3o balanceado: 129dB<br \/>\nBalanceado: 132dB<br \/>\nAjuste de volume: LECUA-EX<br \/>\nCircuito de feedback de amplifica\u00e7\u00e3o: LIFES 1.0<br \/>\nVaria\u00e7\u00e3o m\u00e1xima de controle de tom:<br \/>\nGRAVES: \u00b18dB a 100Hz<br \/>\nAGUDOS: \u00b18dB a 10kHz<br \/>\nFun\u00e7\u00f5es de controle remoto:<br \/>\nOpera\u00e7\u00e3o, Dimmer, sele\u00e7\u00e3o de entrada<br \/>\nModo de sa\u00edda (n\u00e3o balanceado, balanceado, bi-amplificador)<br \/>\nComuta\u00e7\u00e3o de fase balanceada<br \/>\nPredefini\u00e7\u00f5es de canal (configura\u00e7\u00e3o de fase balanceada, configura\u00e7\u00e3o de compensa\u00e7\u00e3o de n\u00edvel de entrada, configura\u00e7\u00e3o de n\u00edvel de sa\u00edda de bi-amplificador)<br \/>\nEntrada de pr\u00e9-amplificador externo<br \/>\nLinha reta, Loudness, Aumentar\/diminuir volume, Mudo<br \/>\nVisor de zoom<br \/>\nConsumo: 40 W, 2,6 W (espera)<br \/>\nDimens\u00f5es: 440 (L) x 130 (A) x 434 (P) mm (incluindo bot\u00e3o frontal de 16 mm e terminais traseiros de 15 mm)<br \/>\nPeso l\u00edquido: 19,8kg (unidade principal)<br \/>\nAcess\u00f3rios: Controle remoto (RA-20), Cabo de alimenta\u00e7\u00e3o<\/p>\n","protected":false},"excerpt":{"rendered":"<p>O Luxman C-10X \u00e9 de fato o sucessor do C-900u lan\u00e7ado em 2013, mas \u00e9 um pr\u00e9-amplificador completamente redesenhado. Este novo modelo topo de linha foi desenvolvido com o objetivo de atingir a qualidade de \u00e1udio impressionante que os componentes de pr\u00f3xima gera\u00e7\u00e3o devem fornecer para o 100\u00ba anivers\u00e1rio do LUXMAN em 2025. Uma vez [&hellip;]<\/p>\n","protected":false},"featured_media":20207,"template":"","meta":{"_acf_changed":false},"product_brand":[],"product_cat":[192,38],"product_tag":[],"class_list":{"0":"post-20205","1":"product","2":"type-product","3":"status-publish","4":"has-post-thumbnail","6":"product_cat-luxman","7":"product_cat-pre-amplificador","9":"first","10":"instock","11":"sold-individually","12":"shipping-taxable","13":"purchasable","14":"product-type-simple"},"acf":[],"aioseo_notices":[],"_links":{"self":[{"href":"https:\/\/hificlub.com.br\/loja\/wp-json\/wp\/v2\/product\/20205","targetHints":{"allow":["GET"]}}],"collection":[{"href":"https:\/\/hificlub.com.br\/loja\/wp-json\/wp\/v2\/product"}],"about":[{"href":"https:\/\/hificlub.com.br\/loja\/wp-json\/wp\/v2\/types\/product"}],"wp:featuredmedia":[{"embeddable":true,"href":"https:\/\/hificlub.com.br\/loja\/wp-json\/wp\/v2\/media\/20207"}],"wp:attachment":[{"href":"https:\/\/hificlub.com.br\/loja\/wp-json\/wp\/v2\/media?parent=20205"}],"wp:term":[{"taxonomy":"product_brand","embeddable":true,"href":"https:\/\/hificlub.com.br\/loja\/wp-json\/wp\/v2\/product_brand?post=20205"},{"taxonomy":"product_cat","embeddable":true,"href":"https:\/\/hificlub.com.br\/loja\/wp-json\/wp\/v2\/product_cat?post=20205"},{"taxonomy":"product_tag","embeddable":true,"href":"https:\/\/hificlub.com.br\/loja\/wp-json\/wp\/v2\/product_tag?post=20205"}],"curies":[{"name":"wp","href":"https:\/\/api.w.org\/{rel}","templated":true}]}}