{"id":20163,"date":"2025-02-18T06:34:04","date_gmt":"2025-02-18T09:34:04","guid":{"rendered":"https:\/\/hificlub.com.br\/loja\/?post_type=product&#038;p=20163"},"modified":"2025-05-27T16:06:22","modified_gmt":"2025-05-27T19:06:22","slug":"sansui-au20000-amplificador-integrado-vintage-170-watts","status":"publish","type":"product","link":"https:\/\/hificlub.com.br\/loja\/produto\/sansui-au20000-amplificador-integrado-vintage-170-watts\/","title":{"rendered":"SANSUI AU-20000 Amplificador Integrado Vintage 170 watts"},"content":{"rendered":"<p>O Sansui AU-20000 \u00e9 um amplificador est\u00e9reo integrado que fornece 170 watts cont\u00ednuos, RMS m\u00ednimo, por canal em 8 ohms, com n\u00e3o mais do que 0,05% de distor\u00e7\u00e3o harm\u00f4nica total. \u00c9 um modelo extremamente solidamente constru\u00eddo e utiliza pe\u00e7as de alta qualidade, incluindo excelentes interruptores, potenci\u00f4metros, capacitores de filtro e dispositivos de sa\u00edda.<\/p>\n<p>Como outros amplificadores integrados de declara\u00e7\u00e3o dessa era, o AU-20000 cont\u00e9m um pr\u00e9-amplificador MM phono de alto desempenho, amplificador de fone de ouvido, circuitos de fita, controles de tom, silenciamento e, neste caso, lindos medidores de pot\u00eancia de bobina m\u00f3vel. O AU-20000 tamb\u00e9m cont\u00e9m circuitos de prote\u00e7\u00e3o tripla cobrindo superaquecimento, assimetria DC e detec\u00e7\u00e3o de \u00e1rea externa de opera\u00e7\u00e3o segura (ASO).<\/p>\n<p>O AU-20000 apresenta amplificadores diferenciais nos est\u00e1gios iniciais, produzindo uma resposta din\u00e2mica aprimorada, para uma curva de equaliza\u00e7\u00e3o RIAA extremamente precisa. Sensibilidade\/imped\u00e2ncia phono selecion\u00e1vel e um circuito de monitor de fita vers\u00e1til tornam o AU20000 flex\u00edvel e capaz de lidar com uma variedade de cen\u00e1rios de grava\u00e7\u00e3o e reprodu\u00e7\u00e3o.<\/p>\n<p>Esses s\u00e3o amplificadores de classe AB de alta velocidade com dispositivos de sa\u00edda bipolares, uma arquitetura de design comum na \u00e9poca. O AU-20000 tamb\u00e9m foi parte de um esfor\u00e7o do fabricante japon\u00eas para criar pe\u00e7as de destaque e a Sansui fez isso melhor do que a maioria, na minha opini\u00e3o. A \u00fanica coisa que falta aqui \u00e9 a capacidade MC no pr\u00e9-amplificador phono, mas tudo bem, voc\u00ea pode adicionar um transformador step-up de qualidade<\/p>\n<p>Especifica\u00e7\u00f5es do Sansui AU-20000<\/p>\n<p>Pot\u00eancia de sa\u00edda: 170 watts por canal em 8\u03a9 (est\u00e9reo)<\/p>\n<p>Resposta de frequ\u00eancia: 10Hz a 50kHz<\/p>\n<p>Distor\u00e7\u00e3o harm\u00f4nica total: 0,05%<\/p>\n<p>Fator de amortecimento: 80<\/p>\n<p>Sensibilidade de entrada: 3mV (MM), 130mV (DIN), 130mV (linha)<\/p>\n<p>Rela\u00e7\u00e3o sinal-ru\u00eddo: 70dB (MM), 80dB (DIN), 80dB (linha)<\/p>\n<p>Separa\u00e7\u00e3o de canais: 55dB (MM), 60dB (linha)<\/p>\n<p>Sa\u00edda: 130 mV (linha), 30 mV (DIN), 0,7 V (sa\u00edda pr\u00e9)<\/p>\n<p>Imped\u00e2ncia de carga do alto-falante: 4\u03a9 a 16\u03a9<\/p>\n<p>Dimens\u00f5es: 460 x 178 x 400 mm<\/p>\n<p>Peso: 23,6 kg<\/p>\n<p>Ano: 1976<\/p>\n","protected":false},"excerpt":{"rendered":"<p>O Sansui AU-20000 \u00e9 um amplificador est\u00e9reo integrado que fornece 170 watts cont\u00ednuos, RMS m\u00ednimo, por canal em 8 ohms, com n\u00e3o mais do que 0,05% de distor\u00e7\u00e3o harm\u00f4nica total. \u00c9 um modelo extremamente solidamente constru\u00eddo e utiliza pe\u00e7as de alta qualidade, incluindo excelentes interruptores, potenci\u00f4metros, capacitores de filtro e dispositivos de sa\u00edda. Como outros [&hellip;]<\/p>\n","protected":false},"featured_media":20164,"template":"","meta":{"_acf_changed":false},"product_brand":[],"product_cat":[27,51,251,26],"product_tag":[],"class_list":{"0":"post-20163","1":"product","2":"type-product","3":"status-publish","4":"has-post-thumbnail","6":"product_cat-amplificador","7":"product_cat-integrado","8":"product_cat-sansui","9":"product_cat-vintage","11":"first","12":"instock","13":"sold-individually","14":"shipping-taxable","15":"purchasable","16":"product-type-simple"},"acf":[],"aioseo_notices":[],"_links":{"self":[{"href":"https:\/\/hificlub.com.br\/loja\/wp-json\/wp\/v2\/product\/20163","targetHints":{"allow":["GET"]}}],"collection":[{"href":"https:\/\/hificlub.com.br\/loja\/wp-json\/wp\/v2\/product"}],"about":[{"href":"https:\/\/hificlub.com.br\/loja\/wp-json\/wp\/v2\/types\/product"}],"wp:featuredmedia":[{"embeddable":true,"href":"https:\/\/hificlub.com.br\/loja\/wp-json\/wp\/v2\/media\/20164"}],"wp:attachment":[{"href":"https:\/\/hificlub.com.br\/loja\/wp-json\/wp\/v2\/media?parent=20163"}],"wp:term":[{"taxonomy":"product_brand","embeddable":true,"href":"https:\/\/hificlub.com.br\/loja\/wp-json\/wp\/v2\/product_brand?post=20163"},{"taxonomy":"product_cat","embeddable":true,"href":"https:\/\/hificlub.com.br\/loja\/wp-json\/wp\/v2\/product_cat?post=20163"},{"taxonomy":"product_tag","embeddable":true,"href":"https:\/\/hificlub.com.br\/loja\/wp-json\/wp\/v2\/product_tag?post=20163"}],"curies":[{"name":"wp","href":"https:\/\/api.w.org\/{rel}","templated":true}]}}