{"id":2012,"date":"2023-10-17T19:58:40","date_gmt":"2023-10-17T22:58:40","guid":{"rendered":"https:\/\/hificlub.com.br\/loja2\/produto\/avance-a30-class-a-120-watts\/"},"modified":"2025-09-23T05:11:00","modified_gmt":"2025-09-23T08:11:00","slug":"avance-a30-class-a-120-watts","status":"publish","type":"product","link":"https:\/\/hificlub.com.br\/loja\/produto\/avance-a30-class-a-120-watts\/","title":{"rendered":"AVANCE A30  Amplificador Integrado Class A  120 watts"},"content":{"rendered":"<p>POT\u00caNCIA:<br \/>\n120 Watts por canal<br \/>\nCONEX\u00c3O: RCA e XLR<br \/>\nDIMENS\u00d5ES: 44cm x 54,5cm x 24,5cm (LxPxA)<\/p>\n<p>Pot\u00eancia de Sa\u00edda- 120W x 2 Impend\u00e2ncia- 8 ohms Resposta de Frequ\u00eancia: 10Hz-50KHz Sensibilidade: 88dB THD- 0.3% &#8211; 8 ohms- 1KHz Peso: 50Kg Dimens\u00f5es: 440 x 545 x 245mm<\/p>\n<p>A Dinamarca \u00e9 aparentemente uma \u00e1rea f\u00e9rtil para fabricantes de alta fidelidade, j\u00e1 que marcas de ponta como Dali, Bang &amp; Olufsen, Dynaudio, M\u00f8rch e muitas outras est\u00e3o localizadas neste pa\u00eds pouco povoado. Isso tamb\u00e9m se aplica \u00e0 empresa Avance, projetista e fabricante de eletr\u00f4nicos e alto-falantes. Este m\u00eas, h\u00e1 dois conjuntos de alto-falantes, um CD player e um amplificador integrado na sala de audi\u00e7\u00e3o.<\/p>\n<p>A Avance existe desde 1973 e j\u00e1 foi conhecida por seus alto-falantes em caixa de concreto. A ideia b\u00e1sica \u00e9 criar produtos de \u00e1udio de luxo a um pre\u00e7o aceit\u00e1vel. Al\u00e9m do modelo `Century` de cinquenta mil euros, o conjunto mais caro est\u00e1 listado no cat\u00e1logo por cerca de cinco mil euros e os outros modelos est\u00e3o bem abaixo disso. A Avance projeta na Dinamarca e a produ\u00e7\u00e3o ocorre na China.<\/p>\n<p>A execu\u00e7\u00e3o dos produtos Avance \u00e9 realmente muito luxuosa. Olhando para os alto-falantes e componentes eletr\u00f4nicos, algu\u00e9m com muita imagina\u00e7\u00e3o poderia pensar que esta empresa foi vagamente inspirada pela Marantz e Sonus Faber. Em qualquer caso, os produtos s\u00e3o excepcionalmente bem constru\u00eddos e fornecidos com folheados preciosos e lacas de alto brilho. V\u00e1rios modelos tamb\u00e9m contam com os conhecidos drivers Scan Speak. Os eletr\u00f4nicos exalam luxo inspirado no Extremo Oriente. As unidades aqui s\u00e3o douradas. Popular no Jap\u00e3o e em outros pa\u00edses asi\u00e1ticos, mas talvez um pouco exuberante demais para os moradores dos p\u00f4lderes.<\/p>\n","protected":false},"excerpt":{"rendered":"<p>POT\u00caNCIA: 120 Watts por canal CONEX\u00c3O: RCA e XLR DIMENS\u00d5ES: 44cm x 54,5cm x 24,5cm (LxPxA) Pot\u00eancia de Sa\u00edda- 120W x 2 Impend\u00e2ncia- 8 ohms Resposta de Frequ\u00eancia: 10Hz-50KHz Sensibilidade: 88dB THD- 0.3% &#8211; 8 ohms- 1KHz Peso: 50Kg Dimens\u00f5es: 440 x 545 x 245mm A Dinamarca \u00e9 aparentemente uma \u00e1rea f\u00e9rtil para fabricantes de [&hellip;]<\/p>\n","protected":false},"featured_media":2011,"template":"","meta":{"_acf_changed":false},"product_brand":[],"product_cat":[27,115,51],"product_tag":[],"class_list":{"0":"post-2012","1":"product","2":"type-product","3":"status-publish","4":"has-post-thumbnail","6":"product_cat-amplificador","7":"product_cat-avance","8":"product_cat-integrado","10":"first","11":"instock","12":"sold-individually","13":"shipping-taxable","14":"purchasable","15":"product-type-simple"},"acf":[],"aioseo_notices":[],"_links":{"self":[{"href":"https:\/\/hificlub.com.br\/loja\/wp-json\/wp\/v2\/product\/2012","targetHints":{"allow":["GET"]}}],"collection":[{"href":"https:\/\/hificlub.com.br\/loja\/wp-json\/wp\/v2\/product"}],"about":[{"href":"https:\/\/hificlub.com.br\/loja\/wp-json\/wp\/v2\/types\/product"}],"wp:featuredmedia":[{"embeddable":true,"href":"https:\/\/hificlub.com.br\/loja\/wp-json\/wp\/v2\/media\/2011"}],"wp:attachment":[{"href":"https:\/\/hificlub.com.br\/loja\/wp-json\/wp\/v2\/media?parent=2012"}],"wp:term":[{"taxonomy":"product_brand","embeddable":true,"href":"https:\/\/hificlub.com.br\/loja\/wp-json\/wp\/v2\/product_brand?post=2012"},{"taxonomy":"product_cat","embeddable":true,"href":"https:\/\/hificlub.com.br\/loja\/wp-json\/wp\/v2\/product_cat?post=2012"},{"taxonomy":"product_tag","embeddable":true,"href":"https:\/\/hificlub.com.br\/loja\/wp-json\/wp\/v2\/product_tag?post=2012"}],"curies":[{"name":"wp","href":"https:\/\/api.w.org\/{rel}","templated":true}]}}