{"id":20111,"date":"2025-02-13T07:17:53","date_gmt":"2025-02-13T10:17:53","guid":{"rendered":"https:\/\/hificlub.com.br\/loja\/?post_type=product&#038;p=20111"},"modified":"2026-03-03T22:18:11","modified_gmt":"2026-03-04T01:18:11","slug":"luxman-pd-151-mkii-toca-disco-belt-drive","status":"publish","type":"product","link":"https:\/\/hificlub.com.br\/loja\/produto\/luxman-pd-151-mkii-toca-disco-belt-drive\/","title":{"rendered":"LUXMAN PD-151 MKII Toca Disco Belt Drive"},"content":{"rendered":"<p>Obcecado por detalhes e design: toca-discos Luxman PD-151 Mark II de fabrica\u00e7\u00e3o japonesa toca LPs com clareza e plenitude requintadas, possui bra\u00e7o LTA-309 e capa protetora contra poeira<br \/>\nVoc\u00ea poderia dizer que a obsess\u00e3o com que a Luxman aborda seu toca-discos com transmiss\u00e3o por correia PD-151 Mark II \u00e9 um exagero \u2014 at\u00e9 mesmo desnecess\u00e1ria. Mas ent\u00e3o, quando voc\u00ea coloca um LP em seu prato de alta massa, abaixa o bra\u00e7o LTA-309 em forma de S est\u00e1tico balanceado com tecnologia SEAC e ouve o n\u00edvel de clareza, detalhes, tonalidade, equil\u00edbrio, din\u00e2mica e solidez elevados de seus discos, voc\u00ea percebe a l\u00f3gica e a praticidade das atividades da empresa japonesa. A justificativa tamb\u00e9m pode ser vista na arquitetura exterior elegantemente espartana da &#8220;mesa&#8221;. Dispon\u00edvel para ser equipado com a capa protetora contra poeira Luxman OPPD-DSC151 opcional, o PD-151 Mark II mant\u00e9m as luzes indicadoras e os bot\u00f5es no m\u00ednimo, com o painel frontal exibindo controles apenas para energia, liga\/desliga e velocidade (33 RPM, 45 RPM, 78 RPM). Tr\u00eas parafusos de fixa\u00e7\u00e3o rebaixados permitem um ajuste fino independente do passo para cada velocidade, ao mesmo tempo em que protegem contra ajustes incorretos acidentais.<\/p>\n<p>Cada parte do PD-151 Mark II trabalha em dire\u00e7\u00e3o a um objetivo: reprodu\u00e7\u00e3o musical transparente. Vamos come\u00e7ar com o sistema de acionamento. Uma fonte de alimenta\u00e7\u00e3o de onda senoidal\/modula\u00e7\u00e3o por largura de pulso fornece corrente cont\u00ednua ultraest\u00e1vel para um motor DC sem escovas propriet\u00e1rio, um design de alto torque que monitora e mant\u00e9m a velocidade continuamente com um loop de controle de feedback de acionamento integrado proporcional. Al\u00e9m disso, um prato de alum\u00ednio usinado de 8,8 libras serve como um volante repleto de momento de in\u00e9rcia muito alto. Um fuso de a\u00e7o inoxid\u00e1vel de 0,63 polegadas de di\u00e2metro com rolamentos axiais de polieteretercetona (PEEK) e rolamentos radiais de lat\u00e3o proporcionam estabilidade e longevidade &#8211; bem como estabilidade fenomenal e uma classifica\u00e7\u00e3o de wow e flutter de menos de 0,04%.<\/p>\n<p>Para amortecer microfonias e suprimir ru\u00eddos indesejados, um chassi antirressonante completo com p\u00e9s de isolamento de borracha que fornecem at\u00e9 0,2 polegadas de ajuste de altura independente funciona com uma placa superior de alum\u00ednio usinado de quase meia polegada de espessura que suspende um chassi suspenso para mais peso e absor\u00e7\u00e3o. Dentro do PD-151 Mark II de quase 35 libras, mais suportes de amortecimento de borracha isolam o chassi do motor e do transformador de energia.<\/p>\n<p>Adicione aos recursos acima mencionados um headshell de alum\u00ednio usinado, fia\u00e7\u00e3o de cobre sem oxig\u00eanio, ajuste anti-skate e um contrapeso \u2013 como um adaptador EP, tapete de borracha para toca-discos e cabo de alimenta\u00e7\u00e3o destac\u00e1vel   \u2013 e o PD-151 supera todos os par\u00e2metros anal\u00f3gicos. O artesanato superior da Luxman e a garantia de tr\u00eas anos o colocam no topo. <\/p>\n<p>&#8220;Parece bonito, \u00e9 bonito e \u00e9 lindamente feito; mas o mais importante \u00e9 que tamb\u00e9m soa bonito.&#8221;<br \/>\n\u2014Stereophile , Componente recomendado Classe A<\/p>\n<p>&#8220;Fiquei profundamente impressionado com sua densidade sonora, mudan\u00e7as din\u00e2micas emocionantes, tons saturados e texturas instrumentais realistas.&#8221;<br \/>\n\u2014Garrett Hongo, SoundStage! Ultra<\/p>\n<p>Bra\u00e7o LTA-309 com tecnologia de rolamento Knife-Edge<br \/>\nO PD-151 MARK II  \u00e9 equipado com o bra\u00e7o de tom de equil\u00edbrio est\u00e1tico original da Luxman, LTA-309, com tecnologia de rolamento de l\u00e2mina de faca desenvolvida pela marca japonesa SAEC. A base do bra\u00e7o \u00e9 de alum\u00ednio usinado, o que minimiza a \u00e1rea de contato, montada para suprimir a vibra\u00e7\u00e3o indesejada, garantindo rigidez. Al\u00e9m dos mecanismos b\u00e1sicos de ajuste, como press\u00e3o da agulha e anti-skating, o LTA-309 suporta configura\u00e7\u00f5es finas, como ajuste de altura do bra\u00e7o. O bra\u00e7o em forma de S emprega um headshell de montagem de baioneta H4.<\/p>\n<p>Beleza Funcional<br \/>\nO design deste toca-discos incorpora simplicidade e beleza funcional com um layout de componentes que exibe os tr\u00eas principais elementos anal\u00f3gicos \u2014 o bra\u00e7o, o motor de acionamento e o prato \u2014 permitindo que cada um alcance o desempenho ideal. Os controles operacionais, como o interruptor de energia, o interruptor ON\/OFF e a mudan\u00e7a de velocidade de rota\u00e7\u00e3o, s\u00e3o todos integrados ao painel frontal. Ao mesmo tempo em que oferece operabilidade intuitiva e f\u00e1cil visibilidade, o requintado painel superior de alum\u00ednio combina com o inv\u00f3lucro inferior preto fosco para criar um contraste visual impressionante. <\/p>\n<p>Isoladores de amortecimento ajust\u00e1veis \u200b\u200bem altura<br \/>\nA Luxman incorporou borracha de amortecimento de vibra\u00e7\u00e3o com excelentes caracter\u00edsticas de temperatura nos p\u00e9s isolantes personalizados. Eles s\u00e3o projetados com at\u00e9 cinco mil\u00edmetros de ajuste de altura independente, o que ajuda a evitar feedback e transmiss\u00e3o de vibra\u00e7\u00e3o externa.<\/p>\n<p>Sobre Luxman<br \/>\nFundada em 1925, a Luxman remonta \u00e0 era inicial da radiodifus\u00e3o e se destaca como uma das mais antigas empresas de eletr\u00f4nicos de consumo do mundo. Na d\u00e9cada de 1960, quando a alta fidelidade do mercado de massa abandonou amplamente os tubos de v\u00e1cuo em favor dos transistores, a Luxman reconheceu o calor sonoro caracter\u00edstico e a musicalidade da reprodu\u00e7\u00e3o de tubos. A Luxman continuou a fabricar amplificadores de tubos sem interrup\u00e7\u00e3o. Nas d\u00e9cadas de 1970 e 80, os componentes Luxman ganharam aclama\u00e7\u00e3o internacional por sua reprodu\u00e7\u00e3o musical suntuosa, engenharia meticulosa, qualidade de constru\u00e7\u00e3o robusta e design elegante. Agora sediada em Yokohama, Jap\u00e3o, a Luxman oferece uma gama cuidadosamente selecionada de produtos de \u00e1udio de ponta para amantes de m\u00fasica exigentes em 48 pa\u00edses diferentes.<\/p>\n<p>ESPECIFICA\u00c7\u00d5ES<br \/>\nTipo: Sistema de acionamento por correia<br \/>\nMotor: Motor CC sem escovas com controle PID<br \/>\nMaterial: Alum\u00ednio usinado<br \/>\nVelocidades selecion\u00e1veis: 33 1\/3 RPM, 45 RPM, 78 RPM<br \/>\nFaixa de ajuste de rota\u00e7\u00e3o: \u00b1 6% (cada velocidade de rota\u00e7\u00e3o ajust\u00e1vel independentemente)<br \/>\nWow e vibra\u00e7\u00e3o: 0,04% ou menos (WRMS)<br \/>\nPeso do prato: 8,8 lbs.<br \/>\nTipo de bra\u00e7o: balanceado est\u00e1tico, em forma de S, tipo universal<br \/>\nRolamento do bra\u00e7o: l\u00e2mina de faca oculta<br \/>\nComprimento efetivo: 8,75&#8243;<br \/>\nSali\u00eancia: 0,71&#8243;<br \/>\n\u00c2ngulo de erro de rastreamento: \u00b13\u00b0 ou menos<br \/>\nPeso do cartucho aplic\u00e1vel: 4g a 10g (incluindo headshell: 17g a 23g)<br \/>\nFaixa de altura ajust\u00e1vel: 0,59&#8243;<br \/>\nAntiderrapante: 0 a 4g<br \/>\nFonte de alimenta\u00e7\u00e3o: 230V~50Hz \/ 115V~60Hz<br \/>\nConsumo de energia: 6W<br \/>\nDimens\u00f5es (WHD): 18,3&#8243; x 5,2&#8243; x 15,5&#8243;<br \/>\nPeso: 34,8 lbs.<br \/>\nAcess\u00f3rios: prato, headshell, tapete de borracha, correia de borracha, al\u00e7a de montagem do prato (2 pe\u00e7as), adaptador EP, contrapeso, conjunto de chaves sextavadas de ajuste do bra\u00e7o (2 tipos), chave de fenda de cabe\u00e7a chata para ajuste da velocidade de rota\u00e7\u00e3o, cabo phono (DIN\u2192RCA: instalado na unidade), cabo de alimenta\u00e7\u00e3o<\/p>\n","protected":false},"excerpt":{"rendered":"<p>Obcecado por detalhes e design: toca-discos Luxman PD-151 Mark II de fabrica\u00e7\u00e3o japonesa toca LPs com clareza e plenitude requintadas, possui bra\u00e7o LTA-309 e capa protetora contra poeira Voc\u00ea poderia dizer que a obsess\u00e3o com que a Luxman aborda seu toca-discos com transmiss\u00e3o por correia PD-151 Mark II \u00e9 um exagero \u2014 at\u00e9 mesmo desnecess\u00e1ria. [&hellip;]<\/p>\n","protected":false},"featured_media":20112,"template":"","meta":{"_acf_changed":false},"product_brand":[],"product_cat":[78,192,98],"product_tag":[],"class_list":{"0":"post-20111","1":"product","2":"type-product","3":"status-publish","4":"has-post-thumbnail","6":"product_cat-analogico-audio","7":"product_cat-luxman","8":"product_cat-toca-discos","10":"first","11":"instock","12":"sold-individually","13":"shipping-taxable","14":"purchasable","15":"product-type-simple"},"acf":[],"aioseo_notices":[],"_links":{"self":[{"href":"https:\/\/hificlub.com.br\/loja\/wp-json\/wp\/v2\/product\/20111","targetHints":{"allow":["GET"]}}],"collection":[{"href":"https:\/\/hificlub.com.br\/loja\/wp-json\/wp\/v2\/product"}],"about":[{"href":"https:\/\/hificlub.com.br\/loja\/wp-json\/wp\/v2\/types\/product"}],"wp:featuredmedia":[{"embeddable":true,"href":"https:\/\/hificlub.com.br\/loja\/wp-json\/wp\/v2\/media\/20112"}],"wp:attachment":[{"href":"https:\/\/hificlub.com.br\/loja\/wp-json\/wp\/v2\/media?parent=20111"}],"wp:term":[{"taxonomy":"product_brand","embeddable":true,"href":"https:\/\/hificlub.com.br\/loja\/wp-json\/wp\/v2\/product_brand?post=20111"},{"taxonomy":"product_cat","embeddable":true,"href":"https:\/\/hificlub.com.br\/loja\/wp-json\/wp\/v2\/product_cat?post=20111"},{"taxonomy":"product_tag","embeddable":true,"href":"https:\/\/hificlub.com.br\/loja\/wp-json\/wp\/v2\/product_tag?post=20111"}],"curies":[{"name":"wp","href":"https:\/\/api.w.org\/{rel}","templated":true}]}}