{"id":20082,"date":"2025-02-12T05:29:08","date_gmt":"2025-02-12T08:29:08","guid":{"rendered":"https:\/\/hificlub.com.br\/loja\/?post_type=product&#038;p=20082"},"modified":"2026-03-03T22:18:11","modified_gmt":"2026-03-04T01:18:11","slug":"hifi-rose-rd160-dsd-32-bit-dac","status":"publish","type":"product","link":"https:\/\/hificlub.com.br\/loja\/produto\/hifi-rose-rd160-dsd-32-bit-dac\/","title":{"rendered":"HIFI ROSE RD160 DSD 32 Bit DAC"},"content":{"rendered":"<p>O Hifi Rose RD160 \u00e9 o resultado de meticulosa pesquisa e experimenta\u00e7\u00e3o em colabora\u00e7\u00e3o com AKM e MUSES.<\/p>\n<p>Projeto<br \/>\nO display do RD160 fica &#8220;escondido&#8221; no painel frontal quando desligado. Quando ligado, a tela apresenta informa\u00e7\u00f5es intuitivamente em um piscar de olhos.<\/p>\n<p>Arquitetura Rose CIM<br \/>\nA arquitetura ROSE CIM \u2122 visa maximizar a qualidade do som por meio de isolamento e modulariza\u00e7\u00e3o completos. O m\u00f3dulo DAC do RD160 \u00e9 uma solu\u00e7\u00e3o de 2 chips, onde o AK4191 lida com filtragem digital e est\u00e1gios iniciais de convers\u00e3o delta sigma, enquanto o AK44 99EX<br \/>\nrealiza a convers\u00e3o digital para anal\u00f3gico. Ao separar estruturalmente os circuitos digitais e anal\u00f3gicos, o RD160 atinge o bloqueio de ru\u00eddo perfeito durante os est\u00e1gios de processamento m\u00fatuo, rela\u00e7\u00e3o sinal-ru\u00eddo extremamente alta e o mais alto n\u00edvel de caracter\u00edsticas anal\u00f3gicas.<\/p>\n<p>Design equilibrado<br \/>\nAl\u00e9m disso, ao alocar m\u00f3dulos DAC para cada canal e empregar um design sim\u00e9trico balanceado para o circuito de sa\u00edda anal\u00f3gico, o RD160 bloqueia efetivamente o ru\u00eddo que pode ser acoplado entre os canais. Este design permite que o RD160 ostente uma faixa din\u00e2mica excepcional e represente com precis\u00e3o os detalhes mais intrincados do som original com imagens est\u00e9reo n\u00edtidas.<\/p>\n<p>3 Fontes de Alimenta\u00e7\u00e3o Lineares<br \/>\nAs unidades de fonte de alimenta\u00e7\u00e3o linear de refer\u00eancia propriet\u00e1rias da HiFi ROSE s\u00e3o projetadas usando chipsets de energia ULTRA LOW NOISE para minimizar o ru\u00eddo. Cada unidade de fonte de alimenta\u00e7\u00e3o \u00e9 projetada sob medida para o est\u00e1gio de entrada digital e os est\u00e1gios de sa\u00edda anal\u00f3gica esquerdo e direito, fornecendo alimenta\u00e7\u00e3o de energia independente para cada um. Como resultado, o RD 160 n\u00e3o apenas minimiza a diafonia e a interfer\u00eancia m\u00fatua entre os canais, mas tamb\u00e9m evita que o ru\u00eddo digital entre no dom\u00ednio anal\u00f3gico, garantindo excelente clareza e din\u00e2mica superior.<\/p>\n<p>J-FET Entrada Dual Opamp<br \/>\nO RD160 utiliza arma\u00e7\u00f5es de chumbo de cobre livre de oxig\u00eanio de alta pureza para aplicar OPAMPs duplos de entrada J FET de alta qualidade com excelente capacidade de resposta, faixa din\u00e2mica e baixa distor\u00e7\u00e3o. Desenvolvido em colabora\u00e7\u00e3o com a MUSES desde os est\u00e1gios iniciais para extrair o melhor desempenho, o OP AMP no RD 160 \u00e9 meticulosamente ajustado para fornecer um som vibrante e realista.<\/p>\n<p>Filtro NRA Rosa<br \/>\nO est\u00e1gio anal\u00f3gico, equipado com o filtro ROSE NRA\u2122, implementa caracter\u00edsticas de frequ\u00eancia plana mesmo em bandas de frequ\u00eancia muito baixas. Gra\u00e7as a isso, o RD 160 ostenta uma resposta de frequ\u00eancia extensa e consistente em todo o espectro sem roll offs, permitindo que ele reproduza fielmente as informa\u00e7\u00f5es sonoras originais contidas em arquivos de m\u00fasica de alta resolu\u00e7\u00e3o, desde graves profundos e ressonantes at\u00e9 os detalhes ambientais na faixa de alta frequ\u00eancia.<\/p>\n<p>Fia\u00e7\u00e3o interna<br \/>\nCabos de cobre livre de oxig\u00eanio de alta pureza t\u00eam sido usados \u200b\u200bestrategicamente em locais como se\u00e7\u00f5es de entrada\/sa\u00edda de energia e \u00e1udio, que t\u00eam um impacto decisivo na qualidade do som. Particularmente, no est\u00e1gio de sa\u00edda anal\u00f3gica desbalanceada, cabos Ohno Continuos Casting de cristal \u00fanico de alta pureza com excelente condutividade, garantindo transmiss\u00e3o de sinal sem distor\u00e7\u00e3o, foram aplicados.<\/p>\n<p>OCXO de alta precis\u00e3o<br \/>\nO OCXO de alta precis\u00e3o empregado no RD160 aprimora a precis\u00e3o das entradas digitais, fornecendo sinais de clock mais precisos. O OCXO \u00e9 o clock mais preciso e est\u00e1vel dispon\u00edvel, n\u00e3o afetado por mudan\u00e7as de temperatura. Cristais convencionais podem introduzir jitter em sinais de \u00e1udio devido a mudan\u00e7as de temperatura, resultando em flutua\u00e7\u00f5es na oscila\u00e7\u00e3o. O clock OCXO, ao manter uma temperatura constante, suprime o jitter e produz um sinal de clock est\u00e1vel e preciso.<\/p>\n<p>Upsampling e Filtro<br \/>\nO RD160 oferece v\u00e1rias op\u00e7\u00f5es. Para upsampling, ele fornece quatro op\u00e7\u00f5es: NOS, PCM, DSD e ALL. O PCM suporta at\u00e9 32 bits\/768 kHz, e o DSD suporta at\u00e9 DSD512. Al\u00e9m disso, o filtro digital oferece seis tipos diferentes de respostas de impulso, permitindo que os usu\u00e1rios selecionem de acordo com suas prefer\u00eancias. Esses dois recursos podem ser facilmente configurados usando o bot\u00e3o localizado no lado esquerdo do painel frontal, e as altera\u00e7\u00f5es s\u00e3o refletidas instantaneamente na Tela Oculta sem qualquer atraso.<\/p>\n<p>Fibra \u00d3ptica USB<br \/>\nO SFP USB, com funcionalidade de convers\u00e3o \u00f3ptica, bloqueia completamente o ru\u00eddo digital do dispositivo de origem. Quando conectado ao RS130, que suporta portas SFP USB, voc\u00ea pode receber dados puros sem nenhuma interfer\u00eancia de ru\u00eddo, garantindo a transmiss\u00e3o mais limpa poss\u00edvel.<\/p>\n<p>Entrada de rel\u00f3gio mestre externo<br \/>\nFontes de \u00e1udio exigem uma entrada de clock mestre que emita dados de \u00e1udio sincronizados com o clock mestre. Ao aplicar esse m\u00e9todo, o jitter de conex\u00f5es \u00f3pticas, coaxiais e AES\/EBU da fonte de \u00e1udio para o DAC pode ser eliminado, suportando sincroniza\u00e7\u00e3o perfeita entre dispositivos adaptados ao ambiente operacional.<\/p>\n<p>Principais Caracter\u00edsticas:<\/p>\n<p>DAC de refer\u00eancia: Arquitetura de dois chips com AK4191 e AK4499EX para separa\u00e7\u00e3o completa entre sinais digitais e anal\u00f3gicos.<br \/>\nEst\u00e1gio digital avan\u00e7ado: M\u00f3dulo ROSE DPC\u2122 para m\u00e1xima precis\u00e3o no processamento de sinais digitais.<br \/>\nRel\u00f3gio ultrapreciso: OCXO para eliminar jitter e garantir sinais de clock est\u00e1veis.<br \/>\nProjeto Equilibrado: Circuitos totalmente balanceados para um som puro e cristalino.<br \/>\nFonte de alimenta\u00e7\u00e3o dedicada: Tr\u00eas fontes de alimenta\u00e7\u00e3o lineares independentes para reduzir a interfer\u00eancia e melhorar a faixa din\u00e2mica.<br \/>\nExibi\u00e7\u00e3o oculta: Tela AMOLED elegante e intuitiva integrada ao painel frontal.<br \/>\nEspecifica\u00e7\u00f5es:<\/p>\n<p>DAC: 2x AK4499EXEQ + 2x AK4191EQ (AKM)<br \/>\nTaxa de amostragem:<br \/>\nPCM: 8kHz ~ 768kHz (8\/16\/24\/32 bits por amostra)<br \/>\nDSD: DSD64, DSD128, DSD256, DSD512<br \/>\nEntradas digitais:<br \/>\nUSB SFP: PCM 32 bits\/786 kHz, DSD512<br \/>\nUSB 2.0 Tipo B: PCM 32 bits\/786 kHz, DSD512<br \/>\nHDMI i2S: PCM 32 bits\/786 kHz, DSD512<br \/>\nRCA coaxial: PCM 32 bits\/384kHz, DSD128<br \/>\nBNC coaxial: PCM 32 bits\/384 kHz, DSD128<br \/>\n\u00d3ptico: PCM 32 bits\/192 kHz, DSD64<br \/>\nAES\/EBU XLR: PCM 32 bits\/384kHz, DSD128<br \/>\nEntrada de rel\u00f3gio externo: BNC 75 Ohm (10 MHz), SMA 50 Ohm (10 MHz)<br \/>\nSa\u00eddas anal\u00f3gicas: RCA n\u00e3o balanceado, XLR balanceado<br \/>\nRecursos de pr\u00e9-sa\u00edda: N\u00edvel ajust\u00e1vel de 1V a 9V<br \/>\nFiltros PCM: N\u00edtido, SharpSlow, Short Sharp (padr\u00e3o), Short Slow, Super Slow, Low Short<br \/>\nFonte de alimenta\u00e7\u00e3o: 3 transformadores toroidais personalizados de refer\u00eancia<br \/>\nTens\u00e3o: AC110-120V, 220V-240V, 50\/60Hz<br \/>\nConsumo ativo: 30W<br \/>\nConsumo em espera: 0.3 W<br \/>\ndimens\u00f5es: 430 (L) x 330 (P) x 88 (A) mm<br \/>\nPeso: 10 kg<br \/>\nMaterial: Alum\u00ednio e a\u00e7o anti-riscos<br \/>\nAcabamento: Dispon\u00edvel em preto ou prata<br \/>\nAcess\u00f3rios inclu\u00eddos: Cabo de alimenta\u00e7\u00e3o, guia de in\u00edcio r\u00e1pido, controle remoto Bluetooth\/IR<br \/>\nO ROSE RD160 \u00e9 o complemento ideal para qualquer sistema de \u00e1udio topo de linha, garantindo uma reprodu\u00e7\u00e3o fiel e detalhada dos sinais digitais, transformando a experi\u00eancia auditiva em algo verdadeiramente \u00fanico.<\/p>\n","protected":false},"excerpt":{"rendered":"<p>O Hifi Rose RD160 \u00e9 o resultado de meticulosa pesquisa e experimenta\u00e7\u00e3o em colabora\u00e7\u00e3o com AKM e MUSES. Projeto O display do RD160 fica &#8220;escondido&#8221; no painel frontal quando desligado. Quando ligado, a tela apresenta informa\u00e7\u00f5es intuitivamente em um piscar de olhos. Arquitetura Rose CIM A arquitetura ROSE CIM \u2122 visa maximizar a qualidade do [&hellip;]<\/p>\n","protected":false},"featured_media":20083,"template":"","meta":{"_acf_changed":false},"product_brand":[],"product_cat":[43,41,210],"product_tag":[],"class_list":{"0":"post-20082","1":"product","2":"type-product","3":"status-publish","4":"has-post-thumbnail","6":"product_cat-dac","7":"product_cat-digital","8":"product_cat-hifi-rose","10":"first","11":"instock","12":"sold-individually","13":"shipping-taxable","14":"purchasable","15":"product-type-simple"},"acf":[],"aioseo_notices":[],"_links":{"self":[{"href":"https:\/\/hificlub.com.br\/loja\/wp-json\/wp\/v2\/product\/20082","targetHints":{"allow":["GET"]}}],"collection":[{"href":"https:\/\/hificlub.com.br\/loja\/wp-json\/wp\/v2\/product"}],"about":[{"href":"https:\/\/hificlub.com.br\/loja\/wp-json\/wp\/v2\/types\/product"}],"wp:featuredmedia":[{"embeddable":true,"href":"https:\/\/hificlub.com.br\/loja\/wp-json\/wp\/v2\/media\/20083"}],"wp:attachment":[{"href":"https:\/\/hificlub.com.br\/loja\/wp-json\/wp\/v2\/media?parent=20082"}],"wp:term":[{"taxonomy":"product_brand","embeddable":true,"href":"https:\/\/hificlub.com.br\/loja\/wp-json\/wp\/v2\/product_brand?post=20082"},{"taxonomy":"product_cat","embeddable":true,"href":"https:\/\/hificlub.com.br\/loja\/wp-json\/wp\/v2\/product_cat?post=20082"},{"taxonomy":"product_tag","embeddable":true,"href":"https:\/\/hificlub.com.br\/loja\/wp-json\/wp\/v2\/product_tag?post=20082"}],"curies":[{"name":"wp","href":"https:\/\/api.w.org\/{rel}","templated":true}]}}