{"id":20064,"date":"2025-02-08T05:58:06","date_gmt":"2025-02-08T08:58:06","guid":{"rendered":"https:\/\/hificlub.com.br\/loja\/?post_type=product&#038;p=20064"},"modified":"2025-02-08T05:58:06","modified_gmt":"2025-02-08T08:58:06","slug":"dcs-paganini-master-clock","status":"publish","type":"product","link":"https:\/\/hificlub.com.br\/loja\/produto\/dcs-paganini-master-clock\/","title":{"rendered":"dCS PAGANINI Master Clock"},"content":{"rendered":"<p>ESTADO 9\/10<\/p>\n<p>Sobre o Rel\u00f3gio Mestre Paganini<br \/>\nO clock \u00e9 de vital import\u00e2ncia em qualquer sistema de \u00e1udio digital porque os erros de tempo que ocorrem no DAC ser\u00e3o convertidos diretamente em erros na sa\u00edda anal\u00f3gica. Os DACs dCS podem atuar como o clock mestre do sistema, mas testes de audi\u00e7\u00e3o mostraram que n\u00e3o h\u00e1 substituto para um clock mestre dedicado de alta qualidade.<\/p>\n<p>Usado como parte do sistema de reprodu\u00e7\u00e3o de \u00e1udio digital Paganini, ele melhora um som j\u00e1 espetacular e o leva para um dom\u00ednio totalmente novo. Com um rel\u00f3gio adicionado a um sistema dCS, as imagens se encaixam em foco mais n\u00edtido e a m\u00fasica exibe um senso substancialmente maior de autoridade e poder, al\u00e9m de oferecer resolu\u00e7\u00e3o de detalhes notavelmente maior.<\/p>\n<p>O Paganini Master Clock \u00e9 baseado em nossos master clocks profissionais de est\u00fadio e no cl\u00e1ssico rel\u00f3gio Verona. Todos os Master Clocks dCS s\u00e3o submetidos a rigorosos testes internos e os osciladores de cristal s\u00e3o pr\u00e9-envelhecidos e selecionados para estabilidade de longo prazo.<\/p>\n<p>O fluxo de \u00e1udio do computador \u00e9 efetivamente sincronizado pelo Master Clock para jitter dramaticamente menor. A frequ\u00eancia do clock \u00e9 automaticamente alternada para se adequar ao fluxo de \u00e1udio de entrada, resultando em desempenho extremamente preciso.<\/p>\n<p>O equipamento dCS \u00e9 projetado para gerar e aceitar Word Clock padr\u00e3o da ind\u00fastria em cabo coaxial de 75 ohms. Equipamentos de outros fabricantes projetados para aceitar Word Clock padr\u00e3o podem ser usados \u200b\u200bcom nossos rel\u00f3gios. Formatos de rel\u00f3gio n\u00e3o padr\u00e3o devem ser assumidos como sendo de propriedade daquele fabricante.<\/p>\n<p>Principais caracter\u00edsticas<br \/>\nRel\u00f3gio mestre de grau 1 poderoso e f\u00e1cil de usar, com convers\u00e3o USB-S\/PDIF adicional, com base em nossos desenvolvimentos pioneiros em \u00e1udio de est\u00fadio e dom\u00e9stico.<br \/>\nSeis sa\u00eddas Word Clock e uma sa\u00edda S\/PDIF para transmiss\u00e3o de \u00e1udio de alta resolu\u00e7\u00e3o de at\u00e9 24 bits, 192 kS\/s.<br \/>\nTodos os produtos dCS usam um sofisticado Phase-Locked-Loop (PLL) multimodo que reduz significativamente a instabilidade do clock.<br \/>\nFontes de alimenta\u00e7\u00e3o aprimoradas proporcionam menor temperatura de opera\u00e7\u00e3o e maior toler\u00e2ncia a varia\u00e7\u00f5es de alimenta\u00e7\u00e3o CA.<br \/>\nO chassi de alum\u00ednio de n\u00edvel aeroespacial e os pain\u00e9is de amortecimento ac\u00fastico laminado reduzem os efeitos magn\u00e9ticos e a vibra\u00e7\u00e3o.<br \/>\nO display LC de baixo consumo torna a interface do usu\u00e1rio mais f\u00e1cil de ler, mant\u00e9m os requisitos de energia baixos e minimiza o ru\u00eddo el\u00e9trico.<br \/>\nA abordagem &#8216;suave&#8217; \u00e0 l\u00f3gica program\u00e1vel permite que novos softwares sejam carregados de um CD de atualiza\u00e7\u00e3o do dCS para adicionar novos recursos e se adaptar a mudan\u00e7as em formatos digitais.<\/p>\n<p>Especifica\u00e7\u00f5es<br \/>\nRel\u00f3gio Mestre Classe 1.<br \/>\n44,1, 48, 88,2 ou 96 kHz.<br \/>\nPrata ou Preto.<br \/>\n460 mm\/18,1\u201d x 400 mm\/15,8\u201d x 110 mm\/4,4\u201d. Deixe profundidade extra para conectores de cabo.<br \/>\n10,5 kg\/23,1 lbs.<br \/>\nMelhor que +\/-1ppm quando enviado (garantido por 12 meses a partir do envio). Normalmente +\/-0,1ppm quando enviado e estabilizado.<br \/>\nEntrada de refer\u00eancia externa em 1 conector BNC de 75\u03a9. Aceita Word Clock (com a p\u00e1gina do menu Coupling definida como TTL) ou sinais acoplados CA (com a p\u00e1gina do menu Coupling definida como Bipolar) a 32 kHz, 44,1 kHz, 48 kHz, 88,2 kHz, 96 kHz, 1 MHz, 5 MHz e 10 MHz. O intervalo de bloqueio \u00e9 de +\/- 300 ppm. 1 interface USB 2.0 no conector Tipo B.<br \/>\n6 sa\u00eddas de Word Clock, com buffer independente, podem ser definidas para 44,1, 48, 88,2 ou 96 kHz*.<br \/>\n1x SPDIF em RCA Phono, transportando dados da entrada USB.<br \/>\nPCM empacotado a 32, 44,1, 48, 88,2, 176,4 e 192 kS\/s.<br \/>\nNormalmente 1 minuto para precis\u00e3o nominal.<br \/>\nTestado no Windows XP\/Vista\/7 e Mac OSX. Opera no modo \u201cAudio Class\u201d. O modo Class 1 (limitado a 96kS\/s) est\u00e1 dispon\u00edvel e n\u00e3o requer a instala\u00e7\u00e3o de drivers especiais. O modo Class 2 requer que os drivers dCS (fornecidos) sejam instalados em PCs Windows. N\u00e3o \u00e9 necess\u00e1rio no OSX 10.6.3 ou posterior.<br \/>\nCarregado do CD via entrada de refer\u00eancia ou do PC via entrada USB.<br \/>\nControle remoto dCS Premium fornecido com Paganini Transport ou RS232.<br \/>\nConfigura\u00e7\u00e3o de f\u00e1brica para 100, 115, 220 ou 230 V CA, 49-62 Hz.<br \/>\n11 watts t\u00edpico\/13 watts m\u00e1ximo.<\/p>\n","protected":false},"excerpt":{"rendered":"<p>ESTADO 9\/10 Sobre o Rel\u00f3gio Mestre Paganini O clock \u00e9 de vital import\u00e2ncia em qualquer sistema de \u00e1udio digital porque os erros de tempo que ocorrem no DAC ser\u00e3o convertidos diretamente em erros na sa\u00edda anal\u00f3gica. Os DACs dCS podem atuar como o clock mestre do sistema, mas testes de audi\u00e7\u00e3o mostraram que n\u00e3o h\u00e1 [&hellip;]<\/p>\n","protected":false},"featured_media":20065,"template":"","meta":{"_acf_changed":false},"product_brand":[],"product_cat":[43,137,41],"product_tag":[],"class_list":{"0":"post-20064","1":"product","2":"type-product","3":"status-publish","4":"has-post-thumbnail","6":"product_cat-dac","7":"product_cat-dcs","8":"product_cat-digital","10":"first","11":"instock","12":"sold-individually","13":"shipping-taxable","14":"purchasable","15":"product-type-simple"},"acf":[],"aioseo_notices":[],"_links":{"self":[{"href":"https:\/\/hificlub.com.br\/loja\/wp-json\/wp\/v2\/product\/20064","targetHints":{"allow":["GET"]}}],"collection":[{"href":"https:\/\/hificlub.com.br\/loja\/wp-json\/wp\/v2\/product"}],"about":[{"href":"https:\/\/hificlub.com.br\/loja\/wp-json\/wp\/v2\/types\/product"}],"wp:featuredmedia":[{"embeddable":true,"href":"https:\/\/hificlub.com.br\/loja\/wp-json\/wp\/v2\/media\/20065"}],"wp:attachment":[{"href":"https:\/\/hificlub.com.br\/loja\/wp-json\/wp\/v2\/media?parent=20064"}],"wp:term":[{"taxonomy":"product_brand","embeddable":true,"href":"https:\/\/hificlub.com.br\/loja\/wp-json\/wp\/v2\/product_brand?post=20064"},{"taxonomy":"product_cat","embeddable":true,"href":"https:\/\/hificlub.com.br\/loja\/wp-json\/wp\/v2\/product_cat?post=20064"},{"taxonomy":"product_tag","embeddable":true,"href":"https:\/\/hificlub.com.br\/loja\/wp-json\/wp\/v2\/product_tag?post=20064"}],"curies":[{"name":"wp","href":"https:\/\/api.w.org\/{rel}","templated":true}]}}