{"id":2006,"date":"2023-10-17T19:58:38","date_gmt":"2023-10-17T22:58:38","guid":{"rendered":"https:\/\/hificlub.com.br\/loja2\/produto\/parasound-halo-jc-1-400-watts\/"},"modified":"2026-05-09T22:47:03","modified_gmt":"2026-05-10T01:47:03","slug":"parasound-halo-jc-1-400-watts","status":"publish","type":"product","link":"https:\/\/hificlub.com.br\/loja\/produto\/parasound-halo-jc-1-400-watts\/","title":{"rendered":"PARASOUND HALO JC-1 Amplificadores Monos Full Balanced 400 watts"},"content":{"rendered":"<p>Amplificador mono Premier<\/p>\n<div class=\"article-content-wrapper\">\n<div class=\"clearfix text-formatted field field--name-body field--type-text-with-summary field--label-hidden field__item\"><span dir=\"auto\">O JC 1 \u00e9 um bruto robusto pesando 29 kg. Ele oferece 400 W em 8 ohms, 800 W em 4 ohms, 135 amperes de corrente de pico e 25 W de pot\u00eancia pura em classe A em 8 ohms. De acordo com um texto de John Curl que acompanha o amplificador, o projeto \u00e9 &#8220;baseado em um est\u00e1gio de entrada J-FET diferencial complementar, seguido por dois est\u00e1gios de MOSFETs push-pull selecionados, que, em \u00faltima inst\u00e2ncia, acionam nove pares dos transistores de pot\u00eancia bipolares complementares mais potentes dispon\u00edveis atualmente.&#8221;<\/span><\/div>\n<div class=\"clearfix text-formatted field field--name-body field--type-text-with-summary field--label-hidden field__item\"><span dir=\"auto\"><br \/>\n<\/span><span dir=\"auto\">Curl descreve o JC 1 como um desenvolvimento do seu Parasound HCA-2200 de 1997. O JC 1 possui dissipadores de calor muito maiores, o dobro da pot\u00eancia da fonte de alimenta\u00e7\u00e3o, componentes internos e layout aprimorados, e sua faixa de opera\u00e7\u00e3o em Classe A foi ampliada para 25 W, o que deve ser suficiente para evitar a opera\u00e7\u00e3o em Classe AB em todas as passagens musicais, exceto nas mais exigentes. Mesmo em repouso, o JC 1 gera bastante calor, portanto, uma ventila\u00e7\u00e3o adequada \u00e9 fundamental. Uma chave na parte traseira permite que os usu\u00e1rios reduzam a opera\u00e7\u00e3o em Classe A para 10 W, para instala\u00e7\u00e3o em espa\u00e7os reduzidos. O projeto de acoplamento direto utiliza um circuito servo CC de a\u00e7\u00e3o r\u00e1pida para impedir que a corrente cont\u00ednua chegue \u00e0 sa\u00edda. A prote\u00e7\u00e3o tanto do amplificador quanto do alto-falante tamb\u00e9m \u00e9 fornecida por um rel\u00e9 banhado a ouro e por transistores de detec\u00e7\u00e3o de corrente que abrem o rel\u00e9 se o consumo de corrente exceder um valor predeterminado, seja devido \u00e0 queda da imped\u00e2ncia abaixo de 1 ohm ou a um curto-circuito nos terminais do alto-falante.<\/span><\/div>\n<div class=\"clearfix text-formatted field field--name-body field--type-text-with-summary field--label-hidden field__item\"><span dir=\"auto\"><br \/>\n<\/span><span dir=\"auto\">Curl projetou os circuitos; Bob Crump e Carl Thompson, seus s\u00f3cios na CTC Builders (fabricantes do pr\u00e9-amplificador personalizado Blowtorch), realizaram a maior parte do trabalho pr\u00e1tico. Thompson projetou as placas, Crump escolheu os componentes e &#8220;ajustou&#8221; o timbre do produto final. Segundo Crump, o JC 1 surgiu de um Parasound HCA-3500 modificado pela CTC, chamado CTC BBQ, que foi demonstrado na Consumer Electronics Show de 2001. Entre os componentes aprimorados usados \u200b\u200bno JC 1 est\u00e3o um transformador toroidal de 10 amperes encapsulado em uma caixa de a\u00e7o preenchida com resina ep\u00f3xi, transistores de sa\u00edda Sanken, diodos Harris de recupera\u00e7\u00e3o suave e ultrarr\u00e1pida, capacitores CC e de bypass local Nichicon Muse, capacitores CC Nichicon Great Supply (totalizando 132.000 \u00b5F de capacit\u00e2ncia) e conectores RCA Vampire com fio de cobre fundido cont\u00ednuo e revestimento OFC banhado a ouro. Diz-se que fontes de alimenta\u00e7\u00e3o separadas para as se\u00e7\u00f5es de entrada, driver e sa\u00edda tornam o JC 1 totalmente imune a flutua\u00e7\u00f5es de tens\u00e3o da rede el\u00e9trica.<\/span><\/div>\n<div class=\"clearfix text-formatted field field--name-body field--type-text-with-summary field--label-hidden field__item\"><span dir=\"auto\"><br \/>\n<\/span><span dir=\"auto\">O gabinete f\u00edsico \u00e9 um belo bloco de alum\u00ednio brilhante e robusto, equipado com grandes dissipadores de calor em ambos os lados. Os conectores do painel traseiro incluem entradas balanceadas e n\u00e3o balanceadas, dois conjuntos de sa\u00eddas com bornes de cinco vias, uma chave de aterramento para eliminar ru\u00eddos e uma chave de n\u00edvel de polariza\u00e7\u00e3o que permite reduzir a corrente de polariza\u00e7\u00e3o e, consequentemente, operar com temperatura mais baixa, se necess\u00e1rio. H\u00e1 tamb\u00e9m recursos para ativa\u00e7\u00e3o autom\u00e1tica (por um sinal de \u00e1udio ou uma tens\u00e3o de disparo externa), que podem ser conectados em s\u00e9rie para ligar outros componentes. Embora nenhum audi\u00f3filo queira ouvir este ou qualquer outro amplificador de estado s\u00f3lido com o sistema desligado, o JC 1\u00a0<\/span><i><span dir=\"auto\">foi<\/span><\/i><span dir=\"auto\"> projetado para uso em home theater \u2014 cinco dessas m\u00e1quinas funcionando continuamente poderiam gerar uma quantidade enorme de calor e contas de luz alt\u00edssimas. De fato, o JC 1 possui certifica\u00e7\u00e3o THX Ultra2, o que significa que atende a determinados padr\u00f5es de amplificadores estabelecidos pela THX para home theater.<\/span><\/div>\n<\/div>\n<p>Circuito desenhado pelo lend\u00e1rio John Curl e Construtor CTC<br \/>\nUltra-alta classe vi\u00e9s A \/ opera\u00e7\u00e3o AB<br \/>\nExclusivo duas posi\u00e7\u00f5es de ajuste do n\u00edvel de polariza\u00e7\u00e3o<br \/>\nEntradas balanceadas com circuitos discretos e conectores XLR<br \/>\nVampiro direto OFC banhado a ouro entrada RCA<br \/>\nDupla pesados \u00bf\u00bffolheados a ouro 24k 5 vias falante de liga\u00e7\u00e3o<br \/>\nAcoplamento Direto \u2013 sem capacitores ou indutores em caminho do sinal<br \/>\nEtapa complementar motorista MOSFET e est\u00e1gio de entrada JFET<br \/>\n18 beta-combinado 15 amp\u00e8res, 60 MHz transistores de sa\u00edda bipolares<br \/>\n1,9 kVA encapsulado tor\u00f3ide transformador de pot\u00eancia<br \/>\nFontes de alimenta\u00e7\u00e3o independentes para as fases controlador de entrada e sa\u00edda de<br \/>\n18.000 filtros mF para a fase piloto<br \/>\n132.000 mF Ouro Nichicon filtros Tune para est\u00e1gio de sa\u00edda<br \/>\nDC Servo e circuitos de prote\u00e7\u00e3o do rel\u00e9<br \/>\nREL e Nichicon Muse capacitores<br \/>\nHarris hiper-r\u00e1pido suaves diodos retificadores de recupera\u00e7\u00e3o para toda a ponte<br \/>\nAuto turn-on por 12v gatilho ou disparador sinal de \u00e1udio<br \/>\nSeletor de aterramento, regul\u00e1vel tes\u00e3o atraso<br \/>\n4u chassi com carry traseira al\u00e7as, montagem em rack kit inclu\u00eddo<br \/>\nPr\u00eamio destac\u00e1vel AWG cabo de alimenta\u00e7\u00e3o 12 com solda de prata<br \/>\nTHX Ultra2 certificada<\/p>\n<ul>\n<li><b>Sa\u00edda de pot\u00eancia cont\u00ednua, 20Hz &#8211; 20 kHz:<\/b><br \/>\n400 watts RMS x 1, 8 \u03a9<br \/>\n800 watts RMS x 1, 4 \u03a9<br \/>\n1200 watts RMS x 1, 2 \u03a9<b>Sa\u00edda de pot\u00eancia Classe A, 20Hz &#8211; 20 kHz:<\/b><br \/>\n25 watts, polariza\u00e7\u00e3o definida como alta, 8 \u03a9<br \/>\n10 watts, polariza\u00e7\u00e3o definida como baixa, 8 \u03a9&nbsp;<\/p>\n<p><b>Capacidade atual:<\/b><br \/>\npico de 135 amperes<\/p>\n<p>&nbsp;<\/p>\n<p><b>Largura de banda de pot\u00eancia:<\/b><br \/>\n2 Hz &#8211; 120 kHz, +0\/-3 dB a 1 watt<\/p>\n<p>&nbsp;<\/p>\n<p><b>Distor\u00e7\u00e3o harm\u00f4nica total:<\/b><br \/>\n&lt; 0,15% na pot\u00eancia m\u00e1xima<\/li>\n<li><b>Taxa de varia\u00e7\u00e3o:<\/b><br \/>\n&gt; 130 V\/\u00b5segundo<b>Altura din\u00e2mica:<\/b><br \/>\n&gt; 1,8 dB&nbsp;<\/p>\n<p><b>Sensibilidade de entrada:<\/b><br \/>\n1 V para 28,28 V, n\u00edvel de refer\u00eancia THX<\/p>\n<p>&nbsp;<\/p>\n<p><b>Imped\u00e2ncia de entrada:<\/b><br \/>\n100 k \u03a9<\/p>\n<p>&nbsp;<\/p>\n<p><b>Rela\u00e7\u00e3o sinal\/ru\u00eddo:<\/b><br \/>\n&gt;120 dB, ponderado IHF A, polariza\u00e7\u00e3o definida como alta<br \/>\n&gt;122 dB, ponderada IHF A, polariza\u00e7\u00e3o definida como baixa<\/li>\n<li><b>Requisito de energia:<\/b><br \/>\n250 watts ociosos 1280 watts de pot\u00eancia total em 4 \u03a9<b>Capacidade de sa\u00edda do gatilho DC:<\/b><br \/>\n+12 Vdc, 150 mA&nbsp;<\/p>\n<p><b>Dimens\u00f5es:<\/b><br \/>\n17-1\/2&#8243; wx 7-5\/8&#8243; hx 20&#8243; d, 7&#8243; h sem p\u00e9s<\/p>\n<p>&nbsp;<\/p>\n<p><b>Peso l\u00edquido:<\/b>\u00a064 libras.<\/li>\n<\/ul>\n","protected":false},"excerpt":{"rendered":"<p>Amplificador mono Premier O JC 1 \u00e9 um bruto robusto pesando 29 kg. Ele oferece 400 W em 8 ohms, 800 W em 4 ohms, 135 amperes de corrente de pico e 25 W de pot\u00eancia pura em classe A em 8 ohms. De acordo com um texto de John Curl que acompanha o amplificador, [&hellip;]<\/p>\n","protected":false},"featured_media":19821,"template":"","meta":{"_acf_changed":false},"product_brand":[],"product_cat":[27,31,125],"product_tag":[],"class_list":{"0":"post-2006","1":"product","2":"type-product","3":"status-publish","4":"has-post-thumbnail","6":"product_cat-amplificador","7":"product_cat-mono","8":"product_cat-parasound","10":"first","11":"instock","12":"sold-individually","13":"shipping-taxable","14":"purchasable","15":"product-type-simple"},"acf":[],"aioseo_notices":[],"_links":{"self":[{"href":"https:\/\/hificlub.com.br\/loja\/wp-json\/wp\/v2\/product\/2006","targetHints":{"allow":["GET"]}}],"collection":[{"href":"https:\/\/hificlub.com.br\/loja\/wp-json\/wp\/v2\/product"}],"about":[{"href":"https:\/\/hificlub.com.br\/loja\/wp-json\/wp\/v2\/types\/product"}],"wp:featuredmedia":[{"embeddable":true,"href":"https:\/\/hificlub.com.br\/loja\/wp-json\/wp\/v2\/media\/19821"}],"wp:attachment":[{"href":"https:\/\/hificlub.com.br\/loja\/wp-json\/wp\/v2\/media?parent=2006"}],"wp:term":[{"taxonomy":"product_brand","embeddable":true,"href":"https:\/\/hificlub.com.br\/loja\/wp-json\/wp\/v2\/product_brand?post=2006"},{"taxonomy":"product_cat","embeddable":true,"href":"https:\/\/hificlub.com.br\/loja\/wp-json\/wp\/v2\/product_cat?post=2006"},{"taxonomy":"product_tag","embeddable":true,"href":"https:\/\/hificlub.com.br\/loja\/wp-json\/wp\/v2\/product_tag?post=2006"}],"curies":[{"name":"wp","href":"https:\/\/api.w.org\/{rel}","templated":true}]}}