{"id":20052,"date":"2025-02-08T05:23:04","date_gmt":"2025-02-08T08:23:04","guid":{"rendered":"https:\/\/hificlub.com.br\/loja\/?post_type=product&#038;p=20052"},"modified":"2026-03-03T22:18:11","modified_gmt":"2026-03-04T01:18:11","slug":"cambridge-exa100-amplificador-integrado-com-bluetooth-dac-100-watts","status":"publish","type":"product","link":"https:\/\/hificlub.com.br\/loja\/produto\/cambridge-exa100-amplificador-integrado-com-bluetooth-dac-100-watts\/","title":{"rendered":"CAMBRIDGE EXA100 &#8211; Amplificador Integrado com Bluetooth DAC 100 watts"},"content":{"rendered":"<p>No final de 2024, a Cambridge Audio lan\u00e7ou uma nova linha de produtos chamada S\u00e9rie EX, composta pelo amplificador integrado est\u00e9reo EXA100 (US$ 2.199) e o streamer de m\u00fasica EXN100 (US$ 1.799). Em termos de pre\u00e7o, esses produtos ficam bem entre a S\u00e9rie CX mais acess\u00edvel da Cambridge e os produtos Edge de ponta. A S\u00e9rie EX \u00e9 supostamente o resultado de um projeto de tr\u00eas anos, prometendo &#8220;um s\u00e9rio avan\u00e7o em desempenho e versatilidade&#8221;, de acordo com a empresa. A Cambridge nos diz que a S\u00e9rie EX \u00e9 a sucessora espiritual da vener\u00e1vel linha Azur 851 da empresa, e que o amplificador EXA100 se beneficia da tecnologia trickledown do amplificador de pot\u00eancia monobloco Edge M da Cambridge (que \u00e9 um \u00f3timo amplificador, a prop\u00f3sito).<\/p>\n<p>O melhor som da categoria: a tecnologia de amplificador inspirada em nosso carro-chefe Edge M monobloco oferece um palco sonoro incrivelmente amplo e detalhado. Emocione-se com sua m\u00fasica como nunca antes.<br \/>\nPot\u00eancia com controle: 100 Watts por canal de amplifica\u00e7\u00e3o Classe AB perfeitamente ajustada acionam com facilidade at\u00e9 os alto-falantes mais exigentes.<br \/>\nConectividade digital: conecte sua TV, CD, drives USB e muito mais via entradas digitais HDMI eARC, TOSLINK, Coaxial e USB Audio<br \/>\nEntradas XLR balanceadas: aproveite a melhor qualidade de som anal\u00f3gico poss\u00edvel com essas conex\u00f5es anal\u00f3gicas premium.<br \/>\nESS ES9018K2M SABRE32 DAC: Para convers\u00e3o digital para anal\u00f3gico excepcional; ajustado em Londres como nenhum outro para desempenho m\u00e1ximo.<br \/>\nBluetooth aptX HD: conecte dispositivos sem fio, como o toca-discos Alva TT V2, e transmita em excelente qualidade de alta defini\u00e7\u00e3o.<br \/>\nModo de amplificador de pot\u00eancia: para uso com um pr\u00e9-amplificador dedicado ou como parte de um sistema multicanal.<br \/>\nZonas de alto-falantes duplos: Por que limitar a divers\u00e3o a apenas um c\u00f4modo? Dois conjuntos de sa\u00eddas de alto-falantes oferecem uma segunda op\u00e7\u00e3o de zona.<\/p>\n<p>O Poder dos Tr\u00eas<br \/>\nO cora\u00e7\u00e3o do EX, nosso amplificador integrado EXA100, levou tr\u00eas anos para ser desenvolvido; mais de mil dias dedicados de ajustes em nossa sede em Londres criaram um enorme avan\u00e7o em pot\u00eancia e desempenho em rela\u00e7\u00e3o aos amplificadores da S\u00e9rie CX.<\/p>\n<p>Um amplificador para a era moderna, amorosamente feito pela m\u00fasica.<\/p>\n<p>O emblema da melhor compra da orelha<br \/>\n\u201cFormid\u00e1vel foi uma palavra usada por um dos painelistas, e tenho que concordar.\u201d<br \/>\n\u201cO EXA100 tamb\u00e9m tem um timbre excelente.\u201d<br \/>\n\u201cum dos melhores amplificadores integrados da sua classe\u201d<br \/>\n\u201cAgora, ap\u00f3s tr\u00eas anos de desenvolvimento intenso, a cortina se abre para a nov\u00edssima Cambridge Audio EX Series. E parece que valeu a pena esperar.\u201d<br \/>\n\u201clindamente feito e acabado, fica perfeito no seu suporte de kit e pode lidar com fontes digitais de m\u00fasica t\u00e3o habilmente quanto lida com fontes anal\u00f3gicas.\u201d<br \/>\n\u201c\u2026o EXN100 est\u00e1 muito \u00e0 frente com melhor din\u00e2mica, mais pot\u00eancia e revela facilmente detalhes mais sutis e claros.\u201d<br \/>\nAmplificador Cambridge Audio exposto em um gabinete de madeira<br \/>\nClasse diferente<br \/>\nImpulsionado pela tecnologia trickledown do nosso principal amplificador de pot\u00eancia monobloco Edge M, o EXA100 usa seus 100 W de amplifica\u00e7\u00e3o Classe AB refinada para acionar at\u00e9 mesmo alto-falantes de \u00faltima gera\u00e7\u00e3o com facilidade.<\/p>\n<p>Pot\u00eancia sem esfor\u00e7o com muito controle.<\/p>\n<p>Close-up do transformador toroidal personalizado da Cambridge Audio<br \/>\nSoando \u00f3timo desde 1968<br \/>\nNo Ver\u00e3o do Amor, nosso amplificador P40 foi o primeiro a apresentar um transformador toroidal \u2013 e transformou o \u00e1udio para sempre.<\/p>\n<p>O transformador toroidal avan\u00e7ado do EXA100 \u00e9 amplamente blindado, super silencioso e ladeado por dissipadores de calor de alta resist\u00eancia para um desempenho impec\u00e1vel que \u00e9 mais do que digno de estender o legado do P40.<\/p>\n<p>Vista traseira do amplificador Cambridge Audio mostrando as conex\u00f5es de entrada\/sa\u00edda<br \/>\nGrite para meu EX<br \/>\nO EXA100 permite que voc\u00ea ou\u00e7a como e onde quiser, com qualidade sublime. Entradas XLR balanceadas oferecem uma conex\u00e3o anal\u00f3gica premium, enquanto dois conjuntos de sa\u00eddas de alto-falante podem alimentar m\u00fasica em dois c\u00f4modos diferentes.<\/p>\n<p>Os baixistas podem at\u00e9 adicionar um subwoofer \u00e0 pr\u00e9-sa\u00edda dedicada. Com EX, voc\u00ea tem um mundo de possibilidades de audi\u00e7\u00e3o.<\/p>\n<p>Amor Digital<br \/>\nDo seu DAC de alta resolu\u00e7\u00e3o excepcional \u00e0 entrada HDMI eARC e Bluetooth aptX HD, o EXA100 \u00e9 uma pot\u00eancia de \u00e1udio digital. Seja qual for o servi\u00e7o de m\u00fasica ou dispositivo de origem que voc\u00ea escolher, o EXA100 dar\u00e1 vida nova aos seus sons digitais.<\/p>\n<p>Configura\u00e7\u00e3o de \u00e1udio Cambridge em uma sala de estar moderna com alto-falantes de ch\u00e3o<br \/>\nClose-up de um bot\u00e3o de controle texturizado em um amplificador Cambridge Audio<br \/>\nUm olhar forte<br \/>\nNossa inova\u00e7\u00e3o n\u00e3o para por dentro: o EXA100 tem um novo design impressionante, completo com um painel frontal de alum\u00ednio fresado e um bot\u00e3o de volume serrilhado t\u00e1til que voc\u00ea n\u00e3o consegue tirar as m\u00e3os de perto.<\/p>\n<p>Este amplificador de cair o queixo parece t\u00e3o potente quanto soa.<\/p>\n<p>Amplificador de \u00e1udio Cambridge e streamer de m\u00fasica empilhados em um gabinete de madeira<br \/>\nPoder para o povo<br \/>\nMude para o modo Power Amp e o EXA100 combina perfeitamente com qualquer pr\u00e9-amplificador, proporcionando flexibilidade que voc\u00ea nunca soube que precisava, seja em um sistema est\u00e9reo ou multicanal.<\/p>\n<p>Painel frontal EXA100<br \/>\nE a batida continua<br \/>\nPara garantir uma vida \u00fatil mais longa e agrad\u00e1vel para nossos amplificadores e os alto-falantes que eles alimentam, desenvolvemos um sistema de prote\u00e7\u00e3o exclusivo excepcional, o CAP.<\/p>\n<p>Ele usa uma s\u00e9rie de m\u00e9todos diferentes para detectar problemas potenciais, como sobrecargas de energia e temperatura, e tomar medidas preventivas. Ent\u00e3o voc\u00ea pode simplesmente relaxar e aproveitar a m\u00fasica, sem preocupa\u00e7\u00f5es.<\/p>\n<p>Tudo e mais um pouco<br \/>\nDa sua constru\u00e7\u00e3o de precis\u00e3o \u00e0 tecnologia interna, o EXA100 \u00e9 gloriosamente superprojetado. Seja um PCB de quatro camadas ou um capacitor de reservat\u00f3rio, cada componente \u00e9 especialmente selecionado e implementado com per\u00edcia. N\u00f3s suamos as pequenas coisas; elas importam.<\/p>\n<p>Destaques do Produto<br \/>\nSom Classe Mundial: Tecnologia inspirada no monobloco Edge M oferece uma ampla e detalhada cena sonora, movendo voc\u00ea como nunca antes.<br \/>\nPoder e Controle: Amplifica\u00e7\u00e3o Classe AB com 100W por canal, conduzindo at\u00e9 os alto-falantes mais exigentes com facilidade.<br \/>\nConectividade Digital Completa: Compat\u00edvel com HDMI eARC, TOSLINK, coaxial e entradas USB \u00e1udio.<br \/>\nEntradas Balanceadas XLR: Garantem a melhor qualidade anal\u00f3gica para uma experi\u00eancia sonora excepcional.<br \/>\nDAC ESS ES9018K2M SABRE32: Convers\u00e3o digital-anal\u00f3gica excepcional, ajustada em Londres para desempenho m\u00e1ximo.<br \/>\nBluetooth aptX HD: Transmiss\u00e3o sem fio em alta defini\u00e7\u00e3o para dispositivos como o toca-discos Alva TT V2.<br \/>\nModo Power Amp: Pode ser utilizado com um pr\u00e9-amplificador dedicado ou em sistemas multicanal.<br \/>\nZonas de Alto-Falantes Duplas: Permite dividir o som em dois ambientes diferentes.<\/p>\n<p>&nbsp;<\/p>\n","protected":false},"excerpt":{"rendered":"<p>No final de 2024, a Cambridge Audio lan\u00e7ou uma nova linha de produtos chamada S\u00e9rie EX, composta pelo amplificador integrado est\u00e9reo EXA100 (US$ 2.199) e o streamer de m\u00fasica EXN100 (US$ 1.799). Em termos de pre\u00e7o, esses produtos ficam bem entre a S\u00e9rie CX mais acess\u00edvel da Cambridge e os produtos Edge de ponta. A [&hellip;]<\/p>\n","protected":false},"featured_media":20061,"template":"","meta":{"_acf_changed":false},"product_brand":[],"product_cat":[27,52,51],"product_tag":[],"class_list":{"0":"post-20052","1":"product","2":"type-product","3":"status-publish","4":"has-post-thumbnail","6":"product_cat-amplificador","7":"product_cat-cambridge","8":"product_cat-integrado","10":"first","11":"instock","12":"sold-individually","13":"shipping-taxable","14":"purchasable","15":"product-type-simple"},"acf":[],"aioseo_notices":[],"_links":{"self":[{"href":"https:\/\/hificlub.com.br\/loja\/wp-json\/wp\/v2\/product\/20052","targetHints":{"allow":["GET"]}}],"collection":[{"href":"https:\/\/hificlub.com.br\/loja\/wp-json\/wp\/v2\/product"}],"about":[{"href":"https:\/\/hificlub.com.br\/loja\/wp-json\/wp\/v2\/types\/product"}],"wp:featuredmedia":[{"embeddable":true,"href":"https:\/\/hificlub.com.br\/loja\/wp-json\/wp\/v2\/media\/20061"}],"wp:attachment":[{"href":"https:\/\/hificlub.com.br\/loja\/wp-json\/wp\/v2\/media?parent=20052"}],"wp:term":[{"taxonomy":"product_brand","embeddable":true,"href":"https:\/\/hificlub.com.br\/loja\/wp-json\/wp\/v2\/product_brand?post=20052"},{"taxonomy":"product_cat","embeddable":true,"href":"https:\/\/hificlub.com.br\/loja\/wp-json\/wp\/v2\/product_cat?post=20052"},{"taxonomy":"product_tag","embeddable":true,"href":"https:\/\/hificlub.com.br\/loja\/wp-json\/wp\/v2\/product_tag?post=20052"}],"curies":[{"name":"wp","href":"https:\/\/api.w.org\/{rel}","templated":true}]}}