{"id":20043,"date":"2025-02-08T05:01:26","date_gmt":"2025-02-08T08:01:26","guid":{"rendered":"https:\/\/hificlub.com.br\/loja\/?post_type=product&#038;p=20043"},"modified":"2026-03-03T22:18:12","modified_gmt":"2026-03-04T01:18:12","slug":"cambridge-exn100-network-player-streamer-dac-preamp","status":"publish","type":"product","link":"https:\/\/hificlub.com.br\/loja\/produto\/cambridge-exn100-network-player-streamer-dac-preamp\/","title":{"rendered":"CAMBRIDGE EXN100 &#8211; Network Radio \/ Streamer  \/ DAC \/ Preamp"},"content":{"rendered":"<p>No final de 2024, a Cambridge Audio lan\u00e7ou uma nova linha de produtos chamada S\u00e9rie EX, composta pelo amplificador integrado est\u00e9reo EXA100 (US$ 2.199) e o streamer de m\u00fasica EXN100 (US$ 1.799). Em termos de pre\u00e7o, esses produtos ficam bem entre a S\u00e9rie CX mais acess\u00edvel da Cambridge e os produtos Edge de ponta. A S\u00e9rie EX \u00e9 supostamente o resultado de um projeto de tr\u00eas anos, prometendo &#8220;um s\u00e9rio avan\u00e7o em desempenho e versatilidade&#8221;, de acordo com a empresa. A Cambridge nos diz que a S\u00e9rie EX \u00e9 a sucessora espiritual da vener\u00e1vel linha Azur 851 da empresa, e que o amplificador EXA100 se beneficia da tecnologia trickledown do amplificador de pot\u00eancia monobloco Edge M da Cambridge (que \u00e9 um \u00f3timo amplificador, a prop\u00f3sito).<\/p>\n<p>Ajustado com maestria para um som excepcional: cuidadosamente criado em Londres para extrair todo o potencial do ESS DAC e da nossa plataforma de streaming StreamMagic.<br \/>\nTransmita sua m\u00fasica: aproveite facilmente seus servi\u00e7os favoritos, como Spotify, TIDAL, Deezer, Qobuz, R\u00e1dio pela Internet e muito mais.<br \/>\nMelhore o som da sua TV: melhore sua experi\u00eancia de entretenimento em casa com uma conex\u00e3o HDMI eARC f\u00e1cil para \u00e1udio envolvente.<br \/>\nConectividade vers\u00e1til: conecte via \u00e1udio USB, coaxial e TOSLINK, ou conecte sem fio com Chromecast integrado, AirPlay 2 e Bluetooth aptX HD.<br \/>\nPronto para Roon: explore facilmente toda a sua biblioteca de m\u00fasica digital por meio da interface intuitiva do Roon.<br \/>\nModo pr\u00e9-amplificador: funciona tamb\u00e9m como um pr\u00e9-amplificador digital, oferecendo comuta\u00e7\u00e3o de entrada e controle de volume para qualquer sistema.<br \/>\nCapacidade multiroom: encha sua casa de som, gra\u00e7as \u00e0 compatibilidade com Google Home, Apple AirPlay e Roon.<br \/>\nTela colorida de alta resolu\u00e7\u00e3o maior: mergulhe visualmente com a arte do \u00e1lbum, medidores VU e muito mais.<\/p>\n<p>EX-Stream Excel\u00eancia<br \/>\nEXN100 \u00e9 o c\u00e9rebro de streaming de m\u00fasica do seu novo sistema EX, proporcionando uma experi\u00eancia que vai al\u00e9m do CX. Habilmente refinada em nossa sede em Londres, a linha EX \u00e9 um salto \u00e0 frente \u2013 seu desempenho \u00e9 rivalizado apenas pela nossa principal s\u00e9rie Edge.<\/p>\n<p>O que \u00e9 Hi Fi 5 estrelas<br \/>\n\u201cA Cambridge Audio refinou ainda mais sua experi\u00eancia de streaming com o EXN100 elevado, refinado e repleto de recursos\u201d<br \/>\n\u201c\u00c9 a natureza espont\u00e2nea e totalmente envolvente da performance oferecida que conquista voc\u00ea.\u201d<br \/>\n\u201cEste \u00e9 um excelente streamer e pr\u00e9-amplificador e uma das melhores op\u00e7\u00f5es nessa faixa de pre\u00e7o.\u201d<br \/>\nClose-up de um elegante bot\u00e3o de dispositivo preto e prateado rotulado EXN<br \/>\nMais forte, melhor, mais r\u00e1pido, mais forte<br \/>\nNossa equipe de especialistas em \u00e1udio levou o ESS Reference DAC do celebrado CXN100 ao seu limite, ajustando meticulosamente cada elemento do caminho do sinal. Simplificando: pegamos o melhor e o tornamos de tirar o f\u00f4lego.<\/p>\n<p>Transmissor de m\u00fasica Cambridge Audio exposto em um gabinete de madeira<br \/>\nTransmita sem fio um mundo de m\u00fasica<br \/>\nExplore sem esfor\u00e7o um universo de sons com suporte perfeito para Spotify, TIDAL, Deezer, Qobuz, Internet Radio e muito mais \u2013 gra\u00e7as \u00e0 nossa plataforma de ponta StreamMagic.<\/p>\n<p>Tamb\u00e9m \u00e9 Roon Ready. Seja qual for sua playlist, o EXN100 revela novas profundidades para cada nota.<\/p>\n<p>Conecte-se<br \/>\nO EXN100 simplifica a conex\u00e3o de uma variedade de fontes, com HDMI eARC tamb\u00e9m \u2013 para que voc\u00ea possa elevar o \u00e1udio dos seus programas de TV e filmes favoritos. \u00c9 uma atualiza\u00e7\u00e3o de som que voc\u00ea sentir\u00e1 tanto quanto ouvir\u00e1.<\/p>\n<p>Configura\u00e7\u00e3o de \u00e1udio Cambridge em uma sala de estar moderna<br \/>\nAmplificador e toca-discos Cambridge Audio com disco de vinil sobre uma superf\u00edcie de madeira<br \/>\nNo ar hoje \u00e0 noite<br \/>\nCorte os cabos sem cortar a qualidade. Aproveite o aptX HD Bluetooth para streaming rico e sem fio de dispositivos como um toca-discos Alva. Com o Chromecast integrado e o AirPlay 2, o streaming diretamente do seu telefone ou laptop \u00e9 igualmente f\u00e1cil \u2013 e igualmente impressionante.<\/p>\n<p>Close-up de um bot\u00e3o de controle texturizado em um dispositivo Cambridge Audio<br \/>\nUm Design para a Vida<br \/>\nN\u00e3o \u00e9 s\u00f3 o desempenho e os recursos que tornam a linha EX excepcional: o design tamb\u00e9m \u00e9 um corte acima. Aproveite o estilo e a subst\u00e2ncia, com gabinete de alum\u00ednio premium e um bot\u00e3o de controle serrilhado gloriosamente t\u00e1til.<\/p>\n<p>Streamer de m\u00fasica Cambridge Audio com interface Spotify em exibi\u00e7\u00e3o<br \/>\nEu posso ver claramente agora<br \/>\nAproveite uma vis\u00e3o maior e mais clara da arte do \u00e1lbum \u2013 ou da nossa op\u00e7\u00e3o ic\u00f4nica de medidores VU \u2013 com a grande tela de exibi\u00e7\u00e3o de alta resolu\u00e7\u00e3o do EXN100. Nunca foi t\u00e3o f\u00e1cil ver o que voc\u00ea est\u00e1 ouvindo!<\/p>\n<p>Aplicativo StreamMagic exibindo esta\u00e7\u00f5es de r\u00e1dio predefinidas e fontes de \u00e1udio<br \/>\nVoc\u00ea tem o toque m\u00e1gico<br \/>\nO aplicativo StreamMagic d\u00e1 a voc\u00ea controle total do EXN100 e \u00e9 um portal para descobrir mais m\u00fasicas, podcasts e esta\u00e7\u00f5es de r\u00e1dio que voc\u00ea ama. Sua pr\u00f3xima grande audi\u00e7\u00e3o est\u00e1 a apenas um toque de dist\u00e2ncia.<\/p>\n<p>Aumente o volume<br \/>\nAtive o Modo Pr\u00e9-amplificador do EXN100 para torn\u00e1-lo um hub digital, com controle de volume via StreamMagic App, controle remoto ou dial girat\u00f3rio. \u00c9 um parceiro vers\u00e1til para qualquer amplificador de pot\u00eancia ou sistema vintage.<\/p>\n<p>Destaques do Produto<br \/>\nSom de Alta Qualidade: Ajustado em Londres para explorar o potencial completo do DAC ESS ES9028Q2M e da plataforma StreamMagic.<br \/>\nStreaming Simplificado: Acesse servi\u00e7os como Spotify, TIDAL, Deezer, Qobuz, r\u00e1dio via internet e muito mais.<br \/>\nConectividade HDMI eARC: Melhore o \u00e1udio da sua TV com conex\u00e3o simples e som imersivo.<br \/>\nVersatilidade de Conex\u00f5es: Compat\u00edvel com USB \u00e1udio, coaxial, TOSLINK e conex\u00f5es sem fio via Chromecast, AirPlay 2 e Bluetooth aptX HD.<br \/>\nRoon Ready: Explore sua biblioteca de m\u00fasica digital com a interface intuitiva do Roon.<br \/>\nModo Pr\u00e9-Amplificador: Controle o volume e altern\u00e2ncia de entradas, otimizando qualquer sistema de som.<br \/>\nMultiroom: Compat\u00edvel com Google Home, AirPlay e Roon para \u00e1udio em toda a casa.<br \/>\nTela Colorida de Alta Resolu\u00e7\u00e3o: Visualize capas de \u00e1lbuns, medidores de volume e muito mais em uma tela IPS de 4,76\u201d.<\/p>\n","protected":false},"excerpt":{"rendered":"<p>No final de 2024, a Cambridge Audio lan\u00e7ou uma nova linha de produtos chamada S\u00e9rie EX, composta pelo amplificador integrado est\u00e9reo EXA100 (US$ 2.199) e o streamer de m\u00fasica EXN100 (US$ 1.799). Em termos de pre\u00e7o, esses produtos ficam bem entre a S\u00e9rie CX mais acess\u00edvel da Cambridge e os produtos Edge de ponta. A [&hellip;]<\/p>\n","protected":false},"featured_media":20044,"template":"","meta":{"_acf_changed":false},"product_brand":[],"product_cat":[52,43,41,142],"product_tag":[],"class_list":{"0":"post-20043","1":"product","2":"type-product","3":"status-publish","4":"has-post-thumbnail","6":"product_cat-cambridge","7":"product_cat-dac","8":"product_cat-digital","9":"product_cat-streamers","11":"first","12":"instock","13":"sold-individually","14":"shipping-taxable","15":"purchasable","16":"product-type-simple"},"acf":[],"aioseo_notices":[],"_links":{"self":[{"href":"https:\/\/hificlub.com.br\/loja\/wp-json\/wp\/v2\/product\/20043","targetHints":{"allow":["GET"]}}],"collection":[{"href":"https:\/\/hificlub.com.br\/loja\/wp-json\/wp\/v2\/product"}],"about":[{"href":"https:\/\/hificlub.com.br\/loja\/wp-json\/wp\/v2\/types\/product"}],"wp:featuredmedia":[{"embeddable":true,"href":"https:\/\/hificlub.com.br\/loja\/wp-json\/wp\/v2\/media\/20044"}],"wp:attachment":[{"href":"https:\/\/hificlub.com.br\/loja\/wp-json\/wp\/v2\/media?parent=20043"}],"wp:term":[{"taxonomy":"product_brand","embeddable":true,"href":"https:\/\/hificlub.com.br\/loja\/wp-json\/wp\/v2\/product_brand?post=20043"},{"taxonomy":"product_cat","embeddable":true,"href":"https:\/\/hificlub.com.br\/loja\/wp-json\/wp\/v2\/product_cat?post=20043"},{"taxonomy":"product_tag","embeddable":true,"href":"https:\/\/hificlub.com.br\/loja\/wp-json\/wp\/v2\/product_tag?post=20043"}],"curies":[{"name":"wp","href":"https:\/\/api.w.org\/{rel}","templated":true}]}}