{"id":20036,"date":"2025-02-08T04:29:48","date_gmt":"2025-02-08T07:29:48","guid":{"rendered":"https:\/\/hificlub.com.br\/loja\/?post_type=product&#038;p=20036"},"modified":"2026-03-03T22:18:12","modified_gmt":"2026-03-04T01:18:12","slug":"kef-kc62-carbon-black-subwoofer-6-5-1000-watts","status":"publish","type":"product","link":"https:\/\/hificlub.com.br\/loja\/produto\/kef-kc62-carbon-black-subwoofer-6-5-1000-watts\/","title":{"rendered":"KEF KC62 Carbon Black  Subwoofer 2 alto falantes de 6.5&#8243;  1000 watts"},"content":{"rendered":"<p>Subwoofer preto carbono KEF KC62<br \/>\nO maior e pequeno subwoofer<\/p>\n<p>O KC62 \u00e9 um subwoofer incrivelmente compacto que oferece o poder e a magia de graves profundos e precisos para uma experi\u00eancia envolvente de m\u00fasica, filmes e jogos. Criado usando a engenharia inovadora da KEF, incluindo a inovadora tecnologia Uni-Core \u00ae , o KC62 do tamanho de uma bola de futebol apresenta duas unidades de acionamento de cancelamento de for\u00e7a de 6,5 polegadas alimentadas por 1.000 W RMS de amplifica\u00e7\u00e3o Classe D especialmente projetada.<\/p>\n<p>Graves profundos e poderosos n\u00e3o s\u00e3o mais apenas o dom\u00ednio de subwoofers maci\u00e7os e de ombros largos. KC62 \u00e9 David para seu Golias; um subwoofer ultracompacto capaz de fornecer graves precisos e profundos para uma experi\u00eancia imersiva de m\u00fasica, filme e jogos em total desacordo com suas dimens\u00f5es modestas. E assim como Davi venceu Golias, o desempenho do KC62 torna obsoletos esses gigantes do subwoofer.<br \/>\n1.000W RMS<br \/>\nAumente a pot\u00eancia<br \/>\nOs drivers duplos do KC62 s\u00e3o alimentados por 1.000 W RMS (2 x 500 W) de amplifica\u00e7\u00e3o Classe D especialmente projetada, fornecendo n\u00edveis excepcionais de controle e a capacidade de fornecer rajadas repentinas de energia quando necess\u00e1rio, por exemplo, ao desfrutar de sua sequ\u00eancia de a\u00e7\u00e3o favorita de alta octanagem.<br \/>\n5 pr\u00e9-ajustes<br \/>\nMesmo desempenho, em todos os lugares<br \/>\nO KC62 desliza facilmente em qualquer ambiente ou sala de audi\u00e7\u00e3o, com os cinco recursos predefinidos de equaliza\u00e7\u00e3o de posicionamento de sala garantindo o mesmo desempenho, n\u00e3o importa onde voc\u00ea decida coloc\u00e1-lo; em espa\u00e7o livre, pr\u00f3ximo \u00e0 parede, em um canto, aninhado dentro de um arm\u00e1rio ou usando o modo de apartamento dedicado.<br \/>\nbem relacionado<br \/>\nAs op\u00e7\u00f5es de conex\u00e3o do KC62 permitem que ele seja usado com praticamente qualquer sistema de \u00e1udio, com KEF SmartConnect e entradas de n\u00edvel de alto-falante eliminando quaisquer problemas de conex\u00e3o. A sa\u00edda de linha com HPF permite uma integra\u00e7\u00e3o excepcionalmente ajustada, e o KC62 tamb\u00e9m \u00e9 compat\u00edvel com o KW1 para compatibilidade sem fio simples.<br \/>\nO design encontra a subst\u00e2ncia<br \/>\nConstru\u00eddo em alum\u00ednio extrudado, o gabinete curvo do KC62 combina perfeitamente forma e fun\u00e7\u00e3o, proporcionando for\u00e7a e beleza. Pequeno o suficiente para combinar com qualquer decora\u00e7\u00e3o, os acabamentos Carbon Black e Mineral White tamb\u00e9m tornam o KC62 uma declara\u00e7\u00e3o excepcionalmente atraente.<br \/>\nSelecione uma propriedade<br \/>\nGraves precisos e profundos com velocidade e pot\u00eancia<br \/>\nA precis\u00e3o \u00e9 uma marca registrada da KEF, seja em alto-falantes de alcance total ou em subwoofers dedicados a fornecer graves sensacionais. Uma s\u00e9rie de tecnologias inovadoras se re\u00fanem para garantir a precis\u00e3o dos graves do KC62, incluindo o surround P-Flex para movimentos precisos do driver e a tecnologia Smart Distortion Control que reduz a distor\u00e7\u00e3o, enquanto o desempenho \u00e9 maximizado por meio do Music Integrity Engine da KEF.<br \/>\nP-Flex (tamb\u00e9m conhecido como Origami Surround)<br \/>\nO surround do driver P-Flex tem um design plissado exclusivo inspirado no Origami, a arte japonesa de dobrar papel, projetado para resistir melhor \u00e0 press\u00e3o ac\u00fastica no gabinete para permitir que o driver se mova com mais precis\u00e3o em compara\u00e7\u00e3o com os designs surround tradicionais. O resultado \u00e9 uma extens\u00e3o de graves mais profunda e uma reprodu\u00e7\u00e3o de graves mais precisa e detalhada.<\/p>\n<p>Caracter\u00edsticas principais<\/p>\n<p>Conjunto de drivers com cancelamento de for\u00e7a Uni-Core duplo de 6,5 polegadas<br \/>\nDesign surround resistente \u00e0 press\u00e3o P-Flex<br \/>\nTecnologia Inteligente de Controle de Distor\u00e7\u00e3o<br \/>\nMusic Integrity Engine com configura\u00e7\u00f5es iBX, SmartLimiter e Room Placement<br \/>\nAmplifica\u00e7\u00e3o RMS Classe D de 1000 W (2 x 500 W)<br \/>\nArm\u00e1rio de alum\u00ednio selado compacto<br \/>\nControles excepcionalmente vers\u00e1teis para f\u00e1cil integra\u00e7\u00e3o com qualquer alto-falante e qualquer ambiente dom\u00e9stico<br \/>\nKit de adaptador de subwoofer sem fio KW1 compat\u00edvel para opera\u00e7\u00e3o sem fio<\/p>\n<p>Modelo KC62<br \/>\nProjeto<br \/>\nCancelamento de For\u00e7a Uni-Core<br \/>\nUnidades de acionamento<br \/>\n2 drivers de 6,5&#8243;<br \/>\nResposta de frequ\u00eancia (\u00b13dB)<br \/>\n11 Hz \u2013 200 Hz<br \/>\nSa\u00edda m\u00e1xima<br \/>\n105dB<br \/>\nSa\u00edda de linha<br \/>\nsoquetes RCA phono<br \/>\nFiltro passa-alto de sa\u00edda de linha<br \/>\n40 Hz \u2013 120 Hz, desvio<br \/>\nTipo de amplificador<br \/>\nClasse D integrada<br \/>\npot\u00eancia do amplificador<br \/>\n1000 W RMS (2 x 500 W RMS)<br \/>\nFiltro passa-baixo vari\u00e1vel<br \/>\n40 Hz \u2013 140 Hz, LFE<br \/>\nEntrada<br \/>\nSoquetes RCA phono<br \/>\nEntradas de n\u00edvel de alto-falante<br \/>\nRequerimentos poderosos<br \/>\n100 &#8211; 240 V, 50\/60 Hz<br \/>\nConsumo de energia<br \/>\n1000W<br \/>\nPeso<br \/>\n14kg (30,9Ibs)<br \/>\nDimens\u00e3o (A x L x P) com painel traseiro e p\u00e9s<br \/>\n246 x 256 x 248 mm<\/p>\n","protected":false},"excerpt":{"rendered":"<p>Subwoofer preto carbono KEF KC62 O maior e pequeno subwoofer O KC62 \u00e9 um subwoofer incrivelmente compacto que oferece o poder e a magia de graves profundos e precisos para uma experi\u00eancia envolvente de m\u00fasica, filmes e jogos. Criado usando a engenharia inovadora da KEF, incluindo a inovadora tecnologia Uni-Core \u00ae , o KC62 do [&hellip;]<\/p>\n","protected":false},"featured_media":20037,"template":"","meta":{"_acf_changed":false},"product_brand":[],"product_cat":[178,17,56,36],"product_tag":[],"class_list":{"0":"post-20036","1":"product","2":"type-product","3":"status-publish","4":"has-post-thumbnail","6":"product_cat-boenicke","7":"product_cat-caixas","8":"product_cat-kef","9":"product_cat-subwoofer","11":"first","12":"instock","13":"sold-individually","14":"shipping-taxable","15":"purchasable","16":"product-type-simple"},"acf":[],"aioseo_notices":[],"_links":{"self":[{"href":"https:\/\/hificlub.com.br\/loja\/wp-json\/wp\/v2\/product\/20036","targetHints":{"allow":["GET"]}}],"collection":[{"href":"https:\/\/hificlub.com.br\/loja\/wp-json\/wp\/v2\/product"}],"about":[{"href":"https:\/\/hificlub.com.br\/loja\/wp-json\/wp\/v2\/types\/product"}],"wp:featuredmedia":[{"embeddable":true,"href":"https:\/\/hificlub.com.br\/loja\/wp-json\/wp\/v2\/media\/20037"}],"wp:attachment":[{"href":"https:\/\/hificlub.com.br\/loja\/wp-json\/wp\/v2\/media?parent=20036"}],"wp:term":[{"taxonomy":"product_brand","embeddable":true,"href":"https:\/\/hificlub.com.br\/loja\/wp-json\/wp\/v2\/product_brand?post=20036"},{"taxonomy":"product_cat","embeddable":true,"href":"https:\/\/hificlub.com.br\/loja\/wp-json\/wp\/v2\/product_cat?post=20036"},{"taxonomy":"product_tag","embeddable":true,"href":"https:\/\/hificlub.com.br\/loja\/wp-json\/wp\/v2\/product_tag?post=20036"}],"curies":[{"name":"wp","href":"https:\/\/api.w.org\/{rel}","templated":true}]}}