{"id":20003,"date":"2025-02-07T06:31:18","date_gmt":"2025-02-07T09:31:18","guid":{"rendered":"https:\/\/hificlub.com.br\/loja\/?post_type=product&#038;p=20003"},"modified":"2025-02-07T06:31:18","modified_gmt":"2025-02-07T09:31:18","slug":"sonus-faber-fenice-se","status":"publish","type":"product","link":"https:\/\/hificlub.com.br\/loja\/produto\/sonus-faber-fenice-se\/","title":{"rendered":"SONUS FABER FENICE SE"},"content":{"rendered":"<p>ESTADO 9\/10<\/p>\n<p>A Sonus Faber, uma empresa de alto-falantes de longa data e premiada sediada na It\u00e1lia, oferecer\u00e1 apenas 30 pares de seus alto-falantes Sonus Faber Fenice de 3,5 vias.<\/p>\n<p>Os alto-falantes Fenice incorporam tr\u00eas novas patentes em um produto, como era de se esperar considerando o pre\u00e7o. O Sound Field Shaper da Sonus Faber permite mover o driver traseiro e ajustar sua sa\u00edda para integra\u00e7\u00e3o ideal da sala e prefer\u00eancia do ouvinte. Na parte traseira da unidade h\u00e1 bot\u00f5es que incluem a capacidade de ajustar quatro n\u00edveis de Soundstage Depth, um bot\u00e3o para Soundstage Azimuth (direita\/esquerda) e sa\u00edda de volume.<\/p>\n<p>Internamente, h\u00e1 portas de ajuste tratadas com materiais especiais para ajustar as frequ\u00eancias mais baixas. Um sistema de desacoplamento especializado para os p\u00e9s do alto-falante garante que vibra\u00e7\u00f5es indesejadas sejam amortecidas. O gabinete em si tem formato de ala\u00fade, pois este design de curvatura dupla \u00e9 feito com compensado de gr\u00e3o cruzado e usa configura\u00e7\u00e3o de amortecimento de camada de constri\u00e7\u00e3o de espessura dupla para obter baixa vibra\u00e7\u00e3o do gabinete. O complemento do driver inclui um radiador de anel Larsen\/Goeller h\u00edbrido de Neod\u00edmio\/Sam\u00e1rio-Cobalto de 25 mm.<\/p>\n<p>Este tweeter \u00e9 desacoplado viscoelasticamente da placa defletora principal. Um cone de 6,5 polegadas foi escolhido para as frequ\u00eancias cr\u00edticas de m\u00e9dio alcance e emprega uma mistura de polpa de celulose tradicional com Papyrus e outras fibras naturais. O poderoso sistema de \u00edm\u00e3 de Neod\u00edmio mant\u00e9m a bobina de voz de 1,5 polegada se movendo de forma muito linear. A cesta \u00e9 otimizada para eliminar a resson\u00e2ncia e \u00e9 usinada em CNC a partir de tarugos s\u00f3lidos de Avional e Gun metal.<\/p>\n<p>Para as frequ\u00eancias mais baixas, foi escolhido um par de woofers de 10 polegadas com estrutura inovadora de cone sandu\u00edche. Este driver \u00e9 feito com n\u00facleo de espuma sint\u00e1tica coberto nas duas superf\u00edcies externas por pel\u00edculas de polpa de celulose revestidas e usa bobinas de voz de 3&#8243; em formadores Kapton. Por fim, um subwoofer de 15 polegadas tamb\u00e9m usa uma estrutura sandu\u00edche com a superf\u00edcie principal feita de nano fibra de carbono no n\u00facleo de espuma sint\u00e1tica. Uma bobina de voz de 4 polegadas mais Kapton e Avional no primeiro completam o design do driver. O crossover tem uma estrutura de declive progressivo, com resposta de fase\/amplitude otimizada.<\/p>\n<p>As pe\u00e7as de alta qualidade incluem capacitores Mundorf Silver\/Gold\/Oil e indutores de bobina cruzada Jantzen. A resposta de frequ\u00eancia geral \u00e9 de 20 Hz a 35 kHz, a sensibilidade \u00e9 alta 92\/dB\/W\/m e a unidade apresenta uma carga de 4 Ohms. As dimens\u00f5es s\u00e3o 1713 x 747 x 791 (AxLxP em mm) e cada unidade pesa muito pesados \u200b\u200b670 libras<\/p>\n<p>O crossover:<br \/>\nO crossover tem a nova estrutura de \u201cinclina\u00e7\u00e3o progressiva\u201d, com resposta de fase\/amplitude otimizada, como j\u00e1 visto na linha Cremona M e Liuto. A qualidade absolutamente m\u00e1xima \u00e9 usada em termos de componentes: capacitores Mundorf Silver\/Gold\/Oil, indutores de bobina cruzada Jantzen.<\/p>\n<p>Resposta de frequ\u00eancia:\t20Hz \u2013 35000Hz, Stealth Reflex inclu\u00eddo<br \/>\nSensibilidade:\t92 dB de ru\u00eddo (2,83 V\/1 m)<br \/>\nImped\u00e2ncia nominal:\t4 ohm<br \/>\nManuseio de energia:\t100W \u2013 1KW, sem corte<br \/>\nDimens\u00f5es:\t1713 x 747 mm x 791 mm (A x L x P)<br \/>\nPeso:\t610 Kg por par \u2013 peso l\u00edquido.<\/p>\n","protected":false},"excerpt":{"rendered":"<p>ESTADO 9\/10 A Sonus Faber, uma empresa de alto-falantes de longa data e premiada sediada na It\u00e1lia, oferecer\u00e1 apenas 30 pares de seus alto-falantes Sonus Faber Fenice de 3,5 vias. Os alto-falantes Fenice incorporam tr\u00eas novas patentes em um produto, como era de se esperar considerando o pre\u00e7o. O Sound Field Shaper da Sonus Faber [&hellip;]<\/p>\n","protected":false},"featured_media":20004,"template":"","meta":{"_acf_changed":false},"product_brand":[],"product_cat":[17,110,18],"product_tag":[],"class_list":{"0":"post-20003","1":"product","2":"type-product","3":"status-publish","4":"has-post-thumbnail","6":"product_cat-caixas","7":"product_cat-sonus-faber","8":"product_cat-torres","10":"first","11":"instock","12":"sold-individually","13":"shipping-taxable","14":"purchasable","15":"product-type-simple"},"acf":[],"aioseo_notices":[],"_links":{"self":[{"href":"https:\/\/hificlub.com.br\/loja\/wp-json\/wp\/v2\/product\/20003","targetHints":{"allow":["GET"]}}],"collection":[{"href":"https:\/\/hificlub.com.br\/loja\/wp-json\/wp\/v2\/product"}],"about":[{"href":"https:\/\/hificlub.com.br\/loja\/wp-json\/wp\/v2\/types\/product"}],"wp:featuredmedia":[{"embeddable":true,"href":"https:\/\/hificlub.com.br\/loja\/wp-json\/wp\/v2\/media\/20004"}],"wp:attachment":[{"href":"https:\/\/hificlub.com.br\/loja\/wp-json\/wp\/v2\/media?parent=20003"}],"wp:term":[{"taxonomy":"product_brand","embeddable":true,"href":"https:\/\/hificlub.com.br\/loja\/wp-json\/wp\/v2\/product_brand?post=20003"},{"taxonomy":"product_cat","embeddable":true,"href":"https:\/\/hificlub.com.br\/loja\/wp-json\/wp\/v2\/product_cat?post=20003"},{"taxonomy":"product_tag","embeddable":true,"href":"https:\/\/hificlub.com.br\/loja\/wp-json\/wp\/v2\/product_tag?post=20003"}],"curies":[{"name":"wp","href":"https:\/\/api.w.org\/{rel}","templated":true}]}}