{"id":1996,"date":"2023-10-17T19:58:36","date_gmt":"2023-10-17T22:58:36","guid":{"rendered":"https:\/\/hificlub.com.br\/loja2\/produto\/ortofon-quintet-bronze-mc\/"},"modified":"2026-04-22T05:46:35","modified_gmt":"2026-04-22T08:46:35","slug":"ortofon-quintet-bronze-mc","status":"publish","type":"product","link":"https:\/\/hificlub.com.br\/loja\/produto\/ortofon-quintet-bronze-mc\/","title":{"rendered":"ORTOFON QUINTET BRONZE  Capsula MC"},"content":{"rendered":"<p>O Quintet Bronze move-se para a liga superior dos Quintetos.<\/p>\n<div class=\"spacing__top--small spacing__bottom--none\" data-section=\"3689\">\n<section class=\"text-image__container--extended theme-transparent-white\">\n<div class=\"text-image__container\">\n<div class=\"text-image__column-text is-right\">\n<div class=\"text-image__content\">\n<p>O perfil fino de sua caneta de diamante Nude Fine Line rastrear\u00e1 at\u00e9 mesmo as informa\u00e7\u00f5es de frequ\u00eancia mais alta, tornando-a obrigat\u00f3ria para ouvintes mais exigentes.<\/p>\n<p>Al\u00e9m disso, sua pegada maior garante distor\u00e7\u00e3o reduzida e desgaste de registro.<\/p>\n<p>O som ser\u00e1 muito equilibrado em todos os aspectos.\u00a0A m\u00fasica cl\u00e1ssica ser\u00e1 reproduzida com for\u00e7a e espa\u00e7o aberto ao redor de cada um dos instrumentos.<\/p>\n<p><a href=\"https:\/\/www-ortofon-com.translate.goog\/st-7-p-679-n-3447?_x_tr_sl=en&amp;_x_tr_tl=pt&amp;_x_tr_hl=pt-BR&amp;_x_tr_pto=sc\">O transformador ST-7<\/a>\u00a0\u00e9 uma combina\u00e7\u00e3o perfeita para o cartucho MC Quintet Bronze.<\/p>\n<p><a href=\"https:\/\/www-ortofon-com.translate.goog\/lh-4000-p-686-n-3446?_x_tr_sl=en&amp;_x_tr_tl=pt&amp;_x_tr_hl=pt-BR&amp;_x_tr_pto=sc\">O cabe\u00e7ote LH-4000<\/a>\u00a0\u00a0\u00e9 especialmente recomendado para a s\u00e9rie de cartuchos MC Quintet.<\/p>\n<p>Dados t\u00e9cnicos do MC Quinteto Bronze<\/p>\n<\/div>\n<\/div>\n<\/div>\n<\/section>\n<\/div>\n<div class=\"spacing__top--none spacing__bottom--none\" data-section=\"3696\">\n<section class=\"product-spec\">\n<div class=\"product-spec__container\">\n<div class=\"product-spec__columns\">\n<div class=\"product-spec__column--one\">\n<p>Tens\u00e3o de sa\u00edda a 1000 Hz, 5 cm\/seg.\u00a0&#8211; Balan\u00e7o de canal de 0,3 mV<br \/>\nem 1 kHz &#8211; &lt; 1,2 dB<br \/>\nSepara\u00e7\u00e3o de canal em 1 kHz &#8211; &gt; 23 dB<br \/>\nSepara\u00e7\u00e3o de canal em 15 kHz &#8211; &gt; 15 dB<br \/>\nResposta de frequ\u00eancia 20-20.000 Hz &#8211; +\/-1,5 dB<br \/>\nCapacidade de rastreamento em 315Hz na for\u00e7a de rastreamento recomendada *) &#8211; 80 \u00b5m<br \/>\nConformidade, din\u00e2mica, lateral &#8211; 15 \u00b5m\/mN<br \/>\nTipo de ponta &#8211; Nude Fine Line<br \/>\nRaio da ponta da ponta &#8211; r\/R 8\/40 \u00b5m<br \/>\nFaixa de for\u00e7a de rastreamento &#8211; 2,1-2,5 g (21-25 mN)<br \/>\nFor\u00e7a de rastreamento, recomendada &#8211; 2,3 g (23 mN)<br \/>\n\u00c2ngulo de rastreamento &#8211; 20\u00b0<br \/>\nImped\u00e2ncia interna, resist\u00eancia CC &#8211; 5 Ohm<br \/>\nImped\u00e2ncia de carga recomendada &#8211; &gt; 20 Ohm<br \/>\nMaterial do corpo do cartucho &#8211; ABS\/alum\u00ednio<br \/>\nMaterial do fio da bobina &#8211; Cobre puro de 4 noves<br \/>\nCor do cartucho &#8211; Bronze<br \/>\nPeso do cartucho &#8211; 9 gramas<br \/>\n*) Valor t\u00edpico<\/p>\n<p>&nbsp;<\/p>\n<\/div>\n<\/div>\n<\/div>\n<\/section>\n<\/div>\n","protected":false},"excerpt":{"rendered":"<p>O Quintet Bronze move-se para a liga superior dos Quintetos. O perfil fino de sua caneta de diamante Nude Fine Line rastrear\u00e1 at\u00e9 mesmo as informa\u00e7\u00f5es de frequ\u00eancia mais alta, tornando-a obrigat\u00f3ria para ouvintes mais exigentes. Al\u00e9m disso, sua pegada maior garante distor\u00e7\u00e3o reduzida e desgaste de registro. O som ser\u00e1 muito equilibrado em todos [&hellip;]<\/p>\n","protected":false},"featured_media":1994,"template":"","meta":{"_acf_changed":false},"product_brand":[],"product_cat":[78,99,100],"product_tag":[],"class_list":{"0":"post-1996","1":"product","2":"type-product","3":"status-publish","4":"has-post-thumbnail","6":"product_cat-analogico-audio","7":"product_cat-capsulas","8":"product_cat-ortofon","10":"first","11":"instock","12":"sold-individually","13":"shipping-taxable","14":"purchasable","15":"product-type-simple"},"acf":[],"aioseo_notices":[],"_links":{"self":[{"href":"https:\/\/hificlub.com.br\/loja\/wp-json\/wp\/v2\/product\/1996","targetHints":{"allow":["GET"]}}],"collection":[{"href":"https:\/\/hificlub.com.br\/loja\/wp-json\/wp\/v2\/product"}],"about":[{"href":"https:\/\/hificlub.com.br\/loja\/wp-json\/wp\/v2\/types\/product"}],"wp:featuredmedia":[{"embeddable":true,"href":"https:\/\/hificlub.com.br\/loja\/wp-json\/wp\/v2\/media\/1994"}],"wp:attachment":[{"href":"https:\/\/hificlub.com.br\/loja\/wp-json\/wp\/v2\/media?parent=1996"}],"wp:term":[{"taxonomy":"product_brand","embeddable":true,"href":"https:\/\/hificlub.com.br\/loja\/wp-json\/wp\/v2\/product_brand?post=1996"},{"taxonomy":"product_cat","embeddable":true,"href":"https:\/\/hificlub.com.br\/loja\/wp-json\/wp\/v2\/product_cat?post=1996"},{"taxonomy":"product_tag","embeddable":true,"href":"https:\/\/hificlub.com.br\/loja\/wp-json\/wp\/v2\/product_tag?post=1996"}],"curies":[{"name":"wp","href":"https:\/\/api.w.org\/{rel}","templated":true}]}}