{"id":1993,"date":"2023-10-17T19:58:35","date_gmt":"2023-10-17T22:58:35","guid":{"rendered":"https:\/\/hificlub.com.br\/loja2\/produto\/ortofon-quintet-red-mc\/"},"modified":"2026-04-22T05:43:45","modified_gmt":"2026-04-22T08:43:45","slug":"ortofon-quintet-red-mc","status":"publish","type":"product","link":"https:\/\/hificlub.com.br\/loja\/produto\/ortofon-quintet-red-mc\/","title":{"rendered":"ORTOFON QUINTET RED  Capsula MC"},"content":{"rendered":"<p>&nbsp;<\/p>\n<p>Entre no mundo exclusivo do famoso som de bobina m\u00f3vel da Ortofon!<\/p>\n<div class=\"spacing__top--small spacing__bottom--none\" data-section=\"3667\">\n<section class=\"text-image__container--extended theme-transparent-white\">\n<div class=\"text-image__container\">\n<div class=\"text-image__column-text is-right\">\n<div class=\"text-image__content\">\n<p>O Quintet Red \u00e9 uma introdu\u00e7\u00e3o perfeita ao mundo das bobinas m\u00f3veis Ortofon.<br \/>\nPossui um diamante el\u00edptico que \u00e9 cortado e polido de acordo com os padr\u00f5es da Ortofon.<\/p>\n<p>Este cartucho MC de n\u00edvel b\u00e1sico tem uma rela\u00e7\u00e3o pre\u00e7o-desempenho muito alta e \u00e9 um polivalente perfeito para os rec\u00e9m-chegados ao mundo dos cartuchos Moving Coil.<\/p>\n<p>O MC Quintet Red \u00e9 um cartucho multifuncional que oferece um som aberto e din\u00e2mico com um leve toque de calor.<\/p>\n<p><a href=\"https:\/\/www-ortofon-com.translate.goog\/st-7-p-679-n-3447?_x_tr_sl=en&amp;_x_tr_tl=pt&amp;_x_tr_hl=pt-BR&amp;_x_tr_pto=sc\">O transformador ST-7<\/a>\u00a0\u00e9 uma combina\u00e7\u00e3o perfeita para o cartucho MC Quintet Red.<\/p>\n<p><a href=\"https:\/\/www-ortofon-com.translate.goog\/lh-4000-p-686-n-3446?_x_tr_sl=en&amp;_x_tr_tl=pt&amp;_x_tr_hl=pt-BR&amp;_x_tr_pto=sc\">O cabe\u00e7ote LH-4000<\/a>\u00a0\u00a0\u00e9 especialmente recomendado para a s\u00e9rie de cartuchos MC Quintet.<\/p>\n<p>&nbsp;<\/p>\n<p>Dados t\u00e9cnicos do MC Quinteto V<\/p>\n<\/div>\n<\/div>\n<\/div>\n<\/section>\n<\/div>\n<table>\n<tbody>\n<tr>\n<td><strong>Technical data<\/strong><\/td>\n<td><\/td>\n<td rowspan=\"11\"><img loading=\"lazy\" decoding=\"async\" title=\"MC Quintet Red front view\" src=\"http:\/\/ortofon.com\/images\/stories\/cartridges\/quintet\/Quintet_FrontRed02.jpg\" alt=\"Quintet FrontRed02\" width=\"150\" height=\"175\" \/><\/td>\n<\/tr>\n<tr>\n<td>Output voltage at 1 kHz 5 cm\/sec<\/td>\n<td>0.5 mV<\/td>\n<\/tr>\n<tr>\n<td>Channel balance<\/td>\n<td>&lt; 1.5 dB<\/td>\n<\/tr>\n<tr>\n<td>Channel separation at 1 kHz<\/td>\n<td>&gt; 21 dB<\/td>\n<\/tr>\n<tr>\n<td>Channel separation at 15 kHz<\/td>\n<td>&gt; 14 dB<\/td>\n<\/tr>\n<tr>\n<td>Frequency range at -3 dB<\/td>\n<td>20 &#8211; 25.000Hz<\/td>\n<\/tr>\n<tr>\n<td>Frequency response 20-20.000 Hz<\/td>\n<td>+\/-2.5 dB<\/td>\n<\/tr>\n<tr>\n<td>Tracking ability at 315 Hz at recommended tracking force *)<\/td>\n<td>65 \u03bcm<\/td>\n<\/tr>\n<tr>\n<td>Compliance, dynamic, lateral<\/td>\n<td>15 \u03bcm\/mN<\/td>\n<\/tr>\n<tr>\n<td>Stylus type<\/td>\n<td>Elliptical<\/td>\n<\/tr>\n<tr>\n<td>Stylus tip radius<\/td>\n<td>r\/R 8\/18 \u03bcm<\/td>\n<\/tr>\n<tr>\n<td>Tracking force range<\/td>\n<td>2.1-2.5 g (21-25 mN)<\/td>\n<td rowspan=\"10\"><img loading=\"lazy\" decoding=\"async\" title=\"MC Quintet Red side view\" src=\"http:\/\/ortofon.com\/images\/stories\/cartridges\/quintet\/Quintet_SideRed02.jpg\" alt=\"Quintet SideRed02\" width=\"180\" height=\"140\" \/><\/td>\n<\/tr>\n<tr>\n<td>Tracking force recommended<\/td>\n<td>2.3 g (23 mN)<\/td>\n<\/tr>\n<tr>\n<td>Tracking angle<\/td>\n<td>20\u00ba<\/td>\n<\/tr>\n<tr>\n<td>Internal impedance, DC resistance<\/td>\n<td>7 Ohm<\/td>\n<\/tr>\n<tr>\n<td>Recommended load impedance<\/td>\n<td>&gt;20 Ohm<\/td>\n<\/tr>\n<tr>\n<td>Cartridge body material<\/td>\n<td>ABS\/Aluminium<\/td>\n<\/tr>\n<tr>\n<td>Coil wire material<\/td>\n<td>Copper<\/td>\n<\/tr>\n<tr>\n<td>Cartridge colour<\/td>\n<td>Red<\/td>\n<\/tr>\n<tr>\n<td>Cartridge weight<\/td>\n<td>9 g<\/td>\n<\/tr>\n<tr>\n<td><em>*) Typical value<\/em><\/td>\n<td><\/td>\n<\/tr>\n<\/tbody>\n<\/table>\n","protected":false},"excerpt":{"rendered":"<p>&nbsp; Entre no mundo exclusivo do famoso som de bobina m\u00f3vel da Ortofon! O Quintet Red \u00e9 uma introdu\u00e7\u00e3o perfeita ao mundo das bobinas m\u00f3veis Ortofon. Possui um diamante el\u00edptico que \u00e9 cortado e polido de acordo com os padr\u00f5es da Ortofon. Este cartucho MC de n\u00edvel b\u00e1sico tem uma rela\u00e7\u00e3o pre\u00e7o-desempenho muito alta e [&hellip;]<\/p>\n","protected":false},"featured_media":1992,"template":"","meta":{"_acf_changed":false},"product_brand":[],"product_cat":[78,99,100],"product_tag":[],"class_list":{"0":"post-1993","1":"product","2":"type-product","3":"status-publish","4":"has-post-thumbnail","6":"product_cat-analogico-audio","7":"product_cat-capsulas","8":"product_cat-ortofon","10":"first","11":"instock","12":"sold-individually","13":"shipping-taxable","14":"purchasable","15":"product-type-simple"},"acf":[],"aioseo_notices":[],"_links":{"self":[{"href":"https:\/\/hificlub.com.br\/loja\/wp-json\/wp\/v2\/product\/1993","targetHints":{"allow":["GET"]}}],"collection":[{"href":"https:\/\/hificlub.com.br\/loja\/wp-json\/wp\/v2\/product"}],"about":[{"href":"https:\/\/hificlub.com.br\/loja\/wp-json\/wp\/v2\/types\/product"}],"wp:featuredmedia":[{"embeddable":true,"href":"https:\/\/hificlub.com.br\/loja\/wp-json\/wp\/v2\/media\/1992"}],"wp:attachment":[{"href":"https:\/\/hificlub.com.br\/loja\/wp-json\/wp\/v2\/media?parent=1993"}],"wp:term":[{"taxonomy":"product_brand","embeddable":true,"href":"https:\/\/hificlub.com.br\/loja\/wp-json\/wp\/v2\/product_brand?post=1993"},{"taxonomy":"product_cat","embeddable":true,"href":"https:\/\/hificlub.com.br\/loja\/wp-json\/wp\/v2\/product_cat?post=1993"},{"taxonomy":"product_tag","embeddable":true,"href":"https:\/\/hificlub.com.br\/loja\/wp-json\/wp\/v2\/product_tag?post=1993"}],"curies":[{"name":"wp","href":"https:\/\/api.w.org\/{rel}","templated":true}]}}