{"id":19887,"date":"2025-01-30T07:25:13","date_gmt":"2025-01-30T10:25:13","guid":{"rendered":"https:\/\/hificlub.com.br\/loja\/?post_type=product&#038;p=19887"},"modified":"2025-03-28T06:25:04","modified_gmt":"2025-03-28T09:25:04","slug":"melco-n1-streamer","status":"publish","type":"product","link":"https:\/\/hificlub.com.br\/loja\/produto\/melco-n1-streamer\/","title":{"rendered":"MELCO N1 Streamer e Server 3.84 TB"},"content":{"rendered":"<p>ESTADO 9\/10<\/p>\n<p>O nome Melco se tornou sin\u00f4nimo de servidores de m\u00fasica audi\u00f3filos de alta qualidade desde que introduziu seus inovadores modelos N1A e N1Z h\u00e1 oito ou nove anos. Surpreendentemente, a marca, que vem de Nagoya, no Jap\u00e3o, entrou no mundo do \u00e1udio como fabricante de toca-discos de alta massa com motores externos. A empresa tamb\u00e9m produziu alguns pr\u00e9-amplificadores, mas depois mudou para o mundo da eletr\u00f4nica por meio da Buffalo Electronics, que se tornou uma provedora global de solu\u00e7\u00f5es de rede e armazenamento. De fato, o nome &#8220;Buffalo&#8221; vem do sucesso da marca como designer e fabricante pioneira de buffers de impressora.<\/p>\n<p>Enquanto audi\u00f3filos em muitas partes do mundo adotaram computadores em suas salas de audi\u00e7\u00e3o algumas d\u00e9cadas atr\u00e1s, os japoneses estavam relutantes em faz\u00ea-lo. N\u00e3o \u00e9 coincid\u00eancia que o Jap\u00e3o ainda tenha um grande mercado para lan\u00e7amentos de SACD e CD audi\u00f3filos. O in\u00edcio da linha de servidores Melco veio por meio do fornecimento a esse mercado de uma solu\u00e7\u00e3o de \u00e1udio em rede, que n\u00e3o era um computador. Ap\u00f3s o sucesso inicial da empresa com servidores de \u00e1udio, eles obtiveram grande sucesso com sua linha de switches audi\u00f3filos, que inspiraram muitos imitadores.<\/p>\n<p>O carro-chefe Melco N1 foi pesquisado e desenvolvido do zero, incorporando um novo chassi de alum\u00ednio de at\u00e9 5 mm de espessura, uma nova placa-m\u00e3e, fonte de alimenta\u00e7\u00e3o linear interna de baixo ru\u00eddo de alta qualidade e ampla conectividade de n\u00edvel profissional. Esses aspectos se somam ao aumento do desempenho, mantendo o objetivo mais importante: qualidade de som incompar\u00e1vel.<\/p>\n<p>O N1 melhora os fant\u00e1sticos produtos de biblioteca musical Melco N1ZS e N10, incorporando as tecnologias aprendidas e desenvolvidas para o pr\u00f3ximo n\u00edvel.<\/p>\n<p>Recursos<br \/>\nUnidade SSD de 3,84 TB especialmente selecionada para desempenho de \u00e1udio<br \/>\nBot\u00f5es de clique positivo de alta qualidade no painel frontal<br \/>\nTela OLED cristalina, de f\u00e1cil leitura e baixo ru\u00eddo<br \/>\n4 portas USB 3.0 para f\u00e1cil backup, expans\u00e3o e conectividade DAC<br \/>\nF\u00e1cil importa\u00e7\u00e3o de m\u00fasica de unidades flash, CD ou HDD<br \/>\nEntrada de rede el\u00e9trica IEC com aterramento el\u00e9trico verdadeiro para definir o componente de origem como ponto de aterramento<br \/>\nConex\u00e3o de clock externo de 10 MHz (BNC)<\/p>\n<p>Especifica\u00e7\u00f5es completas<br \/>\nArmazenamento de m\u00fasica<br \/>\n1 x SSD de 3,84 TB especialmente selecionado<\/p>\n<p>Conectividade de rede<br \/>\nPorta LAN &#8211; Gigabit Ethernet (1000Base-T),<br \/>\nPorta PLAYER dedicada &#8211; Gigabit Ethernet (1000Base-T),<br \/>\nPorta SFP (1000 mbps M\u00c1X.)<\/p>\n<p>Conectividade USB<br \/>\nPorta USB 2.0 USB DAC-dedicado<br \/>\nPorta USB 3.0 USB DAC-dedicado\/importa\u00e7\u00e3o de arquivo USB<br \/>\nPorta de backup USB 3.0<br \/>\nPorta de expans\u00e3o USB 3.0<br \/>\n1 x porta USB 3.0 no painel frontal<br \/>\nSuporte a arquivo do reprodutor USB: DSF, DFF, FLAC, WAV, ALAC, AIFF e AAC<\/p>\n<p>Suporte \u00e0 taxa de amostragem do reprodutor USB<br \/>\n16-32 bits (PCM) a 384 kHz:- downsample autom\u00e1tico para se adequar aos DACs conectados<br \/>\nSuporte a PCM sem intervalos<br \/>\n1 bit (DSD) a 11,3 MHz Suporte a DSD Quad Markerless DSD<br \/>\nDSD para 32 bits Convers\u00e3o PCM selecion\u00e1vel Suporte Gapless DSD<br \/>\nTaxa de amostragem do player de displays OLED<\/p>\n<p>Entrada de rel\u00f3gio externo<br \/>\nBNC, 10 MHz, 50 \u03a9, 0,5-5 Vpp<\/p>\n<p>Fonte de alimenta\u00e7\u00e3o<br \/>\nPredefini\u00e7\u00e3o 220-240 V CA ou 110-120 V CA dependendo da localidade<\/p>\n<p>Tamanho 440 x 82 x 353 mm<br \/>\nPeso 14 kg<\/p>\n","protected":false},"excerpt":{"rendered":"<p>ESTADO 9\/10 O nome Melco se tornou sin\u00f4nimo de servidores de m\u00fasica audi\u00f3filos de alta qualidade desde que introduziu seus inovadores modelos N1A e N1Z h\u00e1 oito ou nove anos. Surpreendentemente, a marca, que vem de Nagoya, no Jap\u00e3o, entrou no mundo do \u00e1udio como fabricante de toca-discos de alta massa com motores externos. A [&hellip;]<\/p>\n","protected":false},"featured_media":19888,"template":"","meta":{"_acf_changed":false},"product_brand":[],"product_cat":[41,230,50,142],"product_tag":[],"class_list":{"0":"post-19887","1":"product","2":"type-product","3":"status-publish","4":"has-post-thumbnail","6":"product_cat-digital","7":"product_cat-melco","8":"product_cat-music-server","9":"product_cat-streamers","11":"first","12":"instock","13":"sold-individually","14":"shipping-taxable","15":"purchasable","16":"product-type-simple"},"acf":[],"aioseo_notices":[],"_links":{"self":[{"href":"https:\/\/hificlub.com.br\/loja\/wp-json\/wp\/v2\/product\/19887","targetHints":{"allow":["GET"]}}],"collection":[{"href":"https:\/\/hificlub.com.br\/loja\/wp-json\/wp\/v2\/product"}],"about":[{"href":"https:\/\/hificlub.com.br\/loja\/wp-json\/wp\/v2\/types\/product"}],"wp:featuredmedia":[{"embeddable":true,"href":"https:\/\/hificlub.com.br\/loja\/wp-json\/wp\/v2\/media\/19888"}],"wp:attachment":[{"href":"https:\/\/hificlub.com.br\/loja\/wp-json\/wp\/v2\/media?parent=19887"}],"wp:term":[{"taxonomy":"product_brand","embeddable":true,"href":"https:\/\/hificlub.com.br\/loja\/wp-json\/wp\/v2\/product_brand?post=19887"},{"taxonomy":"product_cat","embeddable":true,"href":"https:\/\/hificlub.com.br\/loja\/wp-json\/wp\/v2\/product_cat?post=19887"},{"taxonomy":"product_tag","embeddable":true,"href":"https:\/\/hificlub.com.br\/loja\/wp-json\/wp\/v2\/product_tag?post=19887"}],"curies":[{"name":"wp","href":"https:\/\/api.w.org\/{rel}","templated":true}]}}