{"id":19847,"date":"2025-01-29T06:22:55","date_gmt":"2025-01-29T09:22:55","guid":{"rendered":"https:\/\/hificlub.com.br\/loja\/?post_type=product&#038;p=19847"},"modified":"2026-03-03T22:18:13","modified_gmt":"2026-03-04T01:18:13","slug":"bw-formation-duo-caixas-amplificada-wireless","status":"publish","type":"product","link":"https:\/\/hificlub.com.br\/loja\/produto\/bw-formation-duo-caixas-amplificada-wireless\/","title":{"rendered":"B&#038;W FORMATION DUO Caixas Amplificada Wireless"},"content":{"rendered":"<p>As B&amp;W Formation Duo usam tecnologias de ponta como Carbon Dome Tweeter-on-Top e drivers Continuum\u2122 para oferecer a qualidade de \u00e1udio pela qual a Bowers &amp; Wilkins \u00e9 reconhecida.<br \/>\nSom de alta resolu\u00e7\u00e3o sem fios, sem compromisso.<br \/>\nO melhor sistema de streaming de \u00e1udio de alta resolu\u00e7\u00e3o (96\/24 bits), composto por duas caixas ac\u00fasticas amplificadas que possuem projeto de tweeter-on-top com domo de carbono (B&amp;W S\u00e9rie 700) e o extraordin\u00e1rio cone de m\u00e9dio\/grave Continuum \u2122 (B&amp;W S\u00e9rie 800D3). Tecnologia sem fios Formation\u00ae, que permite compor sistemas em conjunto com Formation Audio e\/ou Formation Bass. Compat\u00edvel com Wi-Fi, Apple\u00ae AirPlay 2\u00ae, Spotify\u00ae Connect e Roon. Aplicativo Bowers &amp; Wilkins Home app, compat\u00edvel com iOS e Android.<\/p>\n<p>Caracter\u00edsticas:<br \/>\n\u2022 Tecnologia Apple AirPlay2<br \/>\n\u2022 Spotify Connect<br \/>\n\u2022 Roon Ready<br \/>\n\u2022 Bluetooth<br \/>\n\u2022 Processamento digital de Sinal (DSP)<br \/>\n\u2022 Amplifica\u00e7\u00e3o Digital<br \/>\n\u2022 Equaliza\u00e7\u00e3o Din\u00e2mica<br \/>\nFalantes:<br \/>\n\u2022 1 Tweeter de 1&#8243; com domo em Carbono<br \/>\n\u2022 1 Falante de M\u00e9dio\/Graves de 6,5&#8243; com falante Continuum<br \/>\nPot\u00eancia: 2 x 125Watts RMS<br \/>\nResposta de Frequ\u00eancias: 25Hz a 33kHz<br \/>\nBluetooth:<br \/>\n\u2022 Vers\u00e3o 4.1, Classe 2<br \/>\n\u2022 AptX HD \/ AAC \/ SBC<br \/>\nEntradas:<br \/>\n\u2022 Rede (RJ 45 e Wireless)<br \/>\n\u2022 USB &#8211; (Somente servi\u00e7o)<br \/>\nConsumo Abaixo de 6 Watts em standby<br \/>\nDimens\u00f5es<br \/>\n\u2022 Altura: 395mm<br \/>\n\u2022 Largura: 197mm<br \/>\n\u2022 Profundidade: 305mm<br \/>\nPeso: 10,6 Kg<br \/>\nCompatibilidade AirPlay2:<br \/>\n\u2022 iPhone, iPad e iPod com iOS 11.4 ou superior<br \/>\n\u2022 Apple TV 4K ou Apple TV 4\u00aa gera\u00e7\u00e3o com iOS 11.4 ou superior<br \/>\n\u2022 Mac ou PC com iTunes com vers\u00e3o 12.8 ou superior<\/p>\n","protected":false},"excerpt":{"rendered":"<p>As B&amp;W Formation Duo usam tecnologias de ponta como Carbon Dome Tweeter-on-Top e drivers Continuum\u2122 para oferecer a qualidade de \u00e1udio pela qual a Bowers &amp; Wilkins \u00e9 reconhecida. Som de alta resolu\u00e7\u00e3o sem fios, sem compromisso. O melhor sistema de streaming de \u00e1udio de alta resolu\u00e7\u00e3o (96\/24 bits), composto por duas caixas ac\u00fasticas amplificadas [&hellip;]<\/p>\n","protected":false},"featured_media":19848,"template":"","meta":{"_acf_changed":false},"product_brand":[],"product_cat":[19,25,17,152],"product_tag":[],"class_list":{"0":"post-19847","1":"product","2":"type-product","3":"status-publish","4":"has-post-thumbnail","6":"product_cat-bw","7":"product_cat-bookshelf","8":"product_cat-caixas","9":"product_cat-caixas-amplificadas","11":"first","12":"instock","13":"sold-individually","14":"shipping-taxable","15":"purchasable","16":"product-type-simple"},"acf":[],"aioseo_notices":[],"_links":{"self":[{"href":"https:\/\/hificlub.com.br\/loja\/wp-json\/wp\/v2\/product\/19847","targetHints":{"allow":["GET"]}}],"collection":[{"href":"https:\/\/hificlub.com.br\/loja\/wp-json\/wp\/v2\/product"}],"about":[{"href":"https:\/\/hificlub.com.br\/loja\/wp-json\/wp\/v2\/types\/product"}],"wp:featuredmedia":[{"embeddable":true,"href":"https:\/\/hificlub.com.br\/loja\/wp-json\/wp\/v2\/media\/19848"}],"wp:attachment":[{"href":"https:\/\/hificlub.com.br\/loja\/wp-json\/wp\/v2\/media?parent=19847"}],"wp:term":[{"taxonomy":"product_brand","embeddable":true,"href":"https:\/\/hificlub.com.br\/loja\/wp-json\/wp\/v2\/product_brand?post=19847"},{"taxonomy":"product_cat","embeddable":true,"href":"https:\/\/hificlub.com.br\/loja\/wp-json\/wp\/v2\/product_cat?post=19847"},{"taxonomy":"product_tag","embeddable":true,"href":"https:\/\/hificlub.com.br\/loja\/wp-json\/wp\/v2\/product_tag?post=19847"}],"curies":[{"name":"wp","href":"https:\/\/api.w.org\/{rel}","templated":true}]}}