{"id":19811,"date":"2025-01-28T05:49:04","date_gmt":"2025-01-28T08:49:04","guid":{"rendered":"https:\/\/hificlub.com.br\/loja\/?post_type=product&#038;p=19811"},"modified":"2026-03-23T15:29:09","modified_gmt":"2026-03-23T18:29:09","slug":"estelon-aura","status":"publish","type":"product","link":"https:\/\/hificlub.com.br\/loja\/produto\/estelon-aura\/","title":{"rendered":"ESTELON AURA"},"content":{"rendered":"<p>O alto-falante Estelon AURA \u00e9 projetado e constru\u00eddo levando em considera\u00e7\u00e3o a ac\u00fastica ambiental de espa\u00e7os de audi\u00e7\u00e3o da vida real. Ele fornece uma experi\u00eancia de \u00e1udio envolvente e cativante como nenhuma outra entre alto-falantes deste tamanho. Para atingir isso, o AURA foi projetado com aten\u00e7\u00e3o meticulosa aos detalhes, incorporando tecnologia de ponta e recursos exclusivos que o diferenciam de outros alto-falantes no mercado. O AURA \u00e9 mais do que apenas um alto-falante; \u00e9 uma obra de arte que combina forma e fun\u00e7\u00e3o para fornecer uma experi\u00eancia de \u00e1udio incompar\u00e1vel. Com seu design exclusivo e tecnologia avan\u00e7ada, o AURA certamente ser\u00e1 um divisor de \u00e1guas no mundo do \u00e1udio.<\/p>\n<p>Os alto-falantes Estelon AURA usam um conceito de caixa selada, que \u00e9 mais compacto em compara\u00e7\u00e3o com o conceito bass reflex e \u00e9 menos exigente em rela\u00e7\u00e3o aos requisitos de posicionamento em uma sala.<br \/>\nUma das caracter\u00edsticas de destaque do AURA \u00e9 seu formato distinto, que n\u00e3o apenas aumenta seu apelo est\u00e9tico, mas tamb\u00e9m atende a um prop\u00f3sito funcional. O uso de um composto mineral patenteado termoformado permite o desenvolvimento do gabinete AURA com geometria de superf\u00edcie t\u00e3o avan\u00e7ada, por dentro e por fora. O formato proposital e v\u00e1rias c\u00e2maras internas, resultando em caracter\u00edsticas que permitem propriedades ac\u00fasticas ideais. O gabinete \u00e9 extremamente r\u00edgido, altamente denso, livre de resson\u00e2ncia e com amortecimento interno excepcional e controle ac\u00fastico.<\/p>\n<p>O tweeter Scan-Speak &#8216;Illuminator&#8217; Textile Dome de 26 mm (1\u201d) tem um motor de acionamento sim\u00e9trico para excelente qualidade de som e linearidade, independentemente se a m\u00fasica \u00e9 reproduzida em n\u00edveis de volume alto ou baixo. O guia de ondas do tweeter torna a dispers\u00e3o sonora do tweeter mais uniforme e combina com os drivers do woofer m\u00e9dio para um som puro e sem influ\u00eancias.<br \/>\nO woofer m\u00e9dio de 130 mm (5\u201d) da Satori usa um cone de papiro eg\u00edpcio patenteado para obter transpar\u00eancia e entrega sem esfor\u00e7o do som. O chassi de alum\u00ednio fundido aerodin\u00e2mico ventilado fornece resist\u00eancia ideal e baixa compress\u00e3o. O driver possui um entorno de borracha macia e de baixo amortecimento para resposta transiente ideal, e seu sistema de motor de neod\u00edmio \u00e9 otimizado para baixa distor\u00e7\u00e3o. Os fios condutores prateados s\u00e3o fixados a 180\u00b0 de dist\u00e2ncia para melhor estabilidade.<\/p>\n<p>O design inovador do AURA permite a incorpora\u00e7\u00e3o de um poderoso woofer de 10\u2033 na base do alto-falante (down-firing), para uma reprodu\u00e7\u00e3o de graves rica e suave. O woofer Faital de 250 mm (10\u201d) fornece graves profundos e articulados. Ele tem um cone de papel semi-prensado que fornece baixas frequ\u00eancias limpas e firmes. O woofer tem um som de graves preciso e sem esfor\u00e7o. A placa de base curva permite que o woofer de disparo inferior se acople acusticamente ao ch\u00e3o.<br \/>\nO ambiente ac\u00fastico criado na base do alto-falante AURA fornece um filtro passa-baixo adicional. Essa curva passa-baixo \u00e9 mais profunda do que o filtro el\u00e9trico, portanto, as frequ\u00eancias mais altas produzidas pelo driver de graves, em torno de 80 Hz, s\u00e3o eliminadas. O palco sonoro amplo e coerente, juntamente com a profundidade e o foco, d\u00e3o a impress\u00e3o ao ouvinte de que ele est\u00e1 sempre no ponto ideal, independentemente de sua posi\u00e7\u00e3o na sala.<\/p>\n<p>* TIPO<br \/>\nAlto-falante passivo de 3 vias, caixa selada<br \/>\n* DRIVERS<br \/>\nWoofer: 250 mm (10\u201d) Faital, cone de papel prensado<br \/>\n2 x Mid-woofer: 130 mm (5\u201d) Satori, cone de papiro eg\u00edpcio<br \/>\nTweeter: 26 mm (1&#8243;) Scan-Speak, domo t\u00eaxtil \u201cIlluminator\u201d<br \/>\n* FIA\u00c7\u00c3O INTERNA<br \/>\nKubala-Sosna<br \/>\n* RESPOSTA DE FREQU\u00caNCIA<br \/>\n35 &#8211; 25 000 Hz<br \/>\n* POT\u00caNCIA<br \/>\n200 W<br \/>\n* IMPED\u00c2NCIA NOMINAL<br \/>\n4 \u03a9 (m\u00edn. 2 \u03a9 a 58 Hz)<br \/>\n* SENSIBILIDADE<br \/>\n90 dB \/ 2,83 V<br \/>\n* POT\u00caNCIA M\u00cdNIMA DO AMPLIFICADOR<br \/>\n30 W<br \/>\n* MATERIAL DO GABINETE<br \/>\nComposto termoformado<br \/>\n* DIMENS\u00d5ES<br \/>\nAltura: 1366 mm (53,7&#8243;)<br \/>\nLargura: 384 mm (15,1&#8243;)<br \/>\nProfundidade: 367 mm (14,4&#8243;)<br \/>\nPeso l\u00edquido: 34 kg (75 lbs.) por pe\u00e7a<br \/>\n* TAMANHO DE SALA RECOMENDADO<br \/>\n15-60 m\u00b2 (160-645 p\u00e9s\u00b2)<\/p>\n","protected":false},"excerpt":{"rendered":"<p>O alto-falante Estelon AURA \u00e9 projetado e constru\u00eddo levando em considera\u00e7\u00e3o a ac\u00fastica ambiental de espa\u00e7os de audi\u00e7\u00e3o da vida real. Ele fornece uma experi\u00eancia de \u00e1udio envolvente e cativante como nenhuma outra entre alto-falantes deste tamanho. Para atingir isso, o AURA foi projetado com aten\u00e7\u00e3o meticulosa aos detalhes, incorporando tecnologia de ponta e recursos [&hellip;]<\/p>\n","protected":false},"featured_media":19815,"template":"","meta":{"_acf_changed":false},"product_brand":[],"product_cat":[17,186,187,18],"product_tag":[],"class_list":{"0":"post-19811","1":"product","2":"type-product","3":"status-publish","4":"has-post-thumbnail","6":"product_cat-caixas","7":"product_cat-gryphon","8":"product_cat-harman-kardon","9":"product_cat-torres","11":"first","12":"instock","13":"sold-individually","14":"shipping-taxable","15":"purchasable","16":"product-type-simple"},"acf":[],"aioseo_notices":[],"_links":{"self":[{"href":"https:\/\/hificlub.com.br\/loja\/wp-json\/wp\/v2\/product\/19811","targetHints":{"allow":["GET"]}}],"collection":[{"href":"https:\/\/hificlub.com.br\/loja\/wp-json\/wp\/v2\/product"}],"about":[{"href":"https:\/\/hificlub.com.br\/loja\/wp-json\/wp\/v2\/types\/product"}],"wp:featuredmedia":[{"embeddable":true,"href":"https:\/\/hificlub.com.br\/loja\/wp-json\/wp\/v2\/media\/19815"}],"wp:attachment":[{"href":"https:\/\/hificlub.com.br\/loja\/wp-json\/wp\/v2\/media?parent=19811"}],"wp:term":[{"taxonomy":"product_brand","embeddable":true,"href":"https:\/\/hificlub.com.br\/loja\/wp-json\/wp\/v2\/product_brand?post=19811"},{"taxonomy":"product_cat","embeddable":true,"href":"https:\/\/hificlub.com.br\/loja\/wp-json\/wp\/v2\/product_cat?post=19811"},{"taxonomy":"product_tag","embeddable":true,"href":"https:\/\/hificlub.com.br\/loja\/wp-json\/wp\/v2\/product_tag?post=19811"}],"curies":[{"name":"wp","href":"https:\/\/api.w.org\/{rel}","templated":true}]}}