{"id":19803,"date":"2025-01-28T05:17:39","date_gmt":"2025-01-28T08:17:39","guid":{"rendered":"https:\/\/hificlub.com.br\/loja\/?post_type=product&#038;p=19803"},"modified":"2025-01-28T05:19:25","modified_gmt":"2025-01-28T08:19:25","slug":"revel-concerta2-f36-black-piano","status":"publish","type":"product","link":"https:\/\/hificlub.com.br\/loja\/produto\/revel-concerta2-f36-black-piano\/","title":{"rendered":"REVEL CONCERTA2 F36 Black Piano"},"content":{"rendered":"<p>ESTADO 9\/10<\/p>\n<p>Revel Concerta2 F36 Alto-falante torre<br \/>\nO F36 \u00e9 um verdadeiro alto-falante de ch\u00e3o de 2 1\/2 vias e 6,5\u201d de alcance total que foi projetado para fornecer uma verdadeira qualidade de som de ponta. Ele fornecer\u00e1 uma combina\u00e7\u00e3o impressionante de ampla faixa de frequ\u00eancia, faixa din\u00e2mica n\u00e3o comprimida e baixa distor\u00e7\u00e3o em todo o espectro aud\u00edvel.<\/p>\n<p>A resposta de alta frequ\u00eancia \u00e9 suportada por tweeters de domo de alum\u00ednio de 1 polegada que foram derivados da s\u00e9rie Performa3 da Revel. A resposta de frequ\u00eancia de faixa baixa\/m\u00e9dia \u00e9 suportada por woofers de cone de alum\u00ednio de 6,5\u201d com estruturas de motor de baixa distor\u00e7\u00e3o para maior clareza e precis\u00e3o com sensibilidade e capacidade de sa\u00edda aprimoradas.<\/p>\n<p>O design patenteado do guia de onda melhora a mistura do tweeter com o woofer e melhora significativamente a resposta fora do eixo para desempenho consistente em uma ampla \u00e1rea de audi\u00e7\u00e3o. <\/p>\n<p>Caracter\u00edsticas<br \/>\nDerivado dos premiados alto-falantes da s\u00e9rie Performa3 da Revel<br \/>\nWoofers c\u00f4nicos de alum\u00ednio anodizado de 6,5&#8243; de profundidade<br \/>\nTweeter de alum\u00ednio de 1&#8243;<br \/>\nGuias de onda de lentes ac\u00fasticas de quarta gera\u00e7\u00e3o<br \/>\nPosicionamento de driver otimizado por computador e integra\u00e7\u00e3o de rede<br \/>\nProjeto de porta de gradiente de press\u00e3o constante<br \/>\nNenhum fecho vis\u00edvel nos pain\u00e9is frontal, superior ou lateral<br \/>\nGrelhas magn\u00e9ticas com logotipos met\u00e1licos escovados<\/p>\n<p>Especifica\u00e7\u00f5es<br \/>\nTipo de gabinete:  Bass-reflex via porta de disparo traseira<br \/>\nDriver de alta frequ\u00eancia:  tweeter de alum\u00ednio de 1&#8243; com guia de onda de lente ac\u00fastica<br \/>\nDriver de baixa frequ\u00eancia:  woofer de cone de alum\u00ednio de 3 x 6,5&#8243;<br \/>\nImped\u00e2ncia nominal:  6 ohms<br \/>\nConex\u00f5es de entrada:  bornes de cinco vias<br \/>\nExtens\u00e3o de baixa frequ\u00eancia:  51 Hz, 45 Hz, 33 Hz (-3 dB, -6 dB, -10 dB)<br \/>\nFrequ\u00eancias de crossover:  600 Hz, 1,8 kHz<br \/>\nSensibilidade:  91 dB (2,83 V a 1 M)<br \/>\nDimens\u00f5es, incluindo p\u00e9s:  44,25&#8243; x 9,65&#8243; x 12,2&#8243;<br \/>\nPeso:  50 lb<\/p>\n","protected":false},"excerpt":{"rendered":"<p>ESTADO 9\/10 Revel Concerta2 F36 Alto-falante torre O F36 \u00e9 um verdadeiro alto-falante de ch\u00e3o de 2 1\/2 vias e 6,5\u201d de alcance total que foi projetado para fornecer uma verdadeira qualidade de som de ponta. Ele fornecer\u00e1 uma combina\u00e7\u00e3o impressionante de ampla faixa de frequ\u00eancia, faixa din\u00e2mica n\u00e3o comprimida e baixa distor\u00e7\u00e3o em todo [&hellip;]<\/p>\n","protected":false},"featured_media":19804,"template":"","meta":{"_acf_changed":false},"product_brand":[],"product_cat":[17,82,18],"product_tag":[],"class_list":{"0":"post-19803","1":"product","2":"type-product","3":"status-publish","4":"has-post-thumbnail","6":"product_cat-caixas","7":"product_cat-revel","8":"product_cat-torres","10":"first","11":"instock","12":"sold-individually","13":"shipping-taxable","14":"purchasable","15":"product-type-simple"},"acf":[],"aioseo_notices":[],"_links":{"self":[{"href":"https:\/\/hificlub.com.br\/loja\/wp-json\/wp\/v2\/product\/19803","targetHints":{"allow":["GET"]}}],"collection":[{"href":"https:\/\/hificlub.com.br\/loja\/wp-json\/wp\/v2\/product"}],"about":[{"href":"https:\/\/hificlub.com.br\/loja\/wp-json\/wp\/v2\/types\/product"}],"wp:featuredmedia":[{"embeddable":true,"href":"https:\/\/hificlub.com.br\/loja\/wp-json\/wp\/v2\/media\/19804"}],"wp:attachment":[{"href":"https:\/\/hificlub.com.br\/loja\/wp-json\/wp\/v2\/media?parent=19803"}],"wp:term":[{"taxonomy":"product_brand","embeddable":true,"href":"https:\/\/hificlub.com.br\/loja\/wp-json\/wp\/v2\/product_brand?post=19803"},{"taxonomy":"product_cat","embeddable":true,"href":"https:\/\/hificlub.com.br\/loja\/wp-json\/wp\/v2\/product_cat?post=19803"},{"taxonomy":"product_tag","embeddable":true,"href":"https:\/\/hificlub.com.br\/loja\/wp-json\/wp\/v2\/product_tag?post=19803"}],"curies":[{"name":"wp","href":"https:\/\/api.w.org\/{rel}","templated":true}]}}