{"id":19785,"date":"2025-01-25T22:42:22","date_gmt":"2025-01-26T01:42:22","guid":{"rendered":"https:\/\/hificlub.com.br\/loja\/?post_type=product&#038;p=19785"},"modified":"2026-03-03T22:18:13","modified_gmt":"2026-03-04T01:18:13","slug":"denon-pma-3000ne-amplificador-integrado-com-dac-mm-mc-phono-80-watts","status":"publish","type":"product","link":"https:\/\/hificlub.com.br\/loja\/produto\/denon-pma-3000ne-amplificador-integrado-com-dac-mm-mc-phono-80-watts\/","title":{"rendered":"DENON PMA-3000NE Amplificador Integrado com DAC, MM MC Phono 80 watts"},"content":{"rendered":"<p>O Denon PMA-3000NE \u00e9 um amplificador est\u00e9reo anal\u00f3gico extremamente potente, de n\u00edvel audi\u00f3filo, que pode facilmente acionar at\u00e9 mesmo alto-falantes notoriamente dif\u00edceis com qualidade excepcional. O PMA-3000NE oferece um som musical completo e natural, e tamb\u00e9m oferece uma gama completa de entradas de \u00e1udio digital e uma entrada de toca-discos de alta qualidade para c\u00e1psulas MM e MC.<\/p>\n<p>Denon PMA 3000NE, amplificador est\u00e9reo anal\u00f3gico potente e intransigente com ases digitais na manga<\/p>\n<p>Se\u00e7\u00e3o de amplificador anal\u00f3gico extremamente pesada e est\u00e1vel<\/p>\n<p>Entradas anal\u00f3gicas e digitais (\u00f3ptica\/digital\/USB)<\/p>\n<p>Qualidade de som de alta fidelidade excepcional com upsampling de 32 bits de fontes de \u00e1udio digital<\/p>\n<p>Entrada para toca-discos RIAA MM\/MC audi\u00f3filo e ativa\u00e7\u00e3o autom\u00e1tica para \u00e1udio de TV digital<\/p>\n<p>Acabamento exclusivo em alum\u00ednio, tamb\u00e9m no controle remoto<\/p>\n<p>O Denon PMA-3000NE \u00e9 um amplificador est\u00e9reo anal\u00f3gico extremamente potente e audi\u00f3filo, capaz de acionar at\u00e9 mesmo alto-falantes notoriamente dif\u00edceis sem esfor\u00e7o e com qualidade excepcional. Os 2 x 80 watts n\u00e3o parecem particularmente espetaculares no papel, mas com tanta pot\u00eancia por tr\u00e1s, quase qualquer tarefa pode ser dominada com louvor.<\/p>\n<p>Na superf\u00edcie, o PMA-3000NE \u00e9 muito semelhante ao seu antecessor, o PMA-2500NE, mas in\u00fameras solu\u00e7\u00f5es t\u00e9cnicas, do layout do circuito \u00e0 sele\u00e7\u00e3o de componentes, m\u00e9todos de conex\u00e3o e ajuste de qualidade de som, s\u00e3o baseadas no luxuoso modelo de anivers\u00e1rio da Denon, o PMA-A110, em alguns casos at\u00e9 mesmo melhorado. Transformadores duplos, processamento Ultra AL32, controle de volume digital superpreciso e nada menos que quatro conversores D\/A audi\u00f3filos integrados s\u00e3o apenas alguns dos muitos benef\u00edcios que voc\u00ea encontrar\u00e1 neste impressionante amplificador est\u00e9reo.<\/p>\n<p>Som excepcional de fontes anal\u00f3gicas e digitais<\/p>\n<p>O Denon PMA-3000NE oferece o som natural, completo e musical que \u00e9 essencial para muitos entusiastas anal\u00f3gicos. Mas tamb\u00e9m oferece uma gama de entradas de \u00e1udio digital e uma finesse e detalhes que rivalizam com muitas alternativas digitais de ponta e Classe D. Se voc\u00ea \u00e9 f\u00e3 de vinil, tamb\u00e9m h\u00e1 uma entrada de toca-discos de alta qualidade para cartuchos MM e MC. O painel frontal \u00e9 feito de alum\u00ednio, ent\u00e3o a impress\u00e3o visual faz justi\u00e7a ao desempenho de \u00e1udio.<\/p>\n<p>Se voc\u00ea precisa de streaming ou \u00e1udio HDMI da sua TV, confira o streamer de m\u00fasica Denon DNP-2000NE, que oferece todos os aprimoramentos modernos que voc\u00ea gostaria de adicionar ao PMA-3000NE em um gabinete separado, completamente protegido dos circuitos de \u00e1udio cr\u00edticos.<\/p>\n<p>Muitos extras para m\u00fasica digital<\/p>\n<p>O Denon PMA-3000NE possui entradas de \u00e1udio digital coaxial, \u00f3ptica e USB. Isso permite que voc\u00ea o use como um \u00f3timo conversor D\/A (DAC) com upsampling de \u00e1udio de 32 bits para todas as suas fontes de \u00e1udio digital, como CD players e uma solu\u00e7\u00e3o de streaming sem fio. \u00c9 a\u00ed que entra o sistema HEOS da Denon, que \u00e9 100% integrado ao amplificador e \u00e9 uma solu\u00e7\u00e3o perfeita, tanto em termos de funcionalidade quanto de som.<\/p>\n<p>Por meio da entrada USB ass\u00edncrona, voc\u00ea tamb\u00e9m pode usar o PMA-3000NE para reprodu\u00e7\u00e3o digital cristalina da sua cole\u00e7\u00e3o de m\u00fasicas do PC\/Mac, incluindo arquivos de m\u00fasica de alta resolu\u00e7\u00e3o de at\u00e9 32 bits\/384 kHz. Em resumo, voc\u00ea pode obter qualidade de som de todas as suas fontes de m\u00fasica digital que voc\u00ea nunca imaginou ser poss\u00edvel, sem a necessidade de um DAC externo e cabos.<\/p>\n<p>O Denon PMA-3000NE est\u00e1 dispon\u00edvel em prata e preto. Um controle remoto de sistema de alum\u00ednio est\u00e1 incluso.<\/p>\n<p>\u00d3timo som em todas as condi\u00e7\u00f5es<\/p>\n<p>Uma vers\u00e3o avan\u00e7ada e exclusiva do famoso circuito single-push-pull UHC-MOS da Denon deu ao PMA-3000NE enormes recursos de pot\u00eancia. Ele pode produzir picos de carga de at\u00e9 210 amperes sem comprometer a espetacular delicadeza do som. Voc\u00ea perceber\u00e1 rapidamente que 80 watts podem soar como algo que outros precisariam de tr\u00eas d\u00edgitos para medir.<\/p>\n<p>Com essa pot\u00eancia bruta por tr\u00e1s, voc\u00ea pode emparelhar com confian\u00e7a o PMA-3000NE com a maioria dos alto-falantes hi-fi s\u00e9rios do mercado e obter resultados sonoros espetaculares. Mesmo modelos notoriamente &#8220;dif\u00edceis&#8221; e famintos por energia podem ser acionados com alt\u00edssima qualidade, dando a voc\u00ea liberdade quase total para encontrar exatamente a solu\u00e7\u00e3o de alto-falante que melhor se adapta aos seus gostos.<\/p>\n<p>Constru\u00e7\u00e3o est\u00e1vel e firme<\/p>\n<p>Comparado a amplificadores Denon menores, o Denon PMA-3000NE \u00e9 extremamente pesado, pesando quase 25 quilos. Isso \u00e9 para estabilizar a estrutura el\u00e9trica e fornecer um som ainda melhor. Externamente, isso \u00e9 claramente vis\u00edvel nos pain\u00e9is de alum\u00ednio pesados \u200b\u200bnas laterais do gabinete e no gabinete um pouco maior, que fornece espa\u00e7o para dois transformadores, cada um dos quais poderia ter sido usado em um amplificador menos ambicioso.<\/p>\n<p>Os pain\u00e9is superior e inferior s\u00e3o constru\u00e7\u00f5es sandu\u00edche pesadas feitas de placas de a\u00e7o de 1,6 mm de espessura, e os transformadores s\u00e3o &#8220;suspensos&#8221; com diferentes materiais de amortecimento de vibra\u00e7\u00e3o para eliminar interfer\u00eancia mec\u00e2nica. Os dissipadores de calor tamb\u00e9m s\u00e3o feitos de materiais de diferentes espessuras para suprimir at\u00e9 mesmo os \u00faltimos resqu\u00edcios de resson\u00e2ncia.<\/p>\n<p>Se\u00e7\u00f5es completamente separadas para m\u00e1xima qualidade de som<\/p>\n<p>O Denon PMA-3000NE consiste em 6 blocos blindados individualmente com est\u00e1gios de alimenta\u00e7\u00e3o de energia separados para os dois canais. Isso evita interfer\u00eancia entre a fonte de alimenta\u00e7\u00e3o, o pr\u00e9-amplificador e a se\u00e7\u00e3o do amplificador de pot\u00eancia. O chamado sistema LC (Leakage Cancelling) da Denon usa transformadores duplos e fontes de alimenta\u00e7\u00e3o em paralelo para eliminar automaticamente a radia\u00e7\u00e3o m\u00fatua. Toda a fia\u00e7\u00e3o interna \u00e9 feita de cobre OFC exclusivo.<\/p>\n<p>Os controles de tom e o controle de volume extragrande s\u00e3o controlados digitalmente, mas ainda fornecem a sensa\u00e7\u00e3o agrad\u00e1vel de controles s\u00f3lidos. Gra\u00e7as \u00e0 sua alta precis\u00e3o e design ultraest\u00e1vel, o controle de volume contribui significativamente para a estabilidade da imagem est\u00e9reo, na qual a separa\u00e7\u00e3o de canais e os detalhes s\u00e3o mantidos mesmo em volumes muito baixos. Ao reproduzir fontes de m\u00fasica anal\u00f3gicas, todos os circuitos digitais podem ser desligados para eliminar o risco de ru\u00eddo de alta frequ\u00eancia (modo anal\u00f3gico). O Source Direct permite que voc\u00ea roteie o sinal de \u00e1udio sem os controles de \u00e1udio.<\/p>\n<p>\u00c1udio de alta resolu\u00e7\u00e3o: o m\u00e1ximo em divers\u00e3o musical<\/p>\n<p>O Denon PMA-3000NE suporta arquivos de m\u00fasica de alta resolu\u00e7\u00e3o (\u00e1udio de alta resolu\u00e7\u00e3o) de at\u00e9 24 bits\/192 kHz por meio das entradas \u00f3pticas e coaxiais e at\u00e9 mesmo de at\u00e9 32 bits\/384 kHz por meio da entrada USB no painel traseiro. A tecnologia ass\u00edncrona do Denon PMA-3000NE tamb\u00e9m otimiza o chamado &#8220;clock&#8221; durante a transfer\u00eancia USB do PC para evitar ru\u00eddo de jitter (distor\u00e7\u00e3o digital no dom\u00ednio do tempo) que deteriora o \u00e1udio. Voc\u00ea pode aproveitar esse detalhe audi\u00f3filo quer ou\u00e7a m\u00fasica em resolu\u00e7\u00e3o normal ou alta.<\/p>\n<p>Alguns servi\u00e7os de streaming (por exemplo, TIDAL Max, Qobuz e Roon) j\u00e1 transmitem m\u00fasica em qualidade HD e com o Denon PMA-3000NE voc\u00ea pode aproveitar ao m\u00e1ximo a m\u00fasica de alta resolu\u00e7\u00e3o transmitida, por exemplo, por meio de um streamer de m\u00fasica HEOS.<\/p>\n<p>Processamento Ultra AL32 e upsampling de 32 bits para qualidade de som excepcional<\/p>\n<p>O Denon PMA-3000NE apresenta o exclusivo processamento de sinal Ultra AL32 de 32 bits da Denon, que faz o upsample de todos os sinais musicais para uma resolu\u00e7\u00e3o completa de 32 bits antes do processamento. Essa resolu\u00e7\u00e3o significativamente melhorada garante muito mais detalhes e precis\u00e3o dentro e fora da faixa aud\u00edvel. Os importantes conversores D\/A tamb\u00e9m funcionam em 32 bits.<\/p>\n<p>Power Amp Direct &#8211; est\u00e9reo de luxo para seu sistema de som surround<\/p>\n<p>Se voc\u00ea quiser est\u00e9reo e surround na mais alta qualidade, voc\u00ea pode usar a engenhosa fun\u00e7\u00e3o EXT.PRE (tamb\u00e9m conhecida como Power Amp Direct). Se seu receiver surround tiver uma pr\u00e9-sa\u00edda, voc\u00ea pode conectar um cabo ao PMA-3000NE e us\u00e1-lo como um amplificador de pot\u00eancia para os alto-falantes frontais durante a audi\u00e7\u00e3o surround.<\/p>\n<p>Se voc\u00ea estiver voltando a usar CDs ou streamers de m\u00fasica, por exemplo, voc\u00ea est\u00e1 do lado seguro com o sistema est\u00e9reo de luxo. Dessa forma, voc\u00ea pode conectar um sistema surround se quiser som multicanal para sua cole\u00e7\u00e3o de filmes, mas preferir m\u00fasica de dois canais. \u00c9 uma solu\u00e7\u00e3o simples e elegante, que voc\u00ea pode alterar com o toque de um bot\u00e3o!<\/p>\n<p>As conex\u00f5es de alto-falante potentes s\u00e3o at\u00e9 mesmo duplicadas, para que voc\u00ea possa conectar facilmente alto-falantes de dois canais, mesmo com cabos muito grossos. Como alternativa, voc\u00ea pode conectar um conjunto de alto-falantes adicional. Al\u00e9m disso, h\u00e1 uma entrada de toca-discos MM\/MC integrada e discreta de alta qualidade. O uso de FETs de baixo ru\u00eddo no primeiro est\u00e1gio e a fonte de alimenta\u00e7\u00e3o separada garantem uma qualidade de som que faz justi\u00e7a total a um toca-discos de qualidade.<\/p>\n<p>Benef\u00edcios:<\/p>\n<p>Amplificador anal\u00f3gico extremamente pesado e solidamente constru\u00eddo<\/p>\n<p>Acabamento exclusivo em alum\u00ednio, inclusive no controle remoto<\/p>\n<p>Afina\u00e7\u00e3o do Sound Master<\/p>\n<p>Entradas anal\u00f3gicas e digitais (\u00f3ptica\/digital\/USB)<\/p>\n<p>Processamento Ultra AL32 Processamento de sinal de upsampling de 32 bits<\/p>\n<p>Entrada USB-B ass\u00edncrona com suporte a \u00e1udio de alta resolu\u00e7\u00e3o, incluindo DSD\/SACD<\/p>\n<p>Modo anal\u00f3gico (desliga todos os circuitos digitais)<\/p>\n<p>Pode acionar alto-falantes que consomem muita energia<\/p>\n<p>Integra\u00e7\u00e3o perfeita com o sistema de streaming sem fio HEOS da Denon<\/p>\n<p>Entrada de toca-discos MM\/MC RIAA para arquivos de \u00e1udio<\/p>\n<p>O \u00e1udio da TV pode ser conectado atrav\u00e9s da entrada \u00f3ptica (incluindo reprodu\u00e7\u00e3o autom\u00e1tica)<\/p>\n<p>Dois terminais de alto-falante para bi-fia\u00e7\u00e3o<\/p>\n<p>Pode ser usado como um amplificador est\u00e9reo de luxo em um home theater de \u00faltima gera\u00e7\u00e3o (Power Amp Direct)<\/p>\n<p>Especifica\u00e7\u00f5es do Denon PMA-3000NE:<\/p>\n<p>Pot\u00eancia de sa\u00edda nominal 80 W + 80 W (8 ohms, 20 Hz-20 kHz, THD 0,07%)<\/p>\n<p>160 W + 160 W (4 ohms, 1 kHz, THD 0,7%)<\/p>\n<p>Distor\u00e7\u00e3o harm\u00f4nica total 0,01% (sa\u00edda nominal: -3 dB), 8 ohms\/ohms, 1 kHz<\/p>\n<p>Sensibilidade de entrada: Entrada Phono MM: 2,5 mV \/ 47 kohms, MC: 200 \u00b5V \/ 100 ohms<\/p>\n<p>Sensibilidade de entrada: CD\/LINE\/RECORDER 135 mV \/ 19 kohms<\/p>\n<p>Sensibilidade de entrada: Entrada do amplificador de pot\u00eancia 0,9 V \/ 47 kohms (EXT. PRE)<\/p>\n<p>Rela\u00e7\u00e3o sinal-ru\u00eddo PHONO (MM): 89 dB, PHONO (MC): 74 dB, CD: 107 dB<\/p>\n<p>Consumo m\u00e1ximo de energia 400W<\/p>\n<p>Circuito Amplificador de Pot\u00eancia Novo UHC-MOS Single Push Pull br \/&gt;Circuito Pr\u00e9-Amplificador Pr\u00e9-Amplificador de Ganho Vari\u00e1vel (OP AMP)<\/p>\n<p>Graves \/ Agudos \/ M\u00e9dios \/ Controle de equil\u00edbrio Sim \/ Sim \/ N\u00e3o \/ Sim<\/p>\n<p>Fonte direta Sim<\/p>\n<p>Modo de amplificador anal\u00f3gico Sim (bot\u00e3o do painel frontal)br \/&gt;Circuito DAC ES9018K2M \u00d7 4br \/&gt;Processamento digital Processamento Ultra AL32<\/p>\n<p>Design do rel\u00f3gio mestre DAC Sim<\/p>\n<p>Modo ass\u00edncrono (para entrada USB-B) Sim<\/p>\n<p>Entrada Phono Sim (MM \/ MC)<\/p>\n<p>Entrada anal\u00f3gica (incluindo Phono) \/ Sa\u00edda REC (RCA) 4 \/ 1 (banhado a ouro)<\/p>\n<p>Entrada\/Sa\u00edda \u00d3ptica (Suporte M\u00e1ximo) 3\/0 (192kHz\/24bit)<\/p>\n<p>Entrada\/Sa\u00edda Coaxial (Suporte M\u00e1ximo) 1\/0 (192 kHz\/24 bits)<\/p>\n<p>Terminal de alto-falante AVR-A1H tipo banhado a ouro com tampa<\/p>\n<p>Sa\u00edda de fone de ouvido 1<\/p>\n<p>Controle Remoto Sim<\/p>\n<p>Terminal de barramento de controle remoto Sim (mini)<\/p>\n<p>USB B (USB DAC) 1 (traseiro)<\/p>\n<p>Taxa de amostragem PCM \/ Resolu\u00e7\u00e3o ~384 kHz\/32 bits<\/p>\n<p>Transmiss\u00e3o de \u00e1udio DSD ~11,2 MHz<\/p>\n<p>Dimens\u00f5es (L \u00d7 A \u00d7 P) 434 \u00d7 182 \u00d7 443 mm<\/p>\n<p>Peso l\u00edquido 24,6 kg<\/p>\n","protected":false},"excerpt":{"rendered":"<p>O Denon PMA-3000NE \u00e9 um amplificador est\u00e9reo anal\u00f3gico extremamente potente, de n\u00edvel audi\u00f3filo, que pode facilmente acionar at\u00e9 mesmo alto-falantes notoriamente dif\u00edceis com qualidade excepcional. O PMA-3000NE oferece um som musical completo e natural, e tamb\u00e9m oferece uma gama completa de entradas de \u00e1udio digital e uma entrada de toca-discos de alta qualidade para c\u00e1psulas [&hellip;]<\/p>\n","protected":false},"featured_media":19786,"template":"","meta":{"_acf_changed":false},"product_brand":[],"product_cat":[27,150,51],"product_tag":[],"class_list":{"0":"post-19785","1":"product","2":"type-product","3":"status-publish","4":"has-post-thumbnail","6":"product_cat-amplificador","7":"product_cat-denon","8":"product_cat-integrado","10":"first","11":"instock","12":"sold-individually","13":"shipping-taxable","14":"purchasable","15":"product-type-simple"},"acf":[],"aioseo_notices":[],"_links":{"self":[{"href":"https:\/\/hificlub.com.br\/loja\/wp-json\/wp\/v2\/product\/19785","targetHints":{"allow":["GET"]}}],"collection":[{"href":"https:\/\/hificlub.com.br\/loja\/wp-json\/wp\/v2\/product"}],"about":[{"href":"https:\/\/hificlub.com.br\/loja\/wp-json\/wp\/v2\/types\/product"}],"wp:featuredmedia":[{"embeddable":true,"href":"https:\/\/hificlub.com.br\/loja\/wp-json\/wp\/v2\/media\/19786"}],"wp:attachment":[{"href":"https:\/\/hificlub.com.br\/loja\/wp-json\/wp\/v2\/media?parent=19785"}],"wp:term":[{"taxonomy":"product_brand","embeddable":true,"href":"https:\/\/hificlub.com.br\/loja\/wp-json\/wp\/v2\/product_brand?post=19785"},{"taxonomy":"product_cat","embeddable":true,"href":"https:\/\/hificlub.com.br\/loja\/wp-json\/wp\/v2\/product_cat?post=19785"},{"taxonomy":"product_tag","embeddable":true,"href":"https:\/\/hificlub.com.br\/loja\/wp-json\/wp\/v2\/product_tag?post=19785"}],"curies":[{"name":"wp","href":"https:\/\/api.w.org\/{rel}","templated":true}]}}