{"id":19766,"date":"2025-01-25T17:20:18","date_gmt":"2025-01-25T20:20:18","guid":{"rendered":"https:\/\/hificlub.com.br\/loja\/?post_type=product&#038;p=19766"},"modified":"2026-03-03T22:18:13","modified_gmt":"2026-03-04T01:18:13","slug":"magico-s3","status":"publish","type":"product","link":"https:\/\/hificlub.com.br\/loja\/produto\/magico-s3\/","title":{"rendered":"MAGICO S3"},"content":{"rendered":"<p>Descri\u00e7\u00e3o \u25b4<br \/>\nO alto-falante carro-chefe da Magico, o incompar\u00e1vel M9, foi tanto um exerc\u00edcio de engenharia de tour de force quanto um produto acabado. O conhecimento destilado e os avan\u00e7os tecnol\u00f3gicos obtidos no desenvolvimento do M9 foram aplicados ao novo S3, que colhe as recompensas desses esfor\u00e7os monumentais. Com novos recursos de P&amp;D de \u00faltima gera\u00e7\u00e3o, nos propusemos a redesenhar o alto-falante S3 Mk II para obter melhorias aud\u00edveis em todos os par\u00e2metros. Com novo gabinete, drivers e sistema de acoplamento, o S3 realiza muito mais do que o briefing de design inicial. As tecnologias e t\u00e9cnicas de constru\u00e7\u00e3o alavancadas no novo S3 alcan\u00e7am uma pureza de som e desempenho medido que superou nossas expectativas. O novo Magico S3 quebra os limites de desempenho para um alto-falante em sua classe.<\/p>\n<p>Gabinete<br \/>\nO novo S3 apresenta uma apar\u00eancia que \u00e9 ao mesmo tempo refinada e fortificada. Com um gabinete rec\u00e9m-projetado, montado a partir de quatro pain\u00e9is separados de alum\u00ednio extrudado variando em espessura de 1\/2\u201d a 2 polegadas, o gabinete do S3 \u00e9 ambicioso para dizer o m\u00ednimo. Cada painel, incluindo o defletor frontal, \u00e9 cuidadosamente usinado para assumir um per\u00edmetro geral sem bordas. Uma placa superior usinada maci\u00e7a \u00e9 curva e tem um passo para cima para minimizar a difra\u00e7\u00e3o do gabinete e quebrar ondas estacion\u00e1rias verticais. Uma placa de base mais espessa e substancial incorpora um sistema de estabilizador de 3 pontos rec\u00e9m-projetado com um novo design de p\u00e9 que abaixa o centro de gravidade do alto-falante e aumenta a estabilidade geral, resultando em um menor n\u00edvel de ru\u00eddo e maior din\u00e2mica. O novo sistema de interferometria a laser 3D interno da Magico mede cada painel do gabinete S3, at\u00e9 1000 pontos de cada lado, e calcula a resson\u00e2ncia SPL agregada de todo o gabinete. Esta an\u00e1lise altamente precisa nos permite comparar a contribui\u00e7\u00e3o da resson\u00e2ncia do gabinete em rela\u00e7\u00e3o \u00e0 sa\u00edda ac\u00fastica dos transdutores e aplicar estrategicamente t\u00e9cnicas de refor\u00e7o e amortecimento interno para otimizar o desempenho geral do som do S3 em sua forma finalizada. O novo gabinete S3 \u00e9 30% mais silencioso do que seu antecessor.<\/p>\n<p>Design de ponta<br \/>\nO Klippel Near-Field-Scanner (NFS) usa um \u00fanico microfone que gira em torno de um gabinete de alto-falante suspenso no ar livre. O microfone analisa o espa\u00e7o do ambiente primeiro e, em seguida, faz medi\u00e7\u00f5es ac\u00fasticas 3D totalmente automatizadas (no eixo e fora do eixo) em um per\u00edodo m\u00ednimo de tempo, sem a necessidade de uma c\u00e2mara anec\u00f3ica. A esfera de 360 \u200b\u200bdgeree de pontos de medi\u00e7\u00e3o \u00e9 ent\u00e3o calculada com as medi\u00e7\u00f5es iniciais da sala deduzidas da equa\u00e7\u00e3o. O Klippel Near-Field-Scanner fornece \u00e0 Magico dados sem precedentes e altamente precisos e nos permite prever as reflex\u00f5es e a resposta de cada alto-falante na sala em um ambiente de sala de audi\u00e7\u00e3o padr\u00e3o. O novo S3 se beneficiou muito desse investimento intransigente em tecnologia de medi\u00e7\u00e3o. O resultado \u00e9 um alto-falante com clara superioridade t\u00e9cnica que resulta em desempenho sonoro incompar\u00e1vel.<\/p>\n<p>Tweeter e Drivers<br \/>\nTr\u00eas anos de pesquisa de engenharia trazem uma nova gera\u00e7\u00e3o de designs de chassis de transdutores que fornecem par\u00e2metros mec\u00e2nicos e ac\u00fasticos aprimorados. Novos perfis de chassis foram desenvolvidos para os drivers de m\u00e9dio alcance e graves do S3, o que resulta em propriedades ideais de rigidez e amortecimento para minimizar qualquer contribui\u00e7\u00e3o ac\u00fastica, reduzindo os modos ressonantes e, ao mesmo tempo, maximizando o fluxo de ar. Nenhum aspecto do design do S3 foi deixado ao acaso. O comprometimento da Magico em alavancar seus recursos de P&amp;D para o melhor desempenho ac\u00fastico \u00e9 inigual\u00e1vel.<\/p>\n<p>DESTAQUES DO TWEETER: Usando elementos-chave da plataforma do tweeter M9, o tweeter S3 rec\u00e9m-projetado apresenta o alardeado diafragma de ber\u00edlio revestido de diamante Magico de 28 mm. A geometria otimizada, criada usando ferramentas de modelagem de An\u00e1lise de Elementos Finitos de \u00faltima gera\u00e7\u00e3o, traz a reprodu\u00e7\u00e3o de alta frequ\u00eancia do S3 um passo mais perto da perfei\u00e7\u00e3o. Isso foi alcan\u00e7ado aproveitando habilmente as propriedades f\u00edsicas do ber\u00edlio, tornando o tweeter mais pr\u00f3ximo do ideal te\u00f3rico sem ganhar o peso extra normalmente associado a um material como a gravidade espec\u00edfica do diamante. Essa tecnologia aplicada permitiu que a Magico aumentasse o di\u00e2metro da c\u00fapula de 26 mm para 28 mm, melhorando muitos aspectos do desempenho e permitindo um manuseio de pot\u00eancia ainda maior e distor\u00e7\u00e3o incrivelmente baixa. Combinado com um sistema de motor baseado em neod\u00edmio, nova c\u00e2mara traseira acusticamente aprimorada e formato personalizado para integrar-se ao defletor frontal curvo, o novo tweeter S3 registra as menores medi\u00e7\u00f5es de distor\u00e7\u00e3o poss\u00edveis hoje em um transdutor de alta frequ\u00eancia. Quando combinado com um manuseio de pot\u00eancia ainda maior, o tweeter do S3 \u00e9 uma maravilha t\u00e9cnica e sonora.<\/p>\n<p>DESTAQUES DO DRIVER DE M\u00c9DIO RANGE: O driver de m\u00e9dio alcance puro de 5 polegadas no S3 apresenta um material de cone avan\u00e7ado formado por um n\u00facleo de alum\u00ednio tipo favo de mel intercalado com camadas externas e internas de grafeno e fibra de carbono. Isso permite caracter\u00edsticas de dispers\u00e3o mais amplas e resulta em maior transpar\u00eancia de m\u00e9dio alcance. O cone avan\u00e7ado \u00e9 suportado por um conjunto de cesta personalizado e um entorno de espuma inovador e de longa dura\u00e7\u00e3o, o que ajuda a atingir a integra\u00e7\u00e3o ideal de cone\/entorno, tempo de estabiliza\u00e7\u00e3o mais r\u00e1pido e distor\u00e7\u00e3o impressionantemente baixa. O novo sistema de motor baseado em neod\u00edmio usa dois \u00edm\u00e3s extragrandes para facilitar um campo magn\u00e9tico superestabilizado e uma tampa de p\u00f3lo de cobre puro que minimiza as correntes parasitas e maximiza a efici\u00eancia. Este desenvolvimento na tecnologia de driver de m\u00e9dio alcance define um novo padr\u00e3o de desempenho medido nos dom\u00ednios de frequ\u00eancia e tempo.<\/p>\n<p>DESTAQUES DO DRIVER DE GRAVES: A An\u00e1lise de Elementos Finitos (FEA) fornece aos engenheiros da Magico uma plataforma \u00fanica para avaliar propriedades ac\u00fasticas, mec\u00e2nicas, eletromagn\u00e9ticas e t\u00e9rmicas. Este teste meticuloso ajuda a minimizar distor\u00e7\u00f5es nos dom\u00ednios de frequ\u00eancia e tempo. O driver de graves do S3 se beneficiou muito desta pesquisa avan\u00e7ada. O driver de graves de 9\u201d no S3 apresenta uma vers\u00e3o aprimorada do cone Graphene Nano-Tec da Magico. O grafeno, uma estrutura hexagonal de carbono, atinge 50 vezes a resist\u00eancia \u00e0 tra\u00e7\u00e3o do a\u00e7o de alto carbono. O novo cone \u00e9 formado usando um n\u00facleo de alum\u00ednio em formato de favo de mel intercalado por camadas externas e internas de CF Graphene, que se combinam para atingir a maior rela\u00e7\u00e3o rigidez-peso poss\u00edvel, propriedades de amortecimento ideais e distor\u00e7\u00e3o extremamente baixa. A nova unidade de graves incorpora componentes superdimensionados, incluindo uma bobina de voz de tit\u00e2nio puro de 5 polegadas e uma enorme tampa de cobre com 1\/2\u201d de excurs\u00e3o linear. O campo magn\u00e9tico superestabilizado permite que o S3 reproduza uma sa\u00edda de graves graves superior (112 dB a 50 Hz medidos a 1 metro), mantendo distor\u00e7\u00e3o e indut\u00e2ncia muito baixas abaixo de 0,25 m O novo Magico S3: Superioridade t\u00e9cnica alcan\u00e7ada por meio de um compromisso inabal\u00e1vel com as t\u00e9cnicas de pesquisa e desenvolvimento mais avan\u00e7adas do setor. O resultado \u00e9 uma obra-prima sonora que revelar\u00e1 mais prazer auditivo do que se pensava ser poss\u00edvel nessa faixa de pre\u00e7o<\/p>\n<p>Especifica\u00e7\u00f5es do produto \u25b4<br \/>\nMotoristas\t1 1.1\u201d MB5FP ber\u00edlio puro, tweeter revestido de diamante<br \/>\n1 5\u201d driver de m\u00e9dio alcance Gen 8<br \/>\n2 9\u201d driver de baixo Gen 8<br \/>\nImped\u00e2ncia\t4 ohms<br \/>\nSensibilidade\t88 dB<br \/>\nResposta de frequ\u00eancia\t24 Hz \u2013 50 kHz<br \/>\nPot\u00eancia recomendada\t50 \u2013 750 Watts<br \/>\nDimens\u00f5es\t44A\u201d x 17P\u201d x 12L\u201d (estalador de 17\u201d)    (112cm x 43cm x 30cm)<br \/>\nPeso: 222 lbs. (101 kg)<\/p>\n","protected":false},"excerpt":{"rendered":"<p>Descri\u00e7\u00e3o \u25b4 O alto-falante carro-chefe da Magico, o incompar\u00e1vel M9, foi tanto um exerc\u00edcio de engenharia de tour de force quanto um produto acabado. O conhecimento destilado e os avan\u00e7os tecnol\u00f3gicos obtidos no desenvolvimento do M9 foram aplicados ao novo S3, que colhe as recompensas desses esfor\u00e7os monumentais. Com novos recursos de P&amp;D de \u00faltima [&hellip;]<\/p>\n","protected":false},"featured_media":19784,"template":"","meta":{"_acf_changed":false},"product_brand":[],"product_cat":[17,139,18],"product_tag":[],"class_list":{"0":"post-19766","1":"product","2":"type-product","3":"status-publish","4":"has-post-thumbnail","6":"product_cat-caixas","7":"product_cat-magico","8":"product_cat-torres","10":"first","11":"instock","12":"sold-individually","13":"shipping-taxable","14":"product-type-simple"},"acf":[],"aioseo_notices":[],"_links":{"self":[{"href":"https:\/\/hificlub.com.br\/loja\/wp-json\/wp\/v2\/product\/19766","targetHints":{"allow":["GET"]}}],"collection":[{"href":"https:\/\/hificlub.com.br\/loja\/wp-json\/wp\/v2\/product"}],"about":[{"href":"https:\/\/hificlub.com.br\/loja\/wp-json\/wp\/v2\/types\/product"}],"wp:featuredmedia":[{"embeddable":true,"href":"https:\/\/hificlub.com.br\/loja\/wp-json\/wp\/v2\/media\/19784"}],"wp:attachment":[{"href":"https:\/\/hificlub.com.br\/loja\/wp-json\/wp\/v2\/media?parent=19766"}],"wp:term":[{"taxonomy":"product_brand","embeddable":true,"href":"https:\/\/hificlub.com.br\/loja\/wp-json\/wp\/v2\/product_brand?post=19766"},{"taxonomy":"product_cat","embeddable":true,"href":"https:\/\/hificlub.com.br\/loja\/wp-json\/wp\/v2\/product_cat?post=19766"},{"taxonomy":"product_tag","embeddable":true,"href":"https:\/\/hificlub.com.br\/loja\/wp-json\/wp\/v2\/product_tag?post=19766"}],"curies":[{"name":"wp","href":"https:\/\/api.w.org\/{rel}","templated":true}]}}