{"id":1976,"date":"2023-10-17T19:58:31","date_gmt":"2023-10-17T22:58:31","guid":{"rendered":"https:\/\/hificlub.com.br\/loja2\/produto\/jbl-synthesis-hdi-4500\/"},"modified":"2026-03-24T05:37:14","modified_gmt":"2026-03-24T08:37:14","slug":"jbl-synthesis-hdi-4500","status":"publish","type":"product","link":"https:\/\/hificlub.com.br\/loja\/produto\/jbl-synthesis-hdi-4500\/","title":{"rendered":"JBL SYNTHESIS HDI-4500"},"content":{"rendered":"<p><strong><span style=\"font-size: medium\">Sobre a JBL HDI-4500<\/span><\/strong><\/p>\n<h2>Um alto-falante de canal central robusto<\/h2>\n<p>O JBL HDI-4500 foi projetado para oferecer di\u00e1logos, m\u00fasicas e efeitos sonoros n\u00edtidos e detalhados.\u00a0A JBL vem desenvolvendo uma brilhante tecnologia de alto-falantes h\u00e1 d\u00e9cadas e integrou esse conhecimento neste elegante canal central que vem em tr\u00eas belos acabamentos para complementar praticamente qualquer decora\u00e7\u00e3o de casa.<\/p>\n<h3>Impressionante driver de compress\u00e3o<\/h3>\n<p>A JBL usa drivers de compress\u00e3o carregados com chifres em matrizes de alto-falantes para grandes salas de concertos &#8211; eles preenchem o espa\u00e7o com som claro de uma forma que um tweeter de c\u00fapula padr\u00e3o n\u00e3o consegue.\u00a0Essa mesma tecnologia \u00e9 usada no canal central HDI-4500.\u00a0Isso significa que voc\u00ea pode desfrutar de um som cristalino e expansivo.\u00a0O driver \u00e9 embutido em um guia de ondas, o que garante que altas frequ\u00eancias detalhadas sejam dispersas em uma ampla \u00e1rea de audi\u00e7\u00e3o.<\/p>\n<h3>Uma base s\u00f3lida para m\u00e9dios e graves<\/h3>\n<p>Os quatro woofers de 5-1\/4&#8243; deste alto-falante s\u00e3o cones de matriz de alum\u00ednio r\u00edgidos e leves. Eles apresentam uma bobina de voz de longo alcance para alta sa\u00edda e baixa distor\u00e7\u00e3o, oferecendo detalhes de m\u00e9dios e graves s\u00f3lidos. Os drivers est\u00e3o alojados em um gabinete elegantemente arredondado feito de MDF espesso e fortemente refor\u00e7ado para eliminar vibra\u00e7\u00f5es que atrapalham o som.<\/p>\n<h3>Parte de um sistema de som surround com correspond\u00eancia de voz<\/h3>\n<p>O HDI-4500 possui correspond\u00eancia de voz (e correspond\u00eancia de cores) com outros alto-falantes da linha HDI da JBL, para que voc\u00ea possa criar um sistema de som surround com apar\u00eancia e som incr\u00edveis:<\/p>\n<div class=\"details\">\n<ul>\n<li>Alto-falantes de ch\u00e3o\u00a0JBL\u00a0<a href=\"https:\/\/www-crutchfield-com.translate.goog\/p_109HDI36BK\/JBL-HDI-3600-High-Gloss-Black.html?_x_tr_sl=en&amp;_x_tr_tl=pt&amp;_x_tr_hl=pt-BR&amp;_x_tr_pto=sc\">HDI-3600<\/a>\u00a0\u00a0ou\u00a0<a href=\"https:\/\/www-crutchfield-com.translate.goog\/p_109HDI38BK\/JBL-HDI-3800-High-Gloss-Black.html?_x_tr_sl=en&amp;_x_tr_tl=pt&amp;_x_tr_hl=pt-BR&amp;_x_tr_pto=sc\">HDI-3800 para canais frontais esquerdo\/direito<\/a><\/li>\n<li>Alto-falantes de estante JBL\u00a0<a href=\"https:\/\/www-crutchfield-com.translate.goog\/p_109HDI16BK\/JBL-HDI-1600-High-Gloss-Black.html?_x_tr_sl=en&amp;_x_tr_tl=pt&amp;_x_tr_hl=pt-BR&amp;_x_tr_pto=sc\">HDI-1600<\/a>\u00a0para canais traseiros\/surround<\/li>\n<li>Subwoofer amplificado\u00a0JBL\u00a0<a href=\"https:\/\/www-crutchfield-com.translate.goog\/p_109HDI12BK\/JBL-HDI-1200.html?_x_tr_sl=en&amp;_x_tr_tl=pt&amp;_x_tr_hl=pt-BR&amp;_x_tr_pto=sc\">HDI-1200<\/a><\/li>\n<\/ul>\n<h2>Destaques do produto:<\/h2>\n<ul>\n<li>Projeto de 2-1\/2 vias<\/li>\n<li>Driver de compress\u00e3o de alta frequ\u00eancia com corneta de 1&#8243; com tecnologia de guia de onda HDI (Imagem de alta defini\u00e7\u00e3o) para uma resposta suave e uniforme em uma ampla \u00e1rea de audi\u00e7\u00e3o<\/li>\n<li>quatro woofers de cone de matriz de alum\u00ednio avan\u00e7ada de 5-1\/4&#8243; com molduras fundidas para m\u00e9dios e graves potentes<\/li>\n<li>gabinete curvo \u00e9 constru\u00eddo em MDF grosso e fortemente refor\u00e7ado para amortecer as vibra\u00e7\u00f5es internas<\/li>\n<li>design bass-reflex com portas duplas de disparo traseiro<\/li>\n<li>resposta de frequ\u00eancia: 50-30.000 Hz (-6dB)<\/li>\n<li>sensibilidade: 90dB<\/li>\n<li>imped\u00e2ncia: 4 ohms<\/li>\n<li>pot\u00eancia recomendada do amplificador: 20-250 watts<\/li>\n<li>grades magn\u00e9ticas de pano<\/li>\n<li>acabamento pintado em preto brilhante de grau automotivo<\/li>\n<\/ul>\n<h5>Dimens\u00f5es e garantia:<\/h5>\n<ul>\n<li>33-3\/16&#8243; L x 7-1\/2&#8243; A x 12-5\/16&#8243; P<\/li>\n<li>peso: 44,3 libras.<\/li>\n<li>garantia: 5 anos<\/li>\n<\/ul>\n<\/div>\n","protected":false},"excerpt":{"rendered":"<p>Sobre a JBL HDI-4500 Um alto-falante de canal central robusto O JBL HDI-4500 foi projetado para oferecer di\u00e1logos, m\u00fasicas e efeitos sonoros n\u00edtidos e detalhados.\u00a0A JBL vem desenvolvendo uma brilhante tecnologia de alto-falantes h\u00e1 d\u00e9cadas e integrou esse conhecimento neste elegante canal central que vem em tr\u00eas belos acabamentos para complementar praticamente qualquer decora\u00e7\u00e3o de [&hellip;]<\/p>\n","protected":false},"featured_media":41795,"template":"","meta":{"_acf_changed":false},"product_brand":[],"product_cat":[19,35,17],"product_tag":[],"class_list":{"0":"post-1976","1":"product","2":"type-product","3":"status-publish","4":"has-post-thumbnail","6":"product_cat-bw","7":"product_cat-caixas-centrais","8":"product_cat-caixas","10":"first","11":"instock","12":"sold-individually","13":"shipping-taxable","14":"purchasable","15":"product-type-simple"},"acf":[],"aioseo_notices":[],"_links":{"self":[{"href":"https:\/\/hificlub.com.br\/loja\/wp-json\/wp\/v2\/product\/1976","targetHints":{"allow":["GET"]}}],"collection":[{"href":"https:\/\/hificlub.com.br\/loja\/wp-json\/wp\/v2\/product"}],"about":[{"href":"https:\/\/hificlub.com.br\/loja\/wp-json\/wp\/v2\/types\/product"}],"wp:featuredmedia":[{"embeddable":true,"href":"https:\/\/hificlub.com.br\/loja\/wp-json\/wp\/v2\/media\/41795"}],"wp:attachment":[{"href":"https:\/\/hificlub.com.br\/loja\/wp-json\/wp\/v2\/media?parent=1976"}],"wp:term":[{"taxonomy":"product_brand","embeddable":true,"href":"https:\/\/hificlub.com.br\/loja\/wp-json\/wp\/v2\/product_brand?post=1976"},{"taxonomy":"product_cat","embeddable":true,"href":"https:\/\/hificlub.com.br\/loja\/wp-json\/wp\/v2\/product_cat?post=1976"},{"taxonomy":"product_tag","embeddable":true,"href":"https:\/\/hificlub.com.br\/loja\/wp-json\/wp\/v2\/product_tag?post=1976"}],"curies":[{"name":"wp","href":"https:\/\/api.w.org\/{rel}","templated":true}]}}