{"id":19744,"date":"2025-01-24T19:16:41","date_gmt":"2025-01-24T22:16:41","guid":{"rendered":"https:\/\/hificlub.com.br\/loja\/?post_type=product&#038;p=19744"},"modified":"2026-03-03T22:18:14","modified_gmt":"2026-03-04T01:18:14","slug":"vincent-sv-500-mk-amplificador-integrado-hibrido-com-bluetooth-dac-50-watts","status":"publish","type":"product","link":"https:\/\/hificlub.com.br\/loja\/produto\/vincent-sv-500-mk-amplificador-integrado-hibrido-com-bluetooth-dac-50-watts\/","title":{"rendered":"VINCENT SV-500 MK Amplificador Integrado Hibrido com Bluetooth DAC 50 watts"},"content":{"rendered":"<p>Amplificador integrado h\u00edbrido Vincent Audio SV-500 MK<br \/>\nUm h\u00edbrido de 50 W com v\u00e1lvulas 12AX7 e 6N1 e DAC integrado com HDMI e Bluetooth<br \/>\nA vers\u00e3o MK, atualiza\u00e7\u00e3o do popular amplificador h\u00edbrido integrado SV-500 da Vincent, adiciona entradas HDMI e Bluetooth.<\/p>\n<p>Audi\u00f3filos do mundo todo adoram o som de v\u00e1lvulas. \u00c9 por isso que o fabricante alem\u00e3o Vincent Audio coloca v\u00e1lvulas em tantos de seus produtos quanto poss\u00edvel.<\/p>\n<p>O principal problema com v\u00e1lvulas, no entanto, \u00e9 que v\u00e1lvulas grandes de alta pot\u00eancia podem falhar quando s\u00e3o estressadas. \u00c9 por isso que a Vincent Audio criou uma classe especial de amplificadores chamada &#8220;h\u00edbridos&#8221;. Eles usam v\u00e1lvulas de v\u00e1cuo onde fazem mais bem \u2013 nos est\u00e1gios de pr\u00e9-amplificador \u2013 e dispositivos de estado s\u00f3lido para sa\u00edda de energia para os alto-falantes. Muitos audi\u00f3filos ao redor do mundo descobriram que essa combina\u00e7\u00e3o de v\u00e1lvula de v\u00e1cuo e estado s\u00f3lido \u00e9 um casamento feito no c\u00e9u.<\/p>\n<p>Engenharia de \u00c1udio Inteligente<br \/>\nA engenharia de \u00e1udio inteligente da Vincent Audio n\u00e3o para nas v\u00e1lvulas. A equipe de engenharia alem\u00e3 da Vincent investiu milhares de horas para projetar fontes de alimenta\u00e7\u00e3o extremamente robustas. A fonte de alimenta\u00e7\u00e3o do amplificador \u00e9 essencial para seu desempenho. Por um lado, uma fonte de alimenta\u00e7\u00e3o extremamente confi\u00e1vel significa que o amplificador operar\u00e1 com efici\u00eancia m\u00e1xima por muitos anos sem falhar.<\/p>\n<p>Um segundo motivo \u00e9 a resposta dos graves. A maioria dos amplificadores mais baratos n\u00e3o consegue fornecer graves excelentes simplesmente porque t\u00eam fontes de alimenta\u00e7\u00e3o fracas. Os amplificadores de Vincent, no entanto, s\u00e3o famosos por graves poderosos, profundos e abundantes \u2013 mesmo em n\u00edveis de volume baixos. Um truque? N\u00e3o, \u00e9 tudo sobre ci\u00eancia e engenharia. Vincent investe em um bom design de circuito, incluindo um grande transformador de pot\u00eancia, tampas de filtro de alta qualidade e muito mais. Pegue o amplificador e voc\u00ea ver\u00e1 que ele \u00e9 bem pesado. Conecte-o e ou\u00e7a. Voc\u00ea ficar\u00e1 surpreso com a base s\u00f3lida que ouve em todos os tipos de m\u00fasica.<\/p>\n<p>Entradas Anal\u00f3gicas e Digitais<br \/>\nO Vincent SV-500 \u00e9 um amplificador est\u00e9reo integrado com todos os recursos, oferecendo seis entradas \u2013 quatro anal\u00f3gicas e duas digitais. As entradas digitais conectam-se a um DAC especialmente constru\u00eddo para um som excelente com CD players.<\/p>\n<p>\u00d3timos recursos incluem controles independentes de graves e agudos, entrada de fone de ouvido no painel frontal, mudo e controle remoto infravermelho. O controle remoto de metal \u00e9 um dos melhores que j\u00e1 vimos. Ele tem uma sensa\u00e7\u00e3o s\u00f3lida, perfil fino e apenas os bot\u00f5es certos, mas nenhum dos bot\u00f5es extras que voc\u00ea nunca usar\u00e1. O painel traseiro possui excelentes bornes de alto-falante de cinco vias e sa\u00eddas de grava\u00e7\u00e3o e pr\u00e9-amplificador, caso voc\u00ea queira usar o SV-500 como um pr\u00e9-amplificador valvulado aut\u00f4nomo com um amplificador externo.<\/p>\n<p>Circuito semelhante ao seu Big Brother, o Vincent SV-237<br \/>\nNo cora\u00e7\u00e3o do SV-500 est\u00e1 um circuito muito semelhante ao irm\u00e3o mais velho integrado de Vincent, o popular SV-237. Este circuito projetado na Alemanha tem tr\u00eas v\u00e1lvulas de v\u00e1cuo substitu\u00edveis pelo usu\u00e1rio, duas 6N1s e uma 12AX7B, para o som quente e rico das v\u00e1lvulas de v\u00e1cuo. As v\u00e1lvulas s\u00e3o conservadoramente polarizadas para uma longa vida \u00fatil. A f\u00e1brica declara a vida \u00fatil esperada da v\u00e1lvula de dez anos. No entanto, suspeitamos que elas durar\u00e3o muito mais.<\/p>\n<p>Conservadoramente classificado em 50WRMS em 8 ohms, achamos que o SV-500 parece fornecer muito mais pot\u00eancia do que o anunciado, gra\u00e7as \u00e0 sua fonte de alimenta\u00e7\u00e3o robusta. Pela facilidade com todos os tipos de material musical, voc\u00ea jurar\u00e1 que est\u00e1 ouvindo um amplificador muito maior.<\/p>\n<p>Especifica\u00e7\u00f5es<br \/>\nPot\u00eancia de sa\u00edda (8 ohm, 4 ohm): 50 W, 80 W<\/p>\n<p>Entradas: 4 x RCA est\u00e9reo, 1 x \u00f3ptica, 1 x coaxial SPDIF<\/p>\n<p>Sa\u00eddas: 1 x RCA rec est\u00e9reo, 1 x RCA pre est\u00e9reo, 2 x controle de pot\u00eancia<\/p>\n<p>Imped\u00e2ncia de entrada: 47 kOhm<\/p>\n<p>Complemento de tubo: 1 x 12AX7, 2 x 6N1<\/p>\n<p>Dimens\u00f5es (WHD): 17&#8243; x 4,6&#8243; x 14,7&#8243; <\/p>\n<p>Peso: 22 lb.<\/p>\n","protected":false},"excerpt":{"rendered":"<p>Amplificador integrado h\u00edbrido Vincent Audio SV-500 MK Um h\u00edbrido de 50 W com v\u00e1lvulas 12AX7 e 6N1 e DAC integrado com HDMI e Bluetooth A vers\u00e3o MK, atualiza\u00e7\u00e3o do popular amplificador h\u00edbrido integrado SV-500 da Vincent, adiciona entradas HDMI e Bluetooth. Audi\u00f3filos do mundo todo adoram o som de v\u00e1lvulas. \u00c9 por isso que o [&hellip;]<\/p>\n","protected":false},"featured_media":19745,"template":"","meta":{"_acf_changed":false},"product_brand":[],"product_cat":[27,51,96],"product_tag":[],"class_list":{"0":"post-19744","1":"product","2":"type-product","3":"status-publish","4":"has-post-thumbnail","6":"product_cat-amplificador","7":"product_cat-integrado","8":"product_cat-vincent","10":"first","11":"instock","12":"sold-individually","13":"shipping-taxable","14":"purchasable","15":"product-type-simple"},"acf":[],"aioseo_notices":[],"_links":{"self":[{"href":"https:\/\/hificlub.com.br\/loja\/wp-json\/wp\/v2\/product\/19744","targetHints":{"allow":["GET"]}}],"collection":[{"href":"https:\/\/hificlub.com.br\/loja\/wp-json\/wp\/v2\/product"}],"about":[{"href":"https:\/\/hificlub.com.br\/loja\/wp-json\/wp\/v2\/types\/product"}],"wp:featuredmedia":[{"embeddable":true,"href":"https:\/\/hificlub.com.br\/loja\/wp-json\/wp\/v2\/media\/19745"}],"wp:attachment":[{"href":"https:\/\/hificlub.com.br\/loja\/wp-json\/wp\/v2\/media?parent=19744"}],"wp:term":[{"taxonomy":"product_brand","embeddable":true,"href":"https:\/\/hificlub.com.br\/loja\/wp-json\/wp\/v2\/product_brand?post=19744"},{"taxonomy":"product_cat","embeddable":true,"href":"https:\/\/hificlub.com.br\/loja\/wp-json\/wp\/v2\/product_cat?post=19744"},{"taxonomy":"product_tag","embeddable":true,"href":"https:\/\/hificlub.com.br\/loja\/wp-json\/wp\/v2\/product_tag?post=19744"}],"curies":[{"name":"wp","href":"https:\/\/api.w.org\/{rel}","templated":true}]}}