{"id":19736,"date":"2025-01-24T19:05:04","date_gmt":"2025-01-24T22:05:04","guid":{"rendered":"https:\/\/hificlub.com.br\/loja\/?post_type=product&#038;p=19736"},"modified":"2026-03-03T22:18:14","modified_gmt":"2026-03-04T01:18:14","slug":"vincent-sv-737-amplificador-integrado-hibrido-com-bluetooth-dac-180-watts","status":"publish","type":"product","link":"https:\/\/hificlub.com.br\/loja\/produto\/vincent-sv-737-amplificador-integrado-hibrido-com-bluetooth-dac-180-watts\/","title":{"rendered":"VINCENT SV-737 Amplificador Integrado Hibrido com Bluetooth DAC 180 watts"},"content":{"rendered":"<p>Amplificador integrado h\u00edbrido est\u00e9reo Vincent SV-737<br \/>\nUm amplificador valvulado\/de estado s\u00f3lido de 180 W com um est\u00e1gio de entrada valvulado 6N2P e 6N1P e regulagem valvulada 85A2. Tamb\u00e9m tem um DAC de streaming integrado com capacidade sem fio<br \/>\nO fabricante alem\u00e3o Vincent adiciona alguns toques modernos \u00e0 sua conceituada tubeLine com o SV-737. Este amplificador h\u00edbrido agora tem um DAC de streaming a bordo e oferece Wi-Fi e Bluetooth. A caixa abriga dois circuitos distintos de pr\u00e9 e amplificador de pot\u00eancia que foram perfeitamente combinados entre si. Vincent trabalhou na cria\u00e7\u00e3o de uma combina\u00e7\u00e3o que oferece m\u00e1xima transpar\u00eancia e estabilidade espectral.<\/p>\n<p>O SV-737 obt\u00e9m seu est\u00e1gio de v\u00e1lvula do pr\u00e9-amplificador SA-T7, empregando seu princ\u00edpio b\u00e1sico de dois blocos de ganho com controle de tom comut\u00e1vel e incorporado. Agora h\u00e1 dois triodos duplos por canal, e a amplifica\u00e7\u00e3o de voltagem \u00e9 fornecida por v\u00e1lvulas 6N2P-EV. Elas t\u00eam uma curva caracter\u00edstica semelhante \u00e0 bem conhecida ECC83<br \/>\nou 12AX7, por\u00e9m mais linear. Al\u00e9m disso, o 6N2P-EV \u00e9 particularmente baixo em microfonia e ru\u00eddo.<\/p>\n<p>Com seus c\u00e1todos de alta corrente, os tubos 6N1P assumem a fun\u00e7\u00e3o do est\u00e1gio driver e buffer. A regula\u00e7\u00e3o de tens\u00e3o, tamb\u00e9m do SA-T7, usa um tubo 85A2, originalmente desenvolvido para tecnologia de medi\u00e7\u00e3o de alta sensibilidade. Ele fornece uma tens\u00e3o de alimenta\u00e7\u00e3o de baixo ru\u00eddo e quase sem zumbido em combina\u00e7\u00e3o com um regulador semicondutor.<\/p>\n<p>Especifica\u00e7\u00f5es<br \/>\nPot\u00eancia de sa\u00edda por canal (8 ohm, 4 ohm):  180 W, 300 W<\/p>\n<p>Sensibilidade de entrada: 300 mV<\/p>\n<p>Imped\u00e2ncia de entrada: 47 kOhm<\/p>\n<p>Entradas digitais:  2 x \u00f3pticas, 2 x coaxiais<\/p>\n<p>Entradas anal\u00f3gicas:  6 x RCA est\u00e9reo, 1 x amplificador de pot\u00eancia RCA est\u00e9reo<\/p>\n<p>Sa\u00eddas: 1 x sa\u00edda RCA est\u00e9reo rec, 1 x sa\u00edda RCA est\u00e9reo pre, 2 x controle remoto de 3,5 mm, 4 x alto-falante est\u00e9reo <\/p>\n<p>Complemento de tubo:  2 x 6N1P, 2 x 6N2P, 1 x 85A2<\/p>\n<p>Dimens\u00f5es (WHD):  16,9&#8243; x 6,5&#8243; x 16,9&#8243; (430 x 165 x 430 mm)<\/p>\n<p>Peso:  46,3 lb<\/p>\n","protected":false},"excerpt":{"rendered":"<p>Amplificador integrado h\u00edbrido est\u00e9reo Vincent SV-737 Um amplificador valvulado\/de estado s\u00f3lido de 180 W com um est\u00e1gio de entrada valvulado 6N2P e 6N1P e regulagem valvulada 85A2. Tamb\u00e9m tem um DAC de streaming integrado com capacidade sem fio O fabricante alem\u00e3o Vincent adiciona alguns toques modernos \u00e0 sua conceituada tubeLine com o SV-737. Este amplificador [&hellip;]<\/p>\n","protected":false},"featured_media":19737,"template":"","meta":{"_acf_changed":false},"product_brand":[],"product_cat":[27,51,96],"product_tag":[],"class_list":{"0":"post-19736","1":"product","2":"type-product","3":"status-publish","4":"has-post-thumbnail","6":"product_cat-amplificador","7":"product_cat-integrado","8":"product_cat-vincent","10":"first","11":"instock","12":"sold-individually","13":"shipping-taxable","14":"purchasable","15":"product-type-simple"},"acf":[],"aioseo_notices":[],"_links":{"self":[{"href":"https:\/\/hificlub.com.br\/loja\/wp-json\/wp\/v2\/product\/19736","targetHints":{"allow":["GET"]}}],"collection":[{"href":"https:\/\/hificlub.com.br\/loja\/wp-json\/wp\/v2\/product"}],"about":[{"href":"https:\/\/hificlub.com.br\/loja\/wp-json\/wp\/v2\/types\/product"}],"wp:featuredmedia":[{"embeddable":true,"href":"https:\/\/hificlub.com.br\/loja\/wp-json\/wp\/v2\/media\/19737"}],"wp:attachment":[{"href":"https:\/\/hificlub.com.br\/loja\/wp-json\/wp\/v2\/media?parent=19736"}],"wp:term":[{"taxonomy":"product_brand","embeddable":true,"href":"https:\/\/hificlub.com.br\/loja\/wp-json\/wp\/v2\/product_brand?post=19736"},{"taxonomy":"product_cat","embeddable":true,"href":"https:\/\/hificlub.com.br\/loja\/wp-json\/wp\/v2\/product_cat?post=19736"},{"taxonomy":"product_tag","embeddable":true,"href":"https:\/\/hificlub.com.br\/loja\/wp-json\/wp\/v2\/product_tag?post=19736"}],"curies":[{"name":"wp","href":"https:\/\/api.w.org\/{rel}","templated":true}]}}