{"id":19729,"date":"2025-01-24T18:49:21","date_gmt":"2025-01-24T21:49:21","guid":{"rendered":"https:\/\/hificlub.com.br\/loja\/?post_type=product&#038;p=19729"},"modified":"2026-03-22T20:33:27","modified_gmt":"2026-03-22T23:33:27","slug":"vincent-sv-228-amplificador-integrado-hibrido-com-bluetooth-dac-100-watts","status":"publish","type":"product","link":"https:\/\/hificlub.com.br\/loja\/produto\/vincent-sv-228-amplificador-integrado-hibrido-com-bluetooth-dac-100-watts\/","title":{"rendered":"VINCENT SV-228 Amplificador Integrado H\u00edbrido com Bluetooth DAC 100 watts"},"content":{"rendered":"<p>Amplificador integrado h\u00edbrido Vincent SV-228<br \/>\nUm amplificador h\u00edbrido de 180 W usando 1 x 6N4 e 2 x tubos de entrada ECC82, e um est\u00e1gio de sa\u00edda de transistor Toshiba A1941. Com DAC integrado e Bluetooth<br \/>\nTotalmente novo para 2022, o Vincent SV-228 \u00e9 o passo evolutivo natural na sucess\u00e3o das unidades PowerLine do Vincent, come\u00e7ando com o SV-226 e indo at\u00e9 o SV-227MK.<\/p>\n<p>O SV-228 se apresenta em uma roupagem completamente nova, com um medidor VU embutido no painel frontal. Ele foi atualizado com uma entrada Bluetooth e um bypass de home theater, tornando-o ainda mais flex\u00edvel. Em termos de som, a din\u00e2mica e a resolu\u00e7\u00e3o fina foram melhoradas sem perder o calor caracter\u00edstico de Vincent.<\/p>\n<p>O est\u00e1gio de entrada do tubo de v\u00e1cuo usa uma v\u00e1lvula 6N4 e duas v\u00e1lvulas JJ ECC82, com a amplifica\u00e7\u00e3o final via transistores Toshiba A1941, gerando 180 W por canal.<\/p>\n<p>Especifica\u00e7\u00f5es<br \/>\nPot\u00eancia de sa\u00edda (4 ohm, 8 ohm): 180 W, 100 W<\/p>\n<p>Sensibilidade de entrada: 560 mV<\/p>\n<p>Imped\u00e2ncia de entrada: 47 kOhm<\/p>\n<p>Consumo M\u00e1x. de Energia: 350 W<\/p>\n<p>Entradas: 2 x RCA est\u00e9reo, 1 x coaxial, 1 x \u00f3ptica, 1 x bypass HT RCA est\u00e9reo<\/p>\n<p>Sa\u00eddas: 1 x pr\u00e9 est\u00e9reo, 1 x grava\u00e7\u00e3o est\u00e9reo, 4 x alto-falantes est\u00e9reo<\/p>\n<p>Complemento de tubo: 1 x 6N4, 2 x ECC82<\/p>\n<p>Formatos digitais reproduz\u00edveis: WAV, FLAC, APE, LPCM, MP3, AAC, AC3, WMA<\/p>\n<p>Dimens\u00f5es (WHD): 17&#8243; x 6&#8243; x 17,7&#8243; (430 x 152 x 450 mm)<\/p>\n<p>Peso: 34 lb<\/p>\n","protected":false},"excerpt":{"rendered":"<p>Amplificador integrado h\u00edbrido Vincent SV-228 Um amplificador h\u00edbrido de 180 W usando 1 x 6N4 e 2 x tubos de entrada ECC82, e um est\u00e1gio de sa\u00edda de transistor Toshiba A1941. Com DAC integrado e Bluetooth Totalmente novo para 2022, o Vincent SV-228 \u00e9 o passo evolutivo natural na sucess\u00e3o das unidades PowerLine do Vincent, [&hellip;]<\/p>\n","protected":false},"featured_media":19730,"template":"","meta":{"_acf_changed":false},"product_brand":[],"product_cat":[27,51,96],"product_tag":[],"class_list":{"0":"post-19729","1":"product","2":"type-product","3":"status-publish","4":"has-post-thumbnail","6":"product_cat-amplificador","7":"product_cat-integrado","8":"product_cat-vincent","10":"first","11":"instock","12":"sold-individually","13":"shipping-taxable","14":"purchasable","15":"product-type-simple"},"acf":[],"aioseo_notices":[],"_links":{"self":[{"href":"https:\/\/hificlub.com.br\/loja\/wp-json\/wp\/v2\/product\/19729","targetHints":{"allow":["GET"]}}],"collection":[{"href":"https:\/\/hificlub.com.br\/loja\/wp-json\/wp\/v2\/product"}],"about":[{"href":"https:\/\/hificlub.com.br\/loja\/wp-json\/wp\/v2\/types\/product"}],"wp:featuredmedia":[{"embeddable":true,"href":"https:\/\/hificlub.com.br\/loja\/wp-json\/wp\/v2\/media\/19730"}],"wp:attachment":[{"href":"https:\/\/hificlub.com.br\/loja\/wp-json\/wp\/v2\/media?parent=19729"}],"wp:term":[{"taxonomy":"product_brand","embeddable":true,"href":"https:\/\/hificlub.com.br\/loja\/wp-json\/wp\/v2\/product_brand?post=19729"},{"taxonomy":"product_cat","embeddable":true,"href":"https:\/\/hificlub.com.br\/loja\/wp-json\/wp\/v2\/product_cat?post=19729"},{"taxonomy":"product_tag","embeddable":true,"href":"https:\/\/hificlub.com.br\/loja\/wp-json\/wp\/v2\/product_tag?post=19729"}],"curies":[{"name":"wp","href":"https:\/\/api.w.org\/{rel}","templated":true}]}}