{"id":1971,"date":"2023-10-17T19:58:30","date_gmt":"2023-10-17T22:58:30","guid":{"rendered":"https:\/\/hificlub.com.br\/loja2\/produto\/klipsch-paladium-p37f\/"},"modified":"2026-03-02T14:20:03","modified_gmt":"2026-03-02T17:20:03","slug":"klipsch-paladium-p37f","status":"publish","type":"product","link":"https:\/\/hificlub.com.br\/loja\/produto\/klipsch-paladium-p37f\/","title":{"rendered":"KLIPSCH PALADIUM P37F"},"content":{"rendered":"<p>Sendo a caixa ac\u00fastica de ch\u00e3o &#8220;menor&#8221; da nossa linha de luxo Palladium Series, a P-37F apresenta a tecnologia e o visual sofisticado da P-39F, o modelo principal da linha, em um formato ligeiramente mais compacto, mas igualmente impressionante.<\/p>\n<ul id=\"yui_3_17_2_1_1763567386780_677\">\n<li><span dir=\"auto\">Design moderno, acabamento incompar\u00e1vel e tecnologias exclusivas.<\/span><\/li>\n<li id=\"yui_3_17_2_1_1763567386780_676\"><span dir=\"auto\">Arm\u00e1rio com folheado de madeira Linia com padr\u00e3o ex\u00f3tico de zebra<\/span><\/li>\n<li><span dir=\"auto\">Tweeter de 0,75 polegadas com guia de ondas, midrange de 4,5 polegadas e tr\u00eas woofers de 7 polegadas.<\/span><\/li>\n<li><span dir=\"auto\">Design bass-reflex com tr\u00eas portas traseiras<\/span><\/li>\n<li><span dir=\"auto\">Projetado com foco em design de interiores e mobili\u00e1rio, o P-37F possui um estilo caracter\u00edstico que combina o \u00e1udio cl\u00e1ssico da Klipsch com um visual limpo e contempor\u00e2neo.<\/span>\n<p><span dir=\"auto\">O design exclusivo da caixa ac\u00fastica de ch\u00e3o sugere a pot\u00eancia e o desempenho internos, mantendo ao mesmo tempo um alto grau de sofistica\u00e7\u00e3o e beleza. Al\u00e9m do formato, o elemento visual mais marcante \u00e9 o ex\u00f3tico folheado de madeira Linia com padr\u00e3o zebra, dispon\u00edvel em tr\u00eas acabamentos diferentes: natural, merlot e espresso.<\/span><\/li>\n<li><span dir=\"auto\">Ap\u00f3s apenas uma audi\u00e7\u00e3o, voc\u00ea descobrir\u00e1 que a P-37F representa o mais recente avan\u00e7o em tecnologia de cornetas e a aplica\u00e7\u00e3o mais pura desses princ\u00edpios de design at\u00e9 o momento.<\/span>\n<p><span dir=\"auto\">Exclusiva da S\u00e9rie Palladium, a configura\u00e7\u00e3o de corneta dupla em composto termoendurec\u00edvel com infus\u00e3o de carbono \u00e9 um diferencial. Ela consiste em um tweeter com design exclusivo, que combina um plugue de fase com c\u00e2mara e uma corneta Tractrix\u00ae para uma resposta de alta frequ\u00eancia estendida; uma segunda corneta Tractrix de 90\u00ba por 60\u00ba com amortecimento ac\u00fastico \u00e9 acoplada ao driver de m\u00e9dios, resultando em performances notavelmente precisas e detalhadas.<\/span><\/p>\n<p><span dir=\"auto\">Para um desempenho superior nos graves, os tr\u00eas drivers de baixa frequ\u00eancia do P-37F utilizam woofers de cone h\u00edbrido de 7 polegadas, alimentados por uma estrutura exclusiva de \u00edm\u00e3 de neod\u00edmio de tr\u00eas partes com an\u00e9is estabilizadores duplos que reduzem o fluxo n\u00e3o linear.<\/span><\/li>\n<\/ul>\n<table>\n<tbody>\n<tr>\n<td class=\"uppercase\">FREQUENCY RESPONSE:<\/td>\n<td>43Hz-24kHz +\/-3dB<\/td>\n<\/tr>\n<tr>\n<td class=\"uppercase\">HIGH FREQUENCY EXTENSION:<\/td>\n<td>30kHz<\/td>\n<\/tr>\n<tr>\n<td class=\"uppercase\">LOW FREQUENCY EXTENSION:<\/td>\n<td>31Hz<\/td>\n<\/tr>\n<tr>\n<td class=\"uppercase\">SENSITIVITY:<\/td>\n<td>96dB @ 2.83V \/ 1m<\/td>\n<\/tr>\n<tr>\n<td class=\"uppercase\">POWER HANDLING:<\/td>\n<td>275W continuous \/ 1100W peak<\/td>\n<\/tr>\n<tr>\n<td class=\"uppercase\">MAXIMUM ACOUSTIC OUTPUT:<\/td>\n<td>120dB (2 speakers in-room)<\/td>\n<\/tr>\n<tr>\n<td class=\"uppercase\">NOMINAL IMPEDANCE:<\/td>\n<td>4 ohms<\/td>\n<\/tr>\n<tr>\n<td class=\"uppercase\">RECOMMENDED AMPLIFIER POWER:<\/td>\n<td>50 &#8211; 600W<\/td>\n<\/tr>\n<tr>\n<td class=\"uppercase\">HIGH FREQUENCY DRIVERS:<\/td>\n<td>0.75&#8243; (1.9cm) titanium diaphragm compression driver mated to 90 x 60 Tractrix Horn<\/td>\n<\/tr>\n<tr>\n<td class=\"uppercase\">MID-FREQUENCY DRIVERS:<\/td>\n<td>4.5&#8243; (11.4cm) aluminum diaphragm compression driver mated to 90 x 60 Tractrix Horn<\/td>\n<\/tr>\n<tr>\n<td class=\"uppercase\">LOW FREQUENCY DRIVERS:<\/td>\n<td>Three 7&#8243; (17.8cm) high-output, aluminum \/ Rohacell \/ Kevlar hybrid cone woofers<\/td>\n<\/tr>\n<tr>\n<td class=\"uppercase\">MID-FREQUENCY CROSSOVER:<\/td>\n<td>550Hz<\/td>\n<\/tr>\n<tr>\n<td class=\"uppercase\">ENCLOSURE MATERIAL:<\/td>\n<td>Constrained layer MDF (medium density fiberboard)<\/td>\n<\/tr>\n<tr>\n<td class=\"uppercase\">ENCLOSURE TYPE:<\/td>\n<td>Bass-reflex via triple rear-firing ports<\/td>\n<\/tr>\n<tr>\n<td class=\"uppercase\">HEIGHT:<\/td>\n<td>46.5&#8243; (118.1cm)<\/td>\n<\/tr>\n<tr>\n<td class=\"uppercase\">WIDTH:<\/td>\n<td>9.75&#8243; (24.8cm) (12&#8243; \/ 30.5cm at the base)<\/td>\n<\/tr>\n<tr>\n<td class=\"uppercase\">DEPTH:<\/td>\n<td>19.5&#8243; (49.5cm)<\/td>\n<\/tr>\n<tr>\n<td class=\"uppercase\">WEIGHT:<\/td>\n<td>98 lbs (44.5kg)<\/td>\n<\/tr>\n<tr>\n<td class=\"uppercase\">FINISHES:<\/td>\n<td>Zebra-grain Linia veneer in a natural, merlot or espresso stain<\/td>\n<\/tr>\n<tr>\n<td class=\"uppercase\">BUILT FROM:<\/td>\n<td>2008<\/td>\n<\/tr>\n<\/tbody>\n<\/table>\n","protected":false},"excerpt":{"rendered":"<p>Sendo a caixa ac\u00fastica de ch\u00e3o &#8220;menor&#8221; da nossa linha de luxo Palladium Series, a P-37F apresenta a tecnologia e o visual sofisticado da P-39F, o modelo principal da linha, em um formato ligeiramente mais compacto, mas igualmente impressionante. Design moderno, acabamento incompar\u00e1vel e tecnologias exclusivas. Arm\u00e1rio com folheado de madeira Linia com padr\u00e3o ex\u00f3tico [&hellip;]<\/p>\n","protected":false},"featured_media":1970,"template":"","meta":{"_acf_changed":false},"product_brand":[],"product_cat":[17,114,18],"product_tag":[],"class_list":{"0":"post-1971","1":"product","2":"type-product","3":"status-publish","4":"has-post-thumbnail","6":"product_cat-caixas","7":"product_cat-klipsch","8":"product_cat-torres","10":"first","11":"instock","12":"sold-individually","13":"shipping-taxable","14":"purchasable","15":"product-type-simple"},"acf":[],"aioseo_notices":[],"_links":{"self":[{"href":"https:\/\/hificlub.com.br\/loja\/wp-json\/wp\/v2\/product\/1971","targetHints":{"allow":["GET"]}}],"collection":[{"href":"https:\/\/hificlub.com.br\/loja\/wp-json\/wp\/v2\/product"}],"about":[{"href":"https:\/\/hificlub.com.br\/loja\/wp-json\/wp\/v2\/types\/product"}],"wp:featuredmedia":[{"embeddable":true,"href":"https:\/\/hificlub.com.br\/loja\/wp-json\/wp\/v2\/media\/1970"}],"wp:attachment":[{"href":"https:\/\/hificlub.com.br\/loja\/wp-json\/wp\/v2\/media?parent=1971"}],"wp:term":[{"taxonomy":"product_brand","embeddable":true,"href":"https:\/\/hificlub.com.br\/loja\/wp-json\/wp\/v2\/product_brand?post=1971"},{"taxonomy":"product_cat","embeddable":true,"href":"https:\/\/hificlub.com.br\/loja\/wp-json\/wp\/v2\/product_cat?post=1971"},{"taxonomy":"product_tag","embeddable":true,"href":"https:\/\/hificlub.com.br\/loja\/wp-json\/wp\/v2\/product_tag?post=1971"}],"curies":[{"name":"wp","href":"https:\/\/api.w.org\/{rel}","templated":true}]}}