{"id":1969,"date":"2023-10-17T19:58:30","date_gmt":"2023-10-17T22:58:30","guid":{"rendered":"https:\/\/hificlub.com.br\/loja2\/produto\/marantz-mm7025-140-watts\/"},"modified":"2026-03-03T22:20:57","modified_gmt":"2026-03-04T01:20:57","slug":"marantz-mm7025-140-watts","status":"publish","type":"product","link":"https:\/\/hificlub.com.br\/loja\/produto\/marantz-mm7025-140-watts\/","title":{"rendered":"MARANTZ MM7025  140 watts"},"content":{"rendered":"<p>Amplificador Marantz MM7025 2 Canais 140W<\/p>\n<p>Informa\u00e7\u00f5es do Produto<br \/>\nO amplificador de pot\u00eancia de 2 canais MM7025 da Marantz foi projetado para oferecer um som est\u00e9reo poderoso. Este amplificador possui um design de amplifica\u00e7\u00e3o discreto para entrega sonora robusta. Cada canal no amplificador fornece at\u00e9 140W de pot\u00eancia em 8 ohms e 170W em 6 ohms. Tamb\u00e9m \u00e9 equipado com op\u00e7\u00f5es de entrada balanceadas e desbalanceadas, permitindo conectar uma ampla variedade de pr\u00e9-amplificadores e processadores. Este amplificador \u00e9 adequado para uso em sistemas de \u00e1udio de 2 canais dedicados ou como um complemento para sistemas surround multicanal.<\/p>\n<p>Caracter\u00edsticas principais<br \/>\nAt\u00e9 140W por canal a 8 Ohms<br \/>\nAmplificador de pot\u00eancia discreto com realimenta\u00e7\u00e3o atual<br \/>\nEntradas Balanceadas e Desbalanceadas<br \/>\nTransformador de pot\u00eancia grande<\/p>\n<p>Amplificador de pot\u00eancia discreta com realimenta\u00e7\u00e3o atual<br \/>\nEste modelo est\u00e1 equipado com uma se\u00e7\u00e3o de amplificador de realimenta\u00e7\u00e3o atual que usa o mesmo circuito push-pull encontrado no amplificador de pot\u00eancia Hi-Fi SM-11S1 da Marantz. Este amplificador foi projetado para fornecer maior estabilidade operacional e reprodu\u00e7\u00e3o de alta velocidade, ampla variedade e alta densidade. A se\u00e7\u00e3o de amplifica\u00e7\u00e3o de convers\u00e3o de corrente \/ tens\u00e3o na \u00faltima parte do amplificador de pot\u00eancia \u00e9 equipada com um circuito espelho de corrente Wilson que amplifica para a faixa de som alta com baixa distor\u00e7\u00e3o.<\/p>\n<p>Transformador de pot\u00eancia grande<br \/>\nO est\u00e1gio final do amplificador de pot\u00eancia \u00e9 equipado com o mesmo LAPT (transistor de pot\u00eancia de alta efici\u00eancia) instalado no amplificador de pot\u00eancia Hi-Fi SM-11S1 Marantz, proporcionando maior capacidade de fonte de alimenta\u00e7\u00e3o instant\u00e2nea. A se\u00e7\u00e3o de energia est\u00e1 equipada com um transformador de tamanho grande. Como uma das partes essenciais da se\u00e7\u00e3o de energia, esta unidade est\u00e1 equipada com um not\u00e1vel condensador de bloco Marantz 15.000 \u00b5F \/ 71 V \u00d7 2. Essas melhorias na fonte de alimenta\u00e7\u00e3o foram projetadas para fornecer um som poderoso e cheio de presen\u00e7a.<\/p>\n<p>Design de alta qualidade<br \/>\nEste amplificador \u00e9 equipado com um dissipador de calor em forma de chamin\u00e9 para processar com efici\u00eancia o calor emitido por cada canal, al\u00e9m de ventiladores silenciosos. Um sensor de temperatura de alta sensibilidade IC \u00e9 usado para controlar os ventiladores, ajustando a velocidade de rota\u00e7\u00e3o para corresponder \u00e0 quantidade de calor gerada pelo amplificador.<\/p>\n<p>Entradas Balanceadas e Desbalanceadas<br \/>\nPara flexibilidade de instala\u00e7\u00e3o e compatibilidade m\u00e1xima, cada canal neste amplificador \u00e9 equipado com entradas balanceadas e desbalanceadas.<\/p>\n<p>Pronto para instala\u00e7\u00e3o personalizada<br \/>\nEste amplificador possui uma entrada de flash infravermelho que suporta instala\u00e7\u00f5es personalizadas e terminais de entrada e sa\u00edda de disparo CC.<\/p>\n<p>Controle Remoto de Pot\u00eancia<br \/>\nQuando um pr\u00e9-amplificador \/ processo Marantz AV, como o AV8003 ou o AV7005, \u00e9 conectado a esta unidade, a energia deste amplificador pode ser ligada \/ desligada juntamente com a fonte de alimenta\u00e7\u00e3o do pr\u00e9-amplificador. Essa conex\u00e3o foi projetada para reduzir ao m\u00e1ximo a interface s\u00f4nica.<\/p>\n<p>&#8211; Amplificador de 2 canais<br \/>\n&#8211; 140W por canal (8-ohm, 20Hz \u2013 20kHz, 0,08% THD, 2ch.)<br \/>\n&#8211; Sa\u00edda de energia (8 \/ 4 Ohm RMS) 140 W \/ 170 W<br \/>\n&#8211; Resposta de frequ\u00eancia 8 Hz-100 kHz (+-3 dB)<br \/>\n&#8211; Distor\u00e7\u00e3o Harm\u00f4nica 0,03% (20 Hz &#8211; 20 kHz)<br \/>\n&#8211; Rela\u00e7\u00e3o sinal\/ru\u00eddo: Alto n\u00edvel 105 dB<br \/>\n\u2013 2 entradas XLR balanceadas<br \/>\n&#8211; Medidas (LxAxP) 43,18 x 10,5 x 33,1 cm<br \/>\n&#8211; Peso: 10,5 kg<\/p>\n","protected":false},"excerpt":{"rendered":"<p>Amplificador Marantz MM7025 2 Canais 140W Informa\u00e7\u00f5es do Produto O amplificador de pot\u00eancia de 2 canais MM7025 da Marantz foi projetado para oferecer um som est\u00e9reo poderoso. Este amplificador possui um design de amplifica\u00e7\u00e3o discreto para entrega sonora robusta. Cada canal no amplificador fornece at\u00e9 140W de pot\u00eancia em 8 ohms e 170W em 6 [&hellip;]<\/p>\n","protected":false},"featured_media":1968,"template":"","meta":{"_acf_changed":false},"product_brand":[],"product_cat":[27,28,92],"product_tag":[],"class_list":{"0":"post-1969","1":"product","2":"type-product","3":"status-publish","4":"has-post-thumbnail","6":"product_cat-amplificador","7":"product_cat-estereo","8":"product_cat-marantz","10":"first","11":"instock","12":"sold-individually","13":"shipping-taxable","14":"purchasable","15":"product-type-simple"},"acf":[],"aioseo_notices":[],"_links":{"self":[{"href":"https:\/\/hificlub.com.br\/loja\/wp-json\/wp\/v2\/product\/1969","targetHints":{"allow":["GET"]}}],"collection":[{"href":"https:\/\/hificlub.com.br\/loja\/wp-json\/wp\/v2\/product"}],"about":[{"href":"https:\/\/hificlub.com.br\/loja\/wp-json\/wp\/v2\/types\/product"}],"wp:featuredmedia":[{"embeddable":true,"href":"https:\/\/hificlub.com.br\/loja\/wp-json\/wp\/v2\/media\/1968"}],"wp:attachment":[{"href":"https:\/\/hificlub.com.br\/loja\/wp-json\/wp\/v2\/media?parent=1969"}],"wp:term":[{"taxonomy":"product_brand","embeddable":true,"href":"https:\/\/hificlub.com.br\/loja\/wp-json\/wp\/v2\/product_brand?post=1969"},{"taxonomy":"product_cat","embeddable":true,"href":"https:\/\/hificlub.com.br\/loja\/wp-json\/wp\/v2\/product_cat?post=1969"},{"taxonomy":"product_tag","embeddable":true,"href":"https:\/\/hificlub.com.br\/loja\/wp-json\/wp\/v2\/product_tag?post=1969"}],"curies":[{"name":"wp","href":"https:\/\/api.w.org\/{rel}","templated":true}]}}