{"id":19639,"date":"2025-01-18T04:55:42","date_gmt":"2025-01-18T07:55:42","guid":{"rendered":"https:\/\/hificlub.com.br\/loja\/?post_type=product&#038;p=19639"},"modified":"2025-04-03T05:40:25","modified_gmt":"2025-04-03T08:40:25","slug":"proceed-mark-levison-design-amp-2-dual-mono-150-watts","status":"publish","type":"product","link":"https:\/\/hificlub.com.br\/loja\/produto\/proceed-mark-levison-design-amp-2-dual-mono-150-watts\/","title":{"rendered":"PROCEED AMP 2 THX Mark Levinson Design Dual Mono 150 watts"},"content":{"rendered":"<p>ESTADO 9\/10<\/p>\n<p>Design monof\u00f4nico m\u00faltiplo<br \/>\nConsistente com os melhores amplificadores, seu Proceed AMP \u00e9 um verdadeiro design &#8220;m\u00faltiplo monoaural&#8221;. Cada canal de \u00e1udio tem sua pr\u00f3pria fonte de alimenta\u00e7\u00e3o dedicada \u2014 incluindo um transformador toroidal de 300 VA separado para cada canal. Essa abordagem reduz a diafonia entre canais de \u00e1udio para imagens e reprodu\u00e7\u00e3o superiores do espa\u00e7o ac\u00fastico. As demandas colocadas em um canal praticamente n\u00e3o t\u00eam efeito no desempenho do(s) outro(s) canal(ais).<\/p>\n<p>Fonte de alimenta\u00e7\u00e3o de baixa imped\u00e2ncia<br \/>\nUm fator cr\u00edtico no desempenho final de um amplificador \u00e9 sua \u201cimped\u00e2ncia de alimenta\u00e7\u00e3o\u201d, que pode ser vagamente considerada como a liberdade com a qual o circuito de \u00e1udio tem acesso \u00e0 energia de que precisa, quando precisa. O design do seu Proceed AMP abordou essa caracter\u00edstica importante de forma abrangente. Por exemplo, os capacitores de alimenta\u00e7\u00e3o (que atuam como \u201creservat\u00f3rios\u201d de energia para o circuito do amplificador) s\u00e3o montados diretamente na placa de circuito impresso, imediatamente adjacentes aos transistores de sa\u00edda (que exigem a maior quantidade de corrente). O layout do circuito usa trilhas curtas e grossas para caminhos de alta corrente. A capacidade de corrente interna \u00e9 ainda mais aprimorada com barras de cobre de alta pureza. Essa aten\u00e7\u00e3o aos detalhes produz um ambiente ideal no qual o amplificador pode operar em seu potencial m\u00e1ximo.<\/p>\n<p>Entradas balanceadas<br \/>\nCada canal do seu AMP \u00e9 configur\u00e1vel individualmente para receber entradas balanceadas ou single-ended. Essa abordagem permite que voc\u00ea aproveite ao m\u00e1ximo a maior imunidade a ru\u00eddo, RFI e EMI que a transmiss\u00e3o balanceada de sinais de \u00e1udio oferece em qualquer conex\u00e3o de pr\u00e9-amplificador para amplificador onde ela \u00e9 suportada. Ao mesmo tempo, qualquer ou todos os canais do amplificador podem ser configurados para entradas single-ended para manter a compatibilidade com a maioria dos pr\u00e9-amplificadores dispon\u00edveis hoje. A estrutura de ganho do AMP se ajusta automaticamente quando voc\u00ea seleciona entradas diferentes para facilitar essa abordagem de \u201cmisturar e combinar\u201d.<\/p>\n<p>Est\u00e1gio de sa\u00edda robusto<br \/>\nCada canal do seu Proceed AMP usa oito transistores de pot\u00eancia de 150 watts. Esses transistores s\u00e3o todos testados e classificados individualmente, e s\u00e3o usados \u200b\u200bem conjuntos correspondentes para garantir que nenhum transistor suporte uma parte desproporcional da carga geral. A combina\u00e7\u00e3o de uma especifica\u00e7\u00e3o de design &#8220;overbuilt&#8221; e extraordin\u00e1ria aten\u00e7\u00e3o aos detalhes na fabrica\u00e7\u00e3o melhora o desempenho, a confiabilidade e a longevidade.<\/p>\n<p>Prote\u00e7\u00e3o extensiva<br \/>\nSeu amplificador Proceed desligar\u00e1 sozinho se detectar a presen\u00e7a de CC (corrente cont\u00ednua) na sa\u00edda ou uma temperatura operacional insegura. Em ambos os casos, um rel\u00e9 de energia far\u00e1 com que o amplificador seja desconectado da rede el\u00e9trica CA. Al\u00e9m disso, a entrada CA para cada transformador \u00e9 protegida por fus\u00edvel para proteger contra condi\u00e7\u00f5es de corrente excessiva, como sa\u00eddas em curto. Finalmente, a limita\u00e7\u00e3o de inrush previne o envelhecimento prematuro dos componentes da fonte de alimenta\u00e7\u00e3o durante a inicializa\u00e7\u00e3o e desliga-se assim que a fonte de alimenta\u00e7\u00e3o \u00e9 carregada.<\/p>\n<p>Certifica\u00e7\u00e3o do sistema de \u00e1udio THX Home<br \/>\nA Lucasfilm, Ltd.\u00ae estabeleceu padr\u00f5es m\u00ednimos para o desempenho de v\u00e1rios componentes que podem ser usados \u200b\u200bem seu Home THX\u00ae Audio System. Com rela\u00e7\u00e3o aos amplificadores de pot\u00eancia, os padr\u00f5es abordam coisas como:<br \/>\n\u2022 um baixo n\u00edvel de ru\u00eddo el\u00e9trico para permitir que informa\u00e7\u00f5es de baixo n\u00edvel sejam totalmente apreciadas;<br \/>\n\u2022 a aus\u00eancia de qualquer ru\u00eddo mec\u00e2nico (ru\u00eddo de ventiladores, zumbidos de enrolamento de transformador), pelo mesmo motivo;<br \/>\n\u2022 pot\u00eancia adequada para atender \u00e0s demandas de filmes modernos (que podem ser bastante din\u00e2micos);<br \/>\n\u2022 resposta de frequ\u00eancia plana para reprodu\u00e7\u00e3o precisa do timbre;<br \/>\n\u2022 estabilidade em cargas de alto-falante relativamente extremas, para garantir que o amplificador tenha um bom desempenho com uma ampla gama de alto-falantes.<\/p>\n<p>Como voc\u00ea pode ver nesta lista, n\u00e3o h\u00e1 nada na especifica\u00e7\u00e3o do amplificador Home THX que seja particularmente radical. Ele simplesmente garante um certo padr\u00e3o m\u00ednimo de desempenho. Em particular, n\u00e3o h\u00e1 nada na natureza da especifica\u00e7\u00e3o do amplificador que impe\u00e7a algu\u00e9m de ir al\u00e9m dos n\u00edveis m\u00ednimos de desempenho exigidos pela certifica\u00e7\u00e3o THX.<\/p>\n<p>Tanto o Proceed AMP 2 quanto o AMP 3 s\u00e3o certificados para uso em sistemas de \u00e1udio Home THX. Nestes produtos, os engenheiros da Madrigal criaram amplificadores de pot\u00eancia poderosos, vers\u00e1teis e extraordinariamente musicais, usando a tecnologia e a metodologia de design pelas quais se tornaram t\u00e3o conhecidos. Igualmente adequado aos rigores das trilhas sonoras de filmes e \u00e0 sutileza da reprodu\u00e7\u00e3o musical de ponta, o amplificador Proceed atende muito bem a ambas as necessidades. No crescente mercado atual de sistemas multifuncionais, eles representam um valor extraordin\u00e1rio.<\/p>\n<p>Especifica\u00e7\u00f5es<br \/>\nPot\u00eancia de sa\u00edda: 150 watts por canal em 8\u03a9 (est\u00e9reo)<br \/>\nResposta de frequ\u00eancia: 20Hz a 20kHz<br \/>\nDistor\u00e7\u00e3o harm\u00f4nica total: 0,1%<br \/>\nGanho: 29 dB<br \/>\nSensibilidade de entrada: 1,2 V<br \/>\nRela\u00e7\u00e3o sinal-ru\u00eddo: 80dB<br \/>\nImped\u00e2ncia de carga do alto-falante: 4\u03a9 (m\u00ednimo)<br \/>\nDimens\u00f5es: 17,25 x 4,45 x 16 polegadas<br \/>\nPeso: 21,4 kg<\/p>\n","protected":false},"excerpt":{"rendered":"<p>ESTADO 9\/10 Design monof\u00f4nico m\u00faltiplo Consistente com os melhores amplificadores, seu Proceed AMP \u00e9 um verdadeiro design &#8220;m\u00faltiplo monoaural&#8221;. Cada canal de \u00e1udio tem sua pr\u00f3pria fonte de alimenta\u00e7\u00e3o dedicada \u2014 incluindo um transformador toroidal de 300 VA separado para cada canal. Essa abordagem reduz a diafonia entre canais de \u00e1udio para imagens e reprodu\u00e7\u00e3o [&hellip;]<\/p>\n","protected":false},"featured_media":19640,"template":"","meta":{"_acf_changed":false},"product_brand":[],"product_cat":[27,28,249],"product_tag":[],"class_list":{"0":"post-19639","1":"product","2":"type-product","3":"status-publish","4":"has-post-thumbnail","6":"product_cat-amplificador","7":"product_cat-estereo","8":"product_cat-proceed","10":"first","11":"instock","12":"sold-individually","13":"shipping-taxable","14":"purchasable","15":"product-type-simple"},"acf":[],"aioseo_notices":[],"_links":{"self":[{"href":"https:\/\/hificlub.com.br\/loja\/wp-json\/wp\/v2\/product\/19639","targetHints":{"allow":["GET"]}}],"collection":[{"href":"https:\/\/hificlub.com.br\/loja\/wp-json\/wp\/v2\/product"}],"about":[{"href":"https:\/\/hificlub.com.br\/loja\/wp-json\/wp\/v2\/types\/product"}],"wp:featuredmedia":[{"embeddable":true,"href":"https:\/\/hificlub.com.br\/loja\/wp-json\/wp\/v2\/media\/19640"}],"wp:attachment":[{"href":"https:\/\/hificlub.com.br\/loja\/wp-json\/wp\/v2\/media?parent=19639"}],"wp:term":[{"taxonomy":"product_brand","embeddable":true,"href":"https:\/\/hificlub.com.br\/loja\/wp-json\/wp\/v2\/product_brand?post=19639"},{"taxonomy":"product_cat","embeddable":true,"href":"https:\/\/hificlub.com.br\/loja\/wp-json\/wp\/v2\/product_cat?post=19639"},{"taxonomy":"product_tag","embeddable":true,"href":"https:\/\/hificlub.com.br\/loja\/wp-json\/wp\/v2\/product_tag?post=19639"}],"curies":[{"name":"wp","href":"https:\/\/api.w.org\/{rel}","templated":true}]}}