{"id":19600,"date":"2025-01-17T05:53:09","date_gmt":"2025-01-17T08:53:09","guid":{"rendered":"https:\/\/hificlub.com.br\/loja\/?post_type=product&#038;p=19600"},"modified":"2026-03-03T22:18:14","modified_gmt":"2026-03-04T01:18:14","slug":"cambridge-axc35-cd-player","status":"publish","type":"product","link":"https:\/\/hificlub.com.br\/loja\/produto\/cambridge-axc35-cd-player\/","title":{"rendered":"CAMBRIDGE AXC35 CD Player"},"content":{"rendered":"<p>O AXC35 \u00e9 um CD player elegante e sem intervalos, com um conversor digital para anal\u00f3gico (DAC) de alta qualidade. O DAC Wolfson integrado ajuda a recuperar com precis\u00e3o as informa\u00e7\u00f5es digitais dos seus discos, para serem enviadas ao seu amplificador escolhido, ajudando a dar vida nova \u00e0 sua cole\u00e7\u00e3o de CDs. Uma sa\u00edda coaxial digital oferece op\u00e7\u00f5es de sa\u00edda alternativas.<br \/>\nVoc\u00ea passou anos colecionando CDs, ent\u00e3o por que n\u00e3o quereria toc\u00e1-los por muitos anos mais? O AXC35 \u00e9 um tocador de CD que funciona com qualquer amplificador ou sistema. Ele tem at\u00e9 uma sa\u00edda coaxial digital para uma conex\u00e3o digital direta com um amplificador compat\u00edvel como o nosso AXR100 ou um DAC.<br \/>\nO AXC35 vem com um controle remoto, para que voc\u00ea possa escolher exatamente o que ouvir. A compatibilidade dos controles remotos da S\u00e9rie AX significa que voc\u00ea s\u00f3 precisa de um dispositivo \u00e0 m\u00e3o para comandos de teclas. Como alternativa, voc\u00ea pode usar os controles na parte frontal do AXC35 para pular faixas e assim por diante.<\/p>\n<p>&nbsp;<\/p>\n","protected":false},"excerpt":{"rendered":"<p>O AXC35 \u00e9 um CD player elegante e sem intervalos, com um conversor digital para anal\u00f3gico (DAC) de alta qualidade. O DAC Wolfson integrado ajuda a recuperar com precis\u00e3o as informa\u00e7\u00f5es digitais dos seus discos, para serem enviadas ao seu amplificador escolhido, ajudando a dar vida nova \u00e0 sua cole\u00e7\u00e3o de CDs. Uma sa\u00edda coaxial [&hellip;]<\/p>\n","protected":false},"featured_media":19601,"template":"","meta":{"_acf_changed":false},"product_brand":[],"product_cat":[52,42,41],"product_tag":[],"class_list":{"0":"post-19600","1":"product","2":"type-product","3":"status-publish","4":"has-post-thumbnail","6":"product_cat-cambridge","7":"product_cat-cd-players","8":"product_cat-digital","10":"first","11":"instock","12":"sold-individually","13":"shipping-taxable","14":"purchasable","15":"product-type-simple"},"acf":[],"aioseo_notices":[],"_links":{"self":[{"href":"https:\/\/hificlub.com.br\/loja\/wp-json\/wp\/v2\/product\/19600","targetHints":{"allow":["GET"]}}],"collection":[{"href":"https:\/\/hificlub.com.br\/loja\/wp-json\/wp\/v2\/product"}],"about":[{"href":"https:\/\/hificlub.com.br\/loja\/wp-json\/wp\/v2\/types\/product"}],"wp:featuredmedia":[{"embeddable":true,"href":"https:\/\/hificlub.com.br\/loja\/wp-json\/wp\/v2\/media\/19601"}],"wp:attachment":[{"href":"https:\/\/hificlub.com.br\/loja\/wp-json\/wp\/v2\/media?parent=19600"}],"wp:term":[{"taxonomy":"product_brand","embeddable":true,"href":"https:\/\/hificlub.com.br\/loja\/wp-json\/wp\/v2\/product_brand?post=19600"},{"taxonomy":"product_cat","embeddable":true,"href":"https:\/\/hificlub.com.br\/loja\/wp-json\/wp\/v2\/product_cat?post=19600"},{"taxonomy":"product_tag","embeddable":true,"href":"https:\/\/hificlub.com.br\/loja\/wp-json\/wp\/v2\/product_tag?post=19600"}],"curies":[{"name":"wp","href":"https:\/\/api.w.org\/{rel}","templated":true}]}}