{"id":19593,"date":"2025-01-17T05:36:13","date_gmt":"2025-01-17T08:36:13","guid":{"rendered":"https:\/\/hificlub.com.br\/loja\/?post_type=product&#038;p=19593"},"modified":"2026-03-03T22:18:14","modified_gmt":"2026-03-04T01:18:14","slug":"cambridge-axa25-amplificador-integrado-25-watts","status":"publish","type":"product","link":"https:\/\/hificlub.com.br\/loja\/produto\/cambridge-axa25-amplificador-integrado-25-watts\/","title":{"rendered":"CAMBRIDGE AXA25 &#8211; Amplificador Integrado 25 watts"},"content":{"rendered":"<p>O AXA25 \u00e9 um amplificador integrado constru\u00eddo em um estilo cl\u00e1ssico e descomplicado.<br \/>\nSeu design fino e sim\u00e9trico oferece \u00f3timo valor e funcionalidade para aqueles que buscam uma solu\u00e7\u00e3o direta.<br \/>\nUma entrada auxiliar de 3,5 mm na face frontal torna a conex\u00e3o de dispositivos compat\u00edveis uma moleza.<br \/>\nEnquanto quatro pares de entradas RCA anal\u00f3gicas na parte traseira significam que o AXA25 tamb\u00e9m \u00e9 bastante vers\u00e1til.<br \/>\nCom controles separados de graves e agudos, voc\u00ea pode ajustar o som do AXA25 para se adequar ao seu gosto, alto-falantes e \u00e0 din\u00e2mica de salas menores. O dial de volume localizado centralmente oferece controle na ponta dos dedos sobre os 25 watts por canal de pot\u00eancia \u00e0 sua disposi\u00e7\u00e3o.<br \/>\nO dial de volume localizado centralmente oferece controle na ponta dos dedos sobre os 25 watts por canal de pot\u00eancia \u00e0 sua disposi\u00e7\u00e3o. O AXA25 tem nada menos que 4 pares de entradas RCA, um par de sa\u00eddas de grava\u00e7\u00e3o e um soquete USB traseiro para atualiza\u00e7\u00f5es t\u00e9cnicas. Enquanto os bornes de liga\u00e7\u00e3o de alto-falante de qualidade hi-fi (conectores) significam que o cabo grosso se conecta com seguran\u00e7a para um som aut\u00eantico \u2013 voc\u00ea pode at\u00e9 usar plugues banana, se desejar.<\/p>\n<p>&nbsp;<\/p>\n","protected":false},"excerpt":{"rendered":"<p>O AXA25 \u00e9 um amplificador integrado constru\u00eddo em um estilo cl\u00e1ssico e descomplicado. Seu design fino e sim\u00e9trico oferece \u00f3timo valor e funcionalidade para aqueles que buscam uma solu\u00e7\u00e3o direta. Uma entrada auxiliar de 3,5 mm na face frontal torna a conex\u00e3o de dispositivos compat\u00edveis uma moleza. Enquanto quatro pares de entradas RCA anal\u00f3gicas na [&hellip;]<\/p>\n","protected":false},"featured_media":19594,"template":"","meta":{"_acf_changed":false},"product_brand":[],"product_cat":[27,52,51],"product_tag":[],"class_list":{"0":"post-19593","1":"product","2":"type-product","3":"status-publish","4":"has-post-thumbnail","6":"product_cat-amplificador","7":"product_cat-cambridge","8":"product_cat-integrado","10":"first","11":"instock","12":"sold-individually","13":"shipping-taxable","14":"purchasable","15":"product-type-simple"},"acf":[],"aioseo_notices":[],"_links":{"self":[{"href":"https:\/\/hificlub.com.br\/loja\/wp-json\/wp\/v2\/product\/19593","targetHints":{"allow":["GET"]}}],"collection":[{"href":"https:\/\/hificlub.com.br\/loja\/wp-json\/wp\/v2\/product"}],"about":[{"href":"https:\/\/hificlub.com.br\/loja\/wp-json\/wp\/v2\/types\/product"}],"wp:featuredmedia":[{"embeddable":true,"href":"https:\/\/hificlub.com.br\/loja\/wp-json\/wp\/v2\/media\/19594"}],"wp:attachment":[{"href":"https:\/\/hificlub.com.br\/loja\/wp-json\/wp\/v2\/media?parent=19593"}],"wp:term":[{"taxonomy":"product_brand","embeddable":true,"href":"https:\/\/hificlub.com.br\/loja\/wp-json\/wp\/v2\/product_brand?post=19593"},{"taxonomy":"product_cat","embeddable":true,"href":"https:\/\/hificlub.com.br\/loja\/wp-json\/wp\/v2\/product_cat?post=19593"},{"taxonomy":"product_tag","embeddable":true,"href":"https:\/\/hificlub.com.br\/loja\/wp-json\/wp\/v2\/product_tag?post=19593"}],"curies":[{"name":"wp","href":"https:\/\/api.w.org\/{rel}","templated":true}]}}