{"id":19584,"date":"2025-01-17T05:17:44","date_gmt":"2025-01-17T08:17:44","guid":{"rendered":"https:\/\/hificlub.com.br\/loja\/?post_type=product&#038;p=19584"},"modified":"2026-03-03T22:18:15","modified_gmt":"2026-03-04T01:18:15","slug":"cambridge-axa35-amplificador-integrado-com-pre-phono-mm-35-watts","status":"publish","type":"product","link":"https:\/\/hificlub.com.br\/loja\/produto\/cambridge-axa35-amplificador-integrado-com-pre-phono-mm-35-watts\/","title":{"rendered":"CAMBRIDGE AXA35 Amplificador Integrado com Pre Phono MM 35 watts"},"content":{"rendered":"<p>O amplificador integrado AXA35 oferece 35 watts por canal e tem um est\u00e1gio phono MM integrado \u2013 perfeito para entusiastas de vinil.<br \/>\nUm display de matriz de pontos LED branco confirma a fonte de audi\u00e7\u00e3o, e controles de tom separados significam que voc\u00ea pode ajustar o som de acordo com seu gosto.<br \/>\nH\u00e1 tamb\u00e9m um grande conector de fone de ouvido de \u00bc\u201d (6,35 mm), ideal para audi\u00e7\u00e3o de alta qualidade sem perturbar aqueles que podem n\u00e3o compartilhar seu \u00f3timo gosto musical.<\/p>\n<p>35 Watts de pot\u00eancia por canal \u2013 para desempenho detalhado em todos os volumes, ideal para salas de tamanho pequeno\/m\u00e9dio<br \/>\nEst\u00e1gio Phono integrado \u2013 para conectar e tocar um toca-discos de vinil<br \/>\nDesign fino e atemporal \u2013 tamanho hi-fi cl\u00e1ssico, com acabamento em alum\u00ednio cinza lunar<br \/>\nControles de tom \u2013 ajuste fino do som para compensar a din\u00e2mica da sala<br \/>\nDisplay digital \u2013 LED branco, mostra claramente; fonte, volume e menus<br \/>\nEntrada para fone de ouvido \u2013 entrada de tamanho normal para audi\u00e7\u00e3o de alta qualidade ap\u00f3s o expediente<br \/>\nEntrada auxiliar frontal \u2013 conector de 3,5 mm para conectar facilmente dispositivos compat\u00edveis<\/p>\n<p>&nbsp;<\/p>\n","protected":false},"excerpt":{"rendered":"<p>O amplificador integrado AXA35 oferece 35 watts por canal e tem um est\u00e1gio phono MM integrado \u2013 perfeito para entusiastas de vinil. Um display de matriz de pontos LED branco confirma a fonte de audi\u00e7\u00e3o, e controles de tom separados significam que voc\u00ea pode ajustar o som de acordo com seu gosto. H\u00e1 tamb\u00e9m um [&hellip;]<\/p>\n","protected":false},"featured_media":19585,"template":"","meta":{"_acf_changed":false},"product_brand":[],"product_cat":[27,52,51],"product_tag":[],"class_list":{"0":"post-19584","1":"product","2":"type-product","3":"status-publish","4":"has-post-thumbnail","6":"product_cat-amplificador","7":"product_cat-cambridge","8":"product_cat-integrado","10":"first","11":"instock","12":"sold-individually","13":"shipping-taxable","14":"purchasable","15":"product-type-simple"},"acf":[],"aioseo_notices":[],"_links":{"self":[{"href":"https:\/\/hificlub.com.br\/loja\/wp-json\/wp\/v2\/product\/19584","targetHints":{"allow":["GET"]}}],"collection":[{"href":"https:\/\/hificlub.com.br\/loja\/wp-json\/wp\/v2\/product"}],"about":[{"href":"https:\/\/hificlub.com.br\/loja\/wp-json\/wp\/v2\/types\/product"}],"wp:featuredmedia":[{"embeddable":true,"href":"https:\/\/hificlub.com.br\/loja\/wp-json\/wp\/v2\/media\/19585"}],"wp:attachment":[{"href":"https:\/\/hificlub.com.br\/loja\/wp-json\/wp\/v2\/media?parent=19584"}],"wp:term":[{"taxonomy":"product_brand","embeddable":true,"href":"https:\/\/hificlub.com.br\/loja\/wp-json\/wp\/v2\/product_brand?post=19584"},{"taxonomy":"product_cat","embeddable":true,"href":"https:\/\/hificlub.com.br\/loja\/wp-json\/wp\/v2\/product_cat?post=19584"},{"taxonomy":"product_tag","embeddable":true,"href":"https:\/\/hificlub.com.br\/loja\/wp-json\/wp\/v2\/product_tag?post=19584"}],"curies":[{"name":"wp","href":"https:\/\/api.w.org\/{rel}","templated":true}]}}