{"id":19571,"date":"2025-01-16T06:49:48","date_gmt":"2025-01-16T09:49:48","guid":{"rendered":"https:\/\/hificlub.com.br\/loja\/?post_type=product&#038;p=19571"},"modified":"2026-03-03T22:18:15","modified_gmt":"2026-03-04T01:18:15","slug":"cambridge-axr85-am-fm-stereo-receiver-2-1-bluetooth-mm-phono-85-watts","status":"publish","type":"product","link":"https:\/\/hificlub.com.br\/loja\/produto\/cambridge-axr85-am-fm-stereo-receiver-2-1-bluetooth-mm-phono-85-watts\/","title":{"rendered":"CAMBRIDGE AXR85 AM FM Stereo Receiver 2.1 Bluetooth MM Phono 85 watts"},"content":{"rendered":"<p>DESCRI\u00c7\u00c3O GERAL<\/p>\n<p>O AXR85 possui 85 watts de pot\u00eancia, um est\u00e1gio phono embutido para conectar toca-discos com cartuchos Moving Magnet, uma entrada de 3,5 mm no painel frontal para iPod \/ MP3 players, r\u00e1dio FM \/ AM embutido com RDS e 30 presets e quatro anal\u00f3gicos. entradas para conectar todas as suas m\u00fasicas, fontes AV e \u00e1udio. Al\u00e9m disso, o receptor bluetooth embutido permite transmitir suas m\u00fasicas favoritas do seu smartphone, tablet ou PC.<\/p>\n<p>A sa\u00edda do subwoofer (200 Hz, 2\u00aa ordem) segue a configura\u00e7\u00e3o do volume<br \/>\n&lt;0,4% de desvio mono FM a 1kHz 50kHz<br \/>\nDesvio est\u00e9reo FM &lt;0,6% a 1kHz 50kHz<br \/>\nSuporte RDS<\/p>\n<p>Amplificador<br \/>\nCanais 2.1<br \/>\nSa\u00edda de pot\u00eancia por canal 85 W a 8 Ohms<br \/>\nResposta de Freq\u00fc\u00eancia 5 Hz a 50 kHz -1 dB<br \/>\nTHD + N &lt;0,01% (1 kHz, 80% de pot\u00eancia)<br \/>\nImped\u00e2ncia do Alto-falante 4 a 8 Ohms<br \/>\nControle de Tom Graves (100 Hz): \u00b1 10 dB<br \/>\nAgudos (20 kHz): \u00b1 10 dB<br \/>\nConectividade<br \/>\nEntradas A \/ V traseiras 3 x RCA est\u00e9reo<br \/>\n1 x RCA est\u00e9reo (Phono) com parafuso de aterramento<br \/>\nSa\u00eddas A \/ V traseiras 1 x RCA est\u00e9reo<br \/>\n1 x subwoofer RCA<br \/>\nE \/ S frontal Entrada auxiliar de 1 x 1\/8 &quot;\/ 3,5 mm Sa\u00edda de fone de ouvido de<br \/>\n1 x 1\/4&quot; \/ 6,35 mm<br \/>\nOutra E \/ S traseira 1 x Entrada de terminal de antena AM<br \/>\n1 x Entrada de terminal de antena FM<br \/>\n1 x Entrada USB tipo A (Servi\u00e7o)<br \/>\nConectores de alto-falante 4 x pares de bornes de liga\u00e7\u00e3o<br \/>\nSlot para cart\u00e3o de m\u00eddia Nenhum<br \/>\nSele\u00e7\u00e3o de alto-falante A \/ B sim<br \/>\nImped\u00e2ncia de entrada 47 kOhms<br \/>\nA rela\u00e7\u00e3o sinal-ru\u00eddo &lt;82 dB (sem peso)<br \/>\nConectividade sem fio<br \/>\nBluetooth 5.0<br \/>\nPerfis Bluetooth A2DP<br \/>\nSe\u00e7\u00e3o Tuner<br \/>\nTipo de sintonizador AM, FM<br \/>\nN\u00famero de predefini\u00e7\u00f5es 30 esta\u00e7\u00f5es<br \/>\nRadiofrequ\u00eancias AM: 530 a 1710 kHz<br \/>\nFM: 87,5 a 108 MHz<br \/>\nAlimenta\u00e7\u00e3o de entrada CA 115 a 230 VCA, 50\/60 Hz<br \/>\nConsumo de energia Ativo: 500 W Em<br \/>\nDIMENS\u00d5ES 110 x 430 x 340 mm<br \/>\nPESO 8.1kg <\/p>\n","protected":false},"excerpt":{"rendered":"<p>DESCRI\u00c7\u00c3O GERAL O AXR85 possui 85 watts de pot\u00eancia, um est\u00e1gio phono embutido para conectar toca-discos com cartuchos Moving Magnet, uma entrada de 3,5 mm no painel frontal para iPod \/ MP3 players, r\u00e1dio FM \/ AM embutido com RDS e 30 presets e quatro anal\u00f3gicos. entradas para conectar todas as suas m\u00fasicas, fontes AV [&hellip;]<\/p>\n","protected":false},"featured_media":19573,"template":"","meta":{"_acf_changed":false},"product_brand":[],"product_cat":[27,52,51],"product_tag":[],"class_list":{"0":"post-19571","1":"product","2":"type-product","3":"status-publish","4":"has-post-thumbnail","6":"product_cat-amplificador","7":"product_cat-cambridge","8":"product_cat-integrado","10":"first","11":"instock","12":"sold-individually","13":"shipping-taxable","14":"purchasable","15":"product-type-simple"},"acf":[],"aioseo_notices":[],"_links":{"self":[{"href":"https:\/\/hificlub.com.br\/loja\/wp-json\/wp\/v2\/product\/19571","targetHints":{"allow":["GET"]}}],"collection":[{"href":"https:\/\/hificlub.com.br\/loja\/wp-json\/wp\/v2\/product"}],"about":[{"href":"https:\/\/hificlub.com.br\/loja\/wp-json\/wp\/v2\/types\/product"}],"wp:featuredmedia":[{"embeddable":true,"href":"https:\/\/hificlub.com.br\/loja\/wp-json\/wp\/v2\/media\/19573"}],"wp:attachment":[{"href":"https:\/\/hificlub.com.br\/loja\/wp-json\/wp\/v2\/media?parent=19571"}],"wp:term":[{"taxonomy":"product_brand","embeddable":true,"href":"https:\/\/hificlub.com.br\/loja\/wp-json\/wp\/v2\/product_brand?post=19571"},{"taxonomy":"product_cat","embeddable":true,"href":"https:\/\/hificlub.com.br\/loja\/wp-json\/wp\/v2\/product_cat?post=19571"},{"taxonomy":"product_tag","embeddable":true,"href":"https:\/\/hificlub.com.br\/loja\/wp-json\/wp\/v2\/product_tag?post=19571"}],"curies":[{"name":"wp","href":"https:\/\/api.w.org\/{rel}","templated":true}]}}