{"id":19532,"date":"2025-01-13T06:32:28","date_gmt":"2025-01-13T09:32:28","guid":{"rendered":"https:\/\/hificlub.com.br\/loja\/?post_type=product&#038;p=19532"},"modified":"2025-01-13T06:33:14","modified_gmt":"2025-01-13T09:33:14","slug":"nad-c-390dd-amplificador-integrado-direct-digital-com-dac-150-watts","status":"publish","type":"product","link":"https:\/\/hificlub.com.br\/loja\/produto\/nad-c-390dd-amplificador-integrado-direct-digital-com-dac-150-watts\/","title":{"rendered":"NAD C 390DD Amplificador Integrado Direct Digital com DAC 150 watts"},"content":{"rendered":"<p>ESTADO 9\/10<\/p>\n<p>Era apenas uma quest\u00e3o de tempo at\u00e9 que a NAD trouxesse a tecnologia e arquitetura inovadoras de seu amplificador digital M2 Direct para um produto de menor pre\u00e7o. O M2 de US$ 6.000 , que analisei na edi\u00e7\u00e3o 198, \u00e9 \u00fanico em parte porque converte fluxos de bits digitais de resolu\u00e7\u00e3o padr\u00e3o ou alta resolu\u00e7\u00e3o diretamente em sinais que podem acionar alto-falantes. Essa abordagem elimina do caminho do sinal todos os circuitos de um conversor digital para anal\u00f3gico, pr\u00e9-amplificador e a maior parte de um amplificador de pot\u00eancia, sem mencionar as interconex\u00f5es, conectores e fia\u00e7\u00e3o de componentes separados. Al\u00e9m disso, o M2 derrubou a configura\u00e7\u00e3o tradicional do sistema de uma fonte digital alimentando um pr\u00e9-amplificador que ent\u00e3o acionava um amplificador de pot\u00eancia. Com o M2 , voc\u00ea simplesmente conecta uma fonte digital a uma de suas entradas e alto-falantes aos terminais de sa\u00edda. As fun\u00e7\u00f5es da unidade imitam um DAC e um amplificador integrado, com comuta\u00e7\u00e3o de fonte e controle de volume.<\/p>\n<p>O novo C 390DD da NAD traz a tecnologia e os recursos do M2 para uma unidade que custa menos da metade do M2 . Significativamente, o C 390DD de US$ 2.600 adiciona alguns novos recursos al\u00e9m dos do M2 , incluindo fun\u00e7\u00f5es extensivas de equaliza\u00e7\u00e3o de ambiente, bem como constru\u00e7\u00e3o modular que permite que voc\u00ea adapte o C 390DD \u00e0s suas necessidades espec\u00edficas de conectividade, bem como atualize o hardware e o software do C 390DD para acomodar os avan\u00e7os tecnol\u00f3gicos. A NAD chama isso de MDC para Constru\u00e7\u00e3o de Design Modular. Nesta era de tecnologia em r\u00e1pida evolu\u00e7\u00e3o, parece \u00f3bvio fornecer um caminho de atualiza\u00e7\u00e3o por meio de circuitos de interface digital substitu\u00edveis pelo usu\u00e1rio.<\/p>\n<p>Na pr\u00e1tica, o C 390DD tem tr\u00eas slots no painel traseiro que aceitar\u00e3o um m\u00f3dulo de entrada opcional (DD AP-1 Analog Line\/ Phono Module) ou o m\u00f3dulo contendo tr\u00eas entradas HDMI e uma sa\u00edda HDMI (DD HDMI-1 ). Cada m\u00f3dulo opcional custa US$ 300. A placa de entrada anal\u00f3gica oferece uma entrada est\u00e9reo balanceada em conectores XLR , uma entrada n\u00e3o balanceada em conectores RCA e uma entrada phono , tamb\u00e9m em conectores RCA. A entrada phono aceitar\u00e1 sinais de \u00edm\u00e3 m\u00f3vel ou bobina m\u00f3vel. Como o C 390DD opera inteiramente no dom\u00ednio digital, a placa de entrada anal\u00f3gica realiza a convers\u00e3o anal\u00f3gico-digital. A taxa de amostragem e o comprimento da palavra s\u00e3o selecion\u00e1veis \u200b\u200bpelo usu\u00e1rio, at\u00e9 192 kHz \/24 bits. As entradas HDMI s\u00e3o \u00fateis ao usar o C 390DD como parte de um sistema de teatro &#8220;2.0&#8221; ou &#8220;2.1&#8221; no qual a trilha sonora \u00e9 reproduzida pelos alto-falantes esquerdo e direito, dispensando um canal central e alto-falantes surround. Observe que as entradas USB do painel traseiro (marcadas como \u201cComputador\u201d, em um conector USB Tipo B e um conector USB Tipo A para conectar um dispositivo de armazenamento FAT 32) tamb\u00e9m est\u00e3o em uma placa remov\u00edvel (inclu\u00edda como padr\u00e3o) para acomodar poss\u00edveis altera\u00e7\u00f5es de hardware no formato USB (ou interfaces digitais totalmente novas). Uma segunda entrada USB no painel frontal reproduzir\u00e1 m\u00fasica de pen drives. Todas as tr\u00eas entradas USB s\u00e3o ass\u00edncronas e podem acomodar resolu\u00e7\u00f5es de at\u00e9 96 kHz \/24 bits.<\/p>\n<p>Um C 390DD de estoque fornece oito entradas; uma unidade totalmente carregada ostenta incr\u00edveis 14 entradas. As entradas fixas (aquelas integrais ao C 390DD em vez de estarem em placas substitu\u00edveis) incluem dois coaxiais digitais em conectores RCA, um AES\/ EBU e dois \u00f3pticos TosLink . Essas entradas podem aceitar resolu\u00e7\u00f5es de at\u00e9 192 kHz \/24 bits. Sa\u00eddas digitais tamb\u00e9m s\u00e3o fornecidas em conectores \u00f3pticos RCA e TosLink . Para evitar que essa flexibilidade de entrada se torne esmagadora, entradas n\u00e3o utilizadas podem ser removidas do visor do painel frontal e da fun\u00e7\u00e3o de rolagem de entrada, permitindo que voc\u00ea selecione entre as fontes de forma mais r\u00e1pida e f\u00e1cil. Cada entrada tamb\u00e9m pode ser nomeada pelo usu\u00e1rio. Al\u00e9m dessa ampla gama de entradas, o C 390DD oferece uma sa\u00edda de n\u00edvel de linha, bem como uma sa\u00edda de subwoofer est\u00e9reo (ou mono) de n\u00edvel de linha. Um crossover integrado pode ser acionado para dividir o espectro de frequ\u00eancia que aparece nessas sa\u00eddas; o C 390DD funciona como um crossover entre o subwoofer e os alto-falantes principais em um sistema de 2.1 canais.<\/p>\n<p>O C 390DD \u00e9 classificado para fornecer 150 Wpc em 8 ohms. Assim como outros amplificadores NAD , essa classifica\u00e7\u00e3o de pot\u00eancia cont\u00ednua n\u00e3o reflete adequadamente a entrega de pot\u00eancia real do C 390DD ao reproduzir m\u00fasica. Parte do generoso headroom din\u00e2mico do C 390DD \u00e9 devido ao circuito Digital PowerDrive da NAD , que detecta automaticamente a imped\u00e2ncia do alto-falante e ajusta as caracter\u00edsticas do amplificador para conduzir com mais efici\u00eancia aquela carga espec\u00edfica do alto-falante. O C 390DD tamb\u00e9m apresenta o circuito Soft Clipping da NAD , que comprime suavemente os picos que, de outra forma, seriam cortados. Se voc\u00ea sobrecarregar o amplificador, o Soft Clipping comprime a faixa din\u00e2mica em vez de permitir que o est\u00e1gio de sa\u00edda achate os topos da forma de onda (ouvido como um som de tritura\u00e7\u00e3o nos picos). O Soft Clipping pode ser acionado por meio do visor do painel frontal.<\/p>\n<p>O DSP integrado do C 390DD fornece amplas possibilidades de equaliza\u00e7\u00e3o. Al\u00e9m dos controles de graves e agudos, o C 390DD permite que voc\u00ea aumente ou corte seis frequ\u00eancias selecion\u00e1veis \u200b\u200babaixo de 240 Hz para reduzir picos e quedas induzidos pela sala. Cada filtro tem largura de banda ajust\u00e1vel. Assim como os outros recursos do C 390DD , a equaliza\u00e7\u00e3o da sala \u00e9 acessada por meio do grande visor do painel frontal da unidade. O manual faz refer\u00eancia a um tom de teste integral \u00fatil para definir a equaliza\u00e7\u00e3o, mas esse recurso ainda n\u00e3o havia sido implementado na amostra de an\u00e1lise. A NAD diz que o tom de teste estar\u00e1 dispon\u00edvel como uma atualiza\u00e7\u00e3o de software.<\/p>\n<p>V\u00e1rios outros recursos diversos tamb\u00e9m est\u00e3o inclu\u00eddos. Por exemplo, a unidade tem entradas e sa\u00eddas IR, uma entrada RS232 e gatilhos de 12 V , todos \u00fateis para integrar o C 390DD em um sistema automatizado.<\/p>\n<p>O controle remoto \u00e9 excelente por sua facilidade de uso, bal\u00edstica de controle de volume e conforto. Embora este seja o mesmo controle remoto gen\u00e9rico fornecido com os receptores AV e tocadores de disco da NAD , os bot\u00f5es sup\u00e9rfluos n\u00e3o interferiram na opera\u00e7\u00e3o do C 390DD . Ali\u00e1s, quando eu estava usando o controle remoto da NAD , percebi o quanto ele \u00e9 mais funcional e confort\u00e1vel em compara\u00e7\u00e3o a muitos controles remotos de ponta que s\u00e3o usinados em alum\u00ednio e t\u00eam pequenos pontos para bot\u00f5es, layouts il\u00f3gicos e legendas dif\u00edceis de ler.<\/p>\n<p>ESPECIFICA\u00c7\u00d5ES<br \/>\nPot\u00eancia de sa\u00edda :  150 Wpc em 8 ohms, 20 Hz\u201320 kHz , 0,005% % THD<br \/>\nPot\u00eancia din\u00e2mica IHF:  165 W em 8 ohms, 250 W em 4 ohms<br \/>\nRela\u00e7\u00e3o S\/N:  &gt; 95 dB referenciado a 1 W<br \/>\nEntradas:  Duas digitais coaxiais, duas TosLink , uma AES\/ EBU , uma de computador (USB Tipo B), duas entradas de armazenamento em massa (USB Tipo A), IR , RS232<br \/>\nE\/S opcionais: M\u00f3dulo phono anal\u00f3gico  DD1 com uma entrada balanceada em conectores XLR , uma entrada n\u00e3o balanceada em conectores RC A, uma entrada phono (mm ou mc); M\u00f3dulo DD HDMI-1 HDMI com tr\u00eas entradas HDMI e uma sa\u00edda HDMI Formatos e resolu\u00e7\u00f5es suportados:  MP3\/WMA\/ FLAC at\u00e9 48 kHz (entradas de armazenamento em massa USB); Sa\u00edda USB de Macintosh ou PC de at\u00e9 96 kHz \/24 bits (entrada de computador); at\u00e9 192 kHz \/24 bits ( TosLink , coaxial, AES\/ EBU ) Sa\u00eddas:  Uma digital coaxial, uma digital TosLink , uma de n\u00edvel de linha, um subwoofer Dimens\u00f5es:  17 1\/8\u2033 x 5 3\/16\u2033 x 15 5\/16\u2033 Peso:  17 lbs.<\/p>\n","protected":false},"excerpt":{"rendered":"<p>ESTADO 9\/10 Era apenas uma quest\u00e3o de tempo at\u00e9 que a NAD trouxesse a tecnologia e arquitetura inovadoras de seu amplificador digital M2 Direct para um produto de menor pre\u00e7o. O M2 de US$ 6.000 , que analisei na edi\u00e7\u00e3o 198, \u00e9 \u00fanico em parte porque converte fluxos de bits digitais de resolu\u00e7\u00e3o padr\u00e3o ou [&hellip;]<\/p>\n","protected":false},"featured_media":19533,"template":"","meta":{"_acf_changed":false},"product_brand":[],"product_cat":[27,51,59],"product_tag":[],"class_list":{"0":"post-19532","1":"product","2":"type-product","3":"status-publish","4":"has-post-thumbnail","6":"product_cat-amplificador","7":"product_cat-integrado","8":"product_cat-nad","10":"first","11":"instock","12":"sold-individually","13":"shipping-taxable","14":"purchasable","15":"product-type-simple"},"acf":[],"aioseo_notices":[],"_links":{"self":[{"href":"https:\/\/hificlub.com.br\/loja\/wp-json\/wp\/v2\/product\/19532","targetHints":{"allow":["GET"]}}],"collection":[{"href":"https:\/\/hificlub.com.br\/loja\/wp-json\/wp\/v2\/product"}],"about":[{"href":"https:\/\/hificlub.com.br\/loja\/wp-json\/wp\/v2\/types\/product"}],"wp:featuredmedia":[{"embeddable":true,"href":"https:\/\/hificlub.com.br\/loja\/wp-json\/wp\/v2\/media\/19533"}],"wp:attachment":[{"href":"https:\/\/hificlub.com.br\/loja\/wp-json\/wp\/v2\/media?parent=19532"}],"wp:term":[{"taxonomy":"product_brand","embeddable":true,"href":"https:\/\/hificlub.com.br\/loja\/wp-json\/wp\/v2\/product_brand?post=19532"},{"taxonomy":"product_cat","embeddable":true,"href":"https:\/\/hificlub.com.br\/loja\/wp-json\/wp\/v2\/product_cat?post=19532"},{"taxonomy":"product_tag","embeddable":true,"href":"https:\/\/hificlub.com.br\/loja\/wp-json\/wp\/v2\/product_tag?post=19532"}],"curies":[{"name":"wp","href":"https:\/\/api.w.org\/{rel}","templated":true}]}}