{"id":19476,"date":"2025-01-10T07:21:36","date_gmt":"2025-01-10T10:21:36","guid":{"rendered":"https:\/\/hificlub.com.br\/loja\/?post_type=product&#038;p=19476"},"modified":"2026-03-03T22:18:15","modified_gmt":"2026-03-04T01:18:15","slug":"jbl-eon-712-caixa-ativa-12-2-vias-bivolt-1300-watts","status":"publish","type":"product","link":"https:\/\/hificlub.com.br\/loja\/produto\/jbl-eon-712-caixa-ativa-12-2-vias-bivolt-1300-watts\/","title":{"rendered":"JBL EON 712 Caixa Ativa Bivolt 12&#8243; 2 Vias Bluetooth 1300 watts"},"content":{"rendered":"<p>Descri\u00e7\u00e3o do produto<br \/>\nA caixa ativa JBL EON712 de 12 polegadas faz parte da nova s\u00e9rie EON700 de PAs energizados da JBL, que representa um grande avan\u00e7o em inova\u00e7\u00e3o e tecnologia, oferecendo cobertura verdadeiramente intelig\u00edvel e claramente consistente em qualquer n\u00edvel de volume.<\/p>\n<p>A s\u00e9rie EON700 aproveita a mais recente ci\u00eancia ac\u00fastica, projetos de transdutores, materiais de gabinete e tecnologias avan\u00e7adas de controle e DSP para oferecer um desempenho extraordin\u00e1rio em um sistema port\u00e1til totalmente profissional, altamente flex\u00edvel e f\u00e1cil de usar.<\/p>\n<p>Com quatro modelos dispon\u00edveis, incluindo o EON710 de 10 polegadas, o EON712 de 12 polegadas e os alto-falantes de PA de 15 polegadas EON715 e o subwoofer EON718S de 18 polegadas, os sistemas EON700 atendem \u00e0s necessidades dos m\u00fasicos e provedores de som atuais.<\/p>\n<p>Ac\u00fastica e Amplificador<br \/>\nAs tecnologias avan\u00e7adas de guia de onda e transdutor da JBL, juntamente com amplifica\u00e7\u00e3o altamente eficiente, garantem uma cobertura uniforme em toda a \u00e1rea de audi\u00e7\u00e3o, mesmo quando voc\u00ea leva o sistema ao limite.<\/p>\n<p>O woofer da caixa ativa  EON712 foi redesenhado para menor imped\u00e2ncia e maior efici\u00eancia, uma buzina aprimorada oferece uma largura de feixe fora do eixo suave e o poderoso driver de compress\u00e3o 2414H da JBL possui um \u00edm\u00e3 de neod\u00edmio premium para resposta equilibrada em um espa\u00e7o leve. O alto-falante \u00e9 alimentado por 1.300 watts de amplifica\u00e7\u00e3o discreta Classe D ultraeficiente, para um som limpo e claro. Tudo isso resulta em cobertura, consist\u00eancia e inteligibilidade superiores em qualquer volume.<\/p>\n<p>DSP e controle avan\u00e7ados<br \/>\nO pacote DSP avan\u00e7ado do EON712 fornece controle abrangente sobre EQ, limitadores, atraso, Supress\u00e3o de Feedback Autom\u00e1tico dbx, redu\u00e7\u00e3o e outras fun\u00e7\u00f5es de alto-falante. Acesse as configura\u00e7\u00f5es no alto-falante usando uma tela LCD retroiluminada integrada ou de qualquer lugar do local usando o aplicativo JBL Pro Connect. A transmiss\u00e3o e o controle de \u00e1udio Bluetooth 5.0 integrados aproveitam os recursos de seguran\u00e7a do protocolo mais recente, baixa lat\u00eancia, amplo alcance e fidelidade de \u00e1udio aprimorada.<\/p>\n<p>Versatilidade do Sistema<br \/>\nAs caixas ativas EON712 podem ser usados \u200b\u200bcomo alto-falantes PA principais ou monitores de piso. Pontos de suspens\u00e3o superior e traseiro permitem alto-falantes voadores; os pontos de suspens\u00e3o traseiros servem como conex\u00f5es para instala\u00e7\u00f5es fixas, usando uma montagem de garfo universal opcional.<\/p>\n<p>P\u00e9s indexados moldados em gabinetes permitem uma variedade de configura\u00e7\u00f5es ac\u00fasticas e empilhamento seguro para configura\u00e7\u00f5es tradicionais de p\u00e9 e armazenamento e transporte convenientes. (Os subwoofers Companion EON718S apresentam uma montagem em haste rosqueada para alto-falantes de alcance total e s\u00e3o facilmente empilhados para configura\u00e7\u00f5es cardi\u00f3ides.)<\/p>\n<p>Robusto e confi\u00e1vel<br \/>\nTodos os produtos de \u00e1udio t\u00eam vida \u00fatil, e os engenheiros da JBL est\u00e3o comprometidos em tornar essa vida \u00fatil o mais longa poss\u00edvel &#8211; n\u00e3o apenas em termos de confiabilidade, mas em termos de qu\u00e3o bom o sistema soa toda vez que \u00e9 ligado.<\/p>\n<p>A JBL EON712 est\u00e1 alojado em um gabinete composto otimizado para FEA, aproveitando as t\u00e9cnicas de moldagem por inje\u00e7\u00e3o e modelagem mec\u00e2nica para maior durabilidade sem sacrificar o tamanho ou o desempenho do gabinete. Al\u00e7as ergon\u00f4micas otimizadas para computador facilitam a movimenta\u00e7\u00e3o de caixas.<\/p>\n<p>Como todo produto JBL Professional, o EON712 passa por testes rigorosos que v\u00e3o al\u00e9m de quaisquer condi\u00e7\u00f5es que o produto enfrentaria no mundo real. Nosso teste de pot\u00eancia de 100 horas l\u00edder do setor garante longevidade para que m\u00fasicos e engenheiros de \u00e1udio possam confiar nos componentes JBL em qualquer cen\u00e1rio.<\/p>\n<p>Descri\u00e7\u00f5es<br \/>\nWoofer de 12 polegadas com design personalizado<br \/>\nDriver de compress\u00e3o 2414H<br \/>\nCorneta de alta frequ\u00eancia redesenhada<br \/>\nPot\u00eancia: 1.300W de pico \/ 650W RMS<br \/>\nResposta de frequ\u00eancia: 50 Hz\u201320 kHz (-10 dB); 60 Hz\u201320 kHz (-3 dB)<br \/>\nSPL m\u00e1ximo: 127 dB<br \/>\nDispers\u00e3o: 100\u00b0 H x 60\u00b0 V<br \/>\nE\/S de \u00e1udio: 2 XLR Combo, 1 passagem XLR<br \/>\nDSP dbx avan\u00e7ado: Supress\u00e3o autom\u00e1tica de feedback, redu\u00e7\u00e3o, atraso de alto-falante de 100 ms, EQ param\u00e9trico<br \/>\nMixer digital de 3 canais integrado<br \/>\nTela LCD colorida retroiluminada oferece f\u00e1cil acesso \u00e0s fun\u00e7\u00f5es<br \/>\nControle universal do aplicativo JBL Pro Connect<br \/>\nTransmiss\u00e3o e controle Bluetooth 5.0<br \/>\nGabinete de polipropileno dur\u00e1vel e grade de metal<br \/>\nDuas al\u00e7as ergon\u00f4micas simplificam o transporte<br \/>\nMontagem em Pedestal \u00e9 opcional EON700 Universal Yoke Mount expandem as op\u00e7\u00f5es de configura\u00e7\u00e3o do sistema<br \/>\nGabinetes empilh\u00e1veis ??permitem f\u00e1cil armazenamento<br \/>\nVoltagem: 110\/220V<br \/>\nDimens\u00f5es: (669 x 382 x 324 mm) (AxLxP)<br \/>\nPeso: (14,5 kg)<\/p>\n<p>Pre\u00e7o Unitario<\/p>\n","protected":false},"excerpt":{"rendered":"<p>Descri\u00e7\u00e3o do produto A caixa ativa JBL EON712 de 12 polegadas faz parte da nova s\u00e9rie EON700 de PAs energizados da JBL, que representa um grande avan\u00e7o em inova\u00e7\u00e3o e tecnologia, oferecendo cobertura verdadeiramente intelig\u00edvel e claramente consistente em qualquer n\u00edvel de volume. A s\u00e9rie EON700 aproveita a mais recente ci\u00eancia ac\u00fastica, projetos de transdutores, [&hellip;]<\/p>\n","protected":false},"featured_media":19477,"template":"","meta":{"_acf_changed":false},"product_brand":[],"product_cat":[25,17,46,47],"product_tag":[],"class_list":{"0":"post-19476","1":"product","2":"type-product","3":"status-publish","4":"has-post-thumbnail","6":"product_cat-bookshelf","7":"product_cat-caixas","8":"product_cat-jbl","9":"product_cat-linha-profissional","11":"first","12":"instock","13":"sold-individually","14":"shipping-taxable","15":"purchasable","16":"product-type-simple"},"acf":[],"aioseo_notices":[],"_links":{"self":[{"href":"https:\/\/hificlub.com.br\/loja\/wp-json\/wp\/v2\/product\/19476","targetHints":{"allow":["GET"]}}],"collection":[{"href":"https:\/\/hificlub.com.br\/loja\/wp-json\/wp\/v2\/product"}],"about":[{"href":"https:\/\/hificlub.com.br\/loja\/wp-json\/wp\/v2\/types\/product"}],"wp:featuredmedia":[{"embeddable":true,"href":"https:\/\/hificlub.com.br\/loja\/wp-json\/wp\/v2\/media\/19477"}],"wp:attachment":[{"href":"https:\/\/hificlub.com.br\/loja\/wp-json\/wp\/v2\/media?parent=19476"}],"wp:term":[{"taxonomy":"product_brand","embeddable":true,"href":"https:\/\/hificlub.com.br\/loja\/wp-json\/wp\/v2\/product_brand?post=19476"},{"taxonomy":"product_cat","embeddable":true,"href":"https:\/\/hificlub.com.br\/loja\/wp-json\/wp\/v2\/product_cat?post=19476"},{"taxonomy":"product_tag","embeddable":true,"href":"https:\/\/hificlub.com.br\/loja\/wp-json\/wp\/v2\/product_tag?post=19476"}],"curies":[{"name":"wp","href":"https:\/\/api.w.org\/{rel}","templated":true}]}}