{"id":19466,"date":"2025-05-07T03:52:46","date_gmt":"2025-05-07T06:52:46","guid":{"rendered":"https:\/\/hificlub.com.br\/loja\/?post_type=product&#038;p=19466"},"modified":"2026-03-24T06:47:29","modified_gmt":"2026-03-24T09:47:29","slug":"sansui-g-6700-am-fm-stereo-receiver-90-watts","status":"publish","type":"product","link":"https:\/\/hificlub.com.br\/loja\/produto\/sansui-g-6700-am-fm-stereo-receiver-90-watts\/","title":{"rendered":"SANSUI G-6700 AM FM Stereo Receiver 90 watts"},"content":{"rendered":"<p>Este \u00e9 o Sansui G-6700 . Foi produzido entre 1980 e 1982 e tinha um pre\u00e7o de tabela de US$ 730,00. Sua pot\u00eancia nominal era de 90 watts por canal em 8 ohms e sua distor\u00e7\u00e3o harm\u00f4nica total era de 0,025%.<\/p>\n<p>O Sansui G-6700 pesa aproximadamente 16 kg. Possui controles de tom para graves e agudos e filtros para subs\u00f4nicos e agudos. Tamb\u00e9m possui controle de volume. Possui sa\u00eddas para dois conjuntos de alto-falantes, al\u00e9m de fones de ouvido. Como entradas, possui Phono, Tape 1+2 e Aux.<\/p>\n<p>Especifica\u00e7\u00f5es<br \/>\nFaixa de sintonia: FM, MW<\/p>\n<p>Pot\u00eancia de sa\u00edda: 90 watts por canal em 8\u03a9 (est\u00e9reo)<\/p>\n<p>Resposta de frequ\u00eancia: 5Hz a 75kHz<\/p>\n<p>Distor\u00e7\u00e3o harm\u00f4nica total: 0,025%<\/p>\n<p>Fator de amortecimento: 50<\/p>\n<p>Sensibilidade de entrada: 6 mV (microfone), 2,5 mV (MM), 150 mV (linha)<\/p>\n<p>Rela\u00e7\u00e3o sinal-ru\u00eddo: 78dB (MM), 95dB (linha)<\/p>\n<p>Separa\u00e7\u00e3o de canais: 55dB (MM), 65dB (linha)<\/p>\n<p>Sa\u00edda: 150mV (linha)<\/p>\n<p>Imped\u00e2ncia de carga do alto-falante: 8\u03a9 (m\u00ednimo)<\/p>\n<p>Dimens\u00f5es: 505 x 182 x 442 mm<\/p>\n<p>Peso: 16,1 kg<\/p>\n","protected":false},"excerpt":{"rendered":"<p>Este \u00e9 o Sansui G-6700 . Foi produzido entre 1980 e 1982 e tinha um pre\u00e7o de tabela de US$ 730,00. Sua pot\u00eancia nominal era de 90 watts por canal em 8 ohms e sua distor\u00e7\u00e3o harm\u00f4nica total era de 0,025%. O Sansui G-6700 pesa aproximadamente 16 kg. Possui controles de tom para graves e [&hellip;]<\/p>\n","protected":false},"featured_media":21327,"template":"","meta":{"_acf_changed":false},"product_brand":[],"product_cat":[27,51,251,26],"product_tag":[],"class_list":{"0":"post-19466","1":"product","2":"type-product","3":"status-publish","4":"has-post-thumbnail","6":"product_cat-amplificador","7":"product_cat-integrado","8":"product_cat-sansui","9":"product_cat-vintage","11":"first","12":"instock","13":"sold-individually","14":"shipping-taxable","15":"purchasable","16":"product-type-simple"},"acf":[],"aioseo_notices":[],"_links":{"self":[{"href":"https:\/\/hificlub.com.br\/loja\/wp-json\/wp\/v2\/product\/19466","targetHints":{"allow":["GET"]}}],"collection":[{"href":"https:\/\/hificlub.com.br\/loja\/wp-json\/wp\/v2\/product"}],"about":[{"href":"https:\/\/hificlub.com.br\/loja\/wp-json\/wp\/v2\/types\/product"}],"wp:featuredmedia":[{"embeddable":true,"href":"https:\/\/hificlub.com.br\/loja\/wp-json\/wp\/v2\/media\/21327"}],"wp:attachment":[{"href":"https:\/\/hificlub.com.br\/loja\/wp-json\/wp\/v2\/media?parent=19466"}],"wp:term":[{"taxonomy":"product_brand","embeddable":true,"href":"https:\/\/hificlub.com.br\/loja\/wp-json\/wp\/v2\/product_brand?post=19466"},{"taxonomy":"product_cat","embeddable":true,"href":"https:\/\/hificlub.com.br\/loja\/wp-json\/wp\/v2\/product_cat?post=19466"},{"taxonomy":"product_tag","embeddable":true,"href":"https:\/\/hificlub.com.br\/loja\/wp-json\/wp\/v2\/product_tag?post=19466"}],"curies":[{"name":"wp","href":"https:\/\/api.w.org\/{rel}","templated":true}]}}