{"id":19430,"date":"2025-01-08T06:59:16","date_gmt":"2025-01-08T09:59:16","guid":{"rendered":"https:\/\/hificlub.com.br\/loja\/?post_type=product&#038;p=19430"},"modified":"2026-02-15T12:23:14","modified_gmt":"2026-02-15T15:23:14","slug":"hifi-rose-rs150b-reference-network-streamer-server-dac-2","status":"publish","type":"product","link":"https:\/\/hificlub.com.br\/loja\/produto\/hifi-rose-rs150b-reference-network-streamer-server-dac-2\/","title":{"rendered":"HIFI ROSE RS150B Reference Network Streamer, Server e DAC"},"content":{"rendered":"<p>HiFi Rose RS150B Refer\u00eancia Streamer DAC<br \/>\nUm DAC de streaming Roon Ready, certificado pela MQA, baseado em um chip Sabre com uma fonte de alimenta\u00e7\u00e3o linear e uma tela sens\u00edvel ao toque Ultra HD 4K de 14,9&#8243;<br \/>\nO carro-chefe RS150B \u00e9 fresado a partir de um bloco s\u00f3lido de alum\u00ednio de alta pureza, usa um rel\u00f3gio femto e oferece um grande display intuitivo. Ele oferece sa\u00edda I2S, entrada ARC e oferece Wi-Fi e Bluetooth apenas por meio de um dongle externo. Uma entrada de linha anal\u00f3gica \u00e9 oferecida, permitindo que ele funcione como um pr\u00e9-amplificador.<\/p>\n<p>Eleve a est\u00e9tica da sua sala de audi\u00e7\u00e3o e o som do seu sistema com este DAC de streaming de rede com desempenho de \u00e1udio de ponta e fonte de alimenta\u00e7\u00e3o linear, al\u00e9m de muitas maneiras de controlar a unidade direta e remotamente.<\/p>\n<p>Os controles<br \/>\nO HiFi Rose \u00e9 elogiado com raz\u00e3o por sua linda tela sens\u00edvel ao toque Ultra HD 4K com um amplo \u00e2ngulo de vis\u00e3o e cores ricas. Ele oferece uma interface intuitiva e conveniente, e tamb\u00e9m exibe informa\u00e7\u00f5es de \u00e1lbum em alta defini\u00e7\u00e3o e reproduz v\u00eddeo a 60 FPS. O volume \u00e9 controlado com um controle habilitado para tela sens\u00edvel ao toque.<\/p>\n<p>O RS150B vem com um controle remoto Bluetooth f\u00edsico e tamb\u00e9m pode ser controlado pelo aplicativo ROSE Connect para iOS ou Android.<\/p>\n<p>O DAC<br \/>\nO RS150B usa o chip ES9038PRO Sabre com processamento propriet\u00e1rio que oferece um som de baixo ru\u00eddo, baixa distor\u00e7\u00e3o e ultra-alta resolu\u00e7\u00e3o com rica densidade anal\u00f3gica. As taxas de amostragem v\u00e3o at\u00e9 PCM 32 bits\/768 KHz e DSD512 nativo (22,5792 Mhz).<\/p>\n<p>Muitas maneiras de jogar<br \/>\nAl\u00e9m de todos os servi\u00e7os online esperados, voc\u00ea pode conectar uma unidade \u00f3ptica via USB e reproduzir ou ripar CDs. H\u00e1 Qobuz, Tidal, Spotify, r\u00e1dio na internet e muito mais, e o RS150B \u00e9 Roon Ready. Ele tamb\u00e9m \u00e9 totalmente certificado pela MQA.<\/p>\n<p>O RS150B permite armazenamento onboard e pode reconhecer at\u00e9 um SSD interno de 4 TB e um HDD externo de 10 TB. Um slot MicroSD tamb\u00e9m est\u00e1 dispon\u00edvel. O RS150 encontrar\u00e1 e reproduzir\u00e1 m\u00fasica no seu NAS e outros servidores de m\u00fasica.<\/p>\n<p>Adicione uma unidade de CD e um ripador com o HiFi Rose RSA780 .<\/p>\n<p>Assista a v\u00eddeos de alta resolu\u00e7\u00e3o na tela frontal do TIDAL Video, Bugs Video e RoseTube.<\/p>\n<p>Observa\u00e7\u00e3o: o RS150 com o chip AKM DAC n\u00e3o est\u00e1 dispon\u00edvel nos EUA.<\/p>\n<p>Especifica\u00e7\u00f5es<br \/>\nTela: LCD touchscreen HD IPS de 14,9&#8243;<\/p>\n<p>Chip DAC: ES9038PRO<\/p>\n<p>Imped\u00e2ncia de sa\u00edda: 5 0 \u03a9<\/p>\n<p>Rede: Ethernet 10\/100\/1000 BASE-T, dongle USB externo Wi-Fi suportado<\/p>\n<p>Bluetooth: Dongle USB BT WiFi externo suportado (A2DP Sink, AVRCP v1.3)<\/p>\n<p>Entradas<br \/>\nAnal\u00f3gicas: 1 x linha RCA est\u00e9reo Digital: 1 x \u00f3ptica, 1 x coaxial S\/PDIF, 1 x AES\/EBU, 1 x USB Audio, 1 x HDMI ARC<\/p>\n<p>Sa\u00eddas<br \/>\nAnal\u00f3gicas: 1 x pr\u00e9 RCA est\u00e9reo, 1 x pr\u00e9 XLR balanceado, Digital:<br \/>\n1 x \u00f3ptico, 1 x coaxial S\/PDIF, 1 x USB \u00c1udio, 1 x I2S-DVI, 1 x I2S-RJ45, 1 x AES\/EBU digital XLR<\/p>\n<p>Sa\u00edda de v\u00eddeo: 1 x HDMI 2.0 (at\u00e9 3840 x 2160 \/ 60 Hz)<\/p>\n<p>Sistemas de arquivos de conex\u00e3o de m\u00eddia : SMBv1, SMBv2, FTP, WebDav, NTFS, eXfat, FAT32<br \/>\nInterface de armazenamento: 2 x USB3.0, 1 x MicroSD, 1 x SSD<\/p>\n<p>Dimens\u00f5es (L x A x C): 430 x 316 x 123 mm (17&#8243; x 12,4&#8243; x 4,8&#8243;)<\/p>\n<p>Peso: 28,6 lb<\/p>\n","protected":false},"excerpt":{"rendered":"<p>HiFi Rose RS150B Refer\u00eancia Streamer DAC Um DAC de streaming Roon Ready, certificado pela MQA, baseado em um chip Sabre com uma fonte de alimenta\u00e7\u00e3o linear e uma tela sens\u00edvel ao toque Ultra HD 4K de 14,9&#8243; O carro-chefe RS150B \u00e9 fresado a partir de um bloco s\u00f3lido de alum\u00ednio de alta pureza, usa um [&hellip;]<\/p>\n","protected":false},"featured_media":30940,"template":"","meta":{"_acf_changed":false},"product_brand":[],"product_cat":[43,41,210,50,142],"product_tag":[],"class_list":{"0":"post-19430","1":"product","2":"type-product","3":"status-publish","4":"has-post-thumbnail","6":"product_cat-dac","7":"product_cat-digital","8":"product_cat-hifi-rose","9":"product_cat-music-server","10":"product_cat-streamers","12":"first","13":"instock","14":"sold-individually","15":"shipping-taxable","16":"purchasable","17":"product-type-simple"},"acf":[],"aioseo_notices":[],"_links":{"self":[{"href":"https:\/\/hificlub.com.br\/loja\/wp-json\/wp\/v2\/product\/19430","targetHints":{"allow":["GET"]}}],"collection":[{"href":"https:\/\/hificlub.com.br\/loja\/wp-json\/wp\/v2\/product"}],"about":[{"href":"https:\/\/hificlub.com.br\/loja\/wp-json\/wp\/v2\/types\/product"}],"wp:featuredmedia":[{"embeddable":true,"href":"https:\/\/hificlub.com.br\/loja\/wp-json\/wp\/v2\/media\/30940"}],"wp:attachment":[{"href":"https:\/\/hificlub.com.br\/loja\/wp-json\/wp\/v2\/media?parent=19430"}],"wp:term":[{"taxonomy":"product_brand","embeddable":true,"href":"https:\/\/hificlub.com.br\/loja\/wp-json\/wp\/v2\/product_brand?post=19430"},{"taxonomy":"product_cat","embeddable":true,"href":"https:\/\/hificlub.com.br\/loja\/wp-json\/wp\/v2\/product_cat?post=19430"},{"taxonomy":"product_tag","embeddable":true,"href":"https:\/\/hificlub.com.br\/loja\/wp-json\/wp\/v2\/product_tag?post=19430"}],"curies":[{"name":"wp","href":"https:\/\/api.w.org\/{rel}","templated":true}]}}