{"id":1941,"date":"2023-10-17T19:58:25","date_gmt":"2023-10-17T22:58:25","guid":{"rendered":"https:\/\/hificlub.com.br\/loja2\/produto\/marantz-reference-pm11s3-100-watts\/"},"modified":"2026-03-13T10:30:09","modified_gmt":"2026-03-13T13:30:09","slug":"marantz-reference-pm11s3-100-watts","status":"publish","type":"product","link":"https:\/\/hificlub.com.br\/loja\/produto\/marantz-reference-pm11s3-100-watts\/","title":{"rendered":"MARANTZ REFERENCE PM11S3 100 watts"},"content":{"rendered":"<p>Estado de conserva\u00e7\u00e3o: <strong>9\/10<\/strong><\/p>\n<div class=\"row\">\n<div class=\"overview-body col-12\">\n<div class=\"row our-take\">\n<div class=\"col\">\n<div id=\"ourTake\" class=\"overviewText clearfix collapse show\">\n<div class=\"row\">\n<div class=\"col-12 overviewCopy\">\n<h4>Tradi\u00e7\u00e3o \u2014 aliada \u00e0 vontade de inovar<\/h4>\n<p>Talvez seja uma op\u00e7\u00e3o agora. O amplificador integrado Marantz PM-11S3 Reference Series n\u00e3o se afastou das tradi\u00e7\u00f5es que fizeram da Marantz um dos nomes mais respeitados em toda a eletr\u00f3nica de consumo. Este componente \u00e9 um criador de padr\u00f5es. Eles a chamam de \u201cS\u00e9rie de Refer\u00eancia\u201d por um motivo. Comece com o conceito de som puro e sem cor e, em seguida, proponha-se a alcan\u00e7\u00e1-lo com os melhores materiais, sob a orienta\u00e7\u00e3o dos melhores inovadores da ind\u00fastria. Preste aten\u00e7\u00e3o ao que funciona. S\u00f3 fa\u00e7a refinamentos se eles melhorarem o som. N\u00e3o adicione recursos s\u00f3 porque voc\u00ea pode.<\/p>\n<h4><span class=\"\">A resist\u00eancia encontra a eleg\u00e2ncia<\/span><\/h4>\n<p>Ent\u00e3o d\u00ea uma olhada no PM-11S3. \u00c9 simplificado, bonito e resistente como um tanque de guerra. A substancial caixa de alum\u00ednio anodizado preto \u00e9 t\u00e3o resistente que a placa superior de alum\u00ednio de 5 mm provavelmente poderia proteg\u00ea-lo de estilha\u00e7os voadores. Cancele isso &#8211; com quase 60 libras, n\u00e3o ser\u00e1 f\u00e1cil peg\u00e1-lo. Ent\u00e3o, o que esse peso tem a ver com um som excelente?<\/p>\n<h4><span class=\"\">\u00d3timos sons precisam de energia limpa<\/span><\/h4>\n<p><span class=\"\">Bem, no seu n\u00edvel mais b\u00e1sico, o desempenho de um amplificador integrado est\u00e1 ligado \u00e0 rapidez, transpar\u00eancia e efici\u00eancia com que ele gerencia grandes quantidades de energia. Portanto,\u00a0<\/span><em><span class=\"\">tudo<\/span><\/em><span class=\"\">\u00a0ao longo do caminho \u00e9 otimizado, desde a fonte de alimenta\u00e7\u00e3o robusta, at\u00e9 o enorme transformador toroidal (\u00a0<\/span><em><span class=\"\">h\u00e1<\/span><\/em><span class=\"\">\u00a0uma boa parte do peso) que \u00e9 enrolado com cobre livre de oxig\u00eanio, at\u00e9 os 40 conjuntos individuais de M\u00f3dulo Amplificador Hiper Din\u00e2mico (HDAM) que maximizam largura de banda, faixa din\u00e2mica e tempo de resposta. Estas coisas libertam a sua m\u00fasica, porque os est\u00e1gios de pr\u00e9-amplificador e amplificador correspondentes t\u00eam a pot\u00eancia pronta para permitir que os seus altifalantes reproduzam at\u00e9 os elementos mais desafiantes da m\u00fasica que voc\u00ea gosta.<\/span><\/p>\n<div class=\"containerImageCaptionExtraExtraSmall floatLeft\">\n<p>40 conjuntos HDAM no amplificador garantem pot\u00eancia instant\u00e2nea, limpa e com largura de banda total.<\/p>\n<\/div>\n<p>Este caminho de alimenta\u00e7\u00e3o \u00e9 suportado por um chassi r\u00edgido e resistente a vibra\u00e7\u00f5es revestido de cobre em todas as superf\u00edcies internas para m\u00e1xima resist\u00eancia a RF e interfer\u00eancia el\u00e9trica. O painel inferior de camada dupla completa o envelope de rigidez que isola a unidade de interfer\u00eancias mec\u00e2nicas.<\/p>\n<div class=\"containerImageCaptionSmall floatRight\">\n<p>O amplificador integrado Marantz PM-11S3 Reference Series oferece flexibilidade de configura\u00e7\u00e3o.<\/p>\n<\/div>\n<h4>Conex\u00f5es para op\u00e7\u00f5es de configura\u00e7\u00e3o<\/h4>\n<p><span class=\"\">A conectividade \u00e9 outro lugar onde a aten\u00e7\u00e3o aos detalhes fica evidente. Seis entradas RCA n\u00e3o balanceadas hospedar\u00e3o outros componentes do sistema, como toca-discos, CD players e muito mais. Um s\u00e9timo par de entradas ignora o est\u00e1gio de pr\u00e9-amplificador, para que voc\u00ea possa usar o PM-11S3 para acionar os alto-falantes frontais esquerdo e direito em uma configura\u00e7\u00e3o surround de home theater. E um par de entrada XLR balanceado permite conectar componentes profissionais e de \u00faltima gera\u00e7\u00e3o. Al\u00e9m disso, um interruptor no painel traseiro permite que voc\u00ea use dois PM-11S3 em uma configura\u00e7\u00e3o de quatro canais para biamplificar seus alto-falantes. Os terminais de liga\u00e7\u00e3o dos alto-falantes s\u00e3o feitos de cobre de alta pureza para garantir que nenhuma energia seja desperdi\u00e7ada no caminho para os alto-falantes.<\/span><\/p>\n<\/div>\n<\/div>\n<\/div>\n<\/div>\n<\/div>\n<\/div>\n<\/div>\n<div class=\"row\">\n<div class=\"col-12 col-lg-7\">\n<div id=\"hightlightWrapper\" class=\"keep-reading-wrapper open\">\n<div class=\"highlight-wrapper\">\n<h4><span class=\"\">Destaques do produto:<\/span><\/h4>\n<ul>\n<li>100 watts x 2 canais em 8 ohms (20-20.000 Hz) a 0,01% THD<\/li>\n<li>200 watts x 2 canais em 4 ohms (20-20.000 Hz) a 0,01% THD<\/li>\n<li>M\u00f3dulos HDAM (M\u00f3dulo Amplificador Hiper Din\u00e2mico) -SA3 nas se\u00e7\u00f5es de pr\u00e9-amplificador e amplificador<\/li>\n<li>sistema de ajuste de volume anal\u00f3gico controlado digitalmente<\/li>\n<li>op\u00e7\u00f5es de configura\u00e7\u00e3o flex\u00edveis:\n<ul>\n<li>amplificador integrado convencional<\/li>\n<li>emparelhado com uma unidade id\u00eantica para bi-amplifica\u00e7\u00e3o de quatro canais e dois componentes<\/li>\n<li>amplificador de pot\u00eancia do alto-falante esquerdo\/direito em uma configura\u00e7\u00e3o de home theater<\/li>\n<\/ul>\n<\/li>\n<li>enorme transformador toroidal enrolado com cobre livre de oxig\u00eanio para m\u00e1xima altura livre e estabilidade operacional<\/li>\n<li>A se\u00e7\u00e3o phono apresenta est\u00e1gio de ganho de feedback de corrente constante para reprodu\u00e7\u00e3o musical perfeita de suas grava\u00e7\u00f5es de vinil<\/li>\n<li>resposta de frequ\u00eancia 5-120.000 Hz (\u00b13dB)<\/li>\n<li>rela\u00e7\u00e3o sinal-ru\u00eddo: linha 109dB (XLR), linha 108dB (RCA), fono 88dB (MM), fono 76dB (MC)<\/li>\n<li>7 entradas de \u00e1udio RCA (incluindo entrada fono para cartuchos magn\u00e9ticos m\u00f3veis e bobinas m\u00f3veis)<\/li>\n<li>entrada XLR balanceada de 3 pinos<\/li>\n<li>1 sa\u00edda de pr\u00e9-amplificador RCA, 2 sa\u00eddas de grava\u00e7\u00e3o RCA<\/li>\n<li>2 conjuntos de conectores de alto-falante de cobre de alta pureza com comuta\u00e7\u00e3o A\/B<\/li>\n<li>O interruptor biamp\/est\u00e9reo permite biamp seus alto-falantes usando dois PM-11S3s para um som de fidelidade ainda mais alta<\/li>\n<li>sa\u00edda de fone de ouvido em tamanho real<\/li>\n<li>controle remoto<\/li>\n<li>chassi r\u00edgido revestido de cobre com placa superior de alum\u00ednio de 5 mm e placa inferior de camada dupla<\/li>\n<li><a href=\"https:\/\/www-crutchfield-com.translate.goog\/shopsearch\/NRG-2.html%20?_x_tr_sl=en&amp;_x_tr_tl=pt&amp;_x_tr_hl=pt-BR&amp;_x_tr_pto=sc\">cabo de alimenta\u00e7\u00e3o<\/a>\u00a0destac\u00e1vel<\/li>\n<li>acabamento anodizado preto<\/li>\n<li>17-3\/8&#8243;L x 6-9\/16&#8243;A x 18-3\/4&#8243;P<\/li>\n<li>peso: 58,6 libras.<\/li>\n<\/ul>\n<\/div>\n<\/div>\n<\/div>\n<\/div>\n","protected":false},"excerpt":{"rendered":"<p>Estado de conserva\u00e7\u00e3o: 9\/10 Tradi\u00e7\u00e3o \u2014 aliada \u00e0 vontade de inovar Talvez seja uma op\u00e7\u00e3o agora. O amplificador integrado Marantz PM-11S3 Reference Series n\u00e3o se afastou das tradi\u00e7\u00f5es que fizeram da Marantz um dos nomes mais respeitados em toda a eletr\u00f3nica de consumo. Este componente \u00e9 um criador de padr\u00f5es. Eles a chamam de \u201cS\u00e9rie [&hellip;]<\/p>\n","protected":false},"featured_media":1940,"template":"","meta":{"_acf_changed":false},"product_brand":[],"product_cat":[27,51,92],"product_tag":[],"class_list":{"0":"post-1941","1":"product","2":"type-product","3":"status-publish","4":"has-post-thumbnail","6":"product_cat-amplificador","7":"product_cat-integrado","8":"product_cat-marantz","10":"first","11":"instock","12":"sold-individually","13":"shipping-taxable","14":"purchasable","15":"product-type-simple"},"acf":[],"aioseo_notices":[],"_links":{"self":[{"href":"https:\/\/hificlub.com.br\/loja\/wp-json\/wp\/v2\/product\/1941","targetHints":{"allow":["GET"]}}],"collection":[{"href":"https:\/\/hificlub.com.br\/loja\/wp-json\/wp\/v2\/product"}],"about":[{"href":"https:\/\/hificlub.com.br\/loja\/wp-json\/wp\/v2\/types\/product"}],"wp:featuredmedia":[{"embeddable":true,"href":"https:\/\/hificlub.com.br\/loja\/wp-json\/wp\/v2\/media\/1940"}],"wp:attachment":[{"href":"https:\/\/hificlub.com.br\/loja\/wp-json\/wp\/v2\/media?parent=1941"}],"wp:term":[{"taxonomy":"product_brand","embeddable":true,"href":"https:\/\/hificlub.com.br\/loja\/wp-json\/wp\/v2\/product_brand?post=1941"},{"taxonomy":"product_cat","embeddable":true,"href":"https:\/\/hificlub.com.br\/loja\/wp-json\/wp\/v2\/product_cat?post=1941"},{"taxonomy":"product_tag","embeddable":true,"href":"https:\/\/hificlub.com.br\/loja\/wp-json\/wp\/v2\/product_tag?post=1941"}],"curies":[{"name":"wp","href":"https:\/\/api.w.org\/{rel}","templated":true}]}}