{"id":19385,"date":"2025-01-05T20:57:11","date_gmt":"2025-01-05T23:57:11","guid":{"rendered":"https:\/\/hificlub.com.br\/loja\/?post_type=product&#038;p=19385"},"modified":"2026-03-03T22:18:16","modified_gmt":"2026-03-04T01:18:16","slug":"jbl-eom-718s-subwoofer-ativo-18-1500-watts","status":"publish","type":"product","link":"https:\/\/hificlub.com.br\/loja\/produto\/jbl-eom-718s-subwoofer-ativo-18-1500-watts\/","title":{"rendered":"JBL EON 718S Subwoofer  Ativo 18&#8243; 1500 watts"},"content":{"rendered":"<p>Descri\u00e7\u00e3o do produto<br \/>\nO subwoofer ativo de 18 polegadas JBL EON718S faz parte da nova s\u00e9rie EON700 de PAs energizados da JBL, que representa um grande avan\u00e7o em inova\u00e7\u00e3o e tecnologia, oferecendo cobertura verdadeiramente intelig\u00edvel e claramente consistente em qualquer n\u00edvel de volume.<\/p>\n<p>A s\u00e9rie EON700 aproveita a mais recente ci\u00eancia ac\u00fastica, projetos de transdutores, materiais de gabinete e tecnologias avan\u00e7adas de controle e DSP para oferecer um desempenho extraordin\u00e1rio em um sistema port\u00e1til totalmente profissional, altamente flex\u00edvel e f\u00e1cil de usar.<\/p>\n<p>Com quatro modelos dispon\u00edveis, incluindo o EON710 de 10 polegadas, o EON712 de 12 polegadas e os alto-falantes de PA de 15 polegadas EON715 e o subwoofer EON718S de 18 polegadas, os sistemas EON700 atendem \u00e0s necessidades dos m\u00fasicos e provedores de som atuais.<\/p>\n<p>(Observa\u00e7\u00e3o: o suporte ao aplicativo JBL EON718S Pro Connect \u00e9 esperado em abril de 2022, dependendo da aprova\u00e7\u00e3o da App Store \/ Google Play Store.)<\/p>\n<p>O EON718S produz graves suaves e naturais at\u00e9 31 Hz, gra\u00e7as a um pacote ac\u00fastico rec\u00e9m-projetado com um woofer completamente redesenhado e 1.500 watts de amplifica\u00e7\u00e3o ultra-eficiente.<\/p>\n<p>DSP e controle avan\u00e7ados<br \/>\nO pacote DSP avan\u00e7ado do EON718S inclui EQ param\u00e9trico integrado, invers\u00e3o de polaridade e atraso de alto-falante. Acesse as configura\u00e7\u00f5es no alto-falante usando uma tela LCD retroiluminada integrada ou de qualquer lugar do local usando o aplicativo JBL Pro Connect. O streaming de \u00e1udio Bluetooth 5.0 integrado da s\u00e9rie EON700 (alto-falantes de alcance total) e o controle aproveitam os recursos de seguran\u00e7a do protocolo mais recente, baixa lat\u00eancia, amplo alcance e fidelidade de \u00e1udio aprimorada.<\/p>\n<p>Versatilidade do Sistema<br \/>\nO subwoofer EON718S possui uma montagem em haste rosqueada para alto-falantes de alcance total e pode ser facilmente empilhado para configura\u00e7\u00f5es cardi\u00f3ides. Modelos full-range podem ser usados \u200b\u200bcomo alto-falantes PA principais ou monitores de piso. P\u00e9s indexados moldados em gabinetes permitem uma variedade de configura\u00e7\u00f5es ac\u00fasticas e empilhamento seguro para configura\u00e7\u00f5es tradicionais de p\u00e9 e armazenamento e transporte convenientes.<\/p>\n<p>Robusto e confi\u00e1vel<br \/>\nTodos os produtos de \u00e1udio t\u00eam vida \u00fatil, e os engenheiros da JBL est\u00e3o comprometidos em tornar essa vida \u00fatil o mais longa poss\u00edvel &#8211; n\u00e3o apenas em termos de confiabilidade, mas em termos de qu\u00e3o bom o sistema soa toda vez que \u00e9 ligado.<\/p>\n<p>Os alto-falantes de gama completa da s\u00e9rie EON700 apresentam gabinetes compostos otimizados por FEA, aproveitando as t\u00e9cnicas de moldagem por inje\u00e7\u00e3o e modelagem mec\u00e2nica para maior durabilidade sem sacrificar o tamanho ou o desempenho do gabinete. O subwoofer EON718S est\u00e1 alojado em um gabinete robusto de b\u00e9tula de 15 camadas; al\u00e7as ergon\u00f4micas otimizadas para computador facilitam a movimenta\u00e7\u00e3o desses alto-falantes e subwoofers.<\/p>\n<p>Como todo produto JBL Professional, o 718S passa por testes rigorosos que v\u00e3o al\u00e9m de quaisquer condi\u00e7\u00f5es que o produto enfrentaria no mundo real. Nosso teste de pot\u00eancia de 100 horas l\u00edder do setor garante longevidade para que m\u00fasicos e engenheiros de \u00e1udio possam confiar nos componentes JBL em qualquer cen\u00e1rio.<\/p>\n<p>Descri\u00e7\u00f5es<br \/>\nModelo: EON718S<br \/>\nTipo do sistema: Subwoofer Ativo 18&#8243;<br \/>\nModelo do Woofer: 718G<br \/>\nTamanho do Woofer: 18&#8243;<br \/>\n\u00cdm\u00e3 do Woofer: Ferrite<br \/>\nTamanho da Bobina de voz do Woofer: 3&#8243;<br \/>\nImped\u00e2ncia nominal do woofer: 4 ohms<br \/>\nSPL m\u00e1x. 131dB @1m\/2Pi<br \/>\nResposta de Frequ\u00eancia: (\u00b1 3 dB) dB 31Hz &#8211; 150Hz<br \/>\nResposta de Frequ\u00eancia: (\u00b1 3 dB) 40Hz -120Hz<br \/>\nDispers\u00e3o horizontal: Omni<br \/>\nDispers\u00e3o Vertical: Omni<br \/>\nFrequ\u00eancia cruzada: 80, 100, 120Hz selecion\u00e1vel<br \/>\nPot\u00eancia pico: 1500 W<br \/>\nPot\u00eancia nominal: 750 W RMS<br \/>\nAlimenta\u00e7\u00e3o: CA 100V-120V ou 220V-240V<br \/>\nResfriamento: Passivo<br \/>\nIndicadores LED: 1 LED de energia, 1 limite do sistema, 1 LED frontal<br \/>\nImped\u00e2ncia de entrada: 50k\/100k n\u00e3o balanceado\/balanceado<br \/>\nGanho de entrada: -8 a +36db<br \/>\nE\/S: 2 XLR Combo, e 2 XLR M Thru<br \/>\nGabinete: Contraplacado de b\u00e9tula revestido com Duraflex de 18 mm<br \/>\nGrade: A\u00e7o perfurado 16GA com suporte de tecido preto acusticamente transparente<br \/>\nSuspens\u00e3o \/ Montagem: 1 copo para vara com rosca M20<br \/>\nAl\u00e7as: 2<br \/>\nDimens\u00f5es: AxLxP 674x609x637mm<br \/>\nPeso l\u00edquido: 35,5 kg<\/p>\n","protected":false},"excerpt":{"rendered":"<p>Descri\u00e7\u00e3o do produto O subwoofer ativo de 18 polegadas JBL EON718S faz parte da nova s\u00e9rie EON700 de PAs energizados da JBL, que representa um grande avan\u00e7o em inova\u00e7\u00e3o e tecnologia, oferecendo cobertura verdadeiramente intelig\u00edvel e claramente consistente em qualquer n\u00edvel de volume. A s\u00e9rie EON700 aproveita a mais recente ci\u00eancia ac\u00fastica, projetos de transdutores, [&hellip;]<\/p>\n","protected":false},"featured_media":19386,"template":"","meta":{"_acf_changed":false},"product_brand":[],"product_cat":[17,46,47,36],"product_tag":[],"class_list":{"0":"post-19385","1":"product","2":"type-product","3":"status-publish","4":"has-post-thumbnail","6":"product_cat-caixas","7":"product_cat-jbl","8":"product_cat-linha-profissional","9":"product_cat-subwoofer","11":"first","12":"instock","13":"sold-individually","14":"shipping-taxable","15":"purchasable","16":"product-type-simple"},"acf":[],"aioseo_notices":[],"_links":{"self":[{"href":"https:\/\/hificlub.com.br\/loja\/wp-json\/wp\/v2\/product\/19385","targetHints":{"allow":["GET"]}}],"collection":[{"href":"https:\/\/hificlub.com.br\/loja\/wp-json\/wp\/v2\/product"}],"about":[{"href":"https:\/\/hificlub.com.br\/loja\/wp-json\/wp\/v2\/types\/product"}],"wp:featuredmedia":[{"embeddable":true,"href":"https:\/\/hificlub.com.br\/loja\/wp-json\/wp\/v2\/media\/19386"}],"wp:attachment":[{"href":"https:\/\/hificlub.com.br\/loja\/wp-json\/wp\/v2\/media?parent=19385"}],"wp:term":[{"taxonomy":"product_brand","embeddable":true,"href":"https:\/\/hificlub.com.br\/loja\/wp-json\/wp\/v2\/product_brand?post=19385"},{"taxonomy":"product_cat","embeddable":true,"href":"https:\/\/hificlub.com.br\/loja\/wp-json\/wp\/v2\/product_cat?post=19385"},{"taxonomy":"product_tag","embeddable":true,"href":"https:\/\/hificlub.com.br\/loja\/wp-json\/wp\/v2\/product_tag?post=19385"}],"curies":[{"name":"wp","href":"https:\/\/api.w.org\/{rel}","templated":true}]}}