{"id":1938,"date":"2023-10-17T19:58:25","date_gmt":"2023-10-17T22:58:25","guid":{"rendered":"https:\/\/hificlub.com.br\/loja2\/produto\/sim2-mico-50\/"},"modified":"2024-10-07T17:09:25","modified_gmt":"2024-10-07T20:09:25","slug":"sim2-mico-50","status":"publish","type":"product","link":"https:\/\/hificlub.com.br\/loja\/produto\/sim2-mico-50\/","title":{"rendered":"SIM2 MICO 50"},"content":{"rendered":"<p>CONDI&Ccedil;&Atilde;O: USADO<br \/>Estado de conserva\u00e7\u00e3o: 9\/10<br \/>RESOLU\u00c7\u00c3O NATIVA: 1080p<br \/>3D: N\u00c3O<br \/>CONTRASTE: 100.000:1<br \/>LUMENS: 800<br \/>DIMENSOES: 64cm x 54cm x 24cm<\/p>\n<p>Brightness: 800 Lumens<br \/>\nContrast(Full On\/Off): 100,000:1<br \/>\nAuto Iris:\tYes<br \/>\nContrast Ratio: 100,000:1<br \/>\nNative Resolution: 1920&#215;1080<br \/>\nAspect Ratio: 16:9 (HD)<br \/>\nVideo Modes: 720p, 1080i, 1080p\/60<br \/>\n480p, 480i<br \/>\nData Modes:\tMAX 1920&#215;1080<br \/>\nDigital Inputs: HDMI<br \/>\nMax Power: 370 Watts<br \/>\nVoltage:\t100V &#8211; 240V<br \/>\nSize(cm) (HxWxD): 24 x 54 x 64<br \/>\nWeight: 24.9 kg<\/p>\n","protected":false},"excerpt":{"rendered":"<p>CONDI&Ccedil;&Atilde;O: USADOEstado de conserva\u00e7\u00e3o: 9\/10RESOLU\u00c7\u00c3O NATIVA: 1080p3D: N\u00c3OCONTRASTE: 100.000:1LUMENS: 800DIMENSOES: 64cm x 54cm x 24cm Brightness: 800 Lumens Contrast(Full On\/Off): 100,000:1 Auto Iris: Yes Contrast Ratio: 100,000:1 Native Resolution: 1920&#215;1080 Aspect Ratio: 16:9 (HD) Video Modes: 720p, 1080i, 1080p\/60 480p, 480i Data Modes: MAX 1920&#215;1080 Digital Inputs: HDMI Max Power: 370 Watts Voltage: 100V &#8211; [&hellip;]<\/p>\n","protected":false},"featured_media":1937,"template":"","meta":{"_acf_changed":false},"product_brand":[],"product_cat":[86,85],"product_tag":[],"class_list":{"0":"post-1938","1":"product","2":"type-product","3":"status-publish","4":"has-post-thumbnail","6":"product_cat-projetor","7":"product_cat-video","9":"first","10":"instock","11":"sold-individually","12":"shipping-taxable","13":"purchasable","14":"product-type-simple"},"acf":[],"aioseo_notices":[],"_links":{"self":[{"href":"https:\/\/hificlub.com.br\/loja\/wp-json\/wp\/v2\/product\/1938","targetHints":{"allow":["GET"]}}],"collection":[{"href":"https:\/\/hificlub.com.br\/loja\/wp-json\/wp\/v2\/product"}],"about":[{"href":"https:\/\/hificlub.com.br\/loja\/wp-json\/wp\/v2\/types\/product"}],"wp:featuredmedia":[{"embeddable":true,"href":"https:\/\/hificlub.com.br\/loja\/wp-json\/wp\/v2\/media\/1937"}],"wp:attachment":[{"href":"https:\/\/hificlub.com.br\/loja\/wp-json\/wp\/v2\/media?parent=1938"}],"wp:term":[{"taxonomy":"product_brand","embeddable":true,"href":"https:\/\/hificlub.com.br\/loja\/wp-json\/wp\/v2\/product_brand?post=1938"},{"taxonomy":"product_cat","embeddable":true,"href":"https:\/\/hificlub.com.br\/loja\/wp-json\/wp\/v2\/product_cat?post=1938"},{"taxonomy":"product_tag","embeddable":true,"href":"https:\/\/hificlub.com.br\/loja\/wp-json\/wp\/v2\/product_tag?post=1938"}],"curies":[{"name":"wp","href":"https:\/\/api.w.org\/{rel}","templated":true}]}}