{"id":19333,"date":"2025-01-02T07:09:50","date_gmt":"2025-01-02T10:09:50","guid":{"rendered":"https:\/\/hificlub.com.br\/loja\/?post_type=product&#038;p=19333"},"modified":"2025-01-02T07:09:50","modified_gmt":"2025-01-02T10:09:50","slug":"audio-research-vt130-se-valvulado-110-watts","status":"publish","type":"product","link":"https:\/\/hificlub.com.br\/loja\/produto\/audio-research-vt130-se-valvulado-110-watts\/","title":{"rendered":"AUDIO RESEARCH VT130 SE Valvulado  110 watts"},"content":{"rendered":"<p>ESTADO 9\/10<\/p>\n<p>Amplifica\u00e7\u00e3o de pot\u00eancia em uma nova chave. Os monoblocos VT150 \u200b\u200bSpecial Edition e o amplificador est\u00e9reo VT130 Special Edition representam os \u00faltimos avan\u00e7os em amplifica\u00e7\u00e3o de pot\u00eancia de v\u00e1lvula de v\u00e1cuo do lend\u00e1rio designer William Z. Johnson. Ambos os modelos aproveitam os avan\u00e7os na lamina\u00e7\u00e3o de transformadores e acoplamento de placas aprimorado para produzir largura de banda mais ampla, melhor transfer\u00eancia de pot\u00eancia na sa\u00edda e excelente controle de graves. Eles tamb\u00e9m combinam engenharia e fabrica\u00e7\u00e3o meticulosas (t\u00edpicas da Audio Research), sa\u00edda de pot\u00eancia generosa e conveni\u00eancia do usu\u00e1rio em pacotes eletromec\u00e2nicos classicamente bonitos. Esses s\u00e3o amplificadores de pot\u00eancia projetados para suportar os rigores da reprodu\u00e7\u00e3o musical ao longo de muitos anos, ao mesmo tempo em que proporcionam prazer inigual\u00e1vel.<\/p>\n<p>O \u00fanico dilema do comprador \u00e9 a escolha entre o melhor palco sonoro e din\u00e2mica musical possibilitados pela abordagem dual-monoblock, ou o design est\u00e9reo de chassi \u00fanico que economiza espa\u00e7o (mas sonoramente not\u00e1vel). Ambos os modelos s\u00e3o alojados em chassis de alum\u00ednio anodizado e soldado por arco helicoidal incrivelmente robusto, mais t\u00edpico da constru\u00e7\u00e3o de aeronaves do que de equipamentos hi-fi t\u00edpicos. Ambos os modelos proporcionam excelente desempenho com uma ampla variedade de designs de alto-falantes contempor\u00e2neos e oferecem uma gama de op\u00e7\u00f5es de imped\u00e2ncia de sa\u00edda por meio de suas conex\u00f5es de terminais robustas e usinadas sob medida.<\/p>\n<p>A polariza\u00e7\u00e3o do est\u00e1gio de sa\u00edda \u00e9 facilmente mantida em ambos os modelos por medidores iluminados e controles girat\u00f3rios convenientemente localizados no painel frontal. O monitoramento da linha de energia CA tamb\u00e9m \u00e9 oferecido por meio de um segundo medidor. Isso significa que o propriet\u00e1rio pode efetivamente polarizar o est\u00e1gio de sa\u00edda do(s) amplificador(es) dependendo das condi\u00e7\u00f5es da linha CA, bem como monitorar regularmente a condi\u00e7\u00e3o de tubos de sa\u00edda individuais. No geral, \u00e9 uma conveni\u00eancia que realmente ajuda a manter o desempenho no pico absoluto m\u00eas a m\u00eas, ano a ano.<\/p>\n<p>Vers\u00f5es padr\u00e3o: Beleza para encantar o ouvido e acalmar o or\u00e7amento. Os monoblocos VT150 \u200b\u200be o amplificador est\u00e9reo VT130 est\u00e3o dispon\u00edveis em vers\u00f5es padr\u00e3o mais baratas, que oferecem desempenho quase equivalente a um custo menor. Faltam os aprimoramentos cosm\u00e9ticos e, no caso do est\u00e9reo VT130, o sistema de polariza\u00e7\u00e3o do painel frontal e o monitoramento de CA encontrados na vers\u00e3o &#8220;SE&#8221;. O monobloco VT150 \u200b\u200bmant\u00e9m o sistema de polariza\u00e7\u00e3o com um medidor menor, mas n\u00e3o tem monitoramento de CA. O grau do chassi, os conectores de entrada e sa\u00edda e o n\u00edvel interno de acabamento s\u00e3o equivalentes ou id\u00eanticos nas vers\u00f5es padr\u00e3o e SE<\/p>\n<p>Pot\u00eancia de sa\u00edda<br \/>\n110 watts por canal cont\u00ednuo a 16 ohms de 20Hz a 20kHz com menos de 1,0% de distor\u00e7\u00e3o harm\u00f4nica total (tipicamente abaixo de 0,05% a 1 watt). Pot\u00eancia real aproximada dispon\u00edvel em &#8220;clipping&#8221;: 120 watts (1kHz) (Observe que a sa\u00edda de pot\u00eancia RMS real depende da tens\u00e3o da linha e da &#8220;condi\u00e7\u00e3o&#8221;, ou seja: se a linha de energia tiver alta distor\u00e7\u00e3o, a pot\u00eancia m\u00e1xima ser\u00e1 afetada adversamente, embora do ponto de vista da audi\u00e7\u00e3o isso n\u00e3o seja muito cr\u00edtico.)<br \/>\nLargura de banda de pot\u00eancia<br \/>\n(-3dB pontos) 15Hz a 80kHz<br \/>\nResposta de frequ\u00eancia<br \/>\n(-3dB pontos a 1 watt) 5Hz a 160 kHz<br \/>\nSensibilidade de entrada<br \/>\n1,2 V RMS balanceado para sa\u00edda nominal<br \/>\nImped\u00e2ncia de entrada<br \/>\n200K ohms balanceado<br \/>\nTorneiras de sa\u00edda<br \/>\n&#8211;<br \/>\nRegula\u00e7\u00e3o de sa\u00edda<br \/>\nAproximadamente 0,5 dB de carga de 16 ohms para circuito aberto<br \/>\nFeedback negativo geral<br \/>\n20 dB<br \/>\nFator de amortecimento<br \/>\nAproximadamente 16<br \/>\nDistor\u00e7\u00e3o<br \/>\n&#8211;<br \/>\nTaxa de varia\u00e7\u00e3o<br \/>\n17 V\/\u00b5s<br \/>\nTempo de subida<br \/>\n2,0 \u00b5s<br \/>\nZumbido e barulho<br \/>\nMenos de 0,5 mV RMS 98 dB abaixo da sa\u00edda nominal (pondera\u00e7\u00e3o IHF, entrada em curto)<br \/>\nArmazenamento de energia de fornecimento de energia<br \/>\nAproximadamente 280 joules<br \/>\nRequisitos de energia<br \/>\n105-125 VCA 60 Hz (210-250 VCA 50 Hz) 620 watts na sa\u00edda nominal, 900 watts m\u00e1ximo, 380 watts em &#8220;inativo&#8221;<br \/>\nComplemento de tubo<br \/>\n(4 pares correspondentes) sa\u00edda de pot\u00eancia 6550, (2) driver 12BH7A, (4) entrada 6922<br \/>\nDimens\u00f5es<br \/>\nVT130: 14 \u00bd&#8221; (37 cm) L x 12&#8243; (30,5 cm) A x 22&#8243; (56 cm) P. Os conectores de sa\u00edda se estendem 1&#8243; (2,5 cm) para a parte traseira. VT130SE: 15\u00bd&#8221; (39,4 cm) L x 10,9&#8243; (27,7 cm) A (10\u00bd&#8221; (26,7 cm) painel + 0,4&#8243; (1 cm) p\u00e9s) x 22 \u00be&#8221; (57,8 cm) P atr\u00e1s do painel, incluindo al\u00e7as traseiras. As al\u00e7as frontais se estendem 1\u00bd&#8221; (3,8 cm) para a frente do painel de 0,38&#8243; (1 cm) de espessura.<br \/>\nPeso<br \/>\nVT130: 69 lbs. (31,4 kg) L\u00edquido; 95 lbs. (43,2 kg) Frete. VT130SE: 77 lbs. (35 kg) L\u00edquido; 97 lbs. (44 kg) Frete.<\/p>\n","protected":false},"excerpt":{"rendered":"<p>ESTADO 9\/10 Amplifica\u00e7\u00e3o de pot\u00eancia em uma nova chave. Os monoblocos VT150 \u200b\u200bSpecial Edition e o amplificador est\u00e9reo VT130 Special Edition representam os \u00faltimos avan\u00e7os em amplifica\u00e7\u00e3o de pot\u00eancia de v\u00e1lvula de v\u00e1cuo do lend\u00e1rio designer William Z. Johnson. Ambos os modelos aproveitam os avan\u00e7os na lamina\u00e7\u00e3o de transformadores e acoplamento de placas aprimorado para [&hellip;]<\/p>\n","protected":false},"featured_media":19334,"template":"","meta":{"_acf_changed":false},"product_brand":[],"product_cat":[27,29,28,30,26],"product_tag":[],"class_list":{"0":"post-19333","1":"product","2":"type-product","3":"status-publish","4":"has-post-thumbnail","6":"product_cat-amplificador","7":"product_cat-audio-research","8":"product_cat-estereo","9":"product_cat-valvulado","10":"product_cat-vintage","12":"first","13":"instock","14":"sold-individually","15":"shipping-taxable","16":"purchasable","17":"product-type-simple"},"acf":[],"aioseo_notices":[],"_links":{"self":[{"href":"https:\/\/hificlub.com.br\/loja\/wp-json\/wp\/v2\/product\/19333","targetHints":{"allow":["GET"]}}],"collection":[{"href":"https:\/\/hificlub.com.br\/loja\/wp-json\/wp\/v2\/product"}],"about":[{"href":"https:\/\/hificlub.com.br\/loja\/wp-json\/wp\/v2\/types\/product"}],"wp:featuredmedia":[{"embeddable":true,"href":"https:\/\/hificlub.com.br\/loja\/wp-json\/wp\/v2\/media\/19334"}],"wp:attachment":[{"href":"https:\/\/hificlub.com.br\/loja\/wp-json\/wp\/v2\/media?parent=19333"}],"wp:term":[{"taxonomy":"product_brand","embeddable":true,"href":"https:\/\/hificlub.com.br\/loja\/wp-json\/wp\/v2\/product_brand?post=19333"},{"taxonomy":"product_cat","embeddable":true,"href":"https:\/\/hificlub.com.br\/loja\/wp-json\/wp\/v2\/product_cat?post=19333"},{"taxonomy":"product_tag","embeddable":true,"href":"https:\/\/hificlub.com.br\/loja\/wp-json\/wp\/v2\/product_tag?post=19333"}],"curies":[{"name":"wp","href":"https:\/\/api.w.org\/{rel}","templated":true}]}}