{"id":19324,"date":"2025-01-02T06:36:30","date_gmt":"2025-01-02T09:36:30","guid":{"rendered":"https:\/\/hificlub.com.br\/loja\/?post_type=product&#038;p=19324"},"modified":"2026-03-03T22:18:16","modified_gmt":"2026-03-04T01:18:16","slug":"hifi-rose-rsa780-cd-drive-ripper","status":"publish","type":"product","link":"https:\/\/hificlub.com.br\/loja\/produto\/hifi-rose-rsa780-cd-drive-ripper\/","title":{"rendered":"HIFI ROSE RSA780 CD Drive \/ Ripper"},"content":{"rendered":"<p>Descri\u00e7\u00e3o do produto<br \/>\nO HiFi Rose RSA-780 CD Drive\/Ripper \u00e9 ideal para o amante da m\u00fasica que quer tocar CDs e\/ou copi\u00e1-los, e foi projetado para parear perfeitamente com os streamers HiFi Rose. O RSA-780 pode alternar entre dois modos: um para reprodu\u00e7\u00e3o de \u00e1udio cristalino por meio de um streamer e um para ler ou gravar CDs.<\/p>\n<p>Unidade de CD para reprodu\u00e7\u00e3o e extra\u00e7\u00e3o com reprodutores de m\u00fasica em rede HiFi Rose RS150B, RS250A, RS201E, RS520 e RS130<br \/>\nConecta-se aos players HiFi Rose por meio do cabo USB Tipo A para Tipo B inclu\u00eddo<br \/>\nExtrai CDs para arquivos FLAC, FLAC (compactado) ou WAV<\/p>\n<p>Reprodu\u00e7\u00e3o impec\u00e1vel<br \/>\nA equipe de engenheiros da HiFi Rose desenvolveu cuidadosamente um design isolado, de baixo ru\u00eddo e antivibra\u00e7\u00e3o para o RSA-780, com isoladores de alto desempenho que minimizam o ru\u00eddo que pode ocorrer quando um CD est\u00e1 girando.<\/p>\n<p>Convers\u00e3o de precis\u00e3o<br \/>\nAo parear o RSA-780 com um streamer HiFi Rose enquanto usa o aplicativo Rose Connect, voc\u00ea pode copiar e organizar sua cole\u00e7\u00e3o de m\u00fasicas em v\u00e1rios formatos, incluindo FLAC e WAV.<\/p>\n<p>Conex\u00e3o USB simples<br \/>\nO RSA-780 tem uma porta USB Tipo B para transfer\u00eancia de sinal limpa; um cabo de dados RSA705 est\u00e1 inclu\u00eddo (cabo USB 2.0 AB).<\/p>\n<p>Especifica\u00e7\u00f5es<br \/>\nDimens\u00f5es:\t5,9&#8243; x 5,9&#8243; x 0,9&#8243; \t152 x 152 x 25 mm<br \/>\nPeso:\t1,9 libras  0.9 kg<br \/>\nEntrada:\tUSB Tipo B x1<br \/>\nPoder:\t5 V, 1,5 A<\/p>\n","protected":false},"excerpt":{"rendered":"<p>Descri\u00e7\u00e3o do produto O HiFi Rose RSA-780 CD Drive\/Ripper \u00e9 ideal para o amante da m\u00fasica que quer tocar CDs e\/ou copi\u00e1-los, e foi projetado para parear perfeitamente com os streamers HiFi Rose. O RSA-780 pode alternar entre dois modos: um para reprodu\u00e7\u00e3o de \u00e1udio cristalino por meio de um streamer e um para ler [&hellip;]<\/p>\n","protected":false},"featured_media":19326,"template":"","meta":{"_acf_changed":false},"product_brand":[],"product_cat":[42,41,210,88],"product_tag":[],"class_list":{"0":"post-19324","1":"product","2":"type-product","3":"status-publish","4":"has-post-thumbnail","6":"product_cat-cd-players","7":"product_cat-digital","8":"product_cat-hifi-rose","9":"product_cat-transporte","11":"first","12":"instock","13":"sold-individually","14":"shipping-taxable","15":"purchasable","16":"product-type-simple"},"acf":[],"aioseo_notices":[],"_links":{"self":[{"href":"https:\/\/hificlub.com.br\/loja\/wp-json\/wp\/v2\/product\/19324","targetHints":{"allow":["GET"]}}],"collection":[{"href":"https:\/\/hificlub.com.br\/loja\/wp-json\/wp\/v2\/product"}],"about":[{"href":"https:\/\/hificlub.com.br\/loja\/wp-json\/wp\/v2\/types\/product"}],"wp:featuredmedia":[{"embeddable":true,"href":"https:\/\/hificlub.com.br\/loja\/wp-json\/wp\/v2\/media\/19326"}],"wp:attachment":[{"href":"https:\/\/hificlub.com.br\/loja\/wp-json\/wp\/v2\/media?parent=19324"}],"wp:term":[{"taxonomy":"product_brand","embeddable":true,"href":"https:\/\/hificlub.com.br\/loja\/wp-json\/wp\/v2\/product_brand?post=19324"},{"taxonomy":"product_cat","embeddable":true,"href":"https:\/\/hificlub.com.br\/loja\/wp-json\/wp\/v2\/product_cat?post=19324"},{"taxonomy":"product_tag","embeddable":true,"href":"https:\/\/hificlub.com.br\/loja\/wp-json\/wp\/v2\/product_tag?post=19324"}],"curies":[{"name":"wp","href":"https:\/\/api.w.org\/{rel}","templated":true}]}}