{"id":19235,"date":"2024-12-26T07:27:27","date_gmt":"2024-12-26T10:27:27","guid":{"rendered":"https:\/\/hificlub.com.br\/loja\/?post_type=product&#038;p=19235"},"modified":"2026-03-03T22:18:16","modified_gmt":"2026-03-04T01:18:16","slug":"luxman-nt-07-streamer-transport","status":"publish","type":"product","link":"https:\/\/hificlub.com.br\/loja\/produto\/luxman-nt-07-streamer-transport\/","title":{"rendered":"LUXMAN NT-07 Streamer Transport"},"content":{"rendered":"<p>Luxman NT-07<br \/>\nStreaming de m\u00fasica de \u00faltima gera\u00e7\u00e3o e m\u00faltiplas fontes<br \/>\nTransporte de rede sofisticado e vers\u00e1til<\/p>\n<p>O primeiro transporte de rede NT-07 da LUXMAN. Combinando a mais recente tecnologia de \u00e1udio digital com o know-how da LUXMAN, o NT-07 usa uma abordagem totalmente focada em \u00e1udio para selecionar uma ampla variedade de fontes dispon\u00edveis com excelente qualidade de som e um ambiente operacional sofisticado, mas confort\u00e1vel. Al\u00e9m do \u00e1udio digital USB e da conectividade HDMI, os dados de streaming de NAS e outros servi\u00e7os populares de streaming de m\u00fasica fornecem uma variedade de op\u00e7\u00f5es para o ouvinte experimentar uma nova dimens\u00e3o de qualidade de \u00e1udio de tirar o f\u00f4lego. O NT-07, que foi rigorosamente ajustado para qualidade de reprodu\u00e7\u00e3o de \u00e1udio suprema, oferece a todos os ouvintes uma nova experi\u00eancia musical para o futuro em combina\u00e7\u00e3o com os conversores D\/A existentes.<\/p>\n<p>Fun\u00e7\u00f5es de transporte que criam um ambiente de \u00e1udio de rede avan\u00e7ado<br \/>\nO novo sistema de transporte NT-07 da LUXMAN cria um ambiente de \u00e1udio de rede avan\u00e7ado em combina\u00e7\u00e3o com seu conversor D\/A (modelos equipados com USB, \u00f3ptico ou digital coaxial). As principais op\u00e7\u00f5es de fonte de som s\u00e3o NAS (Network Attached Storage), que suporta a plataforma OpenHome padr\u00e3o da ind\u00fastria, armazenamento USB externo conectado diretamente \u00e0 unidade principal e uma ampla variedade de servi\u00e7os populares de streaming de m\u00fasica. Os est\u00e1gios de processamento principais s\u00e3o equipados com nossa \u00faltima gera\u00e7\u00e3o de m\u00f3dulos de processador de aplicativos de alta velocidade que lidam com uma ampla gama de fun\u00e7\u00f5es complexas sem esfor\u00e7o com operabilidade satisfat\u00f3ria.<\/p>\n<p>Fonte de alimenta\u00e7\u00e3o de grande capacidade com medidas completas de redu\u00e7\u00e3o de ru\u00eddo<br \/>\nComo todos os componentes de \u00e1udio da LUXMAN, o NT-07 \u00e9 projetado com uma abordagem focada em \u00e1udio de alta qualidade. A se\u00e7\u00e3o de fonte de alimenta\u00e7\u00e3o \u00e9 equipada com um transformador de energia tipo OI de grande capacidade e um par de capacitores de filtro de 10.000uF feitos sob medida. Nosso circuito de fonte de alimenta\u00e7\u00e3o t\u00edpico e altamente regulado ostenta alta supress\u00e3o de ru\u00eddo e estabilidade.<\/p>\n<p>Gabinete elegante com display EL org\u00e2nico de alta defini\u00e7\u00e3o<br \/>\nO subsistema USB do NT-07 suporta frequ\u00eancias de amostragem de at\u00e9 768 kHz\/32 bits para arquivos PCM e dados DSD de 22,5 MHz\/1 bit, e a sa\u00edda \u00f3ptica\/coaxial atinge reprodu\u00e7\u00e3o PCM de 192 kHz\/24 bits. H\u00e1 tamb\u00e9m uma fun\u00e7\u00e3o de decodifica\u00e7\u00e3o de n\u00facleo integrada para fontes de som de formato MQA com tr\u00eas modos selecion\u00e1veis, &#8220;off&#8221;, &#8220;core decoding&#8221; e &#8220;pass-through&#8221;, de acordo com o conversor D\/A conectado. O centro do painel frontal \u00e9 equipado com um display EL grande, f\u00e1cil de ler e de alta defini\u00e7\u00e3o, transmitindo uma variedade de informa\u00e7\u00f5es, como o nome da m\u00fasica que est\u00e1 sendo tocada, nome do artista, tempo decorrido e o formato de \u00e1udio desses dados de fonte selecionados.<\/p>\n<p>Fun\u00e7\u00e3o de servidor simples com NAS e USB dedicados a \u00e1udio completo<br \/>\nCompat\u00edvel com o padr\u00e3o OpenHome, o NT-07 pode ler dados de fonte de som armazenados em um servidor de m\u00fasica dedicado ou armazenamento conectado \u00e0 rede (NAS), com reprodu\u00e7\u00e3o de qualidade suprema. Ao escolher um NAS com supress\u00e3o de ru\u00eddo e fonte de alimenta\u00e7\u00e3o linear aprimorada, como o DELA da Melco Syncrets, que foi desenvolvido como um dispositivo de \u00e1udio, ou o fidata da IO DATA Equipment, voc\u00ea pode obter qualidade e conveni\u00eancia ainda maiores ao acessar dados de \u00e1udio de alta resolu\u00e7\u00e3o. Al\u00e9m disso, equipamos o NT-07 com terminais USB na parte frontal e traseira (uso exclusivo de ambos) que permitem conectar drivers USB contendo dados de \u00e1udio sem construir um ambiente de rede.<\/p>\n<p>O servi\u00e7o de streaming de alta qualidade permite que voc\u00ea aproveite livremente uma grande quantidade de dados de m\u00fasica<br \/>\nUm servi\u00e7o de streaming de m\u00fasica do tipo assinatura que permite ao ouvinte acesso a quase 100 milh\u00f5es de pe\u00e7as musicais por uma taxa mensal fixa. O NT-07 tem uma rica linha de op\u00e7\u00f5es de fontes de alta resolu\u00e7\u00e3o e \u00e9 compat\u00edvel com Qobuz e TIDAL, que s\u00e3o integrados com o aplicativo dedicado \u201cLUXMAN Stream\u201d e Spotify, que tem um grande n\u00famero de usu\u00e1rios e fun\u00e7\u00f5es de recomenda\u00e7\u00e3o de algoritmo. Ele tamb\u00e9m suporta TuneIn, que permite que voc\u00ea ou\u00e7a programas de r\u00e1dio e podcast na Internet de todo o mundo gratuitamente.<\/p>\n<p>Aplicativo dedicado e controle remoto infravermelho proporcionam um ambiente operacional sofisticado<br \/>\n\u201cLUXMAN Stream\u201d \u00e9 um aplicativo de controle gratuito exclusivo para o NT-07 que permite que voc\u00ea opere uma variedade de fun\u00e7\u00f5es em uma tela sofisticada. Uma interface dedicada \u00e9 fornecida para cada smartphone e tablet, permitindo que voc\u00ea selecione fontes de \u00e1udio, crie listas de reprodu\u00e7\u00e3o e configure v\u00e1rias configura\u00e7\u00f5es para o dispositivo. Tamb\u00e9m est\u00e1 inclu\u00eddo um controle remoto infravermelho de alum\u00ednio que permite que voc\u00ea execute as principais opera\u00e7\u00f5es sem iniciar o aplicativo. Voc\u00ea tamb\u00e9m pode controlar a reprodu\u00e7\u00e3o de tocadores de disco LUXMAN e o volume de um amplificador integrado\/de controle. Ele tamb\u00e9m \u00e9 equipado com terminais de entrada\/sa\u00edda de controle que vinculam opera\u00e7\u00f5es de controle remoto entre dispositivos compat\u00edveis.<\/p>\n<p>Os terminais de entrada\/sa\u00edda HDMI tamb\u00e9m permitem a importa\u00e7\u00e3o de \u00e1udio digital de fontes de v\u00eddeo<br \/>\nO NT-07 tem uma entrada HDMI para sinais de \u00e1udio digital de reprodutores Blu-ray, consoles de jogos, etc. como um meio de importar \u00e1udio de fontes de v\u00eddeo para um ambiente de \u00e1udio de 2 canais com suporte ARC que tamb\u00e9m pode reproduzir \u00e1udio de uma TV conectada. O terminal de sa\u00edda HDMI fornece reprodu\u00e7\u00e3o de 2 canais com codifica\u00e7\u00e3o PCM de 192 kHz\/24 bits. Ao adicionar o NT-07, voc\u00ea pode facilmente criar um sistema de \u00e1udio ao vivo de alta qualidade que pode ser usado com qualquer fonte, de fontes de som baseadas em rede a v\u00eddeos ao vivo e visualiza\u00e7\u00e3o de filmes, sem interromper seu estilo de audi\u00e7\u00e3o estabelecido ou configura\u00e7\u00e3o de sistema existente.<\/p>\n<p>Suporta v\u00e1rias op\u00e7\u00f5es de reprodu\u00e7\u00e3o de rede, incluindo fun\u00e7\u00f5es Roon e reamostragem<br \/>\nO NT-07 est\u00e1 programado para ser compat\u00edvel como um dispositivo de sa\u00edda (Roon Ready) para o popular software de reprodu\u00e7\u00e3o de m\u00fasica abrangente Roon (certifica\u00e7\u00e3o em andamento em mar\u00e7o de 2024). Ao especificar o NT-07 como o destino de sa\u00edda, a reprodu\u00e7\u00e3o de transmiss\u00e3o tamb\u00e9m \u00e9 poss\u00edvel usando dispositivos Apple (iPhone\/iPad\/Mac) ou PCs com Windows. Al\u00e9m disso, nossa fun\u00e7\u00e3o de reamostragem inteligente corresponde \u00e0 frequ\u00eancia de amostragem e \u00e0 profundidade de bits suportadas pelo seu conversor D\/A conectado e suporta cada formato de 44,1 kHz a 384 kHz para dados PCM. Configura\u00e7\u00f5es individuais de amostragem para cima\/para baixo agora s\u00e3o poss\u00edveis.<\/p>\n<p>Especifica\u00e7\u00e3o<br \/>\nEntrada digital\tRede: 1000 Base-T (gigabit \u00b7 ethernet)<br \/>\nHDMI: PCM 2 canais, 4K pass-through ARC (Audio Return Channel) suportado<br \/>\nSa\u00edda digital\tUSB (USB2.0), OPT, COAX<br \/>\nHDMI: PCM 2 canais, 4K pass-through ARC (Audio Return Channel) suportado<br \/>\nConex\u00e3o de armazenamento\tTerminais USB x 2 (USB2.0, parti\u00e7\u00e3o \u00fanica, FAT32, exFAT, NTFS)<\/p>\n<p>Frequ\u00eancias de amostragem suportadas\tUSB: PCM 44,1 kHz, 48 kHz, 88,2 kHz, 96 kHz, 176,4 kHz, 192 kHz, 352,8 kHz, 384 kHz, 705,6 kHz, 768 kHz (16, 24, 32 bits)<br \/>\nDSD: 2,8 MHz, 5,6 MHz, 11,2 MHz, 22,5 MHz (1 bit)<br \/>\nCOAX \/ OPT \/ HDMI (ARC): 44,1 kHz, 48 kHz, 88,2 kHz, 96 kHz, 176,4 kHz, 192 kHz (16, 24 bits)<br \/>\nFormatos de formato correspondentes\tFormatos de arquivo: WAV, AIFF, FLAC, ALAC, MQA, MP3, AAC, DSD (DSF, DFF)<br \/>\nProtocolos de streaming\tUPnP (OpenHome), TIDAL Connect, Spotify Connect, Pronto para Roon<br \/>\nFonte de energia\t230 V\uff5e(50 Hz) \/ 115 V\uff5e (60 Hz)<br \/>\nConsumo de energia\t27 W (entrada\/sa\u00edda HDMI quando conectado ao armazenamento USB)<br \/>\n5,9 W (entrada\/sa\u00edda HDMI quando o armazenamento USB est\u00e1 desconectado)<br \/>\nDimens\u00f5es\t440(L) x 92(A) x 398(P) mm<br \/>\nvisor frontal de 3 mm e terminal traseiro de 13 mm inclu\u00eddo na profundidade<br \/>\nPeso l\u00edquido\t10,3 kg (unidade principal)<br \/>\nAcess\u00f3rios\tControle remoto (RC-30), Cabo de alimenta\u00e7\u00e3o<\/p>\n","protected":false},"excerpt":{"rendered":"<p>Luxman NT-07 Streaming de m\u00fasica de \u00faltima gera\u00e7\u00e3o e m\u00faltiplas fontes Transporte de rede sofisticado e vers\u00e1til O primeiro transporte de rede NT-07 da LUXMAN. Combinando a mais recente tecnologia de \u00e1udio digital com o know-how da LUXMAN, o NT-07 usa uma abordagem totalmente focada em \u00e1udio para selecionar uma ampla variedade de fontes dispon\u00edveis [&hellip;]<\/p>\n","protected":false},"featured_media":19236,"template":"","meta":{"_acf_changed":false},"product_brand":[],"product_cat":[41,192,142],"product_tag":[],"class_list":{"0":"post-19235","1":"product","2":"type-product","3":"status-publish","4":"has-post-thumbnail","6":"product_cat-digital","7":"product_cat-luxman","8":"product_cat-streamers","10":"first","11":"instock","12":"sold-individually","13":"shipping-taxable","14":"purchasable","15":"product-type-simple"},"acf":[],"aioseo_notices":[],"_links":{"self":[{"href":"https:\/\/hificlub.com.br\/loja\/wp-json\/wp\/v2\/product\/19235","targetHints":{"allow":["GET"]}}],"collection":[{"href":"https:\/\/hificlub.com.br\/loja\/wp-json\/wp\/v2\/product"}],"about":[{"href":"https:\/\/hificlub.com.br\/loja\/wp-json\/wp\/v2\/types\/product"}],"wp:featuredmedia":[{"embeddable":true,"href":"https:\/\/hificlub.com.br\/loja\/wp-json\/wp\/v2\/media\/19236"}],"wp:attachment":[{"href":"https:\/\/hificlub.com.br\/loja\/wp-json\/wp\/v2\/media?parent=19235"}],"wp:term":[{"taxonomy":"product_brand","embeddable":true,"href":"https:\/\/hificlub.com.br\/loja\/wp-json\/wp\/v2\/product_brand?post=19235"},{"taxonomy":"product_cat","embeddable":true,"href":"https:\/\/hificlub.com.br\/loja\/wp-json\/wp\/v2\/product_cat?post=19235"},{"taxonomy":"product_tag","embeddable":true,"href":"https:\/\/hificlub.com.br\/loja\/wp-json\/wp\/v2\/product_tag?post=19235"}],"curies":[{"name":"wp","href":"https:\/\/api.w.org\/{rel}","templated":true}]}}