{"id":19226,"date":"2024-12-26T06:58:57","date_gmt":"2024-12-26T09:58:57","guid":{"rendered":"https:\/\/hificlub.com.br\/loja\/?post_type=product&#038;p=19226"},"modified":"2026-03-03T22:18:17","modified_gmt":"2026-03-04T01:18:17","slug":"luxman-d-07x-cd-sacd-player-e-usb-dac","status":"publish","type":"product","link":"https:\/\/hificlub.com.br\/loja\/produto\/luxman-d-07x-cd-sacd-player-e-usb-dac\/","title":{"rendered":"LUXMAN D-07X CD SACD Player e DSD dual mono DAC"},"content":{"rendered":"<p>O reprodutor de SACD\/CD Luxman D-07X de fabrica\u00e7\u00e3o japonesa apresenta DAC Dual-Mono de refer\u00eancia, suporta DSD 22,4 MHz e reproduz m\u00fasica com naturalismo, detalhes e realismo sublimes<br \/>\nO quanto voc\u00ea valoriza o som, a apresenta\u00e7\u00e3o e o emocionalismo da m\u00eddia digital? Se voc\u00ea \u00e9 um amante da m\u00fasica que acredita que cada detalhe importa, ent\u00e3o o Luxman D-07X SACD\/CD player com capacidade de alta resolu\u00e7\u00e3o foi criado para voc\u00ea. Este componente feito no Jap\u00e3o faz jus aos padr\u00f5es impec\u00e1veis \u200b\u200bque a Luxman segue h\u00e1 quase um s\u00e9culo. Voc\u00ea ver\u00e1 a prova imediatamente quando tocar e sentir seu chassi de gr\u00e3o fino impec\u00e1vel \u2014 e ouvir\u00e1 quando tiver a sorte de experimentar sua reprodu\u00e7\u00e3o ultradin\u00e2mica, ultraclara e ultranatural.<\/p>\n<p>Incorporando a maioria dos elementos do carro-chefe D-10X, ostenta um DAC DB34301EKV fabricado pela Rohm em configura\u00e7\u00e3o dual-mono que decodifica MQA completamente e suporta at\u00e9 DSD 22,4 MHz e PCM de 32 bits\/768 kHz. O sistema de clock gera processamento de sinal digital meticulosamente preciso e vem com dois m\u00f3dulos de fase ultrabaixa, de alta precis\u00e3o e baixo jitter que reduzem o ru\u00eddo pr\u00f3ximo \u00e0 frequ\u00eancia de oscila\u00e7\u00e3o ao m\u00ednimo. Tamb\u00e9m a bordo: um filtro FIR anal\u00f3gico de dois modos que permite selecionar seu som preferido ao reproduzir arquivos SACD ou DSD.<\/p>\n<p>No interior, voc\u00ea encontrar\u00e1 uma fonte de alimenta\u00e7\u00e3o de grande capacidade com capacitores de filtro massivos e blocos reguladores independentes sob cada circuito que se combinam para atingir estabilidade excepcional. Essa configura\u00e7\u00e3o \u00e9 auxiliada por um novo sistema de convers\u00e3o I\/V que recebe as sa\u00eddas diferenciais dos chips DAC BD34301EKV pareados, opera em modo mono e alimenta quatro m\u00f3dulos amplificadores discretos e perfeitamente combinados. O resultado pr\u00e1tico em ingl\u00eas simples? O circuito de buffer de alta qualidade reduz a imped\u00e2ncia do sinal de sa\u00edda. Outro essencial \u2014 filtragem fora da faixa aud\u00edvel \u2014 ocorre no est\u00e1gio de buffer em vez de ter um est\u00e1gio LPF independente, permitindo assim a reprodu\u00e7\u00e3o de formas de onda anal\u00f3gicas suaves que resultam em transpar\u00eancia, imediatismo e presen\u00e7a aprimorados. <\/p>\n<p>Quanto ao extraordin\u00e1rio mecanismo de acionamento para seus CDs e SACDs? O D-07X emprega um layout mec\u00e2nico do lado esquerdo com uma configura\u00e7\u00e3o assim\u00e9trica que realiza o caminho de sinal mais curto e oferece espa\u00e7o para o circuito anal\u00f3gico de n\u00edvel de refer\u00eancia. A se\u00e7\u00e3o de acionamento de disco apresenta uma estrutura de caixa robusta que cobre todo o mecanismo com uma estrutura lateral e placa superior. O sistema LxDTM-i geral assume a forma de uma estrutura integrada que bloqueia a vibra\u00e7\u00e3o externa pelo fato de ser montado diretamente no forte painel lateral do chassi. Uma obra de arte por si s\u00f3, a bandeja de disco de alum\u00ednio fundido elimina efeitos indesejados de vibra\u00e7\u00e3o e resson\u00e2ncia no mecanismo de carga \u2014 permitindo ainda mais precis\u00e3o irrestrita e carregamento suave.<\/p>\n<p>Alojado em um chassi blindado completo com pernas de ferro fundido que suportam o peso da estrutura principal, cancelam vibra\u00e7\u00f5es externas e fornecem amortecimento interno adicional, o D-07X ostenta um elegante display no painel frontal com modo de zoom de at\u00e9 quatro vezes e uma matriz limpa de bot\u00f5es de comando. No painel traseiro, o D-07X de 37,5 libras hospeda um par de sa\u00eddas Neutrik XLR balanceadas, terminais RCA banhados a ouro, uma entrada USB, entradas e sa\u00eddas coaxiais e \u00f3pticas e uma entrada CA robusta. Al\u00e9m disso, os terminais de entrada\/sa\u00edda de gatilho permitem que voc\u00ea conecte sinais de controle remoto entre os componentes Luxman correspondentes.<\/p>\n<p>Medindo 5,2 x 17,3 x 16,1 (HWD), o D-07X vem com um controle remoto e uma garantia do fabricante de tr\u00eas anos. Se voc\u00ea nunca ouviu ou viu um produto Luxman, n\u00f3s o encorajamos a marcar uma audi\u00e7\u00e3o em casa sem riscos \u2014 ou simplesmente ligue para n\u00f3s em 312-433-0200 para mais informa\u00e7\u00f5es sobre o D-07X e o pr\u00f3prio Luxman. <\/p>\n<p>\u201cO Luxman D-07X pode lidar com tudo em seu arquivo de m\u00fasica e \u00e9 um investimento \u00e0 prova do futuro em formatos suportados (e provavelmente resistente a terremotos at\u00e9 um certo limite). Acima de tudo, ele faz isso de uma forma que garante que n\u00e3o pode ficar mais alto em termos de qualidade.\u201d<br \/>\n\u2014Fidelity-Magazine <\/p>\n<p>Especifica\u00e7\u00e3o<br \/>\nDiscos suportados\tSACD, CD (CD-R, CD-RW, MQA-CD)<\/p>\n<p>Frequ\u00eancias de amostragem suportadas\tEntrada USB (PCM): 44,1 kHz, 48 kHz, 88,2 kHz, 96 kHz, 176,4 kHz, 192 kHz, 352,8 kHz, 384 kHz, 705,6 kHz, 768 kHz (16, 24, 32 bits)<br \/>\nEntrada USB (DSD): 2,8 MHz, 5,6 MHz, 11,2 MHz, 22,4 MHz (1 bit)<br \/>\nEntrada coaxial\/\u00f3tica: 44,1 kHz, 48 kHz, 88,2 kHz, 96 kHz, 176,4 kHz, 192 kHz (16, 20, 24 bits)<br \/>\nTens\u00e3o de sa\u00edda anal\u00f3gica \/<br \/>\nimped\u00e2ncia\tDesbalanceado: 2,4 V \/ 300 \u03a9, Balanceado: 2,4 V \/ 600 \u03a9<br \/>\nPara SACD \/ DSD: 2,3 V<br \/>\nResposta de frequ\u00eancia\tCD: 5 Hz a 20 kHz (+0, -1,0 dB)<br \/>\nSACD: 5 Hz a 38 kHz (+0, -3,0 dB)<br \/>\nUSB: 5 Hz a 47 kHz (+0, -3,0 dB)<br \/>\nDistor\u00e7\u00e3o harm\u00f4nica total\tCD: 0,0016%, SACD: 0,0007%, USB: 0,001%<br \/>\nRela\u00e7\u00e3o S\/N (IHF-A)\tCD: 122 dB, SACD: 125 dB, USB: 122 dB<br \/>\nConversor D\/A\tROHM BD34301EKV (modo mono) x 2<br \/>\nFonte de energia\t230 V\uff5e(50 Hz) \/ 115 V\uff5e (60 Hz)<br \/>\nConsumo de energia\t37W<br \/>\nDimens\u00f5es\t440(L) x 132(A) x 410(P) mm<br \/>\nbot\u00e3o frontal de 2 mm e terminal traseiro de 8 mm inclu\u00eddo na profundidade<br \/>\nPeso l\u00edquido\t17,0 kg<br \/>\nAcess\u00f3rios\tControle remoto (RD-29), Cabo de alimenta\u00e7\u00e3o<\/p>\n<p>*1 Pressionar o bot\u00e3o de invers\u00e3o de fase permite que o terminal de sa\u00edda de equil\u00edbrio n\u00ba 2 mude para HOT e o n\u00ba 3 para COLD.<br \/>\n* O LUXMAN Audio Player (Windows 10 ou mais recente \/ macOS 10.15 ou mais recente) e o software de driver para Windows podem ser baixados do nosso site.<br \/>\n* Apple Mac, Mac OS, OS X, macOS e Macintosh s\u00e3o marcas comerciais da Apple Inc., registradas nos EUA e em outros pa\u00edses.<br \/>\n* Microsoft e Windows s\u00e3o marcas comerciais registradas da Microsoft Corporation nos EUA e em outros pa\u00edses.<br \/>\n* MQA \u00e9 uma marca comercial registrada da MQA Limited. (c) 2018 * MQA-CD \u00e9 uma marca comercial registrada da MQA Limited. (c) 2017<br \/>\n* Bulk Pet \u00e9 uma marca comercial registrada da Interface Co., Ltd.<\/p>\n","protected":false},"excerpt":{"rendered":"<p>O reprodutor de SACD\/CD Luxman D-07X de fabrica\u00e7\u00e3o japonesa apresenta DAC Dual-Mono de refer\u00eancia, suporta DSD 22,4 MHz e reproduz m\u00fasica com naturalismo, detalhes e realismo sublimes O quanto voc\u00ea valoriza o som, a apresenta\u00e7\u00e3o e o emocionalismo da m\u00eddia digital? Se voc\u00ea \u00e9 um amante da m\u00fasica que acredita que cada detalhe importa, ent\u00e3o [&hellip;]<\/p>\n","protected":false},"featured_media":19233,"template":"","meta":{"_acf_changed":false},"product_brand":[],"product_cat":[42,41,192],"product_tag":[],"class_list":{"0":"post-19226","1":"product","2":"type-product","3":"status-publish","4":"has-post-thumbnail","6":"product_cat-cd-players","7":"product_cat-digital","8":"product_cat-luxman","10":"first","11":"instock","12":"sold-individually","13":"shipping-taxable","14":"purchasable","15":"product-type-simple"},"acf":[],"aioseo_notices":[],"_links":{"self":[{"href":"https:\/\/hificlub.com.br\/loja\/wp-json\/wp\/v2\/product\/19226","targetHints":{"allow":["GET"]}}],"collection":[{"href":"https:\/\/hificlub.com.br\/loja\/wp-json\/wp\/v2\/product"}],"about":[{"href":"https:\/\/hificlub.com.br\/loja\/wp-json\/wp\/v2\/types\/product"}],"wp:featuredmedia":[{"embeddable":true,"href":"https:\/\/hificlub.com.br\/loja\/wp-json\/wp\/v2\/media\/19233"}],"wp:attachment":[{"href":"https:\/\/hificlub.com.br\/loja\/wp-json\/wp\/v2\/media?parent=19226"}],"wp:term":[{"taxonomy":"product_brand","embeddable":true,"href":"https:\/\/hificlub.com.br\/loja\/wp-json\/wp\/v2\/product_brand?post=19226"},{"taxonomy":"product_cat","embeddable":true,"href":"https:\/\/hificlub.com.br\/loja\/wp-json\/wp\/v2\/product_cat?post=19226"},{"taxonomy":"product_tag","embeddable":true,"href":"https:\/\/hificlub.com.br\/loja\/wp-json\/wp\/v2\/product_tag?post=19226"}],"curies":[{"name":"wp","href":"https:\/\/api.w.org\/{rel}","templated":true}]}}